{"id":2529,"date":"2025-12-24T08:13:53","date_gmt":"2025-12-24T08:13:53","guid":{"rendered":"https:\/\/straatmanmooringsystems.com\/?page_id=202"},"modified":"2026-03-11T11:53:57","modified_gmt":"2026-03-11T11:53:57","slug":"servicio-y-soporte","status":"publish","type":"page","link":"https:\/\/straatmanmooringsystems.com\/es\/servicio-y-soporte\/","title":{"rendered":"Service"},"content":{"rendered":"\n<section class=\"tiles-block align wp-block-acf-tiles-block\" id=\"tiles-blockblock_a7687cd3838704f36b4f411abda1fc69\">\n    <div class=\"centered\">\n        <div class=\"heading\">\n            <span class=\"subtitle\">Service and Support<\/span><h2 class=\"title\">Ver nuestras opciones de servicio y soporte<\/h2>    \n        <\/div>\n        <div class=\"items\"><div class=\"item\"><a class=\"item tile\" title=\"Puesta en servicio y formaci\u00f3n \" target=\"_blank\" href=\"https:\/\/straatmanmooringsystems.com\/es\/servicio-y-soporte\/puesta-en-servicio-y-formacion\/\"><div class=\"image_container\"><img loading=\"lazy\" decoding=\"async\" width=\"661\" height=\"508\" src=\"https:\/\/straatmanmooringsystems.com\/es\/wp-content\/uploads\/sites\/2\/2026\/01\/Mooring-website-Service.png\" class=\"attachment-large size-large\" alt=\"\" srcset=\"https:\/\/straatmanmooringsystems.com\/es\/wp-content\/uploads\/sites\/2\/2026\/01\/Mooring-website-Service.png 661w, https:\/\/straatmanmooringsystems.com\/es\/wp-content\/uploads\/sites\/2\/2026\/01\/Mooring-website-Service-300x231.png 300w\" sizes=\"auto, (max-width: 661px) 100vw, 661px\" \/><\/div><div class=\"content\"><h4 class=\"title\">Puesta en servicio y formaci\u00f3n <\/h4><p class=\"description\">Nuestros ingenieros de servicio garantizan que nuestro equipo funcione sin problemas al proporcionar un servicio de puesta en servicio en el sitio.<\/p><span class=\"hexa\"><\/span><\/div><\/a><\/div><div class=\"item\"><a class=\"item tile\" title=\"Inspecci\u00f3n, servicio, repuestos y mejoras\" target=\"_blank\" href=\"https:\/\/straatmanmooringsystems.com\/es\/servicio-y-soporte\/inspeccion-mantenimiento-sistemas-de-amarre\/\"><div class=\"image_container\"><img loading=\"lazy\" decoding=\"async\" width=\"661\" height=\"508\" src=\"https:\/\/straatmanmooringsystems.com\/es\/wp-content\/uploads\/sites\/2\/2026\/01\/Mooring-website-Service-1.png\" class=\"attachment-large size-large\" alt=\"\" srcset=\"https:\/\/straatmanmooringsystems.com\/es\/wp-content\/uploads\/sites\/2\/2026\/01\/Mooring-website-Service-1.png 661w, https:\/\/straatmanmooringsystems.com\/es\/wp-content\/uploads\/sites\/2\/2026\/01\/Mooring-website-Service-1-300x231.png 300w\" sizes=\"auto, (max-width: 661px) 100vw, 661px\" \/><\/div><div class=\"content\"><h4 class=\"title\">Inspecci\u00f3n, servicio, repuestos y mejoras<\/h4><p class=\"description\">Las revisiones y el mantenimiento peri\u00f3dicos prolongan la vida del sistema de amarre y reducen el tiempo de inactividad. Nuestro equipo de Repuestos\u00a0&amp;\u00a0Servicio suministra repuestos OEM, mejoras y soporte en el sitio.<\/p><span class=\"hexa\"><\/span><\/div><\/a><\/div><div class=\"item\"><a class=\"item tile\" title=\"Equipo de amarre Strainstall\/AMTS\" target=\"_blank\" href=\"https:\/\/straatmanmooringsystems.com\/es\/servicio-y-soporte\/ganchos-de-liberacion-rapida-strainstall-y-piezas-de-repuesto\/\"><div class=\"image_container\"><img loading=\"lazy\" decoding=\"async\" width=\"661\" height=\"508\" src=\"https:\/\/straatmanmooringsystems.com\/es\/wp-content\/uploads\/sites\/2\/2026\/01\/Mooring-website-Service-2.png\" class=\"attachment-large size-large\" alt=\"\" srcset=\"https:\/\/straatmanmooringsystems.com\/es\/wp-content\/uploads\/sites\/2\/2026\/01\/Mooring-website-Service-2.png 661w, https:\/\/straatmanmooringsystems.com\/es\/wp-content\/uploads\/sites\/2\/2026\/01\/Mooring-website-Service-2-300x231.png 300w\" sizes=\"auto, (max-width: 661px) 100vw, 661px\" \/><\/div><div class=\"content\"><h4 class=\"title\">Equipo de amarre Strainstall\/AMTS<\/h4><p class=\"description\">Prestamos servicio a los ganchos de liberaci\u00f3n r\u00e1pida y sistemas de ayuda al atraque Strainstall y\u00a0AMTS.<\/p><span class=\"hexa\"><\/span><\/div><\/a><\/div><div class=\"item\"><a class=\"item tile\" title=\"Calibraci\u00f3n de celdas de carga en el gancho\" target=\"_blank\" href=\"https:\/\/straatmanmooringsystems.com\/es\/servicio-y-soporte\/calibracion-celdas-de-carga\/\"><div class=\"image_container\"><img loading=\"lazy\" decoding=\"async\" width=\"661\" height=\"508\" src=\"https:\/\/straatmanmooringsystems.com\/es\/wp-content\/uploads\/sites\/2\/2026\/01\/Mooring-website-Service-3.png\" class=\"attachment-large size-large\" alt=\"\" srcset=\"https:\/\/straatmanmooringsystems.com\/es\/wp-content\/uploads\/sites\/2\/2026\/01\/Mooring-website-Service-3.png 661w, https:\/\/straatmanmooringsystems.com\/es\/wp-content\/uploads\/sites\/2\/2026\/01\/Mooring-website-Service-3-300x231.png 300w\" sizes=\"auto, (max-width: 661px) 100vw, 661px\" \/><\/div><div class=\"content\"><h4 class=\"title\">Calibraci\u00f3n de celdas de carga en el gancho<\/h4><p class=\"description\">Straatman ofrece un m\u00e9todo de calibraci\u00f3n que cumple los requisitos a la vez que reduce el tiempo de inactividad y el impacto operativo.<\/p><span class=\"hexa\"><\/span><\/div><\/a><\/div><\/div>\n\n        \n        \n\n        <div class=\"extensive_cta\" style=\"position:relative; text-align: center; margin-top:16px; background-color:#00000010; padding: 72px; overflow: hidden;\"><div class=\"bgimage\" style=\"position:absolute; opacity:0.3; left: 0; top: 0;\"><img loading=\"lazy\" decoding=\"async\" width=\"1333\" height=\"276\" src=\"https:\/\/straatmanmooringsystems.com\/es\/wp-content\/uploads\/sites\/2\/2026\/01\/Mooring-website-Homepage-Discuss-project-2.png\" class=\"attachment-full size-full\" alt=\"\" srcset=\"https:\/\/straatmanmooringsystems.com\/es\/wp-content\/uploads\/sites\/2\/2026\/01\/Mooring-website-Homepage-Discuss-project-2.png 1333w, https:\/\/straatmanmooringsystems.com\/es\/wp-content\/uploads\/sites\/2\/2026\/01\/Mooring-website-Homepage-Discuss-project-2-300x62.png 300w, https:\/\/straatmanmooringsystems.com\/es\/wp-content\/uploads\/sites\/2\/2026\/01\/Mooring-website-Homepage-Discuss-project-2-1024x212.png 1024w, https:\/\/straatmanmooringsystems.com\/es\/wp-content\/uploads\/sites\/2\/2026\/01\/Mooring-website-Homepage-Discuss-project-2-768x159.png 768w\" sizes=\"auto, (max-width: 1333px) 100vw, 1333px\" \/><\/div><h3 class=\"title\" style=\"max-width: 600px; margin: 0 auto;\">Let\u2019s <strong>Discuss<\/strong> Your service <strong>project<\/strong><\/h3><a class=\"btn\" href=\"https:\/\/straatmanmooringsystems.com\/request-a-proposal\/\" target=\"_blank\">Solicitar propuesta<\/a><\/div>        <\/div>\n<\/section>\n\n\n\n\n\n<div style=\"background-color: var(--color-offwhite); padding-top:var(--wp--preset--spacing--60);padding-bottom:var(--wp--preset--spacing--60);\" class=\"icon-block-static offwhite align wp-block-acf-icon-block-static has-background has-offwhite-background-color\" id=\"icon-block-static-block_9bac2b8027cd153cac58abf531bac30e\">\n    <div class=\"centered\">\n        <h2 class=\"title\">Why our customers trust straatman<\/h2><div class=\"icon-grid\"><div class=\"item\" style=\"flex: 1 1 calc(50.00% - 16px);\"><div class=\"icon\"><img decoding=\"async\" src=\"https:\/\/straatmanmooringsystems.com\/es\/wp-content\/uploads\/sites\/2\/2025\/12\/Group-website-icon-diamond.png\" alt=\"\"><\/div><div class=\"title\">Productos de alta calidad<\/div><div class=\"description\">Nuestros productos est\u00e1n dise\u00f1ados y fabricados con atenci\u00f3n al detalle. Utilizamos los mejores materiales y revisamos todo para asegurarnos de que obtenga lo mejor.<\/div><\/div><div class=\"item\" style=\"flex: 1 1 calc(50.00% - 16px);\"><div class=\"icon\"><img decoding=\"async\" src=\"https:\/\/straatmanmooringsystems.com\/es\/wp-content\/uploads\/sites\/2\/2025\/12\/Group-website-icon-thump-up.png\" alt=\"\"><\/div><div class=\"title\">Nivel de servicio excelente<\/div><div class=\"description\">Estamos aqu\u00ed para ayudarle. Nuestro equipo siempre est\u00e1 preparado para responder a sus preguntas y asegurarse de que quede satisfecho con nuestro servicio.<\/div><\/div><div class=\"item\" style=\"flex: 1 1 calc(50.00% - 16px);\"><div class=\"icon\"><img decoding=\"async\" src=\"https:\/\/straatmanmooringsystems.com\/es\/wp-content\/uploads\/sites\/2\/2025\/12\/Group-website-icon-team-in-3.png\" alt=\"\"><\/div><div class=\"title\">Equipo dedicado y entusiasta<\/div><div class=\"description\">A nuestro equipo le apasiona lo que hace. Trabajan arduamente para satisfacer sus necesidades y hacerlo feliz.<\/div><\/div><div class=\"item\" style=\"flex: 1 1 calc(50.00% - 16px);\"><div class=\"icon\"><img decoding=\"async\" src=\"https:\/\/straatmanmooringsystems.com\/es\/wp-content\/uploads\/sites\/2\/2025\/12\/Group-website-icon-clipboard.png\" alt=\"\"><\/div><div class=\"title\">Certificado en todos los niveles necesarios<\/div><div class=\"description\">Cumplimos todas las normas importantes. Esto significa que nuestros productos son seguros, fiables y confiables.\r\n<\/div><\/div><\/div>         \n    <\/div>\n<\/div>\n\n\n\n\n<section style=\"margin-top:var(--wp--preset--spacing--60);\" class=\"latest-news none align wp-block-acf-latest-news\" id=\"latest-newsblock_c0586d00ee1c7658c2fa729d0a29c2c6\">\n\n\n    <div class=\"centered\">\n        <div class=\"heading\">\n            <h2>Noticias e innovaciones<\/h2><a class=\"btn\" href=\"https:\/\/straatmanmooringsystems.com\/es\/news\/\" target=\"_self\">Ir a todas las noticias<\/a>    \n        <\/div>\n\t\t\n\t\t<div class=\"items\"><div class=\"item postcard\"><div class=\"image_container\"><img loading=\"lazy\" decoding=\"async\" width=\"1000\" height=\"750\" src=\"https:\/\/straatmanmooringsystems.com\/es\/wp-content\/uploads\/sites\/2\/2026\/04\/IMG_7380.jpg\" class=\"attachment-large size-large wp-post-image\" alt=\"From workshop floor to LNG Terminals\" srcset=\"https:\/\/straatmanmooringsystems.com\/es\/wp-content\/uploads\/sites\/2\/2026\/04\/IMG_7380.jpg 1000w, https:\/\/straatmanmooringsystems.com\/es\/wp-content\/uploads\/sites\/2\/2026\/04\/IMG_7380-300x225.jpg 300w, https:\/\/straatmanmooringsystems.com\/es\/wp-content\/uploads\/sites\/2\/2026\/04\/IMG_7380-768x576.jpg 768w\" sizes=\"auto, (max-width: 1000px) 100vw, 1000px\" \/><\/div><h4 class=\"title\">From workshop floor to LNG Terminals<\/h4><div class=\"bottom\"><span class=\"date\">23 abril 2026<\/span><a class=\"hexa outline\" href=\"https:\/\/straatmanmooringsystems.com\/es\/news\/from-workshop-floor-to-lng-terminals\/\"><\/a><\/div><\/div><div class=\"item postcard\"><div class=\"image_container\"><img loading=\"lazy\" decoding=\"async\" width=\"1024\" height=\"768\" src=\"https:\/\/straatmanmooringsystems.com\/es\/wp-content\/uploads\/sites\/2\/2026\/03\/WhatsApp-Image-2026-02-02-at-12.26.11-1-1024x768.jpeg\" class=\"attachment-large size-large wp-post-image\" alt=\"Mooring buoy System for Green Ammonia\" srcset=\"https:\/\/straatmanmooringsystems.com\/es\/wp-content\/uploads\/sites\/2\/2026\/03\/WhatsApp-Image-2026-02-02-at-12.26.11-1-1024x768.jpeg 1024w, https:\/\/straatmanmooringsystems.com\/es\/wp-content\/uploads\/sites\/2\/2026\/03\/WhatsApp-Image-2026-02-02-at-12.26.11-1-300x225.jpeg 300w, https:\/\/straatmanmooringsystems.com\/es\/wp-content\/uploads\/sites\/2\/2026\/03\/WhatsApp-Image-2026-02-02-at-12.26.11-1-768x576.jpeg 768w, https:\/\/straatmanmooringsystems.com\/es\/wp-content\/uploads\/sites\/2\/2026\/03\/WhatsApp-Image-2026-02-02-at-12.26.11-1-1536x1152.jpeg 1536w, https:\/\/straatmanmooringsystems.com\/es\/wp-content\/uploads\/sites\/2\/2026\/03\/WhatsApp-Image-2026-02-02-at-12.26.11-1.jpeg 1600w\" sizes=\"auto, (max-width: 1024px) 100vw, 1024px\" \/><\/div><h4 class=\"title\">Mooring buoy System for Green Ammonia<\/h4><div class=\"bottom\"><span class=\"date\">12 febrero 2026<\/span><a class=\"hexa outline\" href=\"https:\/\/straatmanmooringsystems.com\/es\/news\/offshore-mooring-and-buoy-control-system\/\"><\/a><\/div><\/div><div class=\"item postcard\"><div class=\"image_container\"><img loading=\"lazy\" decoding=\"async\" width=\"1024\" height=\"768\" src=\"https:\/\/straatmanmooringsystems.com\/es\/wp-content\/uploads\/sites\/2\/2026\/03\/lng-terminal-willemshaven-straatman-1024x768.jpeg\" class=\"attachment-large size-large wp-post-image\" alt=\"Reflecting on a Year of LNG Projects and Growth\" srcset=\"https:\/\/straatmanmooringsystems.com\/es\/wp-content\/uploads\/sites\/2\/2026\/03\/lng-terminal-willemshaven-straatman-1024x768.jpeg 1024w, https:\/\/straatmanmooringsystems.com\/es\/wp-content\/uploads\/sites\/2\/2026\/03\/lng-terminal-willemshaven-straatman-300x225.jpeg 300w, https:\/\/straatmanmooringsystems.com\/es\/wp-content\/uploads\/sites\/2\/2026\/03\/lng-terminal-willemshaven-straatman-768x576.jpeg 768w, https:\/\/straatmanmooringsystems.com\/es\/wp-content\/uploads\/sites\/2\/2026\/03\/lng-terminal-willemshaven-straatman-1536x1152.jpeg 1536w, https:\/\/straatmanmooringsystems.com\/es\/wp-content\/uploads\/sites\/2\/2026\/03\/lng-terminal-willemshaven-straatman.jpeg 2048w\" sizes=\"auto, (max-width: 1024px) 100vw, 1024px\" \/><\/div><h4 class=\"title\">Reflecting on a Year of LNG Projects and Growth<\/h4><div class=\"bottom\"><span class=\"date\">2 febrero 2026<\/span><a class=\"hexa outline\" href=\"https:\/\/straatmanmooringsystems.com\/es\/news\/mooring-systems-for-lng-terminals\/\"><\/a><\/div><\/div><div class=\"item postcard\"><div class=\"image_container\"><img loading=\"lazy\" decoding=\"async\" width=\"1024\" height=\"768\" src=\"https:\/\/straatmanmooringsystems.com\/es\/wp-content\/uploads\/sites\/2\/2026\/03\/IMG_2547-klein-1024x768.jpg\" class=\"attachment-large size-large wp-post-image\" alt=\"Quick Release Hooks Upgrade in Greece\" srcset=\"https:\/\/straatmanmooringsystems.com\/es\/wp-content\/uploads\/sites\/2\/2026\/03\/IMG_2547-klein-1024x768.jpg 1024w, https:\/\/straatmanmooringsystems.com\/es\/wp-content\/uploads\/sites\/2\/2026\/03\/IMG_2547-klein-300x225.jpg 300w, https:\/\/straatmanmooringsystems.com\/es\/wp-content\/uploads\/sites\/2\/2026\/03\/IMG_2547-klein-768x576.jpg 768w, https:\/\/straatmanmooringsystems.com\/es\/wp-content\/uploads\/sites\/2\/2026\/03\/IMG_2547-klein-1536x1152.jpg 1536w, https:\/\/straatmanmooringsystems.com\/es\/wp-content\/uploads\/sites\/2\/2026\/03\/IMG_2547-klein-2048x1536.jpg 2048w\" sizes=\"auto, (max-width: 1024px) 100vw, 1024px\" \/><\/div><h4 class=\"title\">Quick Release Hooks Upgrade in Greece<\/h4><div class=\"bottom\"><span class=\"date\">2 febrero 2026<\/span><a class=\"hexa outline\" href=\"https:\/\/straatmanmooringsystems.com\/es\/news\/hooks-terminal-upgrade\/\"><\/a><\/div><\/div><\/div>    <\/div>\n<\/section>\n\n\n\n\n\n<div class=\"wp-block-media-text has-media-on-the-right is-stacked-on-mobile has-white-color has-green-background-color has-text-color has-background has-link-color wp-elements-80e6ff583991138dee431bfb12dd71e5\" style=\"padding-top:var(--wp--preset--spacing--60);padding-bottom:var(--wp--preset--spacing--60)\"><div class=\"wp-block-media-text__content\">\n<h2 class=\"wp-block-heading has-white-color has-text-color has-link-color wp-elements-24281853de73333ab80f293075d6b776\">\u00bfSu equipo de amarre necesita mantenimiento, inspecci\u00f3n o actualizaci\u00f3n?<\/h2>\n\n\n\n<ul class=\"wp-block-list\">\n<li>Productos de alta calidad<\/li>\n\n\n\n<li>Servicio excelente<\/li>\n\n\n\n<li>M\u00e1s de 50 a\u00f1os de experiencia<\/li>\n\n\n\n<li>Certificado en todos los niveles<\/li>\n<\/ul>\n\n\n\n<div class=\"wp-block-buttons is-layout-flex wp-block-buttons-is-layout-flex\">\n<div class=\"wp-block-button\"><a class=\"wp-block-button__link wp-element-button\" href=\"https:\/\/straatmanmooringsystems.com\/es\/request-a-proposal\/\" target=\"_blank\" rel=\"noreferrer noopener\">Obtenga una propuesta directa<\/a><\/div>\n<\/div>\n<\/div><figure class=\"wp-block-media-text__media\"><img loading=\"lazy\" decoding=\"async\" width=\"1024\" height=\"468\" src=\"https:\/\/straatmanmooringsystems.com\/es\/wp-content\/uploads\/2025\/12\/Vector-1024x468.png\" alt=\"\" class=\"wp-image-450 size-full\" srcset=\"https:\/\/straatmanmooringsystems.com\/es\/wp-content\/uploads\/sites\/2\/2025\/12\/Vector-1024x468.png 1024w, https:\/\/straatmanmooringsystems.com\/es\/wp-content\/uploads\/sites\/2\/2025\/12\/Vector-300x137.png 300w, https:\/\/straatmanmooringsystems.com\/es\/wp-content\/uploads\/sites\/2\/2025\/12\/Vector-768x351.png 768w, https:\/\/straatmanmooringsystems.com\/es\/wp-content\/uploads\/sites\/2\/2025\/12\/Vector.png 1312w\" sizes=\"auto, (max-width: 1024px) 100vw, 1024px\" \/><\/figure><\/div>\n","protected":false},"excerpt":{"rendered":"","protected":false},"author":1,"featured_media":0,"parent":0,"menu_order":0,"comment_status":"closed","ping_status":"closed","template":"","meta":{"_acf_changed":false,"footnotes":""},"class_list":["post-2529","page","type-page","status-publish","hentry"],"acf":[],"yoast_head":"<!-- This site is optimized with the Yoast SEO plugin v26.6 - https:\/\/yoast.com\/wordpress\/plugins\/seo\/ -->\n<title>Service - Straatman Mooring Systems<\/title>\n<meta name=\"description\" content=\"Straatman ofrece servicio, mantenimiento y soporte para sistemas de amarre y atraque para garantizar un funcionamiento seguro y fiable.\" \/>\n<meta name=\"robots\" content=\"index, follow, max-snippet:-1, max-image-preview:large, max-video-preview:-1\" \/>\n<link rel=\"canonical\" href=\"https:\/\/straatmanmooringsystems.com\/es\/servicio-y-soporte\/\" \/>\n<meta property=\"og:locale\" content=\"es_ES\" \/>\n<meta property=\"og:type\" content=\"article\" \/>\n<meta property=\"og:title\" content=\"Service - Straatman Mooring Systems\" \/>\n<meta property=\"og:description\" content=\"Straatman ofrece servicio, mantenimiento y soporte para sistemas de amarre y atraque para garantizar un funcionamiento seguro y fiable.\" \/>\n<meta property=\"og:url\" content=\"https:\/\/straatmanmooringsystems.com\/es\/servicio-y-soporte\/\" \/>\n<meta property=\"og:site_name\" content=\"Mooring Systems ES\" \/>\n<meta property=\"article:modified_time\" content=\"2026-03-11T11:53:57+00:00\" \/>\n<meta property=\"og:image\" content=\"https:\/\/straatmanmooringsystems.com\/es\/wp-content\/uploads\/2025\/12\/Vector-1024x468.png\" \/>\n<meta name=\"twitter:card\" content=\"summary_large_image\" \/>\n<meta name=\"twitter:label1\" content=\"Tiempo de lectura\" \/>\n\t<meta name=\"twitter:data1\" content=\"1 minuto\" \/>\n<script type=\"application\/ld+json\" class=\"yoast-schema-graph\">{\"@context\":\"https:\/\/schema.org\",\"@graph\":[{\"@type\":\"WebPage\",\"@id\":\"https:\/\/straatmanmooringsystems.com\/es\/servicio-y-soporte\/\",\"url\":\"https:\/\/straatmanmooringsystems.com\/es\/servicio-y-soporte\/\",\"name\":\"Service - Straatman Mooring Systems\",\"isPartOf\":{\"@id\":\"https:\/\/straatmanmooringsystems.com\/es\/#website\"},\"primaryImageOfPage\":{\"@id\":\"https:\/\/straatmanmooringsystems.com\/es\/servicio-y-soporte\/#primaryimage\"},\"image\":{\"@id\":\"https:\/\/straatmanmooringsystems.com\/es\/servicio-y-soporte\/#primaryimage\"},\"thumbnailUrl\":\"https:\/\/straatmanmooringsystems.com\/es\/wp-content\/uploads\/2025\/12\/Vector-1024x468.png\",\"datePublished\":\"2025-12-24T08:13:53+00:00\",\"dateModified\":\"2026-03-11T11:53:57+00:00\",\"description\":\"Straatman ofrece servicio, mantenimiento y soporte para sistemas de amarre y atraque para garantizar un funcionamiento seguro y fiable.\",\"breadcrumb\":{\"@id\":\"https:\/\/straatmanmooringsystems.com\/es\/servicio-y-soporte\/#breadcrumb\"},\"inLanguage\":\"es\",\"potentialAction\":[{\"@type\":\"ReadAction\",\"target\":[\"https:\/\/straatmanmooringsystems.com\/es\/servicio-y-soporte\/\"]}]},{\"@type\":\"ImageObject\",\"inLanguage\":\"es\",\"@id\":\"https:\/\/straatmanmooringsystems.com\/es\/servicio-y-soporte\/#primaryimage\",\"url\":\"https:\/\/straatmanmooringsystems.com\/es\/wp-content\/uploads\/sites\/2\/2025\/12\/Vector.png\",\"contentUrl\":\"https:\/\/straatmanmooringsystems.com\/es\/wp-content\/uploads\/sites\/2\/2025\/12\/Vector.png\",\"width\":1312,\"height\":600},{\"@type\":\"BreadcrumbList\",\"@id\":\"https:\/\/straatmanmooringsystems.com\/es\/servicio-y-soporte\/#breadcrumb\",\"itemListElement\":[{\"@type\":\"ListItem\",\"position\":1,\"name\":\"Home\",\"item\":\"https:\/\/straatmanmooringsystems.com\/es\/\"},{\"@type\":\"ListItem\",\"position\":2,\"name\":\"Service\"}]},{\"@type\":\"WebSite\",\"@id\":\"https:\/\/straatmanmooringsystems.com\/es\/#website\",\"url\":\"https:\/\/straatmanmooringsystems.com\/es\/\",\"name\":\"Mooring Systems ES\",\"description\":\"\",\"publisher\":{\"@id\":\"https:\/\/straatmanmooringsystems.com\/es\/#organization\"},\"potentialAction\":[{\"@type\":\"SearchAction\",\"target\":{\"@type\":\"EntryPoint\",\"urlTemplate\":\"https:\/\/straatmanmooringsystems.com\/es\/?s={search_term_string}\"},\"query-input\":{\"@type\":\"PropertyValueSpecification\",\"valueRequired\":true,\"valueName\":\"search_term_string\"}}],\"inLanguage\":\"es\"},{\"@type\":\"Organization\",\"@id\":\"https:\/\/straatmanmooringsystems.com\/es\/#organization\",\"name\":\"Mooring Systems ES\",\"url\":\"https:\/\/straatmanmooringsystems.com\/es\/\",\"logo\":{\"@type\":\"ImageObject\",\"inLanguage\":\"es\",\"@id\":\"https:\/\/straatmanmooringsystems.com\/es\/#\/schema\/logo\/image\/\",\"url\":\"https:\/\/straatmanmooringsystems.com\/es\/wp-content\/uploads\/sites\/2\/2026\/02\/logo-mooring.svg\",\"contentUrl\":\"https:\/\/straatmanmooringsystems.com\/es\/wp-content\/uploads\/sites\/2\/2026\/02\/logo-mooring.svg\",\"width\":237,\"height\":56,\"caption\":\"Mooring Systems ES\"},\"image\":{\"@id\":\"https:\/\/straatmanmooringsystems.com\/es\/#\/schema\/logo\/image\/\"}}]}<\/script>\n<!-- \/ Yoast SEO plugin. -->","yoast_head_json":{"title":"Service - Straatman Mooring Systems","description":"Straatman ofrece servicio, mantenimiento y soporte para sistemas de amarre y atraque para garantizar un funcionamiento seguro y fiable.","robots":{"index":"index","follow":"follow","max-snippet":"max-snippet:-1","max-image-preview":"max-image-preview:large","max-video-preview":"max-video-preview:-1"},"canonical":"https:\/\/straatmanmooringsystems.com\/es\/servicio-y-soporte\/","og_locale":"es_ES","og_type":"article","og_title":"Service - Straatman Mooring Systems","og_description":"Straatman ofrece servicio, mantenimiento y soporte para sistemas de amarre y atraque para garantizar un funcionamiento seguro y fiable.","og_url":"https:\/\/straatmanmooringsystems.com\/es\/servicio-y-soporte\/","og_site_name":"Mooring Systems ES","article_modified_time":"2026-03-11T11:53:57+00:00","og_image":[{"url":"https:\/\/straatmanmooringsystems.com\/es\/wp-content\/uploads\/2025\/12\/Vector-1024x468.png","type":"","width":"","height":""}],"twitter_card":"summary_large_image","twitter_misc":{"Tiempo de lectura":"1 minuto"},"schema":{"@context":"https:\/\/schema.org","@graph":[{"@type":"WebPage","@id":"https:\/\/straatmanmooringsystems.com\/es\/servicio-y-soporte\/","url":"https:\/\/straatmanmooringsystems.com\/es\/servicio-y-soporte\/","name":"Service - Straatman Mooring Systems","isPartOf":{"@id":"https:\/\/straatmanmooringsystems.com\/es\/#website"},"primaryImageOfPage":{"@id":"https:\/\/straatmanmooringsystems.com\/es\/servicio-y-soporte\/#primaryimage"},"image":{"@id":"https:\/\/straatmanmooringsystems.com\/es\/servicio-y-soporte\/#primaryimage"},"thumbnailUrl":"https:\/\/straatmanmooringsystems.com\/es\/wp-content\/uploads\/2025\/12\/Vector-1024x468.png","datePublished":"2025-12-24T08:13:53+00:00","dateModified":"2026-03-11T11:53:57+00:00","description":"Straatman ofrece servicio, mantenimiento y soporte para sistemas de amarre y atraque para garantizar un funcionamiento seguro y fiable.","breadcrumb":{"@id":"https:\/\/straatmanmooringsystems.com\/es\/servicio-y-soporte\/#breadcrumb"},"inLanguage":"es","potentialAction":[{"@type":"ReadAction","target":["https:\/\/straatmanmooringsystems.com\/es\/servicio-y-soporte\/"]}]},{"@type":"ImageObject","inLanguage":"es","@id":"https:\/\/straatmanmooringsystems.com\/es\/servicio-y-soporte\/#primaryimage","url":"https:\/\/straatmanmooringsystems.com\/es\/wp-content\/uploads\/sites\/2\/2025\/12\/Vector.png","contentUrl":"https:\/\/straatmanmooringsystems.com\/es\/wp-content\/uploads\/sites\/2\/2025\/12\/Vector.png","width":1312,"height":600},{"@type":"BreadcrumbList","@id":"https:\/\/straatmanmooringsystems.com\/es\/servicio-y-soporte\/#breadcrumb","itemListElement":[{"@type":"ListItem","position":1,"name":"Home","item":"https:\/\/straatmanmooringsystems.com\/es\/"},{"@type":"ListItem","position":2,"name":"Service"}]},{"@type":"WebSite","@id":"https:\/\/straatmanmooringsystems.com\/es\/#website","url":"https:\/\/straatmanmooringsystems.com\/es\/","name":"Mooring Systems ES","description":"","publisher":{"@id":"https:\/\/straatmanmooringsystems.com\/es\/#organization"},"potentialAction":[{"@type":"SearchAction","target":{"@type":"EntryPoint","urlTemplate":"https:\/\/straatmanmooringsystems.com\/es\/?s={search_term_string}"},"query-input":{"@type":"PropertyValueSpecification","valueRequired":true,"valueName":"search_term_string"}}],"inLanguage":"es"},{"@type":"Organization","@id":"https:\/\/straatmanmooringsystems.com\/es\/#organization","name":"Mooring Systems ES","url":"https:\/\/straatmanmooringsystems.com\/es\/","logo":{"@type":"ImageObject","inLanguage":"es","@id":"https:\/\/straatmanmooringsystems.com\/es\/#\/schema\/logo\/image\/","url":"https:\/\/straatmanmooringsystems.com\/es\/wp-content\/uploads\/sites\/2\/2026\/02\/logo-mooring.svg","contentUrl":"https:\/\/straatmanmooringsystems.com\/es\/wp-content\/uploads\/sites\/2\/2026\/02\/logo-mooring.svg","width":237,"height":56,"caption":"Mooring Systems ES"},"image":{"@id":"https:\/\/straatmanmooringsystems.com\/es\/#\/schema\/logo\/image\/"}}]}},"_links":{"self":[{"href":"https:\/\/straatmanmooringsystems.com\/es\/wp-json\/wp\/v2\/pages\/2529","targetHints":{"allow":["GET"]}}],"collection":[{"href":"https:\/\/straatmanmooringsystems.com\/es\/wp-json\/wp\/v2\/pages"}],"about":[{"href":"https:\/\/straatmanmooringsystems.com\/es\/wp-json\/wp\/v2\/types\/page"}],"author":[{"embeddable":true,"href":"https:\/\/straatmanmooringsystems.com\/es\/wp-json\/wp\/v2\/users\/1"}],"replies":[{"embeddable":true,"href":"https:\/\/straatmanmooringsystems.com\/es\/wp-json\/wp\/v2\/comments?post=2529"}],"version-history":[{"count":10,"href":"https:\/\/straatmanmooringsystems.com\/es\/wp-json\/wp\/v2\/pages\/2529\/revisions"}],"predecessor-version":[{"id":3370,"href":"https:\/\/straatmanmooringsystems.com\/es\/wp-json\/wp\/v2\/pages\/2529\/revisions\/3370"}],"wp:attachment":[{"href":"https:\/\/straatmanmooringsystems.com\/es\/wp-json\/wp\/v2\/media?parent=2529"}],"curies":[{"name":"wp","href":"https:\/\/api.w.org\/{rel}","templated":true}]}}