{"id":851,"date":"2026-01-06T14:03:12","date_gmt":"2026-01-06T14:03:12","guid":{"rendered":"https:\/\/straatmanmooringsystems.com\/?page_id=851"},"modified":"2026-03-02T06:51:31","modified_gmt":"2026-03-02T06:51:31","slug":"integracion-de-sistema","status":"publish","type":"page","link":"https:\/\/straatmanmooringsystems.com\/es\/sistemas-de-amarre\/integracion-de-sistema\/","title":{"rendered":"MoorControl"},"content":{"rendered":"\n<div style=\"padding-top:var(--wp--preset--spacing--60);padding-bottom:var(--wp--preset--spacing--60);\" class=\"icon-block-static none align wp-block-acf-icon-block-static has-background has-green-background-color\" id=\"icon-block-static-block_df433b2cbebb33351fb93624364f7ced\">\n    <div class=\"centered\">\n        <div class=\"description\"><p><span data-sheets-root=\"1\">Contamos con toda la experiencia interna, como ingenieros y desarrolladores de software, para suministrar proyectos llave en mano, incluida la integraci\u00f3n y la comunicaci\u00f3n con los sistemas de gesti\u00f3n de puertos.<\/span><\/p>\n<\/div><div class=\"icon-grid\"><div class=\"item\" style=\"flex: 1 1 calc(25.00% - 16px);\"><div class=\"icon\"><img decoding=\"async\" src=\"https:\/\/straatmanmooringsystems.com\/es\/wp-content\/uploads\/sites\/2\/2025\/12\/Group-website-icon-thump-up.png\" alt=\"\"><\/div><div class=\"title\">M\u00e1s de 50 a\u00f1os de experiencia en fabricaci\u00f3n<\/div><\/div><div class=\"item\" style=\"flex: 1 1 calc(25.00% - 16px);\"><div class=\"icon\"><img decoding=\"async\" src=\"https:\/\/straatmanmooringsystems.com\/es\/wp-content\/uploads\/sites\/2\/2025\/12\/Group-website-icon-Netherlands.png\" alt=\"\"><\/div><div class=\"title\">Dise\u00f1ado, ingenierizado y fabricado en los Pa\u00edses Bajos<\/div><\/div><div class=\"item\" style=\"flex: 1 1 calc(25.00% - 16px);\"><div class=\"icon\"><img decoding=\"async\" src=\"https:\/\/straatmanmooringsystems.com\/es\/wp-content\/uploads\/sites\/2\/2025\/12\/Group-website-icon-clipboard.png\" alt=\"\"><\/div><div class=\"title\">Productos de alta calidad y un excelente nivel de servicio<\/div><\/div><div class=\"item\" style=\"flex: 1 1 calc(25.00% - 16px);\"><div class=\"icon\"><img decoding=\"async\" src=\"https:\/\/straatmanmooringsystems.com\/es\/wp-content\/uploads\/sites\/2\/2025\/12\/Group-website-icon-diamond.png\" alt=\"\"><\/div><div class=\"title\">Innovaci\u00f3n y mejora continuas<\/div><\/div><\/div>         \n    <\/div>\n<\/div>\n\n\n\n\n<div class=\"wp-block-media-text is-stacked-on-mobile\" style=\"padding-top:var(--wp--preset--spacing--60)\"><figure class=\"wp-block-media-text__media\"><img loading=\"lazy\" decoding=\"async\" width=\"661\" height=\"508\" src=\"https:\/\/straatmanmooringsystems.com\/es\/wp-content\/uploads\/sites\/2\/2026\/01\/Mooring-website-MoorControl-4.png\" alt=\"\" class=\"wp-image-1082 size-full\" srcset=\"https:\/\/straatmanmooringsystems.com\/es\/wp-content\/uploads\/sites\/2\/2026\/01\/Mooring-website-MoorControl-4.png 661w, https:\/\/straatmanmooringsystems.com\/es\/wp-content\/uploads\/sites\/2\/2026\/01\/Mooring-website-MoorControl-4-300x231.png 300w\" sizes=\"auto, (max-width: 661px) 100vw, 661px\" \/><\/figure><div class=\"wp-block-media-text__content\">\n<h2 class=\"wp-block-heading\"><strong><strong><strong>\u00bfPor qu\u00e9 es tan importante la integraci\u00f3n del sistema?<\/strong><\/strong><\/strong><\/h2>\n\n\n\n<p>Podemos combinar todos los sistemas de amarre y atraque en un sistema f\u00e1cil de operar. La informaci\u00f3n clave ser\u00e1 visible en la sala de control, a bordo de un barco o en el muelle en tiempo real, lo que mejora la seguridad y las operaciones.<\/p>\n\n\n\n<ul class=\"wp-block-list\">\n<li>Optimice la productividad integrando todos los sistemas<\/li>\n\n\n\n<li>Cree una vista general de todas las operaciones de atraque<\/li>\n\n\n\n<li>Straatman como su \u00fanico socio al que acudir para preguntas y asistencia<\/li>\n<\/ul>\n<\/div><\/div>\n\n\n\n<div class=\"wp-block-media-text has-media-on-the-right is-stacked-on-mobile\"><div class=\"wp-block-media-text__content\">\n<h2 class=\"wp-block-heading\"><strong><strong>Crea una vista general<\/strong><\/strong><\/h2>\n\n\n\n<p>Al integrar todos los sistemas, Straatman puede proporcionarle una visi\u00f3n general de sus operaciones de amarre. Tener todo esto bajo el mismo techo le brinda la oportunidad de obtener un sistema que se adapte perfectamente a sus deseos. No se preocupe, nos gusta que nos desaf\u00eden. Entonces, si tiene un proyecto complejo, estaremos encantados de ayudarle y pensar en la perfecta integraci\u00f3n de nuestros productos en sus sistemas.<\/p>\n\n\n\n<ul class=\"wp-block-list\">\n<li>Niveles de potencia del sistema y estado de la bater\u00eda (para sistemas solares)<\/li>\n\n\n\n<li>Datos hist\u00f3ricos de hasta 24 meses<\/li>\n\n\n\n<li>Informaci\u00f3n de marea y de embarcaciones AIS<\/li>\n\n\n\n<li>Configuraci\u00f3n de alarmas<\/li>\n\n\n\n<li>Datos del Sistema de monitoreo de carga de amarre<\/li>\n\n\n\n<li>Mediciones del Sistemas de ayuda al atraque<\/li>\n\n\n\n<li>Lecturas del monitoreo ambiental<\/li>\n<\/ul>\n<\/div><figure class=\"wp-block-media-text__media\"><img loading=\"lazy\" decoding=\"async\" width=\"980\" height=\"553\" src=\"https:\/\/straatmanmooringsystems.com\/es\/wp-content\/uploads\/sites\/2\/2026\/01\/MoorControl-dashboard-Straatman.png\" alt=\"\" class=\"wp-image-1205 size-full\" srcset=\"https:\/\/straatmanmooringsystems.com\/es\/wp-content\/uploads\/sites\/2\/2026\/01\/MoorControl-dashboard-Straatman.png 980w, https:\/\/straatmanmooringsystems.com\/es\/wp-content\/uploads\/sites\/2\/2026\/01\/MoorControl-dashboard-Straatman-300x169.png 300w, https:\/\/straatmanmooringsystems.com\/es\/wp-content\/uploads\/sites\/2\/2026\/01\/MoorControl-dashboard-Straatman-768x433.png 768w\" sizes=\"auto, (max-width: 980px) 100vw, 980px\" \/><\/figure><\/div>\n\n\n\n<div class=\"wp-block-media-text is-stacked-on-mobile\"><figure class=\"wp-block-media-text__media\"><img loading=\"lazy\" decoding=\"async\" width=\"661\" height=\"508\" src=\"https:\/\/straatmanmooringsystems.com\/es\/wp-content\/uploads\/sites\/2\/2026\/01\/Mooring-website-MoorControl-2.png\" alt=\"\" class=\"wp-image-1075 size-full\" srcset=\"https:\/\/straatmanmooringsystems.com\/es\/wp-content\/uploads\/sites\/2\/2026\/01\/Mooring-website-MoorControl-2.png 661w, https:\/\/straatmanmooringsystems.com\/es\/wp-content\/uploads\/sites\/2\/2026\/01\/Mooring-website-MoorControl-2-300x231.png 300w\" sizes=\"auto, (max-width: 661px) 100vw, 661px\" \/><\/figure><div class=\"wp-block-media-text__content\">\n<h2 class=\"wp-block-heading\"><strong><strong><strong>C\u00f3mo funciona<\/strong><\/strong><\/strong><\/h2>\n\n\n\n<p>Integraci\u00f3n de sistema recopila se\u00f1ales de sensores y dispositivos en todo el sistema de amarre. Puede enviar estos datos mediante LoRa, UHF, Wi\u2011Fi o 4G para una comunicaci\u00f3n confiable.<br>Puede elegir c\u00f3mo desea mostrar los datos: en pantallas, tel\u00e9fonos, tabletas o en su sala de control.<\/p>\n<\/div><\/div>\n\n\n\n<div class=\"wp-block-media-text has-media-on-the-right is-stacked-on-mobile\" style=\"padding-bottom:var(--wp--preset--spacing--60)\"><div class=\"wp-block-media-text__content\">\n<h2 class=\"wp-block-heading\"><strong><strong><strong>Sistema de transporte a bordo<\/strong><\/strong><\/strong><\/h2>\n\n\n\n<p>Para aumentar la seguridad a bordo del buque mientras est\u00e1 amarrado, podemos suministrar un sofisticado Sistema de transporte a bordo que cumple con los est\u00e1ndares tecnol\u00f3gicos m\u00e1s recientes. El Sistema de transporte a bordo de Straatman es un sistema port\u00e1til que muestra los datos de amarre a bordo del buque amarrado.<br>El sistema se basa en comunicaci\u00f3n Wi\u2011Fi Mesh con alta capacidad de transmisi\u00f3n de datos. El Sistema de transporte a bordo cuenta con estaciones terrestres y un sistema port\u00e1til montado en una maleta robusta. La maleta se coloca en el puente del buque amarrado para mostrar todos los datos de amarre relevantes.<\/p>\n<\/div><figure class=\"wp-block-media-text__media\"><img decoding=\"async\" src=\"https:\/\/straatmanmooringsystems.com\/es\/wp-content\/uploads\/sites\/2\/2026\/01\/Mooring-website-MoorControl-5-1.png\" alt=\"\" class=\"wp-image-1306 size-full\" \/><\/figure><\/div>\n\n\n\n<div class=\"wp-block-media-text has-media-on-the-right is-stacked-on-mobile has-white-color has-green-background-color has-text-color has-background has-link-color wp-elements-7205e9daaf2ad117d8a97b68e50a62ee\" style=\"padding-top:var(--wp--preset--spacing--60);padding-bottom:var(--wp--preset--spacing--60)\"><div class=\"wp-block-media-text__content\">\n<h2 class=\"wp-block-heading has-white-color has-text-color has-link-color wp-elements-5b0fec465fac9ab49e9716b3a29c03c0\"><strong>\u00bfBusca la soluci\u00f3n de amarre adecuada para su proyecto?<\/strong><\/h2>\n\n\n\n<ul class=\"wp-block-list\">\n<li>Productos de alta calidad<\/li>\n\n\n\n<li>Servicio excelente<\/li>\n\n\n\n<li>M\u00e1s de 50 a\u00f1os de experiencia<\/li>\n\n\n\n<li>Certificado en todos los niveles<\/li>\n<\/ul>\n\n\n\n<div class=\"wp-block-buttons is-layout-flex wp-block-buttons-is-layout-flex\">\n<div class=\"wp-block-button\"><a class=\"wp-block-button__link wp-element-button\" href=\"https:\/\/straatmanmooringsystems.com\/es\/request-a-proposal\/\" target=\"_blank\" rel=\"noreferrer noopener\">Obtenga una propuesta directa<\/a><\/div>\n<\/div>\n\n\n\n<div class=\"wp-block-buttons is-layout-flex wp-block-buttons-is-layout-flex\">\n<div class=\"wp-block-button\"><a class=\"wp-block-button__link wp-element-button\" href=\"https:\/\/straatmanmooringsystems.com\/es\/pongase-en-contacto-con-straatman\/\" target=\"_blank\" rel=\"noreferrer noopener\">Cont\u00e1ctenos<\/a><\/div>\n<\/div>\n<\/div><figure class=\"wp-block-media-text__media\"><img loading=\"lazy\" decoding=\"async\" width=\"1024\" height=\"468\" src=\"https:\/\/straatmanmooringsystems.com\/es\/wp-content\/uploads\/2025\/12\/Vector-1024x468.png\" alt=\"\" class=\"wp-image-450 size-full\" srcset=\"https:\/\/straatmanmooringsystems.com\/es\/wp-content\/uploads\/sites\/2\/2025\/12\/Vector-1024x468.png 1024w, https:\/\/straatmanmooringsystems.com\/es\/wp-content\/uploads\/sites\/2\/2025\/12\/Vector-300x137.png 300w, https:\/\/straatmanmooringsystems.com\/es\/wp-content\/uploads\/sites\/2\/2025\/12\/Vector-768x351.png 768w, https:\/\/straatmanmooringsystems.com\/es\/wp-content\/uploads\/sites\/2\/2025\/12\/Vector.png 1312w\" sizes=\"auto, (max-width: 1024px) 100vw, 1024px\" \/><\/figure><\/div>\n","protected":false},"excerpt":{"rendered":"<p>C\u00f3mo funciona Integraci\u00f3n de sistema recopila se\u00f1ales de sensores y dispositivos en todo el sistema de amarre. Puede enviar estos datos mediante LoRa, UHF, Wi\u2011Fi o 4G para una comunicaci\u00f3n confiable.Puede elegir c\u00f3mo desea mostrar los datos: en pantallas, tel\u00e9fonos, tabletas o en su sala de control. Sistema de transporte a bordo Para aumentar la [&hellip;]<\/p>\n","protected":false},"author":2,"featured_media":0,"parent":373,"menu_order":0,"comment_status":"closed","ping_status":"closed","template":"","meta":{"_acf_changed":false,"footnotes":""},"class_list":["post-851","page","type-page","status-publish","hentry"],"acf":[],"yoast_head":"<!-- This site is optimized with the Yoast SEO plugin v26.6 - https:\/\/yoast.com\/wordpress\/plugins\/seo\/ -->\n<title>MoorControl - Straatman Mooring Systems<\/title>\n<meta name=\"description\" content=\"En Straatman contamos con toda la experiencia interna necesaria para garantizar que todos los sistemas de amarre est\u00e9n perfectamente integrados. Descubre m\u00e1s en esta p\u00e1gina.\" \/>\n<meta name=\"robots\" content=\"index, follow, max-snippet:-1, max-image-preview:large, max-video-preview:-1\" \/>\n<link rel=\"canonical\" href=\"https:\/\/straatmanmooringsystems.com\/es\/sistemas-de-amarre\/integracion-de-sistema\/\" \/>\n<meta property=\"og:locale\" content=\"es_ES\" \/>\n<meta property=\"og:type\" content=\"article\" \/>\n<meta property=\"og:title\" content=\"MoorControl - Straatman Mooring Systems\" \/>\n<meta property=\"og:description\" content=\"En Straatman contamos con toda la experiencia interna necesaria para garantizar que todos los sistemas de amarre est\u00e9n perfectamente integrados. Descubre m\u00e1s en esta p\u00e1gina.\" \/>\n<meta property=\"og:url\" content=\"https:\/\/straatmanmooringsystems.com\/es\/sistemas-de-amarre\/integracion-de-sistema\/\" \/>\n<meta property=\"og:site_name\" content=\"Mooring Systems ES\" \/>\n<meta property=\"article:modified_time\" content=\"2026-03-02T06:51:31+00:00\" \/>\n<meta property=\"og:image\" content=\"https:\/\/straatmanmooringsystems.com\/es\/wp-content\/uploads\/sites\/2\/2026\/01\/Mooring-website-MoorControl-4.png\" \/>\n<meta name=\"twitter:card\" content=\"summary_large_image\" \/>\n<meta name=\"twitter:label1\" content=\"Tiempo de lectura\" \/>\n\t<meta name=\"twitter:data1\" content=\"3 minutos\" \/>\n<script type=\"application\/ld+json\" class=\"yoast-schema-graph\">{\"@context\":\"https:\/\/schema.org\",\"@graph\":[{\"@type\":\"WebPage\",\"@id\":\"https:\/\/straatmanmooringsystems.com\/es\/sistemas-de-amarre\/integracion-de-sistema\/\",\"url\":\"https:\/\/straatmanmooringsystems.com\/es\/sistemas-de-amarre\/integracion-de-sistema\/\",\"name\":\"MoorControl - Straatman Mooring Systems\",\"isPartOf\":{\"@id\":\"https:\/\/straatmanmooringsystems.com\/es\/#website\"},\"primaryImageOfPage\":{\"@id\":\"https:\/\/straatmanmooringsystems.com\/es\/sistemas-de-amarre\/integracion-de-sistema\/#primaryimage\"},\"image\":{\"@id\":\"https:\/\/straatmanmooringsystems.com\/es\/sistemas-de-amarre\/integracion-de-sistema\/#primaryimage\"},\"thumbnailUrl\":\"https:\/\/straatmanmooringsystems.com\/es\/wp-content\/uploads\/sites\/2\/2026\/01\/Mooring-website-MoorControl-4.png\",\"datePublished\":\"2026-01-06T14:03:12+00:00\",\"dateModified\":\"2026-03-02T06:51:31+00:00\",\"description\":\"En Straatman contamos con toda la experiencia interna necesaria para garantizar que todos los sistemas de amarre est\u00e9n perfectamente integrados. Descubre m\u00e1s en esta p\u00e1gina.\",\"breadcrumb\":{\"@id\":\"https:\/\/straatmanmooringsystems.com\/es\/sistemas-de-amarre\/integracion-de-sistema\/#breadcrumb\"},\"inLanguage\":\"es\",\"potentialAction\":[{\"@type\":\"ReadAction\",\"target\":[\"https:\/\/straatmanmooringsystems.com\/es\/sistemas-de-amarre\/integracion-de-sistema\/\"]}]},{\"@type\":\"ImageObject\",\"inLanguage\":\"es\",\"@id\":\"https:\/\/straatmanmooringsystems.com\/es\/sistemas-de-amarre\/integracion-de-sistema\/#primaryimage\",\"url\":\"https:\/\/straatmanmooringsystems.com\/es\/wp-content\/uploads\/sites\/2\/2026\/01\/Mooring-website-MoorControl-4.png\",\"contentUrl\":\"https:\/\/straatmanmooringsystems.com\/es\/wp-content\/uploads\/sites\/2\/2026\/01\/Mooring-website-MoorControl-4.png\",\"width\":661,\"height\":508},{\"@type\":\"BreadcrumbList\",\"@id\":\"https:\/\/straatmanmooringsystems.com\/es\/sistemas-de-amarre\/integracion-de-sistema\/#breadcrumb\",\"itemListElement\":[{\"@type\":\"ListItem\",\"position\":1,\"name\":\"Home\",\"item\":\"https:\/\/straatmanmooringsystems.com\/es\/\"},{\"@type\":\"ListItem\",\"position\":2,\"name\":\"Mooring systems\",\"item\":\"https:\/\/straatmanmooringsystems.com\/es\/sistemas-de-amarre\/\"},{\"@type\":\"ListItem\",\"position\":3,\"name\":\"MoorControl\"}]},{\"@type\":\"WebSite\",\"@id\":\"https:\/\/straatmanmooringsystems.com\/es\/#website\",\"url\":\"https:\/\/straatmanmooringsystems.com\/es\/\",\"name\":\"Mooring Systems ES\",\"description\":\"\",\"publisher\":{\"@id\":\"https:\/\/straatmanmooringsystems.com\/es\/#organization\"},\"potentialAction\":[{\"@type\":\"SearchAction\",\"target\":{\"@type\":\"EntryPoint\",\"urlTemplate\":\"https:\/\/straatmanmooringsystems.com\/es\/?s={search_term_string}\"},\"query-input\":{\"@type\":\"PropertyValueSpecification\",\"valueRequired\":true,\"valueName\":\"search_term_string\"}}],\"inLanguage\":\"es\"},{\"@type\":\"Organization\",\"@id\":\"https:\/\/straatmanmooringsystems.com\/es\/#organization\",\"name\":\"Mooring Systems ES\",\"url\":\"https:\/\/straatmanmooringsystems.com\/es\/\",\"logo\":{\"@type\":\"ImageObject\",\"inLanguage\":\"es\",\"@id\":\"https:\/\/straatmanmooringsystems.com\/es\/#\/schema\/logo\/image\/\",\"url\":\"https:\/\/straatmanmooringsystems.com\/es\/wp-content\/uploads\/sites\/2\/2026\/02\/logo-mooring.svg\",\"contentUrl\":\"https:\/\/straatmanmooringsystems.com\/es\/wp-content\/uploads\/sites\/2\/2026\/02\/logo-mooring.svg\",\"width\":237,\"height\":56,\"caption\":\"Mooring Systems ES\"},\"image\":{\"@id\":\"https:\/\/straatmanmooringsystems.com\/es\/#\/schema\/logo\/image\/\"}}]}<\/script>\n<!-- \/ Yoast SEO plugin. -->","yoast_head_json":{"title":"MoorControl - Straatman Mooring Systems","description":"En Straatman contamos con toda la experiencia interna necesaria para garantizar que todos los sistemas de amarre est\u00e9n perfectamente integrados. Descubre m\u00e1s en esta p\u00e1gina.","robots":{"index":"index","follow":"follow","max-snippet":"max-snippet:-1","max-image-preview":"max-image-preview:large","max-video-preview":"max-video-preview:-1"},"canonical":"https:\/\/straatmanmooringsystems.com\/es\/sistemas-de-amarre\/integracion-de-sistema\/","og_locale":"es_ES","og_type":"article","og_title":"MoorControl - Straatman Mooring Systems","og_description":"En Straatman contamos con toda la experiencia interna necesaria para garantizar que todos los sistemas de amarre est\u00e9n perfectamente integrados. Descubre m\u00e1s en esta p\u00e1gina.","og_url":"https:\/\/straatmanmooringsystems.com\/es\/sistemas-de-amarre\/integracion-de-sistema\/","og_site_name":"Mooring Systems ES","article_modified_time":"2026-03-02T06:51:31+00:00","og_image":[{"url":"https:\/\/straatmanmooringsystems.com\/es\/wp-content\/uploads\/sites\/2\/2026\/01\/Mooring-website-MoorControl-4.png","type":"","width":"","height":""}],"twitter_card":"summary_large_image","twitter_misc":{"Tiempo de lectura":"3 minutos"},"schema":{"@context":"https:\/\/schema.org","@graph":[{"@type":"WebPage","@id":"https:\/\/straatmanmooringsystems.com\/es\/sistemas-de-amarre\/integracion-de-sistema\/","url":"https:\/\/straatmanmooringsystems.com\/es\/sistemas-de-amarre\/integracion-de-sistema\/","name":"MoorControl - Straatman Mooring Systems","isPartOf":{"@id":"https:\/\/straatmanmooringsystems.com\/es\/#website"},"primaryImageOfPage":{"@id":"https:\/\/straatmanmooringsystems.com\/es\/sistemas-de-amarre\/integracion-de-sistema\/#primaryimage"},"image":{"@id":"https:\/\/straatmanmooringsystems.com\/es\/sistemas-de-amarre\/integracion-de-sistema\/#primaryimage"},"thumbnailUrl":"https:\/\/straatmanmooringsystems.com\/es\/wp-content\/uploads\/sites\/2\/2026\/01\/Mooring-website-MoorControl-4.png","datePublished":"2026-01-06T14:03:12+00:00","dateModified":"2026-03-02T06:51:31+00:00","description":"En Straatman contamos con toda la experiencia interna necesaria para garantizar que todos los sistemas de amarre est\u00e9n perfectamente integrados. Descubre m\u00e1s en esta p\u00e1gina.","breadcrumb":{"@id":"https:\/\/straatmanmooringsystems.com\/es\/sistemas-de-amarre\/integracion-de-sistema\/#breadcrumb"},"inLanguage":"es","potentialAction":[{"@type":"ReadAction","target":["https:\/\/straatmanmooringsystems.com\/es\/sistemas-de-amarre\/integracion-de-sistema\/"]}]},{"@type":"ImageObject","inLanguage":"es","@id":"https:\/\/straatmanmooringsystems.com\/es\/sistemas-de-amarre\/integracion-de-sistema\/#primaryimage","url":"https:\/\/straatmanmooringsystems.com\/es\/wp-content\/uploads\/sites\/2\/2026\/01\/Mooring-website-MoorControl-4.png","contentUrl":"https:\/\/straatmanmooringsystems.com\/es\/wp-content\/uploads\/sites\/2\/2026\/01\/Mooring-website-MoorControl-4.png","width":661,"height":508},{"@type":"BreadcrumbList","@id":"https:\/\/straatmanmooringsystems.com\/es\/sistemas-de-amarre\/integracion-de-sistema\/#breadcrumb","itemListElement":[{"@type":"ListItem","position":1,"name":"Home","item":"https:\/\/straatmanmooringsystems.com\/es\/"},{"@type":"ListItem","position":2,"name":"Mooring systems","item":"https:\/\/straatmanmooringsystems.com\/es\/sistemas-de-amarre\/"},{"@type":"ListItem","position":3,"name":"MoorControl"}]},{"@type":"WebSite","@id":"https:\/\/straatmanmooringsystems.com\/es\/#website","url":"https:\/\/straatmanmooringsystems.com\/es\/","name":"Mooring Systems ES","description":"","publisher":{"@id":"https:\/\/straatmanmooringsystems.com\/es\/#organization"},"potentialAction":[{"@type":"SearchAction","target":{"@type":"EntryPoint","urlTemplate":"https:\/\/straatmanmooringsystems.com\/es\/?s={search_term_string}"},"query-input":{"@type":"PropertyValueSpecification","valueRequired":true,"valueName":"search_term_string"}}],"inLanguage":"es"},{"@type":"Organization","@id":"https:\/\/straatmanmooringsystems.com\/es\/#organization","name":"Mooring Systems ES","url":"https:\/\/straatmanmooringsystems.com\/es\/","logo":{"@type":"ImageObject","inLanguage":"es","@id":"https:\/\/straatmanmooringsystems.com\/es\/#\/schema\/logo\/image\/","url":"https:\/\/straatmanmooringsystems.com\/es\/wp-content\/uploads\/sites\/2\/2026\/02\/logo-mooring.svg","contentUrl":"https:\/\/straatmanmooringsystems.com\/es\/wp-content\/uploads\/sites\/2\/2026\/02\/logo-mooring.svg","width":237,"height":56,"caption":"Mooring Systems ES"},"image":{"@id":"https:\/\/straatmanmooringsystems.com\/es\/#\/schema\/logo\/image\/"}}]}},"_links":{"self":[{"href":"https:\/\/straatmanmooringsystems.com\/es\/wp-json\/wp\/v2\/pages\/851","targetHints":{"allow":["GET"]}}],"collection":[{"href":"https:\/\/straatmanmooringsystems.com\/es\/wp-json\/wp\/v2\/pages"}],"about":[{"href":"https:\/\/straatmanmooringsystems.com\/es\/wp-json\/wp\/v2\/types\/page"}],"author":[{"embeddable":true,"href":"https:\/\/straatmanmooringsystems.com\/es\/wp-json\/wp\/v2\/users\/2"}],"replies":[{"embeddable":true,"href":"https:\/\/straatmanmooringsystems.com\/es\/wp-json\/wp\/v2\/comments?post=851"}],"version-history":[{"count":8,"href":"https:\/\/straatmanmooringsystems.com\/es\/wp-json\/wp\/v2\/pages\/851\/revisions"}],"predecessor-version":[{"id":3183,"href":"https:\/\/straatmanmooringsystems.com\/es\/wp-json\/wp\/v2\/pages\/851\/revisions\/3183"}],"up":[{"embeddable":true,"href":"https:\/\/straatmanmooringsystems.com\/es\/wp-json\/wp\/v2\/pages\/373"}],"wp:attachment":[{"href":"https:\/\/straatmanmooringsystems.com\/es\/wp-json\/wp\/v2\/media?parent=851"}],"curies":[{"name":"wp","href":"https:\/\/api.w.org\/{rel}","templated":true}]}}