{"id":890,"date":"2026-01-05T14:19:47","date_gmt":"2026-01-05T14:19:47","guid":{"rendered":"https:\/\/straatmanmooringsystems.com\/?page_id=890"},"modified":"2026-03-02T06:52:44","modified_gmt":"2026-03-02T06:52:44","slug":"calibracion-celdas-de-carga","status":"publish","type":"page","link":"https:\/\/straatmanmooringsystems.com\/es\/servicio-y-soporte\/calibracion-celdas-de-carga\/","title":{"rendered":"Load Cell calibration"},"content":{"rendered":"\n<div style=\"padding-top:var(--wp--preset--spacing--60);padding-bottom:var(--wp--preset--spacing--60);\" class=\"icon-block-static none align wp-block-acf-icon-block-static has-background has-green-background-color\" id=\"icon-block-static-block_4d59f26d6c76d01a8251891d194e27d9\">\n    <div class=\"centered\">\n        <div class=\"description\"><p>Una calibraci\u00f3n fiable de las celdas de carga es esencial para unas operaciones de amarre seguras. Las celdas de carga instaladas en los ganchos de amarre de liberaci\u00f3n r\u00e1pida miden las fuerzas de las l\u00edneas de amarre y ayudan a los operadores a reaccionar a tiempo durante el mal tiempo o las condiciones cambiantes. Si la calibraci\u00f3n es incorrecta u obsoleta, los datos no son fiables y aumenta el riesgo para la seguridad. Las directrices internacionales como SIGTTO y\u00a0OCIMF exigen una calibraci\u00f3n anual y documentada. Straatman ofrece un m\u00e9todo de calibraci\u00f3n eficiente y probado que cumple estos requisitos al tiempo que reduce el tiempo de inactividad y el impacto operativo.<\/p>\n<p>Straatman ha desarrollado un m\u00e9todo pr\u00e1ctico de calibraci\u00f3n in situ para las celdas de carga en los ganchos de liberaci\u00f3n r\u00e1pida. El m\u00e9todo est\u00e1 dise\u00f1ado para reducir el tiempo, la mano de obra y las interrupciones de las operaciones del terminal, sin comprometer la precisi\u00f3n ni la seguridad. A diferencia de los m\u00e9todos tradicionales de calibraci\u00f3n, nuestro enfoque no requiere la extracci\u00f3n de la celda de carga del gancho.<\/p>\n<\/div><div class=\"icon-grid\"><div class=\"item\" style=\"flex: 1 1 calc(25.00% - 16px);\"><div class=\"icon\"><img decoding=\"async\" src=\"https:\/\/straatmanmooringsystems.com\/es\/wp-content\/uploads\/sites\/2\/2025\/12\/Group-website-icon-ship.png\" alt=\"\"><\/div><div class=\"title\">Tiempo de inactividad m\u00ednimo<\/div><div class=\"description\">Nuestro m\u00e9todo de calibraci\u00f3n reduce el tiempo en el sitio. La calibraci\u00f3n se realiza con un solo ingeniero en aproximadamente dos d\u00edas por muelle, manteniendo las operaciones en marcha con una interrupci\u00f3n m\u00ednima.<\/div><\/div><div class=\"item\" style=\"flex: 1 1 calc(25.00% - 16px);\"><div class=\"icon\"><img decoding=\"async\" src=\"https:\/\/straatmanmooringsystems.com\/es\/wp-content\/uploads\/sites\/2\/2025\/12\/Group-website-icon-network.png\" alt=\"\"><\/div><div class=\"title\">Calibraci\u00f3n in situ<\/div><div class=\"description\">La calibraci\u00f3n se realiza con la celda de carga instalada en el gancho. Esto evita el desmontaje, impide que las piezas se queden bloqueadas y reduce el riesgo de da\u00f1os o retrasos.<\/div><\/div><div class=\"item\" style=\"flex: 1 1 calc(25.00% - 16px);\"><div class=\"icon\"><img decoding=\"async\" src=\"https:\/\/straatmanmooringsystems.com\/es\/wp-content\/uploads\/sites\/2\/2025\/12\/Group-website-icon-thump-up.png\" alt=\"\"><\/div><div class=\"title\"> Resultados precisos y fiables<\/div><div class=\"description\">Utilizando un sensor de presi\u00f3n digital calibrado, aplicamos cargas controladas bajo condiciones de trabajo reales. Esto garantiza resultados de calibraci\u00f3n precisos y repetibles.<\/div><\/div><div class=\"item\" style=\"flex: 1 1 calc(25.00% - 16px);\"><div class=\"icon\"><img decoding=\"async\" src=\"https:\/\/straatmanmooringsystems.com\/es\/wp-content\/uploads\/sites\/2\/2025\/12\/Group-website-icon-clipboard.png\" alt=\"\"><\/div><div class=\"title\">Cumplimiento de las directrices del sector<\/div><div class=\"description\">Nuestro m\u00e9todo de calibraci\u00f3n ayuda a cumplir los requisitos de SIGTTO y\u00a0OCIMF y ofrece documentaci\u00f3n clara para auditor\u00edas e inspecciones.<\/div><\/div><\/div>         \n    <\/div>\n<\/div>\n\n\n\n\n<div class=\"wp-block-media-text has-media-on-the-right is-stacked-on-mobile\" style=\"padding-top:var(--wp--preset--spacing--60);padding-bottom:var(--wp--preset--spacing--60)\"><div class=\"wp-block-media-text__content\">\n<h2 class=\"wp-block-heading\"><strong><strong><strong>M\u00e9todo de calibraci\u00f3n de Straatman<\/strong><\/strong><\/strong><\/h2>\n\n\n\n<p>Los m\u00e9todos tradicionales de calibraci\u00f3n suelen tardar hasta cinco d\u00edas por muelle, con un equipo de tres personas. El equipo puede necesitar ser desmontado y reinstalado, lo que afecta a las operaciones. El m\u00e9todo de Straatman requiere:<\/p>\n\n\n\n<ul class=\"wp-block-list\">\n<li>Un ingeniero de servicio<\/li>\n\n\n\n<li>Aproximadamente dos d\u00edas por muelle<\/li>\n<\/ul>\n\n\n\n<p>Esto reduce significativamente el tiempo de inactividad y facilita la planificaci\u00f3n para terminales ocupados.<\/p>\n\n\n\n<p>No se necesita retirar la celda de carga, a diferencia de los m\u00e9todos tradicionales de calibraci\u00f3n. Quitar las celdas de carga puede causar problemas, especialmente en instalaciones antiguas donde los componentes pueden estar agarrotados o ser dif\u00edciles de desmontar. La retirada tambi\u00e9n aumenta el riesgo de da\u00f1os y trabajos de reparaci\u00f3n adicionales.<\/p>\n\n\n\n<p>El m\u00e9todo est\u00e1 dise\u00f1ado para cumplir la intenci\u00f3n y los requisitos de las directrices SIGTTO y&nbsp;OCIMF. Los resultados de la calibraci\u00f3n se documentan y pueden utilizarse para auditor\u00edas, inspecciones y revisiones internas de seguridad.<\/p>\n<\/div><figure class=\"wp-block-media-text__media\"><img loading=\"lazy\" decoding=\"async\" width=\"731\" height=\"1024\" src=\"https:\/\/straatmanmooringsystems.com\/es\/wp-content\/uploads\/2026\/01\/Mooring-website-Load-Cell-Callibration-731x1024.png\" alt=\"\" class=\"wp-image-1618 size-full\" srcset=\"https:\/\/straatmanmooringsystems.com\/es\/wp-content\/uploads\/sites\/2\/2026\/01\/Mooring-website-Load-Cell-Callibration-731x1024.png 731w, https:\/\/straatmanmooringsystems.com\/es\/wp-content\/uploads\/sites\/2\/2026\/01\/Mooring-website-Load-Cell-Callibration-214x300.png 214w, https:\/\/straatmanmooringsystems.com\/es\/wp-content\/uploads\/sites\/2\/2026\/01\/Mooring-website-Load-Cell-Callibration.png 750w\" sizes=\"auto, (max-width: 731px) 100vw, 731px\" \/><\/figure><\/div>\n\n\n\n<div class=\"wp-block-media-text is-stacked-on-mobile\" style=\"padding-bottom:var(--wp--preset--spacing--60)\"><figure class=\"wp-block-media-text__media\"><img loading=\"lazy\" decoding=\"async\" width=\"1024\" height=\"865\" src=\"https:\/\/straatmanmooringsystems.com\/es\/wp-content\/uploads\/2026\/01\/IMG_9568-bijgesneden-1024x865.jpg\" alt=\"\" class=\"wp-image-894 size-full\" srcset=\"https:\/\/straatmanmooringsystems.com\/es\/wp-content\/uploads\/sites\/2\/2026\/01\/IMG_9568-bijgesneden-1024x865.jpg 1024w, https:\/\/straatmanmooringsystems.com\/es\/wp-content\/uploads\/sites\/2\/2026\/01\/IMG_9568-bijgesneden-300x253.jpg 300w, https:\/\/straatmanmooringsystems.com\/es\/wp-content\/uploads\/sites\/2\/2026\/01\/IMG_9568-bijgesneden-768x649.jpg 768w, https:\/\/straatmanmooringsystems.com\/es\/wp-content\/uploads\/sites\/2\/2026\/01\/IMG_9568-bijgesneden-1536x1297.jpg 1536w, https:\/\/straatmanmooringsystems.com\/es\/wp-content\/uploads\/sites\/2\/2026\/01\/IMG_9568-bijgesneden-2048x1730.jpg 2048w\" sizes=\"auto, (max-width: 1024px) 100vw, 1024px\" \/><\/figure><div class=\"wp-block-media-text__content\">\n<h2 class=\"wp-block-heading\"><strong><strong><strong>Por qu\u00e9 importa la calibraci\u00f3n de las celdas de carga<\/strong><\/strong><\/strong><\/h2>\n\n\n\n<p>Las celdas de carga est\u00e1n expuestas a duras condiciones marinas, incluyendo agua salada, cambios de temperatura, vibraci\u00f3n y cargas elevadas. Con el tiempo, esto puede afectar a la precisi\u00f3n. Una calibraci\u00f3n regular garantiza:<\/p>\n\n\n\n<ul class=\"wp-block-list\">\n<li>Mediciones de carga fiables y repetibles<\/li>\n\n\n\n<li>Niveles correctos de alarma y advertencia<\/li>\n\n\n\n<li>Cumplimiento de las directrices de SIGTTO y&nbsp;OCIMF<\/li>\n\n\n\n<li>Riesgo reducido de sobrecarga e incidentes de amarre<\/li>\n\n\n\n<li>Confianza en la toma de decisiones operativas<\/li>\n<\/ul>\n\n\n\n<p>La calibraci\u00f3n no es solo un requisito formal, sino una medida de seguridad pr\u00e1ctica.<\/p>\n<\/div><\/div>\n\n\n\n<div class=\"icon-block-slider align wp-block-acf-icon-block-slider\" id=\"icon-block-slider-block_6590d0ad227d0ab7a72bf82e0af15dac\">\n    <div class=\"centered\">\n        <h2 class=\"title\">Qu\u00e9 esperar de nuestro equipo Straatman<\/h2>        \n        <div class=\"holder\">\n            <div class=\"swiffy-slider slider-item-show4 slider-item-reveal slider-nav-visible\">\n                <ul class=\"slider-container\">\n                                        <li>\n                        <div class=\"slide\">\n                            <div class=\"icon\">\n                                <img decoding=\"async\" src=\"https:\/\/straatmanmooringsystems.com\/es\/wp-content\/uploads\/sites\/2\/2025\/12\/Group-website-icon-medal.png\" alt=\"\">\n                            <\/div>\n\n                            <div class=\"title\">Productos de alta calidad<\/div><div class=\"description\">Nuestros productos est\u00e1n dise\u00f1ados y fabricados con atenci\u00f3n al detalle. Utilizamos los mejores materiales y revisamos todo para asegurarnos de que obtenga lo mejor.<\/div>                        <\/div>\n                    <\/li>\n                                        <li>\n                        <div class=\"slide\">\n                            <div class=\"icon\">\n                                <img decoding=\"async\" src=\"https:\/\/straatmanmooringsystems.com\/es\/wp-content\/uploads\/sites\/2\/2025\/12\/Group-website-icon-idea.png\" alt=\"\">\n                            <\/div>\n\n                            <div class=\"title\">Innovaci\u00f3n continua<\/div><div class=\"description\">Siempre intentamos mejorar. Seguimos aprendiendo, mejorando e invirtiendo en investigaci\u00f3n y desarrollo para poder ofrecerle las soluciones m\u00e1s nuevas y mejores.<\/div>                        <\/div>\n                    <\/li>\n                                        <li>\n                        <div class=\"slide\">\n                            <div class=\"icon\">\n                                <img decoding=\"async\" src=\"https:\/\/straatmanmooringsystems.com\/es\/wp-content\/uploads\/sites\/2\/2025\/12\/Group-website-icon-team-in-3.png\" alt=\"\">\n                            <\/div>\n\n                            <div class=\"title\">Equipo dedicado y entusiasta<\/div><div class=\"description\">A nuestro equipo le apasiona lo que hace. Trabajan arduamente para satisfacer sus necesidades y hacerlo feliz.<\/div>                        <\/div>\n                    <\/li>\n                                        <li>\n                        <div class=\"slide\">\n                            <div class=\"icon\">\n                                <img decoding=\"async\" src=\"https:\/\/straatmanmooringsystems.com\/es\/wp-content\/uploads\/sites\/2\/2025\/12\/Group-website-icon-hand.png\" alt=\"\">\n                            <\/div>\n\n                            <div class=\"title\">Nivel de servicio excelente<\/div><div class=\"description\">Estamos aqu\u00ed para ayudarle. Nuestro equipo siempre est\u00e1 preparado para responder a sus preguntas y asegurarse de que quede satisfecho con nuestro servicio.<\/div>                        <\/div>\n                    <\/li>\n                                        <li>\n                        <div class=\"slide\">\n                            <div class=\"icon\">\n                                <img decoding=\"async\" src=\"https:\/\/straatmanmooringsystems.com\/es\/wp-content\/uploads\/sites\/2\/2025\/12\/Group-website-icon-certified.png\" alt=\"\">\n                            <\/div>\n\n                            <div class=\"title\">Certificado en todos los niveles necesarios<\/div><div class=\"description\">Cumplimos todas las normas importantes. Esto significa que nuestros productos son seguros, fiables y confiables.<\/div>                        <\/div>\n                    <\/li>\n                                        <li>\n                        <div class=\"slide\">\n                            <div class=\"icon\">\n                                <img decoding=\"async\" src=\"https:\/\/straatmanmooringsystems.com\/es\/wp-content\/uploads\/sites\/2\/2025\/12\/Group-website-icon-handshake.png\" alt=\"\">\n                            <\/div>\n\n                            <div class=\"title\">Cumplimos lo que prometemos<\/div><div class=\"description\">Cumplimos nuestras promesas. Puede confiar en nosotros para hacer lo que decimos que haremos.\r\n<\/div>                        <\/div>\n                    <\/li>\n                                    <\/ul>\n\n                <div class=\"slider_buttons\">\n                    <button type=\"button\" class=\"slider-nav\"><i class=\"ph-thin ph-arrow-left\"><\/i><\/button>\n                    <button type=\"button\" class=\"slider-nav slider-nav-next\"><i class=\"ph ph-arrow-right\"><\/i><\/button>\n                <\/div>\n            <\/div>\n        <\/div>\n    <\/div>\n<\/div>\n\n\n\n\n<div class=\"wp-block-media-text has-media-on-the-right is-stacked-on-mobile has-white-color has-green-background-color has-text-color has-background has-link-color wp-elements-7b5362c28190c7551e5dc70d2f68ce64\" style=\"padding-top:var(--wp--preset--spacing--60);padding-bottom:var(--wp--preset--spacing--60)\"><div class=\"wp-block-media-text__content\">\n<h2 class=\"wp-block-heading has-white-color has-text-color has-link-color wp-elements-24281853de73333ab80f293075d6b776\">\u00bfSu equipo de amarre necesita mantenimiento, inspecci\u00f3n o actualizaci\u00f3n?<\/h2>\n\n\n\n<ul class=\"wp-block-list\">\n<li>Productos de alta calidad<\/li>\n\n\n\n<li>Servicio excelente<\/li>\n\n\n\n<li>M\u00e1s de 50 a\u00f1os de experiencia<\/li>\n\n\n\n<li>Certificado en todos los niveles<\/li>\n<\/ul>\n\n\n\n<div class=\"wp-block-buttons is-layout-flex wp-block-buttons-is-layout-flex\">\n<div class=\"wp-block-button\"><a class=\"wp-block-button__link wp-element-button\" href=\"https:\/\/straatmanmooringsystems.com\/es\/request-a-proposal\/\" target=\"_blank\" rel=\"noreferrer noopener\">Obtenga una propuesta directa<\/a><\/div>\n<\/div>\n<\/div><figure class=\"wp-block-media-text__media\"><img loading=\"lazy\" decoding=\"async\" width=\"1024\" height=\"468\" src=\"https:\/\/straatmanmooringsystems.com\/es\/wp-content\/uploads\/2025\/12\/Vector-1024x468.png\" alt=\"\" class=\"wp-image-450 size-full\" srcset=\"https:\/\/straatmanmooringsystems.com\/es\/wp-content\/uploads\/sites\/2\/2025\/12\/Vector-1024x468.png 1024w, https:\/\/straatmanmooringsystems.com\/es\/wp-content\/uploads\/sites\/2\/2025\/12\/Vector-300x137.png 300w, https:\/\/straatmanmooringsystems.com\/es\/wp-content\/uploads\/sites\/2\/2025\/12\/Vector-768x351.png 768w, https:\/\/straatmanmooringsystems.com\/es\/wp-content\/uploads\/sites\/2\/2025\/12\/Vector.png 1312w\" sizes=\"auto, (max-width: 1024px) 100vw, 1024px\" \/><\/figure><\/div>\n","protected":false},"excerpt":{"rendered":"","protected":false},"author":2,"featured_media":0,"parent":2529,"menu_order":0,"comment_status":"closed","ping_status":"closed","template":"","meta":{"_acf_changed":false,"footnotes":""},"class_list":["post-890","page","type-page","status-publish","hentry"],"acf":[],"yoast_head":"<!-- This site is optimized with the Yoast SEO plugin v26.6 - https:\/\/yoast.com\/wordpress\/plugins\/seo\/ -->\n<title>Load Cell calibration - Straatman Mooring Systems<\/title>\n<meta name=\"description\" content=\"Calibraci\u00f3n de celdas de carga para ganchos de amarre de liberaci\u00f3n r\u00e1pida para garantizar seguridad, precisi\u00f3n y conformidad con los est\u00e1ndares de la industria.\" \/>\n<meta name=\"robots\" content=\"index, follow, max-snippet:-1, max-image-preview:large, max-video-preview:-1\" \/>\n<link rel=\"canonical\" href=\"https:\/\/straatmanmooringsystems.com\/es\/servicio-y-soporte\/calibracion-celdas-de-carga\/\" \/>\n<meta property=\"og:locale\" content=\"es_ES\" \/>\n<meta property=\"og:type\" content=\"article\" \/>\n<meta property=\"og:title\" content=\"Load Cell calibration - Straatman Mooring Systems\" \/>\n<meta property=\"og:description\" content=\"Calibraci\u00f3n de celdas de carga para ganchos de amarre de liberaci\u00f3n r\u00e1pida para garantizar seguridad, precisi\u00f3n y conformidad con los est\u00e1ndares de la industria.\" \/>\n<meta property=\"og:url\" content=\"https:\/\/straatmanmooringsystems.com\/es\/servicio-y-soporte\/calibracion-celdas-de-carga\/\" \/>\n<meta property=\"og:site_name\" content=\"Mooring Systems ES\" \/>\n<meta property=\"article:modified_time\" content=\"2026-03-02T06:52:44+00:00\" \/>\n<meta property=\"og:image\" content=\"https:\/\/straatmanmooringsystems.com\/es\/wp-content\/uploads\/2026\/01\/Mooring-website-Load-Cell-Callibration-731x1024.png\" \/>\n<meta name=\"twitter:card\" content=\"summary_large_image\" \/>\n<meta name=\"twitter:label1\" content=\"Tiempo de lectura\" \/>\n\t<meta name=\"twitter:data1\" content=\"2 minutos\" \/>\n<script type=\"application\/ld+json\" class=\"yoast-schema-graph\">{\"@context\":\"https:\/\/schema.org\",\"@graph\":[{\"@type\":\"WebPage\",\"@id\":\"https:\/\/straatmanmooringsystems.com\/es\/servicio-y-soporte\/calibracion-celdas-de-carga\/\",\"url\":\"https:\/\/straatmanmooringsystems.com\/es\/servicio-y-soporte\/calibracion-celdas-de-carga\/\",\"name\":\"Load Cell calibration - Straatman Mooring Systems\",\"isPartOf\":{\"@id\":\"https:\/\/straatmanmooringsystems.com\/es\/#website\"},\"primaryImageOfPage\":{\"@id\":\"https:\/\/straatmanmooringsystems.com\/es\/servicio-y-soporte\/calibracion-celdas-de-carga\/#primaryimage\"},\"image\":{\"@id\":\"https:\/\/straatmanmooringsystems.com\/es\/servicio-y-soporte\/calibracion-celdas-de-carga\/#primaryimage\"},\"thumbnailUrl\":\"https:\/\/straatmanmooringsystems.com\/es\/wp-content\/uploads\/2026\/01\/Mooring-website-Load-Cell-Callibration-731x1024.png\",\"datePublished\":\"2026-01-05T14:19:47+00:00\",\"dateModified\":\"2026-03-02T06:52:44+00:00\",\"description\":\"Calibraci\u00f3n de celdas de carga para ganchos de amarre de liberaci\u00f3n r\u00e1pida para garantizar seguridad, precisi\u00f3n y conformidad con los est\u00e1ndares de la industria.\",\"breadcrumb\":{\"@id\":\"https:\/\/straatmanmooringsystems.com\/es\/servicio-y-soporte\/calibracion-celdas-de-carga\/#breadcrumb\"},\"inLanguage\":\"es\",\"potentialAction\":[{\"@type\":\"ReadAction\",\"target\":[\"https:\/\/straatmanmooringsystems.com\/es\/servicio-y-soporte\/calibracion-celdas-de-carga\/\"]}]},{\"@type\":\"ImageObject\",\"inLanguage\":\"es\",\"@id\":\"https:\/\/straatmanmooringsystems.com\/es\/servicio-y-soporte\/calibracion-celdas-de-carga\/#primaryimage\",\"url\":\"https:\/\/straatmanmooringsystems.com\/es\/wp-content\/uploads\/sites\/2\/2026\/01\/Mooring-website-Load-Cell-Callibration.png\",\"contentUrl\":\"https:\/\/straatmanmooringsystems.com\/es\/wp-content\/uploads\/sites\/2\/2026\/01\/Mooring-website-Load-Cell-Callibration.png\",\"width\":750,\"height\":1050},{\"@type\":\"BreadcrumbList\",\"@id\":\"https:\/\/straatmanmooringsystems.com\/es\/servicio-y-soporte\/calibracion-celdas-de-carga\/#breadcrumb\",\"itemListElement\":[{\"@type\":\"ListItem\",\"position\":1,\"name\":\"Home\",\"item\":\"https:\/\/straatmanmooringsystems.com\/es\/\"},{\"@type\":\"ListItem\",\"position\":2,\"name\":\"Service\",\"item\":\"https:\/\/straatmanmooringsystems.com\/es\/servicio-y-soporte\/\"},{\"@type\":\"ListItem\",\"position\":3,\"name\":\"Load Cell calibration\"}]},{\"@type\":\"WebSite\",\"@id\":\"https:\/\/straatmanmooringsystems.com\/es\/#website\",\"url\":\"https:\/\/straatmanmooringsystems.com\/es\/\",\"name\":\"Mooring Systems ES\",\"description\":\"\",\"publisher\":{\"@id\":\"https:\/\/straatmanmooringsystems.com\/es\/#organization\"},\"potentialAction\":[{\"@type\":\"SearchAction\",\"target\":{\"@type\":\"EntryPoint\",\"urlTemplate\":\"https:\/\/straatmanmooringsystems.com\/es\/?s={search_term_string}\"},\"query-input\":{\"@type\":\"PropertyValueSpecification\",\"valueRequired\":true,\"valueName\":\"search_term_string\"}}],\"inLanguage\":\"es\"},{\"@type\":\"Organization\",\"@id\":\"https:\/\/straatmanmooringsystems.com\/es\/#organization\",\"name\":\"Mooring Systems ES\",\"url\":\"https:\/\/straatmanmooringsystems.com\/es\/\",\"logo\":{\"@type\":\"ImageObject\",\"inLanguage\":\"es\",\"@id\":\"https:\/\/straatmanmooringsystems.com\/es\/#\/schema\/logo\/image\/\",\"url\":\"https:\/\/straatmanmooringsystems.com\/es\/wp-content\/uploads\/sites\/2\/2026\/02\/logo-mooring.svg\",\"contentUrl\":\"https:\/\/straatmanmooringsystems.com\/es\/wp-content\/uploads\/sites\/2\/2026\/02\/logo-mooring.svg\",\"width\":237,\"height\":56,\"caption\":\"Mooring Systems ES\"},\"image\":{\"@id\":\"https:\/\/straatmanmooringsystems.com\/es\/#\/schema\/logo\/image\/\"}}]}<\/script>\n<!-- \/ Yoast SEO plugin. -->","yoast_head_json":{"title":"Load Cell calibration - Straatman Mooring Systems","description":"Calibraci\u00f3n de celdas de carga para ganchos de amarre de liberaci\u00f3n r\u00e1pida para garantizar seguridad, precisi\u00f3n y conformidad con los est\u00e1ndares de la industria.","robots":{"index":"index","follow":"follow","max-snippet":"max-snippet:-1","max-image-preview":"max-image-preview:large","max-video-preview":"max-video-preview:-1"},"canonical":"https:\/\/straatmanmooringsystems.com\/es\/servicio-y-soporte\/calibracion-celdas-de-carga\/","og_locale":"es_ES","og_type":"article","og_title":"Load Cell calibration - Straatman Mooring Systems","og_description":"Calibraci\u00f3n de celdas de carga para ganchos de amarre de liberaci\u00f3n r\u00e1pida para garantizar seguridad, precisi\u00f3n y conformidad con los est\u00e1ndares de la industria.","og_url":"https:\/\/straatmanmooringsystems.com\/es\/servicio-y-soporte\/calibracion-celdas-de-carga\/","og_site_name":"Mooring Systems ES","article_modified_time":"2026-03-02T06:52:44+00:00","og_image":[{"url":"https:\/\/straatmanmooringsystems.com\/es\/wp-content\/uploads\/2026\/01\/Mooring-website-Load-Cell-Callibration-731x1024.png","type":"","width":"","height":""}],"twitter_card":"summary_large_image","twitter_misc":{"Tiempo de lectura":"2 minutos"},"schema":{"@context":"https:\/\/schema.org","@graph":[{"@type":"WebPage","@id":"https:\/\/straatmanmooringsystems.com\/es\/servicio-y-soporte\/calibracion-celdas-de-carga\/","url":"https:\/\/straatmanmooringsystems.com\/es\/servicio-y-soporte\/calibracion-celdas-de-carga\/","name":"Load Cell calibration - Straatman Mooring Systems","isPartOf":{"@id":"https:\/\/straatmanmooringsystems.com\/es\/#website"},"primaryImageOfPage":{"@id":"https:\/\/straatmanmooringsystems.com\/es\/servicio-y-soporte\/calibracion-celdas-de-carga\/#primaryimage"},"image":{"@id":"https:\/\/straatmanmooringsystems.com\/es\/servicio-y-soporte\/calibracion-celdas-de-carga\/#primaryimage"},"thumbnailUrl":"https:\/\/straatmanmooringsystems.com\/es\/wp-content\/uploads\/2026\/01\/Mooring-website-Load-Cell-Callibration-731x1024.png","datePublished":"2026-01-05T14:19:47+00:00","dateModified":"2026-03-02T06:52:44+00:00","description":"Calibraci\u00f3n de celdas de carga para ganchos de amarre de liberaci\u00f3n r\u00e1pida para garantizar seguridad, precisi\u00f3n y conformidad con los est\u00e1ndares de la industria.","breadcrumb":{"@id":"https:\/\/straatmanmooringsystems.com\/es\/servicio-y-soporte\/calibracion-celdas-de-carga\/#breadcrumb"},"inLanguage":"es","potentialAction":[{"@type":"ReadAction","target":["https:\/\/straatmanmooringsystems.com\/es\/servicio-y-soporte\/calibracion-celdas-de-carga\/"]}]},{"@type":"ImageObject","inLanguage":"es","@id":"https:\/\/straatmanmooringsystems.com\/es\/servicio-y-soporte\/calibracion-celdas-de-carga\/#primaryimage","url":"https:\/\/straatmanmooringsystems.com\/es\/wp-content\/uploads\/sites\/2\/2026\/01\/Mooring-website-Load-Cell-Callibration.png","contentUrl":"https:\/\/straatmanmooringsystems.com\/es\/wp-content\/uploads\/sites\/2\/2026\/01\/Mooring-website-Load-Cell-Callibration.png","width":750,"height":1050},{"@type":"BreadcrumbList","@id":"https:\/\/straatmanmooringsystems.com\/es\/servicio-y-soporte\/calibracion-celdas-de-carga\/#breadcrumb","itemListElement":[{"@type":"ListItem","position":1,"name":"Home","item":"https:\/\/straatmanmooringsystems.com\/es\/"},{"@type":"ListItem","position":2,"name":"Service","item":"https:\/\/straatmanmooringsystems.com\/es\/servicio-y-soporte\/"},{"@type":"ListItem","position":3,"name":"Load Cell calibration"}]},{"@type":"WebSite","@id":"https:\/\/straatmanmooringsystems.com\/es\/#website","url":"https:\/\/straatmanmooringsystems.com\/es\/","name":"Mooring Systems ES","description":"","publisher":{"@id":"https:\/\/straatmanmooringsystems.com\/es\/#organization"},"potentialAction":[{"@type":"SearchAction","target":{"@type":"EntryPoint","urlTemplate":"https:\/\/straatmanmooringsystems.com\/es\/?s={search_term_string}"},"query-input":{"@type":"PropertyValueSpecification","valueRequired":true,"valueName":"search_term_string"}}],"inLanguage":"es"},{"@type":"Organization","@id":"https:\/\/straatmanmooringsystems.com\/es\/#organization","name":"Mooring Systems ES","url":"https:\/\/straatmanmooringsystems.com\/es\/","logo":{"@type":"ImageObject","inLanguage":"es","@id":"https:\/\/straatmanmooringsystems.com\/es\/#\/schema\/logo\/image\/","url":"https:\/\/straatmanmooringsystems.com\/es\/wp-content\/uploads\/sites\/2\/2026\/02\/logo-mooring.svg","contentUrl":"https:\/\/straatmanmooringsystems.com\/es\/wp-content\/uploads\/sites\/2\/2026\/02\/logo-mooring.svg","width":237,"height":56,"caption":"Mooring Systems ES"},"image":{"@id":"https:\/\/straatmanmooringsystems.com\/es\/#\/schema\/logo\/image\/"}}]}},"_links":{"self":[{"href":"https:\/\/straatmanmooringsystems.com\/es\/wp-json\/wp\/v2\/pages\/890","targetHints":{"allow":["GET"]}}],"collection":[{"href":"https:\/\/straatmanmooringsystems.com\/es\/wp-json\/wp\/v2\/pages"}],"about":[{"href":"https:\/\/straatmanmooringsystems.com\/es\/wp-json\/wp\/v2\/types\/page"}],"author":[{"embeddable":true,"href":"https:\/\/straatmanmooringsystems.com\/es\/wp-json\/wp\/v2\/users\/2"}],"replies":[{"embeddable":true,"href":"https:\/\/straatmanmooringsystems.com\/es\/wp-json\/wp\/v2\/comments?post=890"}],"version-history":[{"count":5,"href":"https:\/\/straatmanmooringsystems.com\/es\/wp-json\/wp\/v2\/pages\/890\/revisions"}],"predecessor-version":[{"id":3198,"href":"https:\/\/straatmanmooringsystems.com\/es\/wp-json\/wp\/v2\/pages\/890\/revisions\/3198"}],"up":[{"embeddable":true,"href":"https:\/\/straatmanmooringsystems.com\/es\/wp-json\/wp\/v2\/pages\/2529"}],"wp:attachment":[{"href":"https:\/\/straatmanmooringsystems.com\/es\/wp-json\/wp\/v2\/media?parent=890"}],"curies":[{"name":"wp","href":"https:\/\/api.w.org\/{rel}","templated":true}]}}