{"id":899,"date":"2026-01-05T14:39:15","date_gmt":"2026-01-05T14:39:15","guid":{"rendered":"https:\/\/straatmanmooringsystems.com\/?page_id=899"},"modified":"2026-03-02T06:52:35","modified_gmt":"2026-03-02T06:52:35","slug":"ganchos-de-liberacion-rapida-strainstall-y-piezas-de-repuesto","status":"publish","type":"page","link":"https:\/\/straatmanmooringsystems.com\/es\/servicio-y-soporte\/ganchos-de-liberacion-rapida-strainstall-y-piezas-de-repuesto\/","title":{"rendered":"Strainstall AMTS Quick release hooks and spares"},"content":{"rendered":"\n<div style=\"padding-top:var(--wp--preset--spacing--60);padding-bottom:var(--wp--preset--spacing--60);\" class=\"icon-block-static none align wp-block-acf-icon-block-static has-background has-green-background-color\" id=\"icon-block-static-block_093583d7b1a47827148d08e129e77ca3\">\n    <div class=\"centered\">\n        <div class=\"description\"><p>De conformidad con nuestro acuerdo de adquisici\u00f3n con Strainstall, tras su decisi\u00f3n de retirarse del mercado de ganchos de liberaci\u00f3n r\u00e1pida, Straatman puede suministrar ahora conjuntos de repuesto, piezas de recambio, actualizaciones, mantenimiento y asistencia t\u00e9cnica completa para cualquier sistema de gancho de amarre de liberaci\u00f3n r\u00e1pida Strainstall\/AMTS existente en todo el mundo.<\/p>\n<\/div><div class=\"icon-grid\"><div class=\"item\" style=\"flex: 1 1 calc(25.00% - 16px);\"><div class=\"icon\"><img decoding=\"async\" src=\"https:\/\/straatmanmooringsystems.com\/es\/wp-content\/uploads\/sites\/2\/2025\/12\/Group-website-icon-ship.png\" alt=\"\"><\/div><div class=\"title\">Mejoras del sistema<\/div><\/div><div class=\"item\" style=\"flex: 1 1 calc(25.00% - 16px);\"><div class=\"icon\"><img decoding=\"async\" src=\"https:\/\/straatmanmooringsystems.com\/es\/wp-content\/uploads\/sites\/2\/2025\/12\/Group-website-icon-network.png\" alt=\"\"><\/div><div class=\"title\">Entrega de repuestos<\/div><\/div><div class=\"item\" style=\"flex: 1 1 calc(25.00% - 16px);\"><div class=\"icon\"><img decoding=\"async\" src=\"https:\/\/straatmanmooringsystems.com\/es\/wp-content\/uploads\/sites\/2\/2025\/12\/Group-website-icon-thump-up.png\" alt=\"\"><\/div><div class=\"title\">Servicio y reparaciones<\/div><\/div><\/div>         \n    <\/div>\n<\/div>\n\n\n\n\n<div class=\"wp-block-media-text has-media-on-the-right is-stacked-on-mobile\" style=\"padding-top:var(--wp--preset--spacing--60);grid-template-columns:auto 49%\"><div class=\"wp-block-media-text__content\">\n<h2 class=\"wp-block-heading\"><strong><strong><strong><strong>Ganchos de amarre de liberaci\u00f3n r\u00e1pida Strainstall AMTS<\/strong><\/strong><\/strong><\/strong><\/h2>\n\n\n\n<p>Straatman se compromete a apoyar a todos los clientes de ganchos de liberaci\u00f3n r\u00e1pida y sistemas de embarcadero de Strainstall en todo el mundo. Gracias a nuestro acuerdo de adquisici\u00f3n con Strainstall, en vigor desde 2021, nuestro equipo dedicado de repuestos y servicios est\u00e1 ahora especializado en el suministro de repuestos del fabricante de equipos originales Strainstall AMTS, actualizaciones del sistema y paquetes de servicios a medida.<\/p>\n<\/div><figure class=\"wp-block-media-text__media\"><img decoding=\"async\" src=\"https:\/\/straatmanmooringsystems.com\/es\/wp-content\/uploads\/sites\/2\/2026\/01\/Mooring-website-Strainstall-1.png\" alt=\"\" class=\"wp-image-1622 size-full\" \/><\/figure><\/div>\n\n\n\n<div class=\"wp-block-media-text is-stacked-on-mobile\" style=\"padding-bottom:var(--wp--preset--spacing--60)\"><figure class=\"wp-block-media-text__media\"><img decoding=\"async\" src=\"https:\/\/straatmanmooringsystems.com\/es\/wp-content\/uploads\/sites\/2\/2026\/01\/Mooring-website-Strainstall-1-2.png\" alt=\"\" class=\"wp-image-1624 size-full\" \/><\/figure><div class=\"wp-block-media-text__content\">\n<h2 class=\"wp-block-heading\">\u00bfNecesita servicio o asistencia para su equipo de amarre Strainstall AMTS?<\/h2>\n\n\n\n<p>Podemos proporcionar un servicio completo de asistencia in situ que incluye el mantenimiento y la conservaci\u00f3n del revestimiento del gancho de amarre de liberaci\u00f3n r\u00e1pida, la calibraci\u00f3n de los sistemas de control de carga, el diagn\u00f3stico y la reparaci\u00f3n de fallos el\u00e9ctricos y de software.<\/p>\n\n\n\n<p>Tambi\u00e9n ofrecemos encuestas sobre el terreno e inspecciones de equipos para determinar la mejor y m\u00e1s rentable manera de reparar, actualizar o mantener sus ganchos de amarre de liberaci\u00f3n r\u00e1pida Strainstall AMTS y el sistema de ayuda al atraque.<\/p>\n\n\n\n<p>Con m\u00e1s de una d\u00e9cada de experiencia en el sector de los ganchos de amarre de liberaci\u00f3n r\u00e1pida, conocemos perfectamente sus necesidades.<\/p>\n<\/div><\/div>\n\n\n\n<div class=\"icon-block-slider align wp-block-acf-icon-block-slider\" id=\"icon-block-slider-block_6f994b96634d61ea9a2316d35a20ddae\">\n    <div class=\"centered\">\n        <h2 class=\"title\">Qu\u00e9 esperar de nuestro equipo Straatman<\/h2>        \n        <div class=\"holder\">\n            <div class=\"swiffy-slider slider-item-show4 slider-item-reveal slider-nav-visible\">\n                <ul class=\"slider-container\">\n                                        <li>\n                        <div class=\"slide\">\n                            <div class=\"icon\">\n                                <img decoding=\"async\" src=\"https:\/\/straatmanmooringsystems.com\/es\/wp-content\/uploads\/sites\/2\/2025\/12\/Group-website-icon-medal.png\" alt=\"\">\n                            <\/div>\n\n                            <div class=\"title\">Productos de alta calidad<\/div><div class=\"description\">Nuestros productos est\u00e1n dise\u00f1ados y fabricados con atenci\u00f3n al detalle. Utilizamos los mejores materiales y revisamos todo para asegurarnos de que obtenga lo mejor.<\/div>                        <\/div>\n                    <\/li>\n                                        <li>\n                        <div class=\"slide\">\n                            <div class=\"icon\">\n                                <img decoding=\"async\" src=\"https:\/\/straatmanmooringsystems.com\/es\/wp-content\/uploads\/sites\/2\/2025\/12\/Group-website-icon-idea.png\" alt=\"\">\n                            <\/div>\n\n                            <div class=\"title\">Innovaci\u00f3n continua<\/div><div class=\"description\">Siempre intentamos mejorar. Seguimos aprendiendo, mejorando e invirtiendo en investigaci\u00f3n y desarrollo para poder ofrecerle las soluciones m\u00e1s nuevas y mejores.<\/div>                        <\/div>\n                    <\/li>\n                                        <li>\n                        <div class=\"slide\">\n                            <div class=\"icon\">\n                                <img decoding=\"async\" src=\"https:\/\/straatmanmooringsystems.com\/es\/wp-content\/uploads\/sites\/2\/2025\/12\/Group-website-icon-team-in-3.png\" alt=\"\">\n                            <\/div>\n\n                            <div class=\"title\">Equipo dedicado y entusiasta<\/div><div class=\"description\">A nuestro equipo le apasiona lo que hace. Trabajan arduamente para satisfacer sus necesidades y hacerlo feliz.<\/div>                        <\/div>\n                    <\/li>\n                                        <li>\n                        <div class=\"slide\">\n                            <div class=\"icon\">\n                                <img decoding=\"async\" src=\"https:\/\/straatmanmooringsystems.com\/es\/wp-content\/uploads\/sites\/2\/2025\/12\/Group-website-icon-hand.png\" alt=\"\">\n                            <\/div>\n\n                            <div class=\"title\">Nivel de servicio excelente<\/div><div class=\"description\">Estamos aqu\u00ed para ayudarle. Nuestro equipo siempre est\u00e1 preparado para responder a sus preguntas y asegurarse de que quede satisfecho con nuestro servicio.<\/div>                        <\/div>\n                    <\/li>\n                                        <li>\n                        <div class=\"slide\">\n                            <div class=\"icon\">\n                                <img decoding=\"async\" src=\"https:\/\/straatmanmooringsystems.com\/es\/wp-content\/uploads\/sites\/2\/2025\/12\/Group-website-icon-certified.png\" alt=\"\">\n                            <\/div>\n\n                            <div class=\"title\">Certificado en todos los niveles necesarios<\/div><div class=\"description\">Cumplimos todas las normas importantes. Esto significa que nuestros productos son seguros, fiables y confiables.<\/div>                        <\/div>\n                    <\/li>\n                                        <li>\n                        <div class=\"slide\">\n                            <div class=\"icon\">\n                                <img decoding=\"async\" src=\"https:\/\/straatmanmooringsystems.com\/es\/wp-content\/uploads\/sites\/2\/2025\/12\/Group-website-icon-handshake.png\" alt=\"\">\n                            <\/div>\n\n                            <div class=\"title\">Cumplimos lo que prometemos<\/div><div class=\"description\">Cumplimos nuestras promesas. Puede confiar en nosotros para hacer lo que decimos que haremos.\r\n<\/div>                        <\/div>\n                    <\/li>\n                                    <\/ul>\n\n                <div class=\"slider_buttons\">\n                    <button type=\"button\" class=\"slider-nav\"><i class=\"ph-thin ph-arrow-left\"><\/i><\/button>\n                    <button type=\"button\" class=\"slider-nav slider-nav-next\"><i class=\"ph ph-arrow-right\"><\/i><\/button>\n                <\/div>\n            <\/div>\n        <\/div>\n    <\/div>\n<\/div>\n\n\n\n\n<div class=\"wp-block-media-text has-media-on-the-right is-stacked-on-mobile has-white-color has-green-background-color has-text-color has-background has-link-color wp-elements-a6e3afeaf0e3dcbaadfb7fa580efd0ad\" style=\"padding-top:var(--wp--preset--spacing--60);padding-bottom:var(--wp--preset--spacing--60)\"><div class=\"wp-block-media-text__content\">\n<h2 class=\"wp-block-heading has-white-color has-text-color has-link-color wp-elements-211a9a0abf6353b1b18fdd061705d24f\">\u00bfNecesita apoyo para su equipo de amarre Strainstall y&nbsp;AMTS?<\/h2>\n\n\n\n<ul class=\"wp-block-list\">\n<li>Piezas de repuesto disponibles<\/li>\n\n\n\n<li>Equipo cualificado de ingenieros de servicio<\/li>\n\n\n\n<li>Actualizaciones y soporte de ingenier\u00eda<\/li>\n\n\n\n<li>Certificado en todos los niveles<\/li>\n<\/ul>\n\n\n\n<div class=\"wp-block-buttons is-layout-flex wp-block-buttons-is-layout-flex\">\n<div class=\"wp-block-button\"><a class=\"wp-block-button__link wp-element-button\" href=\"https:\/\/straatmanmooringsystems.com\/es\/request-a-proposal\/\" target=\"_blank\" rel=\"noreferrer noopener\">Obtenga una propuesta directa<\/a><\/div>\n<\/div>\n<\/div><figure class=\"wp-block-media-text__media\"><img loading=\"lazy\" decoding=\"async\" width=\"1024\" height=\"468\" src=\"https:\/\/straatmanmooringsystems.com\/es\/wp-content\/uploads\/2025\/12\/Vector-1024x468.png\" alt=\"\" class=\"wp-image-450 size-full\" srcset=\"https:\/\/straatmanmooringsystems.com\/es\/wp-content\/uploads\/sites\/2\/2025\/12\/Vector-1024x468.png 1024w, https:\/\/straatmanmooringsystems.com\/es\/wp-content\/uploads\/sites\/2\/2025\/12\/Vector-300x137.png 300w, https:\/\/straatmanmooringsystems.com\/es\/wp-content\/uploads\/sites\/2\/2025\/12\/Vector-768x351.png 768w, https:\/\/straatmanmooringsystems.com\/es\/wp-content\/uploads\/sites\/2\/2025\/12\/Vector.png 1312w\" sizes=\"auto, (max-width: 1024px) 100vw, 1024px\" \/><\/figure><\/div>\n","protected":false},"excerpt":{"rendered":"<p>Ganchos de amarre de liberaci\u00f3n r\u00e1pida Strainstall AMTS Straatman se compromete a apoyar a todos los clientes de ganchos de liberaci\u00f3n r\u00e1pida y sistemas de embarcadero de Strainstall en todo el mundo. Gracias a nuestro acuerdo de adquisici\u00f3n con Strainstall, en vigor desde 2021, nuestro equipo dedicado de repuestos y servicios est\u00e1 ahora especializado en [&hellip;]<\/p>\n","protected":false},"author":2,"featured_media":0,"parent":2529,"menu_order":0,"comment_status":"closed","ping_status":"closed","template":"","meta":{"_acf_changed":false,"footnotes":""},"class_list":["post-899","page","type-page","status-publish","hentry"],"acf":[],"yoast_head":"<!-- This site is optimized with the Yoast SEO plugin v26.6 - https:\/\/yoast.com\/wordpress\/plugins\/seo\/ -->\n<title>Strainstall AMTS Quick release hooks and spares - Straatman Mooring Systems<\/title>\n<meta name=\"description\" content=\"Soporte global para los sistemas de ganchos de liberaci\u00f3n r\u00e1pida Strainstall y AMTS, incluyendo conjuntos de reemplazo, repuestos y servicio profesional.\" \/>\n<meta name=\"robots\" content=\"index, follow, max-snippet:-1, max-image-preview:large, max-video-preview:-1\" \/>\n<link rel=\"canonical\" href=\"https:\/\/straatmanmooringsystems.com\/es\/servicio-y-soporte\/ganchos-de-liberacion-rapida-strainstall-y-piezas-de-repuesto\/\" \/>\n<meta property=\"og:locale\" content=\"es_ES\" \/>\n<meta property=\"og:type\" content=\"article\" \/>\n<meta property=\"og:title\" content=\"Strainstall AMTS Quick release hooks and spares - Straatman Mooring Systems\" \/>\n<meta property=\"og:description\" content=\"Soporte global para los sistemas de ganchos de liberaci\u00f3n r\u00e1pida Strainstall y AMTS, incluyendo conjuntos de reemplazo, repuestos y servicio profesional.\" \/>\n<meta property=\"og:url\" content=\"https:\/\/straatmanmooringsystems.com\/es\/servicio-y-soporte\/ganchos-de-liberacion-rapida-strainstall-y-piezas-de-repuesto\/\" \/>\n<meta property=\"og:site_name\" content=\"Mooring Systems ES\" \/>\n<meta property=\"article:modified_time\" content=\"2026-03-02T06:52:35+00:00\" \/>\n<meta property=\"og:image\" content=\"https:\/\/straatmanmooringsystems.com\/es\/wp-content\/uploads\/sites\/2\/2026\/01\/Mooring-website-Strainstall-1.png\" \/>\n<meta name=\"twitter:card\" content=\"summary_large_image\" \/>\n<meta name=\"twitter:label1\" content=\"Tiempo de lectura\" \/>\n\t<meta name=\"twitter:data1\" content=\"2 minutos\" \/>\n<script type=\"application\/ld+json\" class=\"yoast-schema-graph\">{\"@context\":\"https:\/\/schema.org\",\"@graph\":[{\"@type\":\"WebPage\",\"@id\":\"https:\/\/straatmanmooringsystems.com\/es\/servicio-y-soporte\/ganchos-de-liberacion-rapida-strainstall-y-piezas-de-repuesto\/\",\"url\":\"https:\/\/straatmanmooringsystems.com\/es\/servicio-y-soporte\/ganchos-de-liberacion-rapida-strainstall-y-piezas-de-repuesto\/\",\"name\":\"Strainstall AMTS Quick release hooks and spares - Straatman Mooring Systems\",\"isPartOf\":{\"@id\":\"https:\/\/straatmanmooringsystems.com\/es\/#website\"},\"primaryImageOfPage\":{\"@id\":\"https:\/\/straatmanmooringsystems.com\/es\/servicio-y-soporte\/ganchos-de-liberacion-rapida-strainstall-y-piezas-de-repuesto\/#primaryimage\"},\"image\":{\"@id\":\"https:\/\/straatmanmooringsystems.com\/es\/servicio-y-soporte\/ganchos-de-liberacion-rapida-strainstall-y-piezas-de-repuesto\/#primaryimage\"},\"thumbnailUrl\":\"https:\/\/straatmanmooringsystems.com\/es\/wp-content\/uploads\/sites\/2\/2026\/01\/Mooring-website-Strainstall-1.png\",\"datePublished\":\"2026-01-05T14:39:15+00:00\",\"dateModified\":\"2026-03-02T06:52:35+00:00\",\"description\":\"Soporte global para los sistemas de ganchos de liberaci\u00f3n r\u00e1pida Strainstall y AMTS, incluyendo conjuntos de reemplazo, repuestos y servicio profesional.\",\"breadcrumb\":{\"@id\":\"https:\/\/straatmanmooringsystems.com\/es\/servicio-y-soporte\/ganchos-de-liberacion-rapida-strainstall-y-piezas-de-repuesto\/#breadcrumb\"},\"inLanguage\":\"es\",\"potentialAction\":[{\"@type\":\"ReadAction\",\"target\":[\"https:\/\/straatmanmooringsystems.com\/es\/servicio-y-soporte\/ganchos-de-liberacion-rapida-strainstall-y-piezas-de-repuesto\/\"]}]},{\"@type\":\"ImageObject\",\"inLanguage\":\"es\",\"@id\":\"https:\/\/straatmanmooringsystems.com\/es\/servicio-y-soporte\/ganchos-de-liberacion-rapida-strainstall-y-piezas-de-repuesto\/#primaryimage\",\"url\":\"https:\/\/straatmanmooringsystems.com\/es\/wp-content\/uploads\/sites\/2\/2026\/01\/Mooring-website-Strainstall.png\",\"contentUrl\":\"https:\/\/straatmanmooringsystems.com\/es\/wp-content\/uploads\/sites\/2\/2026\/01\/Mooring-website-Strainstall.png\",\"width\":661,\"height\":508},{\"@type\":\"BreadcrumbList\",\"@id\":\"https:\/\/straatmanmooringsystems.com\/es\/servicio-y-soporte\/ganchos-de-liberacion-rapida-strainstall-y-piezas-de-repuesto\/#breadcrumb\",\"itemListElement\":[{\"@type\":\"ListItem\",\"position\":1,\"name\":\"Home\",\"item\":\"https:\/\/straatmanmooringsystems.com\/es\/\"},{\"@type\":\"ListItem\",\"position\":2,\"name\":\"Service\",\"item\":\"https:\/\/straatmanmooringsystems.com\/es\/servicio-y-soporte\/\"},{\"@type\":\"ListItem\",\"position\":3,\"name\":\"Strainstall AMTS Quick release hooks and spares\"}]},{\"@type\":\"WebSite\",\"@id\":\"https:\/\/straatmanmooringsystems.com\/es\/#website\",\"url\":\"https:\/\/straatmanmooringsystems.com\/es\/\",\"name\":\"Mooring Systems ES\",\"description\":\"\",\"publisher\":{\"@id\":\"https:\/\/straatmanmooringsystems.com\/es\/#organization\"},\"potentialAction\":[{\"@type\":\"SearchAction\",\"target\":{\"@type\":\"EntryPoint\",\"urlTemplate\":\"https:\/\/straatmanmooringsystems.com\/es\/?s={search_term_string}\"},\"query-input\":{\"@type\":\"PropertyValueSpecification\",\"valueRequired\":true,\"valueName\":\"search_term_string\"}}],\"inLanguage\":\"es\"},{\"@type\":\"Organization\",\"@id\":\"https:\/\/straatmanmooringsystems.com\/es\/#organization\",\"name\":\"Mooring Systems ES\",\"url\":\"https:\/\/straatmanmooringsystems.com\/es\/\",\"logo\":{\"@type\":\"ImageObject\",\"inLanguage\":\"es\",\"@id\":\"https:\/\/straatmanmooringsystems.com\/es\/#\/schema\/logo\/image\/\",\"url\":\"https:\/\/straatmanmooringsystems.com\/es\/wp-content\/uploads\/sites\/2\/2026\/02\/logo-mooring.svg\",\"contentUrl\":\"https:\/\/straatmanmooringsystems.com\/es\/wp-content\/uploads\/sites\/2\/2026\/02\/logo-mooring.svg\",\"width\":237,\"height\":56,\"caption\":\"Mooring Systems ES\"},\"image\":{\"@id\":\"https:\/\/straatmanmooringsystems.com\/es\/#\/schema\/logo\/image\/\"}}]}<\/script>\n<!-- \/ Yoast SEO plugin. -->","yoast_head_json":{"title":"Strainstall AMTS Quick release hooks and spares - Straatman Mooring Systems","description":"Soporte global para los sistemas de ganchos de liberaci\u00f3n r\u00e1pida Strainstall y AMTS, incluyendo conjuntos de reemplazo, repuestos y servicio profesional.","robots":{"index":"index","follow":"follow","max-snippet":"max-snippet:-1","max-image-preview":"max-image-preview:large","max-video-preview":"max-video-preview:-1"},"canonical":"https:\/\/straatmanmooringsystems.com\/es\/servicio-y-soporte\/ganchos-de-liberacion-rapida-strainstall-y-piezas-de-repuesto\/","og_locale":"es_ES","og_type":"article","og_title":"Strainstall AMTS Quick release hooks and spares - Straatman Mooring Systems","og_description":"Soporte global para los sistemas de ganchos de liberaci\u00f3n r\u00e1pida Strainstall y AMTS, incluyendo conjuntos de reemplazo, repuestos y servicio profesional.","og_url":"https:\/\/straatmanmooringsystems.com\/es\/servicio-y-soporte\/ganchos-de-liberacion-rapida-strainstall-y-piezas-de-repuesto\/","og_site_name":"Mooring Systems ES","article_modified_time":"2026-03-02T06:52:35+00:00","og_image":[{"url":"https:\/\/straatmanmooringsystems.com\/es\/wp-content\/uploads\/sites\/2\/2026\/01\/Mooring-website-Strainstall-1.png","type":"","width":"","height":""}],"twitter_card":"summary_large_image","twitter_misc":{"Tiempo de lectura":"2 minutos"},"schema":{"@context":"https:\/\/schema.org","@graph":[{"@type":"WebPage","@id":"https:\/\/straatmanmooringsystems.com\/es\/servicio-y-soporte\/ganchos-de-liberacion-rapida-strainstall-y-piezas-de-repuesto\/","url":"https:\/\/straatmanmooringsystems.com\/es\/servicio-y-soporte\/ganchos-de-liberacion-rapida-strainstall-y-piezas-de-repuesto\/","name":"Strainstall AMTS Quick release hooks and spares - Straatman Mooring Systems","isPartOf":{"@id":"https:\/\/straatmanmooringsystems.com\/es\/#website"},"primaryImageOfPage":{"@id":"https:\/\/straatmanmooringsystems.com\/es\/servicio-y-soporte\/ganchos-de-liberacion-rapida-strainstall-y-piezas-de-repuesto\/#primaryimage"},"image":{"@id":"https:\/\/straatmanmooringsystems.com\/es\/servicio-y-soporte\/ganchos-de-liberacion-rapida-strainstall-y-piezas-de-repuesto\/#primaryimage"},"thumbnailUrl":"https:\/\/straatmanmooringsystems.com\/es\/wp-content\/uploads\/sites\/2\/2026\/01\/Mooring-website-Strainstall-1.png","datePublished":"2026-01-05T14:39:15+00:00","dateModified":"2026-03-02T06:52:35+00:00","description":"Soporte global para los sistemas de ganchos de liberaci\u00f3n r\u00e1pida Strainstall y AMTS, incluyendo conjuntos de reemplazo, repuestos y servicio profesional.","breadcrumb":{"@id":"https:\/\/straatmanmooringsystems.com\/es\/servicio-y-soporte\/ganchos-de-liberacion-rapida-strainstall-y-piezas-de-repuesto\/#breadcrumb"},"inLanguage":"es","potentialAction":[{"@type":"ReadAction","target":["https:\/\/straatmanmooringsystems.com\/es\/servicio-y-soporte\/ganchos-de-liberacion-rapida-strainstall-y-piezas-de-repuesto\/"]}]},{"@type":"ImageObject","inLanguage":"es","@id":"https:\/\/straatmanmooringsystems.com\/es\/servicio-y-soporte\/ganchos-de-liberacion-rapida-strainstall-y-piezas-de-repuesto\/#primaryimage","url":"https:\/\/straatmanmooringsystems.com\/es\/wp-content\/uploads\/sites\/2\/2026\/01\/Mooring-website-Strainstall.png","contentUrl":"https:\/\/straatmanmooringsystems.com\/es\/wp-content\/uploads\/sites\/2\/2026\/01\/Mooring-website-Strainstall.png","width":661,"height":508},{"@type":"BreadcrumbList","@id":"https:\/\/straatmanmooringsystems.com\/es\/servicio-y-soporte\/ganchos-de-liberacion-rapida-strainstall-y-piezas-de-repuesto\/#breadcrumb","itemListElement":[{"@type":"ListItem","position":1,"name":"Home","item":"https:\/\/straatmanmooringsystems.com\/es\/"},{"@type":"ListItem","position":2,"name":"Service","item":"https:\/\/straatmanmooringsystems.com\/es\/servicio-y-soporte\/"},{"@type":"ListItem","position":3,"name":"Strainstall AMTS Quick release hooks and spares"}]},{"@type":"WebSite","@id":"https:\/\/straatmanmooringsystems.com\/es\/#website","url":"https:\/\/straatmanmooringsystems.com\/es\/","name":"Mooring Systems ES","description":"","publisher":{"@id":"https:\/\/straatmanmooringsystems.com\/es\/#organization"},"potentialAction":[{"@type":"SearchAction","target":{"@type":"EntryPoint","urlTemplate":"https:\/\/straatmanmooringsystems.com\/es\/?s={search_term_string}"},"query-input":{"@type":"PropertyValueSpecification","valueRequired":true,"valueName":"search_term_string"}}],"inLanguage":"es"},{"@type":"Organization","@id":"https:\/\/straatmanmooringsystems.com\/es\/#organization","name":"Mooring Systems ES","url":"https:\/\/straatmanmooringsystems.com\/es\/","logo":{"@type":"ImageObject","inLanguage":"es","@id":"https:\/\/straatmanmooringsystems.com\/es\/#\/schema\/logo\/image\/","url":"https:\/\/straatmanmooringsystems.com\/es\/wp-content\/uploads\/sites\/2\/2026\/02\/logo-mooring.svg","contentUrl":"https:\/\/straatmanmooringsystems.com\/es\/wp-content\/uploads\/sites\/2\/2026\/02\/logo-mooring.svg","width":237,"height":56,"caption":"Mooring Systems ES"},"image":{"@id":"https:\/\/straatmanmooringsystems.com\/es\/#\/schema\/logo\/image\/"}}]}},"_links":{"self":[{"href":"https:\/\/straatmanmooringsystems.com\/es\/wp-json\/wp\/v2\/pages\/899","targetHints":{"allow":["GET"]}}],"collection":[{"href":"https:\/\/straatmanmooringsystems.com\/es\/wp-json\/wp\/v2\/pages"}],"about":[{"href":"https:\/\/straatmanmooringsystems.com\/es\/wp-json\/wp\/v2\/types\/page"}],"author":[{"embeddable":true,"href":"https:\/\/straatmanmooringsystems.com\/es\/wp-json\/wp\/v2\/users\/2"}],"replies":[{"embeddable":true,"href":"https:\/\/straatmanmooringsystems.com\/es\/wp-json\/wp\/v2\/comments?post=899"}],"version-history":[{"count":4,"href":"https:\/\/straatmanmooringsystems.com\/es\/wp-json\/wp\/v2\/pages\/899\/revisions"}],"predecessor-version":[{"id":3196,"href":"https:\/\/straatmanmooringsystems.com\/es\/wp-json\/wp\/v2\/pages\/899\/revisions\/3196"}],"up":[{"embeddable":true,"href":"https:\/\/straatmanmooringsystems.com\/es\/wp-json\/wp\/v2\/pages\/2529"}],"wp:attachment":[{"href":"https:\/\/straatmanmooringsystems.com\/es\/wp-json\/wp\/v2\/media?parent=899"}],"curies":[{"name":"wp","href":"https:\/\/api.w.org\/{rel}","templated":true}]}}