{"id":907,"date":"2026-01-08T12:55:56","date_gmt":"2026-01-08T12:55:56","guid":{"rendered":"https:\/\/straatmanmooringsystems.com\/?page_id=907"},"modified":"2026-03-02T06:52:48","modified_gmt":"2026-03-02T06:52:48","slug":"puesta-en-servicio-y-formacion","status":"publish","type":"page","link":"https:\/\/straatmanmooringsystems.com\/es\/servicio-y-soporte\/puesta-en-servicio-y-formacion\/","title":{"rendered":"Commissioning, training &amp; Support"},"content":{"rendered":"\n<div style=\"padding-top:var(--wp--preset--spacing--60);padding-bottom:var(--wp--preset--spacing--60);\" class=\"icon-block-static none align wp-block-acf-icon-block-static\" id=\"icon-block-static-block_ddbd556cf41775d105e1e26393ee709f\">\n    <div class=\"centered\">\n        <div class=\"description\"><p>Desde la puesta en servicio y la formaci\u00f3n hasta el servicio posventa y las inspecciones, Straatman apoya su equipo durante todo su ciclo de vida. Nuestro enfoque se centra en la operaci\u00f3n segura, la comunicaci\u00f3n clara y soluciones pr\u00e1cticas que se adaptan a las operaciones reales de puertos y terminales.<\/p>\n<\/div><div class=\"icon-grid\"><div class=\"item\" style=\"flex: 1 1 calc(25.00% - 16px);\"><div class=\"icon\"><img decoding=\"async\" src=\"https:\/\/straatmanmooringsystems.com\/es\/wp-content\/uploads\/sites\/2\/2026\/01\/Group-website-icon-helmet.png\" alt=\"\"><\/div><div class=\"title\">Puesta en servicio<\/div><\/div><div class=\"item\" style=\"flex: 1 1 calc(25.00% - 16px);\"><div class=\"icon\"><img decoding=\"async\" src=\"https:\/\/straatmanmooringsystems.com\/es\/wp-content\/uploads\/sites\/2\/2026\/01\/Group-website-icon-book.png\" alt=\"\"><\/div><div class=\"title\">Formaci\u00f3n en sitio<\/div><\/div><div class=\"item\" style=\"flex: 1 1 calc(25.00% - 16px);\"><div class=\"icon\"><img decoding=\"async\" src=\"https:\/\/straatmanmooringsystems.com\/es\/wp-content\/uploads\/sites\/2\/2026\/01\/Group-website-icon-package.png\" alt=\"\"><\/div><div class=\"title\">Soporte y servicio posventa<\/div><\/div><div class=\"item\" style=\"flex: 1 1 calc(25.00% - 16px);\"><div class=\"icon\"><img decoding=\"async\" src=\"https:\/\/straatmanmooringsystems.com\/es\/wp-content\/uploads\/sites\/2\/2025\/12\/Group-website-icon-wrench.png\" alt=\"\"><\/div><div class=\"title\">Soporte t\u00e9cnico y soluci\u00f3n de problemas<\/div><\/div><\/div>         \n    <\/div>\n<\/div>\n\n\n\n\n<div class=\"wp-block-media-text has-media-on-the-right is-stacked-on-mobile\" style=\"padding-top:var(--wp--preset--spacing--60);grid-template-columns:auto 49%\"><div class=\"wp-block-media-text__content\">\n<h2 class=\"wp-block-heading\"><strong><strong><strong><strong><strong>Puesta en servicio<\/strong><\/strong><\/strong><\/strong><\/strong><\/h2>\n\n\n\n<p>Una puesta en servicio adecuada es clave para un funcionamiento seguro y fiable del equipo de amarre y atraque. Straatman apoya su proyecto en el sitio para garantizar que los sistemas est\u00e9n conectados y configurados correctamente desde el principio.<\/p>\n\n\n\n<p>Nuestros ingenieros de servicio con experiencia realizan la puesta en servicio en el sitio para comprobar las funciones mec\u00e1nicas, el\u00e9ctricas y de software. Verificamos que el equipo funcione como se pretende y que todas las interfaces con otros sistemas funcionen correctamente. Esto ayuda a reducir los problemas de puesta en marcha y apoya una transici\u00f3n sin problemas a las operaciones.<\/p>\n<\/div><figure class=\"wp-block-media-text__media\"><img loading=\"lazy\" decoding=\"async\" width=\"1024\" height=\"768\" src=\"https:\/\/straatmanmooringsystems.com\/es\/wp-content\/uploads\/2026\/01\/ffeeb67e-7fa8-48de-8863-ebe22be00624-1024x768.jpg\" alt=\"\" class=\"wp-image-909 size-full\" srcset=\"https:\/\/straatmanmooringsystems.com\/es\/wp-content\/uploads\/sites\/2\/2026\/01\/ffeeb67e-7fa8-48de-8863-ebe22be00624-1024x768.jpg 1024w, https:\/\/straatmanmooringsystems.com\/es\/wp-content\/uploads\/sites\/2\/2026\/01\/ffeeb67e-7fa8-48de-8863-ebe22be00624-300x225.jpg 300w, https:\/\/straatmanmooringsystems.com\/es\/wp-content\/uploads\/sites\/2\/2026\/01\/ffeeb67e-7fa8-48de-8863-ebe22be00624-768x576.jpg 768w, https:\/\/straatmanmooringsystems.com\/es\/wp-content\/uploads\/sites\/2\/2026\/01\/ffeeb67e-7fa8-48de-8863-ebe22be00624-1536x1152.jpg 1536w, https:\/\/straatmanmooringsystems.com\/es\/wp-content\/uploads\/sites\/2\/2026\/01\/ffeeb67e-7fa8-48de-8863-ebe22be00624.jpg 2048w\" sizes=\"auto, (max-width: 1024px) 100vw, 1024px\" \/><\/figure><\/div>\n\n\n\n<div class=\"wp-block-media-text is-stacked-on-mobile\"><figure class=\"wp-block-media-text__media\"><img decoding=\"async\" src=\"https:\/\/straatmanmooringsystems.com\/es\/wp-content\/uploads\/sites\/2\/2026\/01\/Mooring-website-Commission-Training-1.png\" alt=\"\" class=\"wp-image-1635 size-full\" \/><\/figure><div class=\"wp-block-media-text__content\">\n<h2 class=\"wp-block-heading\">Formaci\u00f3n en sitio<\/h2>\n\n\n\n<p>Junto con la puesta en servicio, ofrecemos formaci\u00f3n en sitio para el personal operativo y t\u00e9cnico. El objetivo es simple: las personas en el sitio deben saber c\u00f3mo usar el equipo de manera segura y con confianza.<\/p>\n\n\n\n<p>La formaci\u00f3n suele cubrir:<\/p>\n\n\n\n<ul class=\"wp-block-list\">\n<li>Operaci\u00f3n segura de equipos de amarre y atraque<\/li>\n\n\n\n<li>Funciones y limitaciones del sistema<\/li>\n\n\n\n<li>Soluci\u00f3n de problemas b\u00e1sica y reconocimiento de fallas<\/li>\n\n\n\n<li>Respuesta correcta en situaciones anormales<\/li>\n\n\n\n<li>Controles diarios y buenas pr\u00e1cticas operativas<\/li>\n<\/ul>\n\n\n\n<p>La formaci\u00f3n puede adaptarse a sus necesidades, dependiendo del tipo de sistema, el nivel de experiencia de su equipo y sus procedimientos operativos.<\/p>\n<\/div><\/div>\n\n\n\n<div class=\"wp-block-media-text has-media-on-the-right is-stacked-on-mobile\" style=\"padding-bottom:var(--wp--preset--spacing--60);grid-template-columns:auto 44%\"><div class=\"wp-block-media-text__content\">\n<h2 class=\"wp-block-heading\">Soporte t\u00e9cnico y soluci\u00f3n de problemas<\/h2>\n\n\n\n<p>Nuestro soporte contin\u00faa despu\u00e9s de la entrega y la puesta en servicio. Straatman ofrece servicio posventa para ayudar a mantener su equipo en buen estado y listo para el uso diario. Si tiene preguntas sobre sus sistemas instalados, nuestro equipo o uno de nuestros socios locales puede brindarle consejos claros y pr\u00e1cticos. En caso de problemas, ofrecemos:<\/p>\n\n\n\n<ul class=\"wp-block-list\">\n<li>Soporte t\u00e9cnico remoto para una evaluaci\u00f3n y orientaci\u00f3n r\u00e1pidas<\/li>\n\n\n\n<li>Servicio de llamada cuando se requiere soporte en sitio<\/li>\n\n\n\n<li>Soporte pr\u00e1ctico para la resoluci\u00f3n de problemas para reducir el tiempo de inactividad<\/li>\n<\/ul>\n\n\n\n<p>Siempre procuramos resolver los problemas de manera eficiente y de acuerdo con sus prioridades operativas.<\/p>\n<\/div><figure class=\"wp-block-media-text__media\"><img decoding=\"async\" src=\"https:\/\/straatmanmooringsystems.com\/es\/wp-content\/uploads\/sites\/2\/2026\/01\/Mooring-website-Commission-Training-1-2.png\" alt=\"\" class=\"wp-image-1637 size-full\" \/><\/figure><\/div>\n\n\n\n<div class=\"icon-block-slider align wp-block-acf-icon-block-slider\" id=\"icon-block-slider-block_355854886c85340b197a97cf683be487\">\n    <div class=\"centered\">\n        <h2 class=\"title\">Qu\u00e9 esperar de nuestro equipo Straatman<\/h2>        \n        <div class=\"holder\">\n            <div class=\"swiffy-slider slider-item-show4 slider-item-reveal slider-nav-visible\">\n                <ul class=\"slider-container\">\n                                        <li>\n                        <div class=\"slide\">\n                            <div class=\"icon\">\n                                <img decoding=\"async\" src=\"https:\/\/straatmanmooringsystems.com\/es\/wp-content\/uploads\/sites\/2\/2025\/12\/Group-website-icon-medal.png\" alt=\"\">\n                            <\/div>\n\n                            <div class=\"title\">Productos de alta calidad<\/div><div class=\"description\">Nuestros productos est\u00e1n dise\u00f1ados y fabricados con atenci\u00f3n al detalle. Utilizamos los mejores materiales y revisamos todo para asegurarnos de que obtenga lo mejor.<\/div>                        <\/div>\n                    <\/li>\n                                        <li>\n                        <div class=\"slide\">\n                            <div class=\"icon\">\n                                <img decoding=\"async\" src=\"https:\/\/straatmanmooringsystems.com\/es\/wp-content\/uploads\/sites\/2\/2025\/12\/Group-website-icon-idea.png\" alt=\"\">\n                            <\/div>\n\n                            <div class=\"title\">Innovaci\u00f3n continua<\/div><div class=\"description\">Siempre intentamos mejorar. Seguimos aprendiendo, mejorando e invirtiendo en investigaci\u00f3n y desarrollo para poder ofrecerle las soluciones m\u00e1s nuevas y mejores.<\/div>                        <\/div>\n                    <\/li>\n                                        <li>\n                        <div class=\"slide\">\n                            <div class=\"icon\">\n                                <img decoding=\"async\" src=\"https:\/\/straatmanmooringsystems.com\/es\/wp-content\/uploads\/sites\/2\/2025\/12\/Group-website-icon-team-in-3.png\" alt=\"\">\n                            <\/div>\n\n                            <div class=\"title\">Equipo dedicado y entusiasta<\/div><div class=\"description\">A nuestro equipo le apasiona lo que hace. Trabajan arduamente para satisfacer sus necesidades y hacerlo feliz.<\/div>                        <\/div>\n                    <\/li>\n                                        <li>\n                        <div class=\"slide\">\n                            <div class=\"icon\">\n                                <img decoding=\"async\" src=\"https:\/\/straatmanmooringsystems.com\/es\/wp-content\/uploads\/sites\/2\/2025\/12\/Group-website-icon-hand.png\" alt=\"\">\n                            <\/div>\n\n                            <div class=\"title\">Nivel de servicio excelente<\/div><div class=\"description\">Estamos aqu\u00ed para ayudarle. Nuestro equipo siempre est\u00e1 preparado para responder a sus preguntas y asegurarse de que quede satisfecho con nuestro servicio.<\/div>                        <\/div>\n                    <\/li>\n                                        <li>\n                        <div class=\"slide\">\n                            <div class=\"icon\">\n                                <img decoding=\"async\" src=\"https:\/\/straatmanmooringsystems.com\/es\/wp-content\/uploads\/sites\/2\/2025\/12\/Group-website-icon-certified.png\" alt=\"\">\n                            <\/div>\n\n                            <div class=\"title\">Certificado en todos los niveles necesarios<\/div><div class=\"description\">Cumplimos todas las normas importantes. Esto significa que nuestros productos son seguros, fiables y confiables.<\/div>                        <\/div>\n                    <\/li>\n                                        <li>\n                        <div class=\"slide\">\n                            <div class=\"icon\">\n                                <img decoding=\"async\" src=\"https:\/\/straatmanmooringsystems.com\/es\/wp-content\/uploads\/sites\/2\/2025\/12\/Group-website-icon-handshake.png\" alt=\"\">\n                            <\/div>\n\n                            <div class=\"title\">Cumplimos lo que prometemos<\/div><div class=\"description\">Cumplimos nuestras promesas. Puede confiar en nosotros para hacer lo que decimos que haremos.\r\n<\/div>                        <\/div>\n                    <\/li>\n                                    <\/ul>\n\n                <div class=\"slider_buttons\">\n                    <button type=\"button\" class=\"slider-nav\"><i class=\"ph-thin ph-arrow-left\"><\/i><\/button>\n                    <button type=\"button\" class=\"slider-nav slider-nav-next\"><i class=\"ph ph-arrow-right\"><\/i><\/button>\n                <\/div>\n            <\/div>\n        <\/div>\n    <\/div>\n<\/div>\n\n\n\n\n<div class=\"wp-block-media-text has-media-on-the-right is-stacked-on-mobile has-white-color has-green-background-color has-text-color has-background has-link-color wp-elements-a10d5dfb0bbbbf262659cfb7dbf2d836\" style=\"padding-top:var(--wp--preset--spacing--60);padding-bottom:var(--wp--preset--spacing--60)\"><div class=\"wp-block-media-text__content\">\n<h2 class=\"wp-block-heading has-white-color has-text-color has-link-color wp-elements-177ad847878c737bbb30c28a8269d3fd\">\u00bfSu equipo de amarre necesita puesta en servicio?<\/h2>\n\n\n\n<ul class=\"wp-block-list\">\n<li>Equipo cualificado de ingenieros de servicio<\/li>\n\n\n\n<li>Excelente servicio<\/li>\n\n\n\n<li>Certificado en todos los niveles<\/li>\n<\/ul>\n\n\n\n<div class=\"wp-block-buttons is-layout-flex wp-block-buttons-is-layout-flex\">\n<div class=\"wp-block-button\"><a class=\"wp-block-button__link wp-element-button\" href=\"https:\/\/straatmanmooringsystems.com\/es\/request-a-proposal\/\" target=\"_blank\" rel=\"noreferrer noopener\">Obtener una propuesta directa<\/a><\/div>\n<\/div>\n<\/div><figure class=\"wp-block-media-text__media\"><img loading=\"lazy\" decoding=\"async\" width=\"1024\" height=\"468\" src=\"https:\/\/straatmanmooringsystems.com\/es\/wp-content\/uploads\/2025\/12\/Vector-1024x468.png\" alt=\"\" class=\"wp-image-450 size-full\" srcset=\"https:\/\/straatmanmooringsystems.com\/es\/wp-content\/uploads\/sites\/2\/2025\/12\/Vector-1024x468.png 1024w, https:\/\/straatmanmooringsystems.com\/es\/wp-content\/uploads\/sites\/2\/2025\/12\/Vector-300x137.png 300w, https:\/\/straatmanmooringsystems.com\/es\/wp-content\/uploads\/sites\/2\/2025\/12\/Vector-768x351.png 768w, https:\/\/straatmanmooringsystems.com\/es\/wp-content\/uploads\/sites\/2\/2025\/12\/Vector.png 1312w\" sizes=\"auto, (max-width: 1024px) 100vw, 1024px\" \/><\/figure><\/div>\n","protected":false},"excerpt":{"rendered":"<p>Puesta en servicio Una puesta en servicio adecuada es clave para un funcionamiento seguro y fiable del equipo de amarre y atraque. Straatman apoya su proyecto en el sitio para garantizar que los sistemas est\u00e9n conectados y configurados correctamente desde el principio. Nuestros ingenieros de servicio con experiencia realizan la puesta en servicio en el [&hellip;]<\/p>\n","protected":false},"author":2,"featured_media":0,"parent":2529,"menu_order":0,"comment_status":"closed","ping_status":"closed","template":"","meta":{"_acf_changed":false,"footnotes":""},"class_list":["post-907","page","type-page","status-publish","hentry"],"acf":[],"yoast_head":"<!-- This site is optimized with the Yoast SEO plugin v26.6 - https:\/\/yoast.com\/wordpress\/plugins\/seo\/ -->\n<title>Commissioning, training &amp; Support - Straatman Mooring Systems<\/title>\n<meta name=\"description\" content=\"Straatman ofrece servicios de puesta en marcha y capacitaci\u00f3n para garantizar una operaci\u00f3n segura, correcta y fluida de nuestros sistemas de amarre.\" \/>\n<meta name=\"robots\" content=\"index, follow, max-snippet:-1, max-image-preview:large, max-video-preview:-1\" \/>\n<link rel=\"canonical\" href=\"https:\/\/straatmanmooringsystems.com\/es\/servicio-y-soporte\/puesta-en-servicio-y-formacion\/\" \/>\n<meta property=\"og:locale\" content=\"es_ES\" \/>\n<meta property=\"og:type\" content=\"article\" \/>\n<meta property=\"og:title\" content=\"Commissioning, training &amp; Support - Straatman Mooring Systems\" \/>\n<meta property=\"og:description\" content=\"Straatman ofrece servicios de puesta en marcha y capacitaci\u00f3n para garantizar una operaci\u00f3n segura, correcta y fluida de nuestros sistemas de amarre.\" \/>\n<meta property=\"og:url\" content=\"https:\/\/straatmanmooringsystems.com\/es\/servicio-y-soporte\/puesta-en-servicio-y-formacion\/\" \/>\n<meta property=\"og:site_name\" content=\"Mooring Systems ES\" \/>\n<meta property=\"article:modified_time\" content=\"2026-03-02T06:52:48+00:00\" \/>\n<meta property=\"og:image\" content=\"https:\/\/straatmanmooringsystems.com\/es\/wp-content\/uploads\/2026\/01\/ffeeb67e-7fa8-48de-8863-ebe22be00624-1024x768.jpg\" \/>\n<meta name=\"twitter:card\" content=\"summary_large_image\" \/>\n<meta name=\"twitter:label1\" content=\"Tiempo de lectura\" \/>\n\t<meta name=\"twitter:data1\" content=\"3 minutos\" \/>\n<script type=\"application\/ld+json\" class=\"yoast-schema-graph\">{\"@context\":\"https:\/\/schema.org\",\"@graph\":[{\"@type\":\"WebPage\",\"@id\":\"https:\/\/straatmanmooringsystems.com\/es\/servicio-y-soporte\/puesta-en-servicio-y-formacion\/\",\"url\":\"https:\/\/straatmanmooringsystems.com\/es\/servicio-y-soporte\/puesta-en-servicio-y-formacion\/\",\"name\":\"Commissioning, training &amp; Support - Straatman Mooring Systems\",\"isPartOf\":{\"@id\":\"https:\/\/straatmanmooringsystems.com\/es\/#website\"},\"primaryImageOfPage\":{\"@id\":\"https:\/\/straatmanmooringsystems.com\/es\/servicio-y-soporte\/puesta-en-servicio-y-formacion\/#primaryimage\"},\"image\":{\"@id\":\"https:\/\/straatmanmooringsystems.com\/es\/servicio-y-soporte\/puesta-en-servicio-y-formacion\/#primaryimage\"},\"thumbnailUrl\":\"https:\/\/straatmanmooringsystems.com\/es\/wp-content\/uploads\/2026\/01\/ffeeb67e-7fa8-48de-8863-ebe22be00624-1024x768.jpg\",\"datePublished\":\"2026-01-08T12:55:56+00:00\",\"dateModified\":\"2026-03-02T06:52:48+00:00\",\"description\":\"Straatman ofrece servicios de puesta en marcha y capacitaci\u00f3n para garantizar una operaci\u00f3n segura, correcta y fluida de nuestros sistemas de amarre.\",\"breadcrumb\":{\"@id\":\"https:\/\/straatmanmooringsystems.com\/es\/servicio-y-soporte\/puesta-en-servicio-y-formacion\/#breadcrumb\"},\"inLanguage\":\"es\",\"potentialAction\":[{\"@type\":\"ReadAction\",\"target\":[\"https:\/\/straatmanmooringsystems.com\/es\/servicio-y-soporte\/puesta-en-servicio-y-formacion\/\"]}]},{\"@type\":\"ImageObject\",\"inLanguage\":\"es\",\"@id\":\"https:\/\/straatmanmooringsystems.com\/es\/servicio-y-soporte\/puesta-en-servicio-y-formacion\/#primaryimage\",\"url\":\"https:\/\/straatmanmooringsystems.com\/es\/wp-content\/uploads\/sites\/2\/2026\/01\/ffeeb67e-7fa8-48de-8863-ebe22be00624.jpg\",\"contentUrl\":\"https:\/\/straatmanmooringsystems.com\/es\/wp-content\/uploads\/sites\/2\/2026\/01\/ffeeb67e-7fa8-48de-8863-ebe22be00624.jpg\",\"width\":2048,\"height\":1536},{\"@type\":\"BreadcrumbList\",\"@id\":\"https:\/\/straatmanmooringsystems.com\/es\/servicio-y-soporte\/puesta-en-servicio-y-formacion\/#breadcrumb\",\"itemListElement\":[{\"@type\":\"ListItem\",\"position\":1,\"name\":\"Home\",\"item\":\"https:\/\/straatmanmooringsystems.com\/es\/\"},{\"@type\":\"ListItem\",\"position\":2,\"name\":\"Service\",\"item\":\"https:\/\/straatmanmooringsystems.com\/es\/servicio-y-soporte\/\"},{\"@type\":\"ListItem\",\"position\":3,\"name\":\"Commissioning, training &amp; Support\"}]},{\"@type\":\"WebSite\",\"@id\":\"https:\/\/straatmanmooringsystems.com\/es\/#website\",\"url\":\"https:\/\/straatmanmooringsystems.com\/es\/\",\"name\":\"Mooring Systems ES\",\"description\":\"\",\"publisher\":{\"@id\":\"https:\/\/straatmanmooringsystems.com\/es\/#organization\"},\"potentialAction\":[{\"@type\":\"SearchAction\",\"target\":{\"@type\":\"EntryPoint\",\"urlTemplate\":\"https:\/\/straatmanmooringsystems.com\/es\/?s={search_term_string}\"},\"query-input\":{\"@type\":\"PropertyValueSpecification\",\"valueRequired\":true,\"valueName\":\"search_term_string\"}}],\"inLanguage\":\"es\"},{\"@type\":\"Organization\",\"@id\":\"https:\/\/straatmanmooringsystems.com\/es\/#organization\",\"name\":\"Mooring Systems ES\",\"url\":\"https:\/\/straatmanmooringsystems.com\/es\/\",\"logo\":{\"@type\":\"ImageObject\",\"inLanguage\":\"es\",\"@id\":\"https:\/\/straatmanmooringsystems.com\/es\/#\/schema\/logo\/image\/\",\"url\":\"https:\/\/straatmanmooringsystems.com\/es\/wp-content\/uploads\/sites\/2\/2026\/02\/logo-mooring.svg\",\"contentUrl\":\"https:\/\/straatmanmooringsystems.com\/es\/wp-content\/uploads\/sites\/2\/2026\/02\/logo-mooring.svg\",\"width\":237,\"height\":56,\"caption\":\"Mooring Systems ES\"},\"image\":{\"@id\":\"https:\/\/straatmanmooringsystems.com\/es\/#\/schema\/logo\/image\/\"}}]}<\/script>\n<!-- \/ Yoast SEO plugin. -->","yoast_head_json":{"title":"Commissioning, training &amp; Support - Straatman Mooring Systems","description":"Straatman ofrece servicios de puesta en marcha y capacitaci\u00f3n para garantizar una operaci\u00f3n segura, correcta y fluida de nuestros sistemas de amarre.","robots":{"index":"index","follow":"follow","max-snippet":"max-snippet:-1","max-image-preview":"max-image-preview:large","max-video-preview":"max-video-preview:-1"},"canonical":"https:\/\/straatmanmooringsystems.com\/es\/servicio-y-soporte\/puesta-en-servicio-y-formacion\/","og_locale":"es_ES","og_type":"article","og_title":"Commissioning, training &amp; Support - Straatman Mooring Systems","og_description":"Straatman ofrece servicios de puesta en marcha y capacitaci\u00f3n para garantizar una operaci\u00f3n segura, correcta y fluida de nuestros sistemas de amarre.","og_url":"https:\/\/straatmanmooringsystems.com\/es\/servicio-y-soporte\/puesta-en-servicio-y-formacion\/","og_site_name":"Mooring Systems ES","article_modified_time":"2026-03-02T06:52:48+00:00","og_image":[{"url":"https:\/\/straatmanmooringsystems.com\/es\/wp-content\/uploads\/2026\/01\/ffeeb67e-7fa8-48de-8863-ebe22be00624-1024x768.jpg","type":"","width":"","height":""}],"twitter_card":"summary_large_image","twitter_misc":{"Tiempo de lectura":"3 minutos"},"schema":{"@context":"https:\/\/schema.org","@graph":[{"@type":"WebPage","@id":"https:\/\/straatmanmooringsystems.com\/es\/servicio-y-soporte\/puesta-en-servicio-y-formacion\/","url":"https:\/\/straatmanmooringsystems.com\/es\/servicio-y-soporte\/puesta-en-servicio-y-formacion\/","name":"Commissioning, training &amp; Support - Straatman Mooring Systems","isPartOf":{"@id":"https:\/\/straatmanmooringsystems.com\/es\/#website"},"primaryImageOfPage":{"@id":"https:\/\/straatmanmooringsystems.com\/es\/servicio-y-soporte\/puesta-en-servicio-y-formacion\/#primaryimage"},"image":{"@id":"https:\/\/straatmanmooringsystems.com\/es\/servicio-y-soporte\/puesta-en-servicio-y-formacion\/#primaryimage"},"thumbnailUrl":"https:\/\/straatmanmooringsystems.com\/es\/wp-content\/uploads\/2026\/01\/ffeeb67e-7fa8-48de-8863-ebe22be00624-1024x768.jpg","datePublished":"2026-01-08T12:55:56+00:00","dateModified":"2026-03-02T06:52:48+00:00","description":"Straatman ofrece servicios de puesta en marcha y capacitaci\u00f3n para garantizar una operaci\u00f3n segura, correcta y fluida de nuestros sistemas de amarre.","breadcrumb":{"@id":"https:\/\/straatmanmooringsystems.com\/es\/servicio-y-soporte\/puesta-en-servicio-y-formacion\/#breadcrumb"},"inLanguage":"es","potentialAction":[{"@type":"ReadAction","target":["https:\/\/straatmanmooringsystems.com\/es\/servicio-y-soporte\/puesta-en-servicio-y-formacion\/"]}]},{"@type":"ImageObject","inLanguage":"es","@id":"https:\/\/straatmanmooringsystems.com\/es\/servicio-y-soporte\/puesta-en-servicio-y-formacion\/#primaryimage","url":"https:\/\/straatmanmooringsystems.com\/es\/wp-content\/uploads\/sites\/2\/2026\/01\/ffeeb67e-7fa8-48de-8863-ebe22be00624.jpg","contentUrl":"https:\/\/straatmanmooringsystems.com\/es\/wp-content\/uploads\/sites\/2\/2026\/01\/ffeeb67e-7fa8-48de-8863-ebe22be00624.jpg","width":2048,"height":1536},{"@type":"BreadcrumbList","@id":"https:\/\/straatmanmooringsystems.com\/es\/servicio-y-soporte\/puesta-en-servicio-y-formacion\/#breadcrumb","itemListElement":[{"@type":"ListItem","position":1,"name":"Home","item":"https:\/\/straatmanmooringsystems.com\/es\/"},{"@type":"ListItem","position":2,"name":"Service","item":"https:\/\/straatmanmooringsystems.com\/es\/servicio-y-soporte\/"},{"@type":"ListItem","position":3,"name":"Commissioning, training &amp; Support"}]},{"@type":"WebSite","@id":"https:\/\/straatmanmooringsystems.com\/es\/#website","url":"https:\/\/straatmanmooringsystems.com\/es\/","name":"Mooring Systems ES","description":"","publisher":{"@id":"https:\/\/straatmanmooringsystems.com\/es\/#organization"},"potentialAction":[{"@type":"SearchAction","target":{"@type":"EntryPoint","urlTemplate":"https:\/\/straatmanmooringsystems.com\/es\/?s={search_term_string}"},"query-input":{"@type":"PropertyValueSpecification","valueRequired":true,"valueName":"search_term_string"}}],"inLanguage":"es"},{"@type":"Organization","@id":"https:\/\/straatmanmooringsystems.com\/es\/#organization","name":"Mooring Systems ES","url":"https:\/\/straatmanmooringsystems.com\/es\/","logo":{"@type":"ImageObject","inLanguage":"es","@id":"https:\/\/straatmanmooringsystems.com\/es\/#\/schema\/logo\/image\/","url":"https:\/\/straatmanmooringsystems.com\/es\/wp-content\/uploads\/sites\/2\/2026\/02\/logo-mooring.svg","contentUrl":"https:\/\/straatmanmooringsystems.com\/es\/wp-content\/uploads\/sites\/2\/2026\/02\/logo-mooring.svg","width":237,"height":56,"caption":"Mooring Systems ES"},"image":{"@id":"https:\/\/straatmanmooringsystems.com\/es\/#\/schema\/logo\/image\/"}}]}},"_links":{"self":[{"href":"https:\/\/straatmanmooringsystems.com\/es\/wp-json\/wp\/v2\/pages\/907","targetHints":{"allow":["GET"]}}],"collection":[{"href":"https:\/\/straatmanmooringsystems.com\/es\/wp-json\/wp\/v2\/pages"}],"about":[{"href":"https:\/\/straatmanmooringsystems.com\/es\/wp-json\/wp\/v2\/types\/page"}],"author":[{"embeddable":true,"href":"https:\/\/straatmanmooringsystems.com\/es\/wp-json\/wp\/v2\/users\/2"}],"replies":[{"embeddable":true,"href":"https:\/\/straatmanmooringsystems.com\/es\/wp-json\/wp\/v2\/comments?post=907"}],"version-history":[{"count":5,"href":"https:\/\/straatmanmooringsystems.com\/es\/wp-json\/wp\/v2\/pages\/907\/revisions"}],"predecessor-version":[{"id":3199,"href":"https:\/\/straatmanmooringsystems.com\/es\/wp-json\/wp\/v2\/pages\/907\/revisions\/3199"}],"up":[{"embeddable":true,"href":"https:\/\/straatmanmooringsystems.com\/es\/wp-json\/wp\/v2\/pages\/2529"}],"wp:attachment":[{"href":"https:\/\/straatmanmooringsystems.com\/es\/wp-json\/wp\/v2\/media?parent=907"}],"curies":[{"name":"wp","href":"https:\/\/api.w.org\/{rel}","templated":true}]}}