{"id":2368,"date":"2026-01-19T21:40:30","date_gmt":"2026-01-19T21:40:30","guid":{"rendered":"https:\/\/straatmanmooringsystems.com\/?page_id=2368"},"modified":"2026-03-18T09:17:26","modified_gmt":"2026-03-18T09:17:26","slug":"request-a-proposal","status":"publish","type":"page","link":"https:\/\/straatmanmooringsystems.com\/fr\/request-a-proposal\/","title":{"rendered":"Request a proposal"},"content":{"rendered":"\n<div class=\"wp-block-columns has-green-background-color has-background is-layout-flex wp-container-core-columns-is-layout-9d6595d7 wp-block-columns-is-layout-flex\">\n<div class=\"wp-block-column has-white-color has-text-color has-link-color wp-elements-35a007263aa8fd7d79695d625cf5e530 is-layout-flow wp-block-column-is-layout-flow\" style=\"padding-top:var(--wp--preset--spacing--70);padding-bottom:var(--wp--preset--spacing--70)\">\n<section style=\"padding-top:var(--wp--preset--spacing--30);padding-bottom:var(--wp--preset--spacing--30);\" class=\"text-editor align wp-block-acf-text-editor\" id=\"text-editorblock_6ba3576ad27064f83a7da42a517c3282\">\n    <div class=\"centered\">\n        \n        <h2 data-start=\"30\" data-end=\"152\">Pour quel produit ou service souhaitez-vous une proposition?<\/h2>\n<p data-start=\"488\" data-end=\"652\">Indiquez-nous vos besoins. Nos ing\u00e9nieurs et sp\u00e9cialistes commerciaux examineront votre demande et vous r\u00e9pondront avec une proposition claire et concr\u00e8te.<\/p>\n<p data-start=\"654\" data-end=\"687\" data-is-last-node=\"\" data-is-only-node=\"\">\n\n\n    <\/div>\n<\/section>\n\n\n\n\n<style id=\"wpforms-css-vars-2763\">\n\t\t\t\t#wpforms-2763 {\n\t\t\t\t--wpforms-container-padding: 0px;\n--wpforms-container-border-width: 1px;\n--wpforms-container-border-radius: 3px;\n--wpforms-background-color: rgba(0, 0, 0, 0);\n--wpforms-field-size-input-height: 43px;\n--wpforms-field-size-input-spacing: 15px;\n--wpforms-field-size-font-size: 16px;\n--wpforms-field-size-line-height: 19px;\n--wpforms-field-size-padding-h: 14px;\n--wpforms-field-size-checkbox-size: 16px;\n--wpforms-field-size-sublabel-spacing: 5px;\n--wpforms-field-size-icon-size: 1;\n--wpforms-label-size-font-size: 16px;\n--wpforms-label-size-line-height: 19px;\n--wpforms-label-size-sublabel-font-size: 14px;\n--wpforms-label-size-sublabel-line-height: 17px;\n--wpforms-button-size-font-size: 17px;\n--wpforms-button-size-height: 41px;\n--wpforms-button-size-padding-h: 15px;\n--wpforms-button-size-margin-top: 10px;\n--wpforms-container-shadow-size-box-shadow: none;\n\t\t\t}\n\t\t\t<\/style><div class=\"wpforms-container wpforms-container-full inquiryform wpforms-render-modern\" id=\"wpforms-2763\"><form id=\"wpforms-form-2763\" class=\"wpforms-validate wpforms-form wpforms-ajax-form\" data-formid=\"2763\" method=\"post\" enctype=\"multipart\/form-data\" action=\"\/fr\/wp-json\/wp\/v2\/pages\/2368\" data-token=\"d4d8447561f53eec4c0b5c7ecb46b3c0\" data-token-time=\"1778971848\"><noscript class=\"wpforms-error-noscript\">Veuillez activer JavaScript dans votre navigateur pour remplir ce formulaire.<\/noscript><div id=\"wpforms-error-noscript\" style=\"display: none;\">Veuillez activer JavaScript dans votre navigateur pour remplir ce formulaire.<\/div><div class=\"wpforms-field-container\"><div id=\"wpforms-2763-field_4-container\" class=\"wpforms-field wpforms-field-checkbox left\" data-field-id=\"4\"><fieldset><legend class=\"wpforms-field-label\">Mooring systems<\/legend><ul id=\"wpforms-2763-field_4\"><li class=\"choice-1 depth-1\"><input type=\"checkbox\" id=\"wpforms-2763-field_4_1\" name=\"wpforms[fields][4][]\" value=\"Quick release mooring hooks\" aria-errormessage=\"wpforms-2763-field_4_1-error\"  ><label class=\"wpforms-field-label-inline\" for=\"wpforms-2763-field_4_1\">Quick release mooring hooks<\/label><\/li><li class=\"choice-2 depth-1\"><input type=\"checkbox\" id=\"wpforms-2763-field_4_2\" name=\"wpforms[fields][4][]\" value=\"Capstans\" aria-errormessage=\"wpforms-2763-field_4_2-error\"  ><label class=\"wpforms-field-label-inline\" for=\"wpforms-2763-field_4_2\">Capstans<\/label><\/li><li class=\"choice-3 depth-1\"><input type=\"checkbox\" id=\"wpforms-2763-field_4_3\" name=\"wpforms[fields][4][]\" value=\"Berthing aid system\" aria-errormessage=\"wpforms-2763-field_4_3-error\"  ><label class=\"wpforms-field-label-inline\" for=\"wpforms-2763-field_4_3\">Berthing aid system<\/label><\/li><li class=\"choice-6 depth-1\"><input type=\"checkbox\" id=\"wpforms-2763-field_4_6\" name=\"wpforms[fields][4][]\" value=\"Environmental monitoring system (EMS)\" aria-errormessage=\"wpforms-2763-field_4_6-error\"  ><label class=\"wpforms-field-label-inline\" for=\"wpforms-2763-field_4_6\">Environmental monitoring system (EMS)<\/label><\/li><li class=\"choice-8 depth-1\"><input type=\"checkbox\" id=\"wpforms-2763-field_4_8\" name=\"wpforms[fields][4][]\" value=\"Mooring buoy\" aria-errormessage=\"wpforms-2763-field_4_8-error\"  ><label class=\"wpforms-field-label-inline\" for=\"wpforms-2763-field_4_8\">Mooring buoy<\/label><\/li><li class=\"choice-5 depth-1\"><input type=\"checkbox\" id=\"wpforms-2763-field_4_5\" name=\"wpforms[fields][4][]\" value=\"Mooring load monitoring system (MLMS)\" aria-errormessage=\"wpforms-2763-field_4_5-error\"  ><label class=\"wpforms-field-label-inline\" for=\"wpforms-2763-field_4_5\">Mooring load monitoring system (MLMS)<\/label><\/li><li class=\"choice-4 depth-1\"><input type=\"checkbox\" id=\"wpforms-2763-field_4_4\" name=\"wpforms[fields][4][]\" value=\"Solar power system\" aria-errormessage=\"wpforms-2763-field_4_4-error\"  ><label class=\"wpforms-field-label-inline\" for=\"wpforms-2763-field_4_4\">Solar power system<\/label><\/li><li class=\"choice-7 depth-1\"><input type=\"checkbox\" id=\"wpforms-2763-field_4_7\" name=\"wpforms[fields][4][]\" value=\"Quick release towing hook\" aria-errormessage=\"wpforms-2763-field_4_7-error\"  ><label class=\"wpforms-field-label-inline\" for=\"wpforms-2763-field_4_7\">Quick release towing hook<\/label><\/li><\/ul><\/fieldset><\/div><div id=\"wpforms-2763-field_5-container\" class=\"wpforms-field wpforms-field-checkbox left\" data-field-id=\"5\"><fieldset><legend class=\"wpforms-field-label\">Safecom Ship-to-Shore link<\/legend><ul id=\"wpforms-2763-field_5\"><li class=\"choice-1 depth-1\"><input type=\"checkbox\" id=\"wpforms-2763-field_5_1\" name=\"wpforms[fields][5][]\" value=\"Ship-to-shore link for LNG\" aria-errormessage=\"wpforms-2763-field_5_1-error\"  ><label class=\"wpforms-field-label-inline\" for=\"wpforms-2763-field_5_1\">Ship-to-shore link for LNG<\/label><\/li><li class=\"choice-2 depth-1\"><input type=\"checkbox\" id=\"wpforms-2763-field_5_2\" name=\"wpforms[fields][5][]\" value=\"Ship-to-shore link for OCIMF\" aria-errormessage=\"wpforms-2763-field_5_2-error\"  ><label class=\"wpforms-field-label-inline\" for=\"wpforms-2763-field_5_2\">Ship-to-shore link for OCIMF<\/label><\/li><li class=\"choice-3 depth-1\"><input type=\"checkbox\" id=\"wpforms-2763-field_5_3\" name=\"wpforms[fields][5][]\" value=\"Ship-to-shore link upgrades\/retrofit\" aria-errormessage=\"wpforms-2763-field_5_3-error\"  ><label class=\"wpforms-field-label-inline\" for=\"wpforms-2763-field_5_3\">Ship-to-shore link upgrades\/retrofit<\/label><\/li><li class=\"choice-4 depth-1\"><input type=\"checkbox\" id=\"wpforms-2763-field_5_4\" name=\"wpforms[fields][5][]\" value=\"Ship-to-shore link spare parts\" aria-errormessage=\"wpforms-2763-field_5_4-error\"  ><label class=\"wpforms-field-label-inline\" for=\"wpforms-2763-field_5_4\">Ship-to-shore link spare parts<\/label><\/li><\/ul><\/fieldset><\/div>\t\t<div id=\"wpforms-2763-field_1-container\"\n\t\t\tclass=\"wpforms-field wpforms-field-text\"\n\t\t\tdata-field-type=\"text\"\n\t\t\tdata-field-id=\"1\"\n\t\t\t>\n\t\t\t<label class=\"wpforms-field-label\" for=\"wpforms-2763-field_1\" >Phone Ship-to-Shore Service<\/label>\n\t\t\t<input type=\"text\" id=\"wpforms-2763-field_1\" class=\"wpforms-field-medium\" name=\"wpforms[fields][1]\" >\n\t\t<\/div>\n\t\t<div id=\"wpforms-2763-field_6-container\" class=\"wpforms-field wpforms-field-checkbox left\" data-field-id=\"6\"><fieldset><legend class=\"wpforms-field-label\">Smart Bollard<\/legend><ul id=\"wpforms-2763-field_6\"><li class=\"choice-1 depth-1\"><input type=\"checkbox\" id=\"wpforms-2763-field_6_1\" name=\"wpforms[fields][6][]\" value=\"Smart bollard\" aria-errormessage=\"wpforms-2763-field_6_1-error\"  ><label class=\"wpforms-field-label-inline\" for=\"wpforms-2763-field_6_1\">Smart bollard<\/label><\/li><\/ul><\/fieldset><\/div><div id=\"wpforms-2763-field_9-container\" class=\"wpforms-field wpforms-field-checkbox left\" data-field-id=\"9\"><fieldset><legend class=\"wpforms-field-label\">Service &amp; support<\/legend><ul id=\"wpforms-2763-field_9\"><li class=\"choice-1 depth-1\"><input type=\"checkbox\" id=\"wpforms-2763-field_9_1\" name=\"wpforms[fields][9][]\" value=\"Inspection\" aria-errormessage=\"wpforms-2763-field_9_1-error\"  ><label class=\"wpforms-field-label-inline\" for=\"wpforms-2763-field_9_1\">Inspection<\/label><\/li><li class=\"choice-2 depth-1\"><input type=\"checkbox\" id=\"wpforms-2763-field_9_2\" name=\"wpforms[fields][9][]\" value=\"Maintenance\" aria-errormessage=\"wpforms-2763-field_9_2-error\"  ><label class=\"wpforms-field-label-inline\" for=\"wpforms-2763-field_9_2\">Maintenance<\/label><\/li><li class=\"choice-3 depth-1\"><input type=\"checkbox\" id=\"wpforms-2763-field_9_3\" name=\"wpforms[fields][9][]\" value=\"Load cell calibration\" aria-errormessage=\"wpforms-2763-field_9_3-error\"  ><label class=\"wpforms-field-label-inline\" for=\"wpforms-2763-field_9_3\">Load cell calibration<\/label><\/li><li class=\"choice-6 depth-1\"><input type=\"checkbox\" id=\"wpforms-2763-field_9_6\" name=\"wpforms[fields][9][]\" value=\"Spares\" aria-errormessage=\"wpforms-2763-field_9_6-error\"  ><label class=\"wpforms-field-label-inline\" for=\"wpforms-2763-field_9_6\">Spares<\/label><\/li><li class=\"choice-5 depth-1\"><input type=\"checkbox\" id=\"wpforms-2763-field_9_5\" name=\"wpforms[fields][9][]\" value=\"Strainstall\" aria-errormessage=\"wpforms-2763-field_9_5-error\"  ><label class=\"wpforms-field-label-inline\" for=\"wpforms-2763-field_9_5\">Strainstall<\/label><\/li><li class=\"choice-4 depth-1\"><input type=\"checkbox\" id=\"wpforms-2763-field_9_4\" name=\"wpforms[fields][9][]\" value=\"Commissioning &amp; training\" aria-errormessage=\"wpforms-2763-field_9_4-error\"  ><label class=\"wpforms-field-label-inline\" for=\"wpforms-2763-field_9_4\">Commissioning &amp; training<\/label><\/li><\/ul><\/fieldset><\/div><div id=\"wpforms-2763-field_10-container\" class=\"wpforms-field wpforms-field-text right\" data-field-id=\"10\"><label class=\"wpforms-field-label\" for=\"wpforms-2763-field_10\">Company name<\/label><input type=\"text\" id=\"wpforms-2763-field_10\" class=\"wpforms-field-medium\" name=\"wpforms[fields][10]\" aria-errormessage=\"wpforms-2763-field_10-error\" ><\/div><div id=\"wpforms-2763-field_11-container\" class=\"wpforms-field wpforms-field-name right\" data-field-id=\"11\"><label class=\"wpforms-field-label\" for=\"wpforms-2763-field_11\">Name <span class=\"wpforms-required-label\" aria-hidden=\"true\">*<\/span><\/label><input type=\"text\" id=\"wpforms-2763-field_11\" class=\"wpforms-field-medium wpforms-field-required\" name=\"wpforms[fields][11]\" aria-errormessage=\"wpforms-2763-field_11-error\" required><\/div><div id=\"wpforms-2763-field_12-container\" class=\"wpforms-field wpforms-field-email right\" data-field-id=\"12\"><label class=\"wpforms-field-label\" for=\"wpforms-2763-field_12\">E-mailaddress <span class=\"wpforms-required-label\" aria-hidden=\"true\">*<\/span><\/label><input type=\"email\" id=\"wpforms-2763-field_12\" class=\"wpforms-field-medium wpforms-field-required\" name=\"wpforms[fields][12]\" spellcheck=\"false\" aria-errormessage=\"wpforms-2763-field_12-error\" required><\/div><div id=\"wpforms-2763-field_13-container\" class=\"wpforms-field wpforms-field-text right\" data-field-id=\"13\"><label class=\"wpforms-field-label\" for=\"wpforms-2763-field_13\">Phone number<\/label><input type=\"text\" id=\"wpforms-2763-field_13\" class=\"wpforms-field-medium\" name=\"wpforms[fields][13]\" aria-errormessage=\"wpforms-2763-field_13-error\" ><\/div><div id=\"wpforms-2763-field_14-container\" class=\"wpforms-field wpforms-field-textarea right\" data-field-id=\"14\"><label class=\"wpforms-field-label\" for=\"wpforms-2763-field_14\">Your message<\/label><textarea id=\"wpforms-2763-field_14\" class=\"wpforms-field-medium\" name=\"wpforms[fields][14]\" aria-errormessage=\"wpforms-2763-field_14-error\" ><\/textarea><\/div><script>\n\t\t\t\t( function() {\n\t\t\t\t\tconst style = document.createElement( 'style' );\n\t\t\t\t\tstyle.appendChild( document.createTextNode( '#wpforms-2763-field_1-container { position: absolute !important; overflow: hidden !important; display: inline !important; height: 1px !important; width: 1px !important; z-index: -1000 !important; padding: 0 !important; } #wpforms-2763-field_1-container input { visibility: hidden; } #wpforms-conversational-form-page #wpforms-2763-field_1-container label { counter-increment: none; }' ) );\n\t\t\t\t\tdocument.head.appendChild( style );\n\t\t\t\t\tdocument.currentScript?.remove();\n\t\t\t\t} )();\n\t\t\t<\/script><\/div><!-- .wpforms-field-container --><div class=\"wpforms-recaptcha-container wpforms-is-recaptcha wpforms-is-recaptcha-type-v3\" ><input type=\"hidden\" name=\"wpforms[recaptcha]\" value=\"\"><\/div><div class=\"wpforms-submit-container\" ><input type=\"hidden\" name=\"wpforms[id]\" value=\"2763\"><input type=\"hidden\" name=\"page_title\" value=\"\"><input type=\"hidden\" name=\"page_url\" value=\"https:\/\/straatmanmooringsystems.com\/fr\/wp-json\/wp\/v2\/pages\/2368\"><input type=\"hidden\" name=\"url_referer\" value=\"\"><button type=\"submit\" name=\"wpforms[submit]\" id=\"wpforms-submit-2763\" class=\"wpforms-submit\" data-alt-text=\"Sending...\" data-submit-text=\"Sent\" aria-live=\"assertive\" value=\"wpforms-submit\">Sent<\/button><img loading=\"lazy\" decoding=\"async\" src=\"https:\/\/straatmanmooringsystems.com\/fr\/wp-content\/plugins\/wpforms-lite\/assets\/images\/submit-spin.svg\" class=\"wpforms-submit-spinner\" style=\"display: none;\" width=\"26\" height=\"26\" alt=\"Chargement en cours\"><\/div><\/form><\/div>  <!-- .wpforms-container -->\n<\/div>\n<\/div>\n\n\n\n<p><\/p>\n","protected":false},"excerpt":{"rendered":"","protected":false},"author":1,"featured_media":0,"parent":0,"menu_order":0,"comment_status":"closed","ping_status":"closed","template":"","meta":{"_acf_changed":false,"footnotes":""},"class_list":["post-2368","page","type-page","status-publish","hentry"],"acf":[],"yoast_head":"<!-- This site is optimized with the Yoast SEO plugin v26.6 - https:\/\/yoast.com\/wordpress\/plugins\/seo\/ -->\n<title>Request a proposal - Straatman Mooring Systems<\/title>\n<meta name=\"description\" content=\"Obtenez une solution sur mesure pour votre projet d\u2019amarrage ou d\u2019accostage. Que vous travailliez sur un nouveau terminal, la modernisation d\u2019infrastructures existantes ou le remplacement de composants critiques, nous vous aidons \u00e0 trouver la solution adapt\u00e9e.\" \/>\n<meta name=\"robots\" content=\"index, follow, max-snippet:-1, max-image-preview:large, max-video-preview:-1\" \/>\n<link rel=\"canonical\" href=\"https:\/\/straatmanmooringsystems.com\/fr\/request-a-proposal\/\" \/>\n<meta property=\"og:locale\" content=\"fr_FR\" \/>\n<meta property=\"og:type\" content=\"article\" \/>\n<meta property=\"og:title\" content=\"Request a proposal - Straatman Mooring Systems\" \/>\n<meta property=\"og:description\" content=\"Obtenez une solution sur mesure pour votre projet d\u2019amarrage ou d\u2019accostage. Que vous travailliez sur un nouveau terminal, la modernisation d\u2019infrastructures existantes ou le remplacement de composants critiques, nous vous aidons \u00e0 trouver la solution adapt\u00e9e.\" \/>\n<meta property=\"og:url\" content=\"https:\/\/straatmanmooringsystems.com\/fr\/request-a-proposal\/\" \/>\n<meta property=\"og:site_name\" content=\"Mooring Systems FR\" \/>\n<meta property=\"article:modified_time\" content=\"2026-03-18T09:17:26+00:00\" \/>\n<meta name=\"twitter:card\" content=\"summary_large_image\" \/>\n<meta name=\"twitter:label1\" content=\"Dur\u00e9e de lecture estim\u00e9e\" \/>\n\t<meta name=\"twitter:data1\" content=\"1 minute\" \/>\n<script type=\"application\/ld+json\" class=\"yoast-schema-graph\">{\"@context\":\"https:\/\/schema.org\",\"@graph\":[{\"@type\":\"WebPage\",\"@id\":\"https:\/\/straatmanmooringsystems.com\/fr\/request-a-proposal\/\",\"url\":\"https:\/\/straatmanmooringsystems.com\/fr\/request-a-proposal\/\",\"name\":\"Request a proposal - Straatman Mooring Systems\",\"isPartOf\":{\"@id\":\"https:\/\/straatmanmooringsystems.com\/fr\/#website\"},\"datePublished\":\"2026-01-19T21:40:30+00:00\",\"dateModified\":\"2026-03-18T09:17:26+00:00\",\"description\":\"Obtenez une solution sur mesure pour votre projet d\u2019amarrage ou d\u2019accostage. Que vous travailliez sur un nouveau terminal, la modernisation d\u2019infrastructures existantes ou le remplacement de composants critiques, nous vous aidons \u00e0 trouver la solution adapt\u00e9e.\",\"breadcrumb\":{\"@id\":\"https:\/\/straatmanmooringsystems.com\/fr\/request-a-proposal\/#breadcrumb\"},\"inLanguage\":\"fr-FR\",\"potentialAction\":[{\"@type\":\"ReadAction\",\"target\":[\"https:\/\/straatmanmooringsystems.com\/fr\/request-a-proposal\/\"]}]},{\"@type\":\"BreadcrumbList\",\"@id\":\"https:\/\/straatmanmooringsystems.com\/fr\/request-a-proposal\/#breadcrumb\",\"itemListElement\":[{\"@type\":\"ListItem\",\"position\":1,\"name\":\"Home\",\"item\":\"https:\/\/straatmanmooringsystems.com\/fr\/\"},{\"@type\":\"ListItem\",\"position\":2,\"name\":\"Request a proposal\"}]},{\"@type\":\"WebSite\",\"@id\":\"https:\/\/straatmanmooringsystems.com\/fr\/#website\",\"url\":\"https:\/\/straatmanmooringsystems.com\/fr\/\",\"name\":\"Mooring Systems FR\",\"description\":\"\",\"publisher\":{\"@id\":\"https:\/\/straatmanmooringsystems.com\/fr\/#organization\"},\"potentialAction\":[{\"@type\":\"SearchAction\",\"target\":{\"@type\":\"EntryPoint\",\"urlTemplate\":\"https:\/\/straatmanmooringsystems.com\/fr\/?s={search_term_string}\"},\"query-input\":{\"@type\":\"PropertyValueSpecification\",\"valueRequired\":true,\"valueName\":\"search_term_string\"}}],\"inLanguage\":\"fr-FR\"},{\"@type\":\"Organization\",\"@id\":\"https:\/\/straatmanmooringsystems.com\/fr\/#organization\",\"name\":\"Mooring Systems FR\",\"url\":\"https:\/\/straatmanmooringsystems.com\/fr\/\",\"logo\":{\"@type\":\"ImageObject\",\"inLanguage\":\"fr-FR\",\"@id\":\"https:\/\/straatmanmooringsystems.com\/fr\/#\/schema\/logo\/image\/\",\"url\":\"https:\/\/straatmanmooringsystems.com\/fr\/wp-content\/uploads\/sites\/3\/2026\/02\/logo-mooring.svg\",\"contentUrl\":\"https:\/\/straatmanmooringsystems.com\/fr\/wp-content\/uploads\/sites\/3\/2026\/02\/logo-mooring.svg\",\"width\":237,\"height\":56,\"caption\":\"Mooring Systems FR\"},\"image\":{\"@id\":\"https:\/\/straatmanmooringsystems.com\/fr\/#\/schema\/logo\/image\/\"}}]}<\/script>\n<!-- \/ Yoast SEO plugin. -->","yoast_head_json":{"title":"Request a proposal - Straatman Mooring Systems","description":"Obtenez une solution sur mesure pour votre projet d\u2019amarrage ou d\u2019accostage. Que vous travailliez sur un nouveau terminal, la modernisation d\u2019infrastructures existantes ou le remplacement de composants critiques, nous vous aidons \u00e0 trouver la solution adapt\u00e9e.","robots":{"index":"index","follow":"follow","max-snippet":"max-snippet:-1","max-image-preview":"max-image-preview:large","max-video-preview":"max-video-preview:-1"},"canonical":"https:\/\/straatmanmooringsystems.com\/fr\/request-a-proposal\/","og_locale":"fr_FR","og_type":"article","og_title":"Request a proposal - Straatman Mooring Systems","og_description":"Obtenez une solution sur mesure pour votre projet d\u2019amarrage ou d\u2019accostage. Que vous travailliez sur un nouveau terminal, la modernisation d\u2019infrastructures existantes ou le remplacement de composants critiques, nous vous aidons \u00e0 trouver la solution adapt\u00e9e.","og_url":"https:\/\/straatmanmooringsystems.com\/fr\/request-a-proposal\/","og_site_name":"Mooring Systems FR","article_modified_time":"2026-03-18T09:17:26+00:00","twitter_card":"summary_large_image","twitter_misc":{"Dur\u00e9e de lecture estim\u00e9e":"1 minute"},"schema":{"@context":"https:\/\/schema.org","@graph":[{"@type":"WebPage","@id":"https:\/\/straatmanmooringsystems.com\/fr\/request-a-proposal\/","url":"https:\/\/straatmanmooringsystems.com\/fr\/request-a-proposal\/","name":"Request a proposal - Straatman Mooring Systems","isPartOf":{"@id":"https:\/\/straatmanmooringsystems.com\/fr\/#website"},"datePublished":"2026-01-19T21:40:30+00:00","dateModified":"2026-03-18T09:17:26+00:00","description":"Obtenez une solution sur mesure pour votre projet d\u2019amarrage ou d\u2019accostage. Que vous travailliez sur un nouveau terminal, la modernisation d\u2019infrastructures existantes ou le remplacement de composants critiques, nous vous aidons \u00e0 trouver la solution adapt\u00e9e.","breadcrumb":{"@id":"https:\/\/straatmanmooringsystems.com\/fr\/request-a-proposal\/#breadcrumb"},"inLanguage":"fr-FR","potentialAction":[{"@type":"ReadAction","target":["https:\/\/straatmanmooringsystems.com\/fr\/request-a-proposal\/"]}]},{"@type":"BreadcrumbList","@id":"https:\/\/straatmanmooringsystems.com\/fr\/request-a-proposal\/#breadcrumb","itemListElement":[{"@type":"ListItem","position":1,"name":"Home","item":"https:\/\/straatmanmooringsystems.com\/fr\/"},{"@type":"ListItem","position":2,"name":"Request a proposal"}]},{"@type":"WebSite","@id":"https:\/\/straatmanmooringsystems.com\/fr\/#website","url":"https:\/\/straatmanmooringsystems.com\/fr\/","name":"Mooring Systems FR","description":"","publisher":{"@id":"https:\/\/straatmanmooringsystems.com\/fr\/#organization"},"potentialAction":[{"@type":"SearchAction","target":{"@type":"EntryPoint","urlTemplate":"https:\/\/straatmanmooringsystems.com\/fr\/?s={search_term_string}"},"query-input":{"@type":"PropertyValueSpecification","valueRequired":true,"valueName":"search_term_string"}}],"inLanguage":"fr-FR"},{"@type":"Organization","@id":"https:\/\/straatmanmooringsystems.com\/fr\/#organization","name":"Mooring Systems FR","url":"https:\/\/straatmanmooringsystems.com\/fr\/","logo":{"@type":"ImageObject","inLanguage":"fr-FR","@id":"https:\/\/straatmanmooringsystems.com\/fr\/#\/schema\/logo\/image\/","url":"https:\/\/straatmanmooringsystems.com\/fr\/wp-content\/uploads\/sites\/3\/2026\/02\/logo-mooring.svg","contentUrl":"https:\/\/straatmanmooringsystems.com\/fr\/wp-content\/uploads\/sites\/3\/2026\/02\/logo-mooring.svg","width":237,"height":56,"caption":"Mooring Systems FR"},"image":{"@id":"https:\/\/straatmanmooringsystems.com\/fr\/#\/schema\/logo\/image\/"}}]}},"_links":{"self":[{"href":"https:\/\/straatmanmooringsystems.com\/fr\/wp-json\/wp\/v2\/pages\/2368","targetHints":{"allow":["GET"]}}],"collection":[{"href":"https:\/\/straatmanmooringsystems.com\/fr\/wp-json\/wp\/v2\/pages"}],"about":[{"href":"https:\/\/straatmanmooringsystems.com\/fr\/wp-json\/wp\/v2\/types\/page"}],"author":[{"embeddable":true,"href":"https:\/\/straatmanmooringsystems.com\/fr\/wp-json\/wp\/v2\/users\/1"}],"replies":[{"embeddable":true,"href":"https:\/\/straatmanmooringsystems.com\/fr\/wp-json\/wp\/v2\/comments?post=2368"}],"version-history":[{"count":3,"href":"https:\/\/straatmanmooringsystems.com\/fr\/wp-json\/wp\/v2\/pages\/2368\/revisions"}],"predecessor-version":[{"id":3198,"href":"https:\/\/straatmanmooringsystems.com\/fr\/wp-json\/wp\/v2\/pages\/2368\/revisions\/3198"}],"wp:attachment":[{"href":"https:\/\/straatmanmooringsystems.com\/fr\/wp-json\/wp\/v2\/media?parent=2368"}],"curies":[{"name":"wp","href":"https:\/\/api.w.org\/{rel}","templated":true}]}}