{"id":2452,"date":"2025-12-24T08:13:53","date_gmt":"2025-12-24T08:13:53","guid":{"rendered":"https:\/\/straatmanmooringsystems.com\/?page_id=202"},"modified":"2026-03-11T11:53:43","modified_gmt":"2026-03-11T11:53:43","slug":"service-et-assistance","status":"publish","type":"page","link":"https:\/\/straatmanmooringsystems.com\/fr\/service-et-assistance\/","title":{"rendered":"Service"},"content":{"rendered":"\n<section class=\"tiles-block align wp-block-acf-tiles-block\" id=\"tiles-blockblock_eb05be9491dde6cdd1e6c1ddc95aa46d\">\n    <div class=\"centered\">\n        <div class=\"heading\">\n            <h2 class=\"title\">Voir nos options de service et de support<\/h2>    \n        <\/div>\n        <div class=\"items\"><div class=\"item\"><a class=\"item tile\" title=\"Mise en service et formation\" target=\"_blank\" href=\"https:\/\/straatmanmooringsystems.com\/fr\/service-et-assistance\/mise-en-service-et-formation\/\"><div class=\"image_container\"><img loading=\"lazy\" decoding=\"async\" width=\"661\" height=\"508\" src=\"https:\/\/straatmanmooringsystems.com\/fr\/wp-content\/uploads\/sites\/3\/2026\/01\/Mooring-website-Service.png\" class=\"attachment-large size-large\" alt=\"\" srcset=\"https:\/\/straatmanmooringsystems.com\/fr\/wp-content\/uploads\/sites\/3\/2026\/01\/Mooring-website-Service.png 661w, https:\/\/straatmanmooringsystems.com\/fr\/wp-content\/uploads\/sites\/3\/2026\/01\/Mooring-website-Service-300x231.png 300w\" sizes=\"auto, (max-width: 661px) 100vw, 661px\" \/><\/div><div class=\"content\"><h4 class=\"title\">Mise en service et formation<\/h4><p class=\"description\">Nos ing\u00e9nieurs de service veillent au bon fonctionnement de nos \u00e9quipements en fournissant un service de mise en service sur site.<\/p><span class=\"hexa\"><\/span><\/div><\/a><\/div><div class=\"item\"><a class=\"item tile\" title=\"Inspection, service et pi\u00e8ces de rechange\" target=\"_blank\" href=\"https:\/\/straatmanmooringsystems.com\/fr\/service-et-assistance\/inspection-entretien-systemes-d-amarrage\/\"><div class=\"image_container\"><img loading=\"lazy\" decoding=\"async\" width=\"661\" height=\"508\" src=\"https:\/\/straatmanmooringsystems.com\/fr\/wp-content\/uploads\/sites\/3\/2026\/01\/Mooring-website-Service-1.png\" class=\"attachment-large size-large\" alt=\"\" srcset=\"https:\/\/straatmanmooringsystems.com\/fr\/wp-content\/uploads\/sites\/3\/2026\/01\/Mooring-website-Service-1.png 661w, https:\/\/straatmanmooringsystems.com\/fr\/wp-content\/uploads\/sites\/3\/2026\/01\/Mooring-website-Service-1-300x231.png 300w\" sizes=\"auto, (max-width: 661px) 100vw, 661px\" \/><\/div><div class=\"content\"><h4 class=\"title\">Inspection, service et pi\u00e8ces de rechange<\/h4><p class=\"description\">Des contr\u00f4les r\u00e9guliers et une maintenance prolongent la dur\u00e9e de vie du syst\u00e8me d\u2019amarrage et r\u00e9duisent les temps d\u2019arr\u00eat. Notre \u00e9quipe Pi\u00e8ces &amp;\u00a0Service fournit des pi\u00e8ces de rechange OEM, des mises \u00e0 niveau et un support sur site.<\/p><span class=\"hexa\"><\/span><\/div><\/a><\/div><div class=\"item\"><a class=\"item tile\" title=\"\u00c9quipement d\u2019amarrage Strainstall\/AMTS\" target=\"_blank\" href=\"https:\/\/straatmanmooringsystems.com\/fr\/service-et-assistance\/crochets-a-degagement-rapide-strainstall-et-pieces-detachees\/\"><div class=\"image_container\"><img loading=\"lazy\" decoding=\"async\" width=\"661\" height=\"508\" src=\"https:\/\/straatmanmooringsystems.com\/fr\/wp-content\/uploads\/sites\/3\/2026\/01\/Mooring-website-Service-2.png\" class=\"attachment-large size-large\" alt=\"\" srcset=\"https:\/\/straatmanmooringsystems.com\/fr\/wp-content\/uploads\/sites\/3\/2026\/01\/Mooring-website-Service-2.png 661w, https:\/\/straatmanmooringsystems.com\/fr\/wp-content\/uploads\/sites\/3\/2026\/01\/Mooring-website-Service-2-300x231.png 300w\" sizes=\"auto, (max-width: 661px) 100vw, 661px\" \/><\/div><div class=\"content\"><h4 class=\"title\">\u00c9quipement d\u2019amarrage Strainstall\/AMTS<\/h4><p class=\"description\">Nous entretenons les crochets d\u2019amarrage \u00e0 largage rapide et les syst\u00e8mes d\u2019aide \u00e0 l\u2019accostage Strainstall et\u00a0AMTS.<\/p><span class=\"hexa\"><\/span><\/div><\/a><\/div><div class=\"item\"><a class=\"item tile\" title=\"\u00c9talonnage des cellules de charge dans le crochet\" target=\"_blank\" href=\"https:\/\/straatmanmooringsystems.com\/fr\/service-et-assistance\/etalonnage-cellules-de-charge\/\"><div class=\"image_container\"><img loading=\"lazy\" decoding=\"async\" width=\"661\" height=\"508\" src=\"https:\/\/straatmanmooringsystems.com\/fr\/wp-content\/uploads\/sites\/3\/2026\/01\/Mooring-website-Service-3.png\" class=\"attachment-large size-large\" alt=\"\" srcset=\"https:\/\/straatmanmooringsystems.com\/fr\/wp-content\/uploads\/sites\/3\/2026\/01\/Mooring-website-Service-3.png 661w, https:\/\/straatmanmooringsystems.com\/fr\/wp-content\/uploads\/sites\/3\/2026\/01\/Mooring-website-Service-3-300x231.png 300w\" sizes=\"auto, (max-width: 661px) 100vw, 661px\" \/><\/div><div class=\"content\"><h4 class=\"title\">\u00c9talonnage des cellules de charge dans le crochet<\/h4><p class=\"description\">Straatman propose une m\u00e9thode d\u2019\u00e9talonnage qui r\u00e9pond aux exigences tout en r\u00e9duisant les temps d\u2019arr\u00eat et l\u2019impact op\u00e9rationnel.<\/p><span class=\"hexa\"><\/span><\/div><\/a><\/div><\/div>\n\n        \n        \n\n        <div class=\"extensive_cta\" style=\"position:relative; text-align: center; margin-top:16px; background-color:#00000010; padding: 72px; overflow: hidden;\"><div class=\"bgimage\" style=\"position:absolute; opacity:0.3; left: 0; top: 0;\"><img loading=\"lazy\" decoding=\"async\" width=\"1333\" height=\"276\" src=\"https:\/\/straatmanmooringsystems.com\/fr\/wp-content\/uploads\/sites\/3\/2026\/01\/Mooring-website-Homepage-Discuss-project-2-1.png\" class=\"attachment-full size-full\" alt=\"\" srcset=\"https:\/\/straatmanmooringsystems.com\/fr\/wp-content\/uploads\/sites\/3\/2026\/01\/Mooring-website-Homepage-Discuss-project-2-1.png 1333w, https:\/\/straatmanmooringsystems.com\/fr\/wp-content\/uploads\/sites\/3\/2026\/01\/Mooring-website-Homepage-Discuss-project-2-1-300x62.png 300w, https:\/\/straatmanmooringsystems.com\/fr\/wp-content\/uploads\/sites\/3\/2026\/01\/Mooring-website-Homepage-Discuss-project-2-1-1024x212.png 1024w, https:\/\/straatmanmooringsystems.com\/fr\/wp-content\/uploads\/sites\/3\/2026\/01\/Mooring-website-Homepage-Discuss-project-2-1-768x159.png 768w\" sizes=\"auto, (max-width: 1333px) 100vw, 1333px\" \/><\/div><h3 class=\"title\" style=\"max-width: 600px; margin: 0 auto;\"><strong>Discutons<\/strong> de votre <strong>projet<\/strong> de service<\/h3><a class=\"btn\" href=\"https:\/\/straatmanmooringsystems.com\/request-a-proposal\/\" target=\"_blank\">Demander une proposition<\/a><\/div>        <\/div>\n<\/section>\n\n\n\n\n\n<div style=\"background-color: var(--color-offwhite); padding-top:var(--wp--preset--spacing--60);padding-bottom:var(--wp--preset--spacing--60);\" class=\"icon-block-static offwhite align wp-block-acf-icon-block-static has-background has-offwhite-background-color\" id=\"icon-block-static-block_63a217f6f2dff6aaf872887b44e964c6\">\n    <div class=\"centered\">\n        <h2 class=\"title\">Why our customers trust straatman<\/h2><div class=\"icon-grid\"><div class=\"item\" style=\"flex: 1 1 calc(50.00% - 16px);\"><div class=\"icon\"><img decoding=\"async\" src=\"https:\/\/straatmanmooringsystems.com\/fr\/wp-content\/uploads\/sites\/3\/2025\/12\/Group-website-icon-diamond.png\" alt=\"\"><\/div><div class=\"title\"> Produits de haute qualit\u00e9<\/div><div class=\"description\">Nos produits sont con\u00e7us et fabriqu\u00e9s avec une attention particuli\u00e8re aux d\u00e9tails. Nous utilisons les meilleurs mat\u00e9riaux et v\u00e9rifions tout pour nous assurer que vous obtenez le meilleur.\r\n<\/div><\/div><div class=\"item\" style=\"flex: 1 1 calc(50.00% - 16px);\"><div class=\"icon\"><img decoding=\"async\" src=\"https:\/\/straatmanmooringsystems.com\/fr\/wp-content\/uploads\/sites\/3\/2025\/12\/Group-website-icon-thump-up.png\" alt=\"\"><\/div><div class=\"title\">Niveau de service excellent<\/div><div class=\"description\">Nous sommes l\u00e0 pour vous aider. Notre \u00e9quipe est toujours pr\u00eate \u00e0 r\u00e9pondre \u00e0 vos questions et \u00e0 s&rsquo;assurer que vous \u00eates satisfait de notre service.<\/div><\/div><div class=\"item\" style=\"flex: 1 1 calc(50.00% - 16px);\"><div class=\"icon\"><img decoding=\"async\" src=\"https:\/\/straatmanmooringsystems.com\/fr\/wp-content\/uploads\/sites\/3\/2025\/12\/Group-website-icon-team-in-3.png\" alt=\"\"><\/div><div class=\"title\">\u00c9quipe d\u00e9vou\u00e9e et enthousiaste<\/div><div class=\"description\">Notre \u00e9quipe adore ce qu&rsquo;elle fait. Elle travaille dur pour r\u00e9pondre \u00e0 vos besoins et vous satisfaire.<\/div><\/div><div class=\"item\" style=\"flex: 1 1 calc(50.00% - 16px);\"><div class=\"icon\"><img decoding=\"async\" src=\"https:\/\/straatmanmooringsystems.com\/fr\/wp-content\/uploads\/sites\/3\/2025\/12\/Group-website-icon-clipboard.png\" alt=\"\"><\/div><div class=\"title\">Certifi\u00e9 \u00e0 tous les niveaux n\u00e9cessaires<\/div><div class=\"description\">Nous respectons toutes les normes importantes. Cela signifie que nos produits sont s\u00fbrs, fiables et dignes de confiance.<\/div><\/div><\/div>         \n    <\/div>\n<\/div>\n\n\n\n\n<section style=\"margin-top:var(--wp--preset--spacing--60);\" class=\"latest-news none align wp-block-acf-latest-news\" id=\"latest-newsblock_a7298064d5720f302b573e1a302f092c\">\n\n\n    <div class=\"centered\">\n        <div class=\"heading\">\n            <h2>Actualit\u00e9s et nouveaut\u00e9s<\/h2><a class=\"btn\" href=\"https:\/\/straatmanmooringsystems.com\/fr\/news\/\" target=\"_self\">Aller \u00e0 toutes les actualit\u00e9s<\/a>    \n        <\/div>\n\t\t\n\t\t<div class=\"items\"><div class=\"item postcard\"><div class=\"image_container\"><img loading=\"lazy\" decoding=\"async\" width=\"1000\" height=\"750\" src=\"https:\/\/straatmanmooringsystems.com\/fr\/wp-content\/uploads\/sites\/3\/2026\/04\/IMG_7380.jpg\" class=\"attachment-large size-large wp-post-image\" alt=\"From workshop floor to LNG Terminals\" srcset=\"https:\/\/straatmanmooringsystems.com\/fr\/wp-content\/uploads\/sites\/3\/2026\/04\/IMG_7380.jpg 1000w, https:\/\/straatmanmooringsystems.com\/fr\/wp-content\/uploads\/sites\/3\/2026\/04\/IMG_7380-300x225.jpg 300w, https:\/\/straatmanmooringsystems.com\/fr\/wp-content\/uploads\/sites\/3\/2026\/04\/IMG_7380-768x576.jpg 768w\" sizes=\"auto, (max-width: 1000px) 100vw, 1000px\" \/><\/div><h4 class=\"title\">From workshop floor to LNG Terminals<\/h4><div class=\"bottom\"><span class=\"date\">23 avril 2026<\/span><a class=\"hexa outline\" href=\"https:\/\/straatmanmooringsystems.com\/fr\/news\/from-workshop-floor-to-lng-terminals\/\"><\/a><\/div><\/div><div class=\"item postcard\"><div class=\"image_container\"><img loading=\"lazy\" decoding=\"async\" width=\"1024\" height=\"768\" src=\"https:\/\/straatmanmooringsystems.com\/fr\/wp-content\/uploads\/sites\/3\/2026\/03\/WhatsApp-Image-2026-02-02-at-12.26.11-1-1024x768.jpeg\" class=\"attachment-large size-large wp-post-image\" alt=\"Mooring buoy System for Green Ammonia\" srcset=\"https:\/\/straatmanmooringsystems.com\/fr\/wp-content\/uploads\/sites\/3\/2026\/03\/WhatsApp-Image-2026-02-02-at-12.26.11-1-1024x768.jpeg 1024w, https:\/\/straatmanmooringsystems.com\/fr\/wp-content\/uploads\/sites\/3\/2026\/03\/WhatsApp-Image-2026-02-02-at-12.26.11-1-300x225.jpeg 300w, https:\/\/straatmanmooringsystems.com\/fr\/wp-content\/uploads\/sites\/3\/2026\/03\/WhatsApp-Image-2026-02-02-at-12.26.11-1-768x576.jpeg 768w, https:\/\/straatmanmooringsystems.com\/fr\/wp-content\/uploads\/sites\/3\/2026\/03\/WhatsApp-Image-2026-02-02-at-12.26.11-1-1536x1152.jpeg 1536w, https:\/\/straatmanmooringsystems.com\/fr\/wp-content\/uploads\/sites\/3\/2026\/03\/WhatsApp-Image-2026-02-02-at-12.26.11-1.jpeg 1600w\" sizes=\"auto, (max-width: 1024px) 100vw, 1024px\" \/><\/div><h4 class=\"title\">Mooring buoy System for Green Ammonia<\/h4><div class=\"bottom\"><span class=\"date\">12 f\u00e9vrier 2026<\/span><a class=\"hexa outline\" href=\"https:\/\/straatmanmooringsystems.com\/fr\/news\/offshore-mooring-and-buoy-control-system\/\"><\/a><\/div><\/div><div class=\"item postcard\"><div class=\"image_container\"><img loading=\"lazy\" decoding=\"async\" width=\"1024\" height=\"768\" src=\"https:\/\/straatmanmooringsystems.com\/fr\/wp-content\/uploads\/sites\/3\/2026\/03\/lng-terminal-willemshaven-straatman-1024x768.jpeg\" class=\"attachment-large size-large wp-post-image\" alt=\"Reflecting on a Year of LNG Projects and Growth\" srcset=\"https:\/\/straatmanmooringsystems.com\/fr\/wp-content\/uploads\/sites\/3\/2026\/03\/lng-terminal-willemshaven-straatman-1024x768.jpeg 1024w, https:\/\/straatmanmooringsystems.com\/fr\/wp-content\/uploads\/sites\/3\/2026\/03\/lng-terminal-willemshaven-straatman-300x225.jpeg 300w, https:\/\/straatmanmooringsystems.com\/fr\/wp-content\/uploads\/sites\/3\/2026\/03\/lng-terminal-willemshaven-straatman-768x576.jpeg 768w, https:\/\/straatmanmooringsystems.com\/fr\/wp-content\/uploads\/sites\/3\/2026\/03\/lng-terminal-willemshaven-straatman-1536x1152.jpeg 1536w, https:\/\/straatmanmooringsystems.com\/fr\/wp-content\/uploads\/sites\/3\/2026\/03\/lng-terminal-willemshaven-straatman.jpeg 2048w\" sizes=\"auto, (max-width: 1024px) 100vw, 1024px\" \/><\/div><h4 class=\"title\">Reflecting on a Year of LNG Projects and Growth<\/h4><div class=\"bottom\"><span class=\"date\">2 f\u00e9vrier 2026<\/span><a class=\"hexa outline\" href=\"https:\/\/straatmanmooringsystems.com\/fr\/news\/mooring-systems-for-lng-terminals\/\"><\/a><\/div><\/div><div class=\"item postcard\"><div class=\"image_container\"><img loading=\"lazy\" decoding=\"async\" width=\"1024\" height=\"768\" src=\"https:\/\/straatmanmooringsystems.com\/fr\/wp-content\/uploads\/sites\/3\/2026\/03\/IMG_2547-klein-1024x768.jpg\" class=\"attachment-large size-large wp-post-image\" alt=\"Quick Release Hooks Upgrade in Greece\" srcset=\"https:\/\/straatmanmooringsystems.com\/fr\/wp-content\/uploads\/sites\/3\/2026\/03\/IMG_2547-klein-1024x768.jpg 1024w, https:\/\/straatmanmooringsystems.com\/fr\/wp-content\/uploads\/sites\/3\/2026\/03\/IMG_2547-klein-300x225.jpg 300w, https:\/\/straatmanmooringsystems.com\/fr\/wp-content\/uploads\/sites\/3\/2026\/03\/IMG_2547-klein-768x576.jpg 768w, https:\/\/straatmanmooringsystems.com\/fr\/wp-content\/uploads\/sites\/3\/2026\/03\/IMG_2547-klein-1536x1152.jpg 1536w, https:\/\/straatmanmooringsystems.com\/fr\/wp-content\/uploads\/sites\/3\/2026\/03\/IMG_2547-klein-2048x1536.jpg 2048w\" sizes=\"auto, (max-width: 1024px) 100vw, 1024px\" \/><\/div><h4 class=\"title\">Quick Release Hooks Upgrade in Greece<\/h4><div class=\"bottom\"><span class=\"date\">2 f\u00e9vrier 2026<\/span><a class=\"hexa outline\" href=\"https:\/\/straatmanmooringsystems.com\/fr\/news\/hooks-terminal-upgrade\/\"><\/a><\/div><\/div><\/div>    <\/div>\n<\/section>\n\n\n\n\n\n<div class=\"wp-block-media-text has-media-on-the-right is-stacked-on-mobile has-white-color has-green-background-color has-text-color has-background has-link-color wp-elements-c99fcfaa3d512c6703df9ffc847d3c6f\" style=\"padding-top:var(--wp--preset--spacing--60);padding-bottom:var(--wp--preset--spacing--60)\"><div class=\"wp-block-media-text__content\">\n<h2 class=\"wp-block-heading has-white-color has-text-color has-link-color wp-elements-b161ac64cb097f8e3d3229a8c00d6329\">Votre \u00e9quipement d\u2019amarrage n\u00e9cessite\u2011t\u2011il une maintenance, une inspection ou une mise \u00e0 niveau&nbsp;?<\/h2>\n\n\n\n<ul class=\"wp-block-list\">\n<li>Produits de haute qualit\u00e9<\/li>\n\n\n\n<li>Service excellent<\/li>\n\n\n\n<li>Plus de 50 ans d\u2019exp\u00e9rience<\/li>\n\n\n\n<li>Certifi\u00e9 \u00e0 tous les niveaux<\/li>\n<\/ul>\n\n\n\n<div class=\"wp-block-buttons is-layout-flex wp-block-buttons-is-layout-flex\">\n<div class=\"wp-block-button\"><a class=\"wp-block-button__link wp-element-button\" href=\"https:\/\/straatmanmooringsystems.com\/fr\/request-a-proposal\/\" target=\"_blank\" rel=\"noreferrer noopener\">Obtenez une proposition directe<\/a><\/div>\n<\/div>\n<\/div><figure class=\"wp-block-media-text__media\"><img loading=\"lazy\" decoding=\"async\" width=\"1024\" height=\"468\" src=\"https:\/\/straatmanmooringsystems.com\/fr\/wp-content\/uploads\/2025\/12\/Vector-1024x468.png\" alt=\"\" class=\"wp-image-450 size-full\" srcset=\"https:\/\/straatmanmooringsystems.com\/fr\/wp-content\/uploads\/sites\/3\/2025\/12\/Vector-1024x468.png 1024w, https:\/\/straatmanmooringsystems.com\/fr\/wp-content\/uploads\/sites\/3\/2025\/12\/Vector-300x137.png 300w, https:\/\/straatmanmooringsystems.com\/fr\/wp-content\/uploads\/sites\/3\/2025\/12\/Vector-768x351.png 768w, https:\/\/straatmanmooringsystems.com\/fr\/wp-content\/uploads\/sites\/3\/2025\/12\/Vector.png 1312w\" sizes=\"auto, (max-width: 1024px) 100vw, 1024px\" \/><\/figure><\/div>\n","protected":false},"excerpt":{"rendered":"","protected":false},"author":1,"featured_media":0,"parent":0,"menu_order":0,"comment_status":"closed","ping_status":"closed","template":"","meta":{"_acf_changed":false,"footnotes":""},"class_list":["post-2452","page","type-page","status-publish","hentry"],"acf":[],"yoast_head":"<!-- This site is optimized with the Yoast SEO plugin v26.6 - https:\/\/yoast.com\/wordpress\/plugins\/seo\/ -->\n<title>Service - Straatman Mooring Systems<\/title>\n<meta name=\"description\" content=\"Straatman assure le service, la maintenance et le support des syst\u00e8mes d\u2019amarrage et d\u2019accostage afin de garantir un fonctionnement s\u00fbr et fiable.\" \/>\n<meta name=\"robots\" content=\"index, follow, max-snippet:-1, max-image-preview:large, max-video-preview:-1\" \/>\n<link rel=\"canonical\" href=\"https:\/\/straatmanmooringsystems.com\/fr\/service-et-assistance\/\" \/>\n<meta property=\"og:locale\" content=\"fr_FR\" \/>\n<meta property=\"og:type\" content=\"article\" \/>\n<meta property=\"og:title\" content=\"Service - Straatman Mooring Systems\" \/>\n<meta property=\"og:description\" content=\"Straatman assure le service, la maintenance et le support des syst\u00e8mes d\u2019amarrage et d\u2019accostage afin de garantir un fonctionnement s\u00fbr et fiable.\" \/>\n<meta property=\"og:url\" content=\"https:\/\/straatmanmooringsystems.com\/fr\/service-et-assistance\/\" \/>\n<meta property=\"og:site_name\" content=\"Mooring Systems FR\" \/>\n<meta property=\"article:modified_time\" content=\"2026-03-11T11:53:43+00:00\" \/>\n<meta property=\"og:image\" content=\"https:\/\/straatmanmooringsystems.com\/fr\/wp-content\/uploads\/2025\/12\/Vector-1024x468.png\" \/>\n<meta name=\"twitter:card\" content=\"summary_large_image\" \/>\n<meta name=\"twitter:label1\" content=\"Dur\u00e9e de lecture estim\u00e9e\" \/>\n\t<meta name=\"twitter:data1\" content=\"1 minute\" \/>\n<script type=\"application\/ld+json\" class=\"yoast-schema-graph\">{\"@context\":\"https:\/\/schema.org\",\"@graph\":[{\"@type\":\"WebPage\",\"@id\":\"https:\/\/straatmanmooringsystems.com\/fr\/service-et-assistance\/\",\"url\":\"https:\/\/straatmanmooringsystems.com\/fr\/service-et-assistance\/\",\"name\":\"Service - Straatman Mooring Systems\",\"isPartOf\":{\"@id\":\"https:\/\/straatmanmooringsystems.com\/fr\/#website\"},\"primaryImageOfPage\":{\"@id\":\"https:\/\/straatmanmooringsystems.com\/fr\/service-et-assistance\/#primaryimage\"},\"image\":{\"@id\":\"https:\/\/straatmanmooringsystems.com\/fr\/service-et-assistance\/#primaryimage\"},\"thumbnailUrl\":\"https:\/\/straatmanmooringsystems.com\/fr\/wp-content\/uploads\/2025\/12\/Vector-1024x468.png\",\"datePublished\":\"2025-12-24T08:13:53+00:00\",\"dateModified\":\"2026-03-11T11:53:43+00:00\",\"description\":\"Straatman assure le service, la maintenance et le support des syst\u00e8mes d\u2019amarrage et d\u2019accostage afin de garantir un fonctionnement s\u00fbr et fiable.\",\"breadcrumb\":{\"@id\":\"https:\/\/straatmanmooringsystems.com\/fr\/service-et-assistance\/#breadcrumb\"},\"inLanguage\":\"fr-FR\",\"potentialAction\":[{\"@type\":\"ReadAction\",\"target\":[\"https:\/\/straatmanmooringsystems.com\/fr\/service-et-assistance\/\"]}]},{\"@type\":\"ImageObject\",\"inLanguage\":\"fr-FR\",\"@id\":\"https:\/\/straatmanmooringsystems.com\/fr\/service-et-assistance\/#primaryimage\",\"url\":\"https:\/\/straatmanmooringsystems.com\/fr\/wp-content\/uploads\/sites\/3\/2025\/12\/Vector.png\",\"contentUrl\":\"https:\/\/straatmanmooringsystems.com\/fr\/wp-content\/uploads\/sites\/3\/2025\/12\/Vector.png\",\"width\":1312,\"height\":600},{\"@type\":\"BreadcrumbList\",\"@id\":\"https:\/\/straatmanmooringsystems.com\/fr\/service-et-assistance\/#breadcrumb\",\"itemListElement\":[{\"@type\":\"ListItem\",\"position\":1,\"name\":\"Home\",\"item\":\"https:\/\/straatmanmooringsystems.com\/fr\/\"},{\"@type\":\"ListItem\",\"position\":2,\"name\":\"Service\"}]},{\"@type\":\"WebSite\",\"@id\":\"https:\/\/straatmanmooringsystems.com\/fr\/#website\",\"url\":\"https:\/\/straatmanmooringsystems.com\/fr\/\",\"name\":\"Mooring Systems FR\",\"description\":\"\",\"publisher\":{\"@id\":\"https:\/\/straatmanmooringsystems.com\/fr\/#organization\"},\"potentialAction\":[{\"@type\":\"SearchAction\",\"target\":{\"@type\":\"EntryPoint\",\"urlTemplate\":\"https:\/\/straatmanmooringsystems.com\/fr\/?s={search_term_string}\"},\"query-input\":{\"@type\":\"PropertyValueSpecification\",\"valueRequired\":true,\"valueName\":\"search_term_string\"}}],\"inLanguage\":\"fr-FR\"},{\"@type\":\"Organization\",\"@id\":\"https:\/\/straatmanmooringsystems.com\/fr\/#organization\",\"name\":\"Mooring Systems FR\",\"url\":\"https:\/\/straatmanmooringsystems.com\/fr\/\",\"logo\":{\"@type\":\"ImageObject\",\"inLanguage\":\"fr-FR\",\"@id\":\"https:\/\/straatmanmooringsystems.com\/fr\/#\/schema\/logo\/image\/\",\"url\":\"https:\/\/straatmanmooringsystems.com\/fr\/wp-content\/uploads\/sites\/3\/2026\/02\/logo-mooring.svg\",\"contentUrl\":\"https:\/\/straatmanmooringsystems.com\/fr\/wp-content\/uploads\/sites\/3\/2026\/02\/logo-mooring.svg\",\"width\":237,\"height\":56,\"caption\":\"Mooring Systems FR\"},\"image\":{\"@id\":\"https:\/\/straatmanmooringsystems.com\/fr\/#\/schema\/logo\/image\/\"}}]}<\/script>\n<!-- \/ Yoast SEO plugin. -->","yoast_head_json":{"title":"Service - Straatman Mooring Systems","description":"Straatman assure le service, la maintenance et le support des syst\u00e8mes d\u2019amarrage et d\u2019accostage afin de garantir un fonctionnement s\u00fbr et fiable.","robots":{"index":"index","follow":"follow","max-snippet":"max-snippet:-1","max-image-preview":"max-image-preview:large","max-video-preview":"max-video-preview:-1"},"canonical":"https:\/\/straatmanmooringsystems.com\/fr\/service-et-assistance\/","og_locale":"fr_FR","og_type":"article","og_title":"Service - Straatman Mooring Systems","og_description":"Straatman assure le service, la maintenance et le support des syst\u00e8mes d\u2019amarrage et d\u2019accostage afin de garantir un fonctionnement s\u00fbr et fiable.","og_url":"https:\/\/straatmanmooringsystems.com\/fr\/service-et-assistance\/","og_site_name":"Mooring Systems FR","article_modified_time":"2026-03-11T11:53:43+00:00","og_image":[{"url":"https:\/\/straatmanmooringsystems.com\/fr\/wp-content\/uploads\/2025\/12\/Vector-1024x468.png","type":"","width":"","height":""}],"twitter_card":"summary_large_image","twitter_misc":{"Dur\u00e9e de lecture estim\u00e9e":"1 minute"},"schema":{"@context":"https:\/\/schema.org","@graph":[{"@type":"WebPage","@id":"https:\/\/straatmanmooringsystems.com\/fr\/service-et-assistance\/","url":"https:\/\/straatmanmooringsystems.com\/fr\/service-et-assistance\/","name":"Service - Straatman Mooring Systems","isPartOf":{"@id":"https:\/\/straatmanmooringsystems.com\/fr\/#website"},"primaryImageOfPage":{"@id":"https:\/\/straatmanmooringsystems.com\/fr\/service-et-assistance\/#primaryimage"},"image":{"@id":"https:\/\/straatmanmooringsystems.com\/fr\/service-et-assistance\/#primaryimage"},"thumbnailUrl":"https:\/\/straatmanmooringsystems.com\/fr\/wp-content\/uploads\/2025\/12\/Vector-1024x468.png","datePublished":"2025-12-24T08:13:53+00:00","dateModified":"2026-03-11T11:53:43+00:00","description":"Straatman assure le service, la maintenance et le support des syst\u00e8mes d\u2019amarrage et d\u2019accostage afin de garantir un fonctionnement s\u00fbr et fiable.","breadcrumb":{"@id":"https:\/\/straatmanmooringsystems.com\/fr\/service-et-assistance\/#breadcrumb"},"inLanguage":"fr-FR","potentialAction":[{"@type":"ReadAction","target":["https:\/\/straatmanmooringsystems.com\/fr\/service-et-assistance\/"]}]},{"@type":"ImageObject","inLanguage":"fr-FR","@id":"https:\/\/straatmanmooringsystems.com\/fr\/service-et-assistance\/#primaryimage","url":"https:\/\/straatmanmooringsystems.com\/fr\/wp-content\/uploads\/sites\/3\/2025\/12\/Vector.png","contentUrl":"https:\/\/straatmanmooringsystems.com\/fr\/wp-content\/uploads\/sites\/3\/2025\/12\/Vector.png","width":1312,"height":600},{"@type":"BreadcrumbList","@id":"https:\/\/straatmanmooringsystems.com\/fr\/service-et-assistance\/#breadcrumb","itemListElement":[{"@type":"ListItem","position":1,"name":"Home","item":"https:\/\/straatmanmooringsystems.com\/fr\/"},{"@type":"ListItem","position":2,"name":"Service"}]},{"@type":"WebSite","@id":"https:\/\/straatmanmooringsystems.com\/fr\/#website","url":"https:\/\/straatmanmooringsystems.com\/fr\/","name":"Mooring Systems FR","description":"","publisher":{"@id":"https:\/\/straatmanmooringsystems.com\/fr\/#organization"},"potentialAction":[{"@type":"SearchAction","target":{"@type":"EntryPoint","urlTemplate":"https:\/\/straatmanmooringsystems.com\/fr\/?s={search_term_string}"},"query-input":{"@type":"PropertyValueSpecification","valueRequired":true,"valueName":"search_term_string"}}],"inLanguage":"fr-FR"},{"@type":"Organization","@id":"https:\/\/straatmanmooringsystems.com\/fr\/#organization","name":"Mooring Systems FR","url":"https:\/\/straatmanmooringsystems.com\/fr\/","logo":{"@type":"ImageObject","inLanguage":"fr-FR","@id":"https:\/\/straatmanmooringsystems.com\/fr\/#\/schema\/logo\/image\/","url":"https:\/\/straatmanmooringsystems.com\/fr\/wp-content\/uploads\/sites\/3\/2026\/02\/logo-mooring.svg","contentUrl":"https:\/\/straatmanmooringsystems.com\/fr\/wp-content\/uploads\/sites\/3\/2026\/02\/logo-mooring.svg","width":237,"height":56,"caption":"Mooring Systems FR"},"image":{"@id":"https:\/\/straatmanmooringsystems.com\/fr\/#\/schema\/logo\/image\/"}}]}},"_links":{"self":[{"href":"https:\/\/straatmanmooringsystems.com\/fr\/wp-json\/wp\/v2\/pages\/2452","targetHints":{"allow":["GET"]}}],"collection":[{"href":"https:\/\/straatmanmooringsystems.com\/fr\/wp-json\/wp\/v2\/pages"}],"about":[{"href":"https:\/\/straatmanmooringsystems.com\/fr\/wp-json\/wp\/v2\/types\/page"}],"author":[{"embeddable":true,"href":"https:\/\/straatmanmooringsystems.com\/fr\/wp-json\/wp\/v2\/users\/1"}],"replies":[{"embeddable":true,"href":"https:\/\/straatmanmooringsystems.com\/fr\/wp-json\/wp\/v2\/comments?post=2452"}],"version-history":[{"count":9,"href":"https:\/\/straatmanmooringsystems.com\/fr\/wp-json\/wp\/v2\/pages\/2452\/revisions"}],"predecessor-version":[{"id":3130,"href":"https:\/\/straatmanmooringsystems.com\/fr\/wp-json\/wp\/v2\/pages\/2452\/revisions\/3130"}],"wp:attachment":[{"href":"https:\/\/straatmanmooringsystems.com\/fr\/wp-json\/wp\/v2\/media?parent=2452"}],"curies":[{"name":"wp","href":"https:\/\/api.w.org\/{rel}","templated":true}]}}