{"id":851,"date":"2026-01-06T14:03:12","date_gmt":"2026-01-06T14:03:12","guid":{"rendered":"https:\/\/straatmanmooringsystems.com\/?page_id=851"},"modified":"2026-03-02T06:55:23","modified_gmt":"2026-03-02T06:55:23","slug":"integration-du-logiciel","status":"publish","type":"page","link":"https:\/\/straatmanmooringsystems.com\/fr\/systemes-d-amarrage\/integration-du-logiciel\/","title":{"rendered":"MoorControl"},"content":{"rendered":"\n<div style=\"padding-top:var(--wp--preset--spacing--60);padding-bottom:var(--wp--preset--spacing--60);\" class=\"icon-block-static none align wp-block-acf-icon-block-static has-background has-green-background-color\" id=\"icon-block-static-block_4b79bfb39387cee84c172ecc1145564c\">\n    <div class=\"centered\">\n        <div class=\"description\"><p><span data-sheets-root=\"1\">Nous disposons de toutes les comp\u00e9tences internes, telles que des ing\u00e9nieurs et des d\u00e9veloppeurs de logiciels, pour fournir des projets cl\u00e9s en main, y compris l&rsquo;int\u00e9gration et la communication avec des syst\u00e8mes de gestion portuaire tiers. En outre, nous pouvons fournir notre propre portail logiciel en ligne qui donne acc\u00e8s \u00e0 vos donn\u00e9es.<\/span><\/p>\n<\/div><div class=\"icon-grid\"><div class=\"item\" style=\"flex: 1 1 calc(25.00% - 16px);\"><div class=\"icon\"><img decoding=\"async\" src=\"https:\/\/straatmanmooringsystems.com\/fr\/wp-content\/uploads\/sites\/3\/2025\/12\/Group-website-icon-thump-up.png\" alt=\"\"><\/div><div class=\"title\">Plus de 50 ans d\u2019exp\u00e9rience dans la fabrication<\/div><\/div><div class=\"item\" style=\"flex: 1 1 calc(25.00% - 16px);\"><div class=\"icon\"><img decoding=\"async\" src=\"https:\/\/straatmanmooringsystems.com\/fr\/wp-content\/uploads\/sites\/3\/2025\/12\/Group-website-icon-Netherlands.png\" alt=\"\"><\/div><div class=\"title\">Con\u00e7u, d\u00e9velopp\u00e9 et fabriqu\u00e9 aux Pays\u2011Bas<\/div><\/div><div class=\"item\" style=\"flex: 1 1 calc(25.00% - 16px);\"><div class=\"icon\"><img decoding=\"async\" src=\"https:\/\/straatmanmooringsystems.com\/fr\/wp-content\/uploads\/sites\/3\/2025\/12\/Group-website-icon-clipboard.png\" alt=\"\"><\/div><div class=\"title\">Produits de haute qualit\u00e9 et excellent niveau de service<\/div><\/div><div class=\"item\" style=\"flex: 1 1 calc(25.00% - 16px);\"><div class=\"icon\"><img decoding=\"async\" src=\"https:\/\/straatmanmooringsystems.com\/fr\/wp-content\/uploads\/sites\/3\/2025\/12\/Group-website-icon-diamond.png\" alt=\"\"><\/div><div class=\"title\">Innovation et am\u00e9lioration continues<\/div><\/div><\/div>         \n    <\/div>\n<\/div>\n\n\n\n\n<div class=\"wp-block-media-text is-stacked-on-mobile\" style=\"padding-top:var(--wp--preset--spacing--60)\"><figure class=\"wp-block-media-text__media\"><img loading=\"lazy\" decoding=\"async\" width=\"661\" height=\"508\" src=\"https:\/\/straatmanmooringsystems.com\/fr\/wp-content\/uploads\/sites\/3\/2026\/01\/Mooring-website-MoorControl-4.png\" alt=\"\" class=\"wp-image-1082 size-full\" srcset=\"https:\/\/straatmanmooringsystems.com\/fr\/wp-content\/uploads\/sites\/3\/2026\/01\/Mooring-website-MoorControl-4.png 661w, https:\/\/straatmanmooringsystems.com\/fr\/wp-content\/uploads\/sites\/3\/2026\/01\/Mooring-website-MoorControl-4-300x231.png 300w\" sizes=\"auto, (max-width: 661px) 100vw, 661px\" \/><\/figure><div class=\"wp-block-media-text__content\">\n<h2 class=\"wp-block-heading\"><strong><strong><strong>Pourquoi l&rsquo;int\u00e9gration des syst\u00e8mes est-elle si importante ?<\/strong><\/strong><\/strong><\/h2>\n\n\n\n<p>Nous pouvons combiner tous les syst\u00e8mes d&rsquo;amarrage et d&rsquo;accostage en un seul syst\u00e8me facile \u00e0 utiliser. Les informations cl\u00e9s seront visibles en temps r\u00e9el dans la salle de contr\u00f4le, \u00e0 bord d&rsquo;un navire ou sur la jet\u00e9e, ce qui am\u00e9liore la s\u00e9curit\u00e9 et les op\u00e9rations.<\/p>\n\n\n\n<ul class=\"wp-block-list\">\n<li>Optimiser la productivit\u00e9 en int\u00e9grant tous les syst\u00e8mes<\/li>\n\n\n\n<li>Cr\u00e9er une vue d&rsquo;ensemble de toutes les op\u00e9rations d&rsquo;amarrage et d&rsquo;accostage<\/li>\n\n\n\n<li>Straatman, votre partenaire unique pour les questions et l&rsquo;assistance.<\/li>\n<\/ul>\n<\/div><\/div>\n\n\n\n<div class=\"wp-block-media-text has-media-on-the-right is-stacked-on-mobile\"><div class=\"wp-block-media-text__content\">\n<h2 class=\"wp-block-heading\"><strong><strong>Cr\u00e9er une vue d&rsquo;ensemble<\/strong><\/strong><\/h2>\n\n\n\n<p>En int\u00e9grant tous les syst\u00e8mes, Straatman peut vous fournir une vue d&rsquo;ensemble de vos op\u00e9rations d&rsquo;amarrage. Il existe plusieurs fa\u00e7ons de pr\u00e9senter les donn\u00e9es r\u00e9elles aux op\u00e9rateurs comme sur des tablettes, des t\u00e9l\u00e9phones portables, dans les salles de contr\u00f4le et sur des pagers portatifs. Avec notre plateforme logicielle MoorControl, les informations suivantes, par exemple, peuvent \u00eatre visualis\u00e9es:<\/p>\n\n\n\n<ul class=\"wp-block-list\">\n<li>La puissance disponible, la consommation d&rsquo;\u00e9nergie, la qualit\u00e9 de la batterie (pour nos syst\u00e8mes \u00e0 \u00e9nergie solaire).<\/li>\n\n\n\n<li>Donn\u00e9es historiques (jusqu&rsquo;\u00e0 24 mois)<\/li>\n\n\n\n<li>Mar\u00e9e<\/li>\n\n\n\n<li>Informations AIS<\/li>\n\n\n\n<li>Base de donn\u00e9es des navires<\/li>\n\n\n\n<li>Param\u00e8tres d&rsquo;alarme<\/li>\n\n\n\n<li>Syst\u00e8me de surveillance de la charge d&rsquo;amarrage (MLMS)<\/li>\n\n\n\n<li>Syst\u00e8me d&rsquo;aide \u00e0 l&rsquo;accostage (BAS)<\/li>\n\n\n\n<li>Syst\u00e8me de surveillance de l&rsquo;environnement (EMS)<\/li>\n<\/ul>\n\n\n\n<p>D&rsquo;autres donn\u00e9es peuvent \u00eatre ajout\u00e9es au syst\u00e8me logiciel. Faites-nous part de vos souhaits!<\/p>\n<\/div><figure class=\"wp-block-media-text__media\"><img loading=\"lazy\" decoding=\"async\" width=\"980\" height=\"553\" src=\"https:\/\/straatmanmooringsystems.com\/fr\/wp-content\/uploads\/sites\/3\/2026\/01\/MoorControl-dashboard-Straatman.png\" alt=\"\" class=\"wp-image-1205 size-full\" srcset=\"https:\/\/straatmanmooringsystems.com\/fr\/wp-content\/uploads\/sites\/3\/2026\/01\/MoorControl-dashboard-Straatman.png 980w, https:\/\/straatmanmooringsystems.com\/fr\/wp-content\/uploads\/sites\/3\/2026\/01\/MoorControl-dashboard-Straatman-300x169.png 300w, https:\/\/straatmanmooringsystems.com\/fr\/wp-content\/uploads\/sites\/3\/2026\/01\/MoorControl-dashboard-Straatman-768x433.png 768w\" sizes=\"auto, (max-width: 980px) 100vw, 980px\" \/><\/figure><\/div>\n\n\n\n<div class=\"wp-block-media-text is-stacked-on-mobile\"><figure class=\"wp-block-media-text__media\"><img loading=\"lazy\" decoding=\"async\" width=\"661\" height=\"508\" src=\"https:\/\/straatmanmooringsystems.com\/fr\/wp-content\/uploads\/sites\/3\/2026\/01\/Mooring-website-MoorControl-2.png\" alt=\"\" class=\"wp-image-1075 size-full\" srcset=\"https:\/\/straatmanmooringsystems.com\/fr\/wp-content\/uploads\/sites\/3\/2026\/01\/Mooring-website-MoorControl-2.png 661w, https:\/\/straatmanmooringsystems.com\/fr\/wp-content\/uploads\/sites\/3\/2026\/01\/Mooring-website-MoorControl-2-300x231.png 300w\" sizes=\"auto, (max-width: 661px) 100vw, 661px\" \/><\/figure><div class=\"wp-block-media-text__content\">\n<h2 class=\"wp-block-heading\"><strong><strong><strong>Comment cela fonctionne<\/strong><\/strong><\/strong><\/h2>\n\n\n\n<p>Straatman est un expert en syst\u00e8mes de communication avanc\u00e9s et de haute technologie. Nos syst\u00e8mes peuvent \u00eatre \u00e9quip\u00e9s d&rsquo;enregistreurs de donn\u00e9es et transmettent des donn\u00e9es avec par exemple LoRa, UHF, Wi-Fi et 4G.<\/p>\n<\/div><\/div>\n\n\n\n<div class=\"wp-block-media-text has-media-on-the-right is-stacked-on-mobile\" style=\"padding-bottom:var(--wp--preset--spacing--60)\"><div class=\"wp-block-media-text__content\">\n<h2 class=\"wp-block-heading\"><strong><strong><strong>Syst\u00e8me de Carry-on-board<\/strong><\/strong><\/strong><\/h2>\n\n\n\n<p>Pour accro\u00eetre la s\u00e9curit\u00e9 \u00e0 bord du navire lorsqu\u2019il est amarr\u00e9, nous pouvons fournir un Syst\u00e8me de Carry-on-board sophistiqu\u00e9 qui r\u00e9pond aux normes technologiques les plus r\u00e9centes. Le Syst\u00e8me de Carry-on-board Straatman est un syst\u00e8me portable qui affiche les donn\u00e9es d\u2019amarrage \u00e0 bord du navire amarr\u00e9.<br>Le syst\u00e8me est bas\u00e9 sur une communication Wi\u2011Fi Mesh avec une grande capacit\u00e9 de transmission de donn\u00e9es. Le Syst\u00e8me de Carry-on-board comprend des stations terrestres ainsi qu\u2019un syst\u00e8me portable install\u00e9 dans une valise robuste. Cette valise est plac\u00e9e sur la passerelle d\u2019un navire amarr\u00e9 afin d\u2019afficher toutes les donn\u00e9es d\u2019amarrage pertinentes.<\/p>\n<\/div><figure class=\"wp-block-media-text__media\"><img loading=\"lazy\" decoding=\"async\" width=\"661\" height=\"508\" src=\"https:\/\/straatmanmooringsystems.com\/fr\/wp-content\/uploads\/sites\/3\/2026\/01\/Mooring-website-MoorControl-5.png\" alt=\"\" class=\"wp-image-1306 size-full\" srcset=\"https:\/\/straatmanmooringsystems.com\/fr\/wp-content\/uploads\/sites\/3\/2026\/01\/Mooring-website-MoorControl-5.png 661w, https:\/\/straatmanmooringsystems.com\/fr\/wp-content\/uploads\/sites\/3\/2026\/01\/Mooring-website-MoorControl-5-300x231.png 300w\" sizes=\"auto, (max-width: 661px) 100vw, 661px\" \/><\/figure><\/div>\n\n\n\n<div class=\"wp-block-media-text has-media-on-the-right is-stacked-on-mobile has-white-color has-green-background-color has-text-color has-background has-link-color wp-elements-bdc6dc931aa5ccdae6054a3828e275a1\" style=\"padding-top:var(--wp--preset--spacing--60);padding-bottom:var(--wp--preset--spacing--60)\"><div class=\"wp-block-media-text__content\">\n<h2 class=\"wp-block-heading has-white-color has-text-color has-link-color wp-elements-f44a83aa207076986dc89a4cf775e211\"><strong>Vous recherchez la solution d\u2019amarrage adapt\u00e9e \u00e0 votre projet?<\/strong><\/h2>\n\n\n\n<ul class=\"wp-block-list\">\n<li>Produits de haute qualit\u00e9<\/li>\n\n\n\n<li>Service excellent<\/li>\n\n\n\n<li>Plus de 50 ans d\u2019exp\u00e9rience<\/li>\n\n\n\n<li>Certifi\u00e9 \u00e0 tous les niveaux<\/li>\n<\/ul>\n\n\n\n<div class=\"wp-block-buttons is-layout-flex wp-block-buttons-is-layout-flex\">\n<div class=\"wp-block-button\"><a class=\"wp-block-button__link wp-element-button\" href=\"https:\/\/straatmanmooringsystems.com\/fr\/request-a-proposal\/\" target=\"_blank\" rel=\"noreferrer noopener\">Obtenez une proposition directe<\/a><\/div>\n<\/div>\n\n\n\n<div class=\"wp-block-buttons is-layout-flex wp-block-buttons-is-layout-flex\">\n<div class=\"wp-block-button\"><a class=\"wp-block-button__link wp-element-button\" href=\"https:\/\/straatmanmooringsystems.com\/fr\/contactez-nous\/\" target=\"_blank\" rel=\"noreferrer noopener\">Contactez-nous<\/a><\/div>\n<\/div>\n<\/div><figure class=\"wp-block-media-text__media\"><img loading=\"lazy\" decoding=\"async\" width=\"1024\" height=\"468\" src=\"https:\/\/straatmanmooringsystems.com\/fr\/wp-content\/uploads\/2025\/12\/Vector-1024x468.png\" alt=\"\" class=\"wp-image-450 size-full\" srcset=\"https:\/\/straatmanmooringsystems.com\/fr\/wp-content\/uploads\/sites\/3\/2025\/12\/Vector-1024x468.png 1024w, https:\/\/straatmanmooringsystems.com\/fr\/wp-content\/uploads\/sites\/3\/2025\/12\/Vector-300x137.png 300w, https:\/\/straatmanmooringsystems.com\/fr\/wp-content\/uploads\/sites\/3\/2025\/12\/Vector-768x351.png 768w, https:\/\/straatmanmooringsystems.com\/fr\/wp-content\/uploads\/sites\/3\/2025\/12\/Vector.png 1312w\" sizes=\"auto, (max-width: 1024px) 100vw, 1024px\" \/><\/figure><\/div>\n","protected":false},"excerpt":{"rendered":"<p>Comment cela fonctionne Straatman est un expert en syst\u00e8mes de communication avanc\u00e9s et de haute technologie. Nos syst\u00e8mes peuvent \u00eatre \u00e9quip\u00e9s d&rsquo;enregistreurs de donn\u00e9es et transmettent des donn\u00e9es avec par exemple LoRa, UHF, Wi-Fi et 4G. Syst\u00e8me de Carry-on-board Pour accro\u00eetre la s\u00e9curit\u00e9 \u00e0 bord du navire lorsqu\u2019il est amarr\u00e9, nous pouvons fournir un Syst\u00e8me [&hellip;]<\/p>\n","protected":false},"author":2,"featured_media":0,"parent":2455,"menu_order":0,"comment_status":"closed","ping_status":"closed","template":"","meta":{"_acf_changed":false,"footnotes":""},"class_list":["post-851","page","type-page","status-publish","hentry"],"acf":[],"yoast_head":"<!-- This site is optimized with the Yoast SEO plugin v26.6 - https:\/\/yoast.com\/wordpress\/plugins\/seo\/ -->\n<title>MoorControl - Straatman Mooring Systems<\/title>\n<meta name=\"description\" content=\"Chez Straatman, nous disposons de toute l\u2019expertise interne n\u00e9cessaire pour garantir que tous les syst\u00e8mes d\u2019amarrage soient parfaitement int\u00e9gr\u00e9s. D\u00e9couvrez\u2011en plus sur cette page.\" \/>\n<meta name=\"robots\" content=\"index, follow, max-snippet:-1, max-image-preview:large, max-video-preview:-1\" \/>\n<link rel=\"canonical\" href=\"https:\/\/straatmanmooringsystems.com\/fr\/systemes-d-amarrage\/integration-du-logiciel\/\" \/>\n<meta property=\"og:locale\" content=\"fr_FR\" \/>\n<meta property=\"og:type\" content=\"article\" \/>\n<meta property=\"og:title\" content=\"MoorControl - Straatman Mooring Systems\" \/>\n<meta property=\"og:description\" content=\"Chez Straatman, nous disposons de toute l\u2019expertise interne n\u00e9cessaire pour garantir que tous les syst\u00e8mes d\u2019amarrage soient parfaitement int\u00e9gr\u00e9s. D\u00e9couvrez\u2011en plus sur cette page.\" \/>\n<meta property=\"og:url\" content=\"https:\/\/straatmanmooringsystems.com\/fr\/systemes-d-amarrage\/integration-du-logiciel\/\" \/>\n<meta property=\"og:site_name\" content=\"Mooring Systems FR\" \/>\n<meta property=\"article:modified_time\" content=\"2026-03-02T06:55:23+00:00\" \/>\n<meta property=\"og:image\" content=\"https:\/\/straatmanmooringsystems.com\/fr\/wp-content\/uploads\/sites\/3\/2026\/01\/Mooring-website-MoorControl-4.png\" \/>\n<meta name=\"twitter:card\" content=\"summary_large_image\" \/>\n<meta name=\"twitter:label1\" content=\"Dur\u00e9e de lecture estim\u00e9e\" \/>\n\t<meta name=\"twitter:data1\" content=\"3 minutes\" \/>\n<script type=\"application\/ld+json\" class=\"yoast-schema-graph\">{\"@context\":\"https:\/\/schema.org\",\"@graph\":[{\"@type\":\"WebPage\",\"@id\":\"https:\/\/straatmanmooringsystems.com\/fr\/systemes-d-amarrage\/integration-du-logiciel\/\",\"url\":\"https:\/\/straatmanmooringsystems.com\/fr\/systemes-d-amarrage\/integration-du-logiciel\/\",\"name\":\"MoorControl - Straatman Mooring Systems\",\"isPartOf\":{\"@id\":\"https:\/\/straatmanmooringsystems.com\/fr\/#website\"},\"primaryImageOfPage\":{\"@id\":\"https:\/\/straatmanmooringsystems.com\/fr\/systemes-d-amarrage\/integration-du-logiciel\/#primaryimage\"},\"image\":{\"@id\":\"https:\/\/straatmanmooringsystems.com\/fr\/systemes-d-amarrage\/integration-du-logiciel\/#primaryimage\"},\"thumbnailUrl\":\"https:\/\/straatmanmooringsystems.com\/fr\/wp-content\/uploads\/sites\/3\/2026\/01\/Mooring-website-MoorControl-4.png\",\"datePublished\":\"2026-01-06T14:03:12+00:00\",\"dateModified\":\"2026-03-02T06:55:23+00:00\",\"description\":\"Chez Straatman, nous disposons de toute l\u2019expertise interne n\u00e9cessaire pour garantir que tous les syst\u00e8mes d\u2019amarrage soient parfaitement int\u00e9gr\u00e9s. D\u00e9couvrez\u2011en plus sur cette page.\",\"breadcrumb\":{\"@id\":\"https:\/\/straatmanmooringsystems.com\/fr\/systemes-d-amarrage\/integration-du-logiciel\/#breadcrumb\"},\"inLanguage\":\"fr-FR\",\"potentialAction\":[{\"@type\":\"ReadAction\",\"target\":[\"https:\/\/straatmanmooringsystems.com\/fr\/systemes-d-amarrage\/integration-du-logiciel\/\"]}]},{\"@type\":\"ImageObject\",\"inLanguage\":\"fr-FR\",\"@id\":\"https:\/\/straatmanmooringsystems.com\/fr\/systemes-d-amarrage\/integration-du-logiciel\/#primaryimage\",\"url\":\"https:\/\/straatmanmooringsystems.com\/fr\/wp-content\/uploads\/sites\/3\/2026\/01\/Mooring-website-MoorControl-4.png\",\"contentUrl\":\"https:\/\/straatmanmooringsystems.com\/fr\/wp-content\/uploads\/sites\/3\/2026\/01\/Mooring-website-MoorControl-4.png\",\"width\":661,\"height\":508},{\"@type\":\"BreadcrumbList\",\"@id\":\"https:\/\/straatmanmooringsystems.com\/fr\/systemes-d-amarrage\/integration-du-logiciel\/#breadcrumb\",\"itemListElement\":[{\"@type\":\"ListItem\",\"position\":1,\"name\":\"Home\",\"item\":\"https:\/\/straatmanmooringsystems.com\/fr\/\"},{\"@type\":\"ListItem\",\"position\":2,\"name\":\"Mooring systems\",\"item\":\"https:\/\/straatmanmooringsystems.com\/fr\/systemes-d-amarrage\/\"},{\"@type\":\"ListItem\",\"position\":3,\"name\":\"MoorControl\"}]},{\"@type\":\"WebSite\",\"@id\":\"https:\/\/straatmanmooringsystems.com\/fr\/#website\",\"url\":\"https:\/\/straatmanmooringsystems.com\/fr\/\",\"name\":\"Mooring Systems FR\",\"description\":\"\",\"publisher\":{\"@id\":\"https:\/\/straatmanmooringsystems.com\/fr\/#organization\"},\"potentialAction\":[{\"@type\":\"SearchAction\",\"target\":{\"@type\":\"EntryPoint\",\"urlTemplate\":\"https:\/\/straatmanmooringsystems.com\/fr\/?s={search_term_string}\"},\"query-input\":{\"@type\":\"PropertyValueSpecification\",\"valueRequired\":true,\"valueName\":\"search_term_string\"}}],\"inLanguage\":\"fr-FR\"},{\"@type\":\"Organization\",\"@id\":\"https:\/\/straatmanmooringsystems.com\/fr\/#organization\",\"name\":\"Mooring Systems FR\",\"url\":\"https:\/\/straatmanmooringsystems.com\/fr\/\",\"logo\":{\"@type\":\"ImageObject\",\"inLanguage\":\"fr-FR\",\"@id\":\"https:\/\/straatmanmooringsystems.com\/fr\/#\/schema\/logo\/image\/\",\"url\":\"https:\/\/straatmanmooringsystems.com\/fr\/wp-content\/uploads\/sites\/3\/2026\/02\/logo-mooring.svg\",\"contentUrl\":\"https:\/\/straatmanmooringsystems.com\/fr\/wp-content\/uploads\/sites\/3\/2026\/02\/logo-mooring.svg\",\"width\":237,\"height\":56,\"caption\":\"Mooring Systems FR\"},\"image\":{\"@id\":\"https:\/\/straatmanmooringsystems.com\/fr\/#\/schema\/logo\/image\/\"}}]}<\/script>\n<!-- \/ Yoast SEO plugin. -->","yoast_head_json":{"title":"MoorControl - Straatman Mooring Systems","description":"Chez Straatman, nous disposons de toute l\u2019expertise interne n\u00e9cessaire pour garantir que tous les syst\u00e8mes d\u2019amarrage soient parfaitement int\u00e9gr\u00e9s. D\u00e9couvrez\u2011en plus sur cette page.","robots":{"index":"index","follow":"follow","max-snippet":"max-snippet:-1","max-image-preview":"max-image-preview:large","max-video-preview":"max-video-preview:-1"},"canonical":"https:\/\/straatmanmooringsystems.com\/fr\/systemes-d-amarrage\/integration-du-logiciel\/","og_locale":"fr_FR","og_type":"article","og_title":"MoorControl - Straatman Mooring Systems","og_description":"Chez Straatman, nous disposons de toute l\u2019expertise interne n\u00e9cessaire pour garantir que tous les syst\u00e8mes d\u2019amarrage soient parfaitement int\u00e9gr\u00e9s. D\u00e9couvrez\u2011en plus sur cette page.","og_url":"https:\/\/straatmanmooringsystems.com\/fr\/systemes-d-amarrage\/integration-du-logiciel\/","og_site_name":"Mooring Systems FR","article_modified_time":"2026-03-02T06:55:23+00:00","og_image":[{"url":"https:\/\/straatmanmooringsystems.com\/fr\/wp-content\/uploads\/sites\/3\/2026\/01\/Mooring-website-MoorControl-4.png","type":"","width":"","height":""}],"twitter_card":"summary_large_image","twitter_misc":{"Dur\u00e9e de lecture estim\u00e9e":"3 minutes"},"schema":{"@context":"https:\/\/schema.org","@graph":[{"@type":"WebPage","@id":"https:\/\/straatmanmooringsystems.com\/fr\/systemes-d-amarrage\/integration-du-logiciel\/","url":"https:\/\/straatmanmooringsystems.com\/fr\/systemes-d-amarrage\/integration-du-logiciel\/","name":"MoorControl - Straatman Mooring Systems","isPartOf":{"@id":"https:\/\/straatmanmooringsystems.com\/fr\/#website"},"primaryImageOfPage":{"@id":"https:\/\/straatmanmooringsystems.com\/fr\/systemes-d-amarrage\/integration-du-logiciel\/#primaryimage"},"image":{"@id":"https:\/\/straatmanmooringsystems.com\/fr\/systemes-d-amarrage\/integration-du-logiciel\/#primaryimage"},"thumbnailUrl":"https:\/\/straatmanmooringsystems.com\/fr\/wp-content\/uploads\/sites\/3\/2026\/01\/Mooring-website-MoorControl-4.png","datePublished":"2026-01-06T14:03:12+00:00","dateModified":"2026-03-02T06:55:23+00:00","description":"Chez Straatman, nous disposons de toute l\u2019expertise interne n\u00e9cessaire pour garantir que tous les syst\u00e8mes d\u2019amarrage soient parfaitement int\u00e9gr\u00e9s. D\u00e9couvrez\u2011en plus sur cette page.","breadcrumb":{"@id":"https:\/\/straatmanmooringsystems.com\/fr\/systemes-d-amarrage\/integration-du-logiciel\/#breadcrumb"},"inLanguage":"fr-FR","potentialAction":[{"@type":"ReadAction","target":["https:\/\/straatmanmooringsystems.com\/fr\/systemes-d-amarrage\/integration-du-logiciel\/"]}]},{"@type":"ImageObject","inLanguage":"fr-FR","@id":"https:\/\/straatmanmooringsystems.com\/fr\/systemes-d-amarrage\/integration-du-logiciel\/#primaryimage","url":"https:\/\/straatmanmooringsystems.com\/fr\/wp-content\/uploads\/sites\/3\/2026\/01\/Mooring-website-MoorControl-4.png","contentUrl":"https:\/\/straatmanmooringsystems.com\/fr\/wp-content\/uploads\/sites\/3\/2026\/01\/Mooring-website-MoorControl-4.png","width":661,"height":508},{"@type":"BreadcrumbList","@id":"https:\/\/straatmanmooringsystems.com\/fr\/systemes-d-amarrage\/integration-du-logiciel\/#breadcrumb","itemListElement":[{"@type":"ListItem","position":1,"name":"Home","item":"https:\/\/straatmanmooringsystems.com\/fr\/"},{"@type":"ListItem","position":2,"name":"Mooring systems","item":"https:\/\/straatmanmooringsystems.com\/fr\/systemes-d-amarrage\/"},{"@type":"ListItem","position":3,"name":"MoorControl"}]},{"@type":"WebSite","@id":"https:\/\/straatmanmooringsystems.com\/fr\/#website","url":"https:\/\/straatmanmooringsystems.com\/fr\/","name":"Mooring Systems FR","description":"","publisher":{"@id":"https:\/\/straatmanmooringsystems.com\/fr\/#organization"},"potentialAction":[{"@type":"SearchAction","target":{"@type":"EntryPoint","urlTemplate":"https:\/\/straatmanmooringsystems.com\/fr\/?s={search_term_string}"},"query-input":{"@type":"PropertyValueSpecification","valueRequired":true,"valueName":"search_term_string"}}],"inLanguage":"fr-FR"},{"@type":"Organization","@id":"https:\/\/straatmanmooringsystems.com\/fr\/#organization","name":"Mooring Systems FR","url":"https:\/\/straatmanmooringsystems.com\/fr\/","logo":{"@type":"ImageObject","inLanguage":"fr-FR","@id":"https:\/\/straatmanmooringsystems.com\/fr\/#\/schema\/logo\/image\/","url":"https:\/\/straatmanmooringsystems.com\/fr\/wp-content\/uploads\/sites\/3\/2026\/02\/logo-mooring.svg","contentUrl":"https:\/\/straatmanmooringsystems.com\/fr\/wp-content\/uploads\/sites\/3\/2026\/02\/logo-mooring.svg","width":237,"height":56,"caption":"Mooring Systems FR"},"image":{"@id":"https:\/\/straatmanmooringsystems.com\/fr\/#\/schema\/logo\/image\/"}}]}},"_links":{"self":[{"href":"https:\/\/straatmanmooringsystems.com\/fr\/wp-json\/wp\/v2\/pages\/851","targetHints":{"allow":["GET"]}}],"collection":[{"href":"https:\/\/straatmanmooringsystems.com\/fr\/wp-json\/wp\/v2\/pages"}],"about":[{"href":"https:\/\/straatmanmooringsystems.com\/fr\/wp-json\/wp\/v2\/types\/page"}],"author":[{"embeddable":true,"href":"https:\/\/straatmanmooringsystems.com\/fr\/wp-json\/wp\/v2\/users\/2"}],"replies":[{"embeddable":true,"href":"https:\/\/straatmanmooringsystems.com\/fr\/wp-json\/wp\/v2\/comments?post=851"}],"version-history":[{"count":6,"href":"https:\/\/straatmanmooringsystems.com\/fr\/wp-json\/wp\/v2\/pages\/851\/revisions"}],"predecessor-version":[{"id":2984,"href":"https:\/\/straatmanmooringsystems.com\/fr\/wp-json\/wp\/v2\/pages\/851\/revisions\/2984"}],"up":[{"embeddable":true,"href":"https:\/\/straatmanmooringsystems.com\/fr\/wp-json\/wp\/v2\/pages\/2455"}],"wp:attachment":[{"href":"https:\/\/straatmanmooringsystems.com\/fr\/wp-json\/wp\/v2\/media?parent=851"}],"curies":[{"name":"wp","href":"https:\/\/api.w.org\/{rel}","templated":true}]}}