{"id":899,"date":"2026-01-05T14:39:15","date_gmt":"2026-01-05T14:39:15","guid":{"rendered":"https:\/\/straatmanmooringsystems.com\/?page_id=899"},"modified":"2026-03-02T06:55:44","modified_gmt":"2026-03-02T06:55:44","slug":"crochets-a-degagement-rapide-strainstall-et-pieces-detachees","status":"publish","type":"page","link":"https:\/\/straatmanmooringsystems.com\/fr\/service-et-assistance\/crochets-a-degagement-rapide-strainstall-et-pieces-detachees\/","title":{"rendered":"Strainstall AMTS Quick release hooks and spares"},"content":{"rendered":"\n<div style=\"padding-top:var(--wp--preset--spacing--60);padding-bottom:var(--wp--preset--spacing--60);\" class=\"icon-block-static none align wp-block-acf-icon-block-static has-background has-green-background-color\" id=\"icon-block-static-block_4182fca46ed3ce3e965a136bd3b685c7\">\n    <div class=\"centered\">\n        <div class=\"description\"><p>Conform\u00e9ment \u00e0 notre accord de reprise avec Strainstall, suite \u00e0 leur d\u00e9cision de se retirer du march\u00e9 des crochets \u00e0 d\u00e9gagement rapide, Straatman est d\u00e9sormais en mesure de fournir des assemblages de remplacement, des pi\u00e8ces d\u00e9tach\u00e9es, des mises \u00e0 niveau, des services et une assistance technique compl\u00e8te pour tous les syst\u00e8mes de crochets d&rsquo;amarrage \u00e0 d\u00e9gagement rapide Strainstall\/AMTS existants dans le monde entier.<\/p>\n<\/div><div class=\"icon-grid\"><div class=\"item\" style=\"flex: 1 1 calc(25.00% - 16px);\"><div class=\"icon\"><img decoding=\"async\" src=\"https:\/\/straatmanmooringsystems.com\/fr\/wp-content\/uploads\/sites\/3\/2025\/12\/Group-website-icon-ship.png\" alt=\"\"><\/div><div class=\"title\">Mises \u00e0 niveau du syst\u00e8me<\/div><\/div><div class=\"item\" style=\"flex: 1 1 calc(25.00% - 16px);\"><div class=\"icon\"><img decoding=\"async\" src=\"https:\/\/straatmanmooringsystems.com\/fr\/wp-content\/uploads\/sites\/3\/2025\/12\/Group-website-icon-network.png\" alt=\"\"><\/div><div class=\"title\">Fourniture de pi\u00e8ces de rechange<\/div><\/div><div class=\"item\" style=\"flex: 1 1 calc(25.00% - 16px);\"><div class=\"icon\"><img decoding=\"async\" src=\"https:\/\/straatmanmooringsystems.com\/fr\/wp-content\/uploads\/sites\/3\/2025\/12\/Group-website-icon-thump-up.png\" alt=\"\"><\/div><div class=\"title\"> Entretien et r\u00e9parations<\/div><\/div><\/div>         \n    <\/div>\n<\/div>\n\n\n\n\n<div class=\"wp-block-media-text has-media-on-the-right is-stacked-on-mobile\" style=\"padding-top:var(--wp--preset--spacing--60);grid-template-columns:auto 49%\"><div class=\"wp-block-media-text__content\">\n<h2 class=\"wp-block-heading\"><strong><strong><strong><strong>Crochets d&rsquo;amarrage \u00e0 d\u00e9gagement rapide Strainstall AMTS<\/strong><\/strong><\/strong><\/strong><\/h2>\n\n\n\n<p><br>Straatman s&rsquo;engage pleinement \u00e0 soutenir tous les clients historiques de Strainstall en mati\u00e8re de crochets \u00e0 d\u00e9gagement rapide et de syst\u00e8mes de jet\u00e9e dans le monde entier. Gr\u00e2ce \u00e0 notre accord de reprise avec Strainstall, effectif depuis 2021, notre \u00e9quipe d\u00e9di\u00e9e aux pi\u00e8ces d\u00e9tach\u00e9es et au service est d\u00e9sormais sp\u00e9cialis\u00e9e dans la fourniture de pi\u00e8ces d\u00e9tach\u00e9es du fabricant d&rsquo;\u00e9quipement d&rsquo;origine de Strainstall AMTS, de mises \u00e0 niveau de syst\u00e8mes et de paquets de services sur mesure.<\/p>\n<\/div><figure class=\"wp-block-media-text__media\"><img loading=\"lazy\" decoding=\"async\" width=\"661\" height=\"508\" src=\"https:\/\/straatmanmooringsystems.com\/fr\/wp-content\/uploads\/sites\/3\/2026\/01\/Mooring-website-Strainstall.png\" alt=\"\" class=\"wp-image-1622 size-full\" srcset=\"https:\/\/straatmanmooringsystems.com\/fr\/wp-content\/uploads\/sites\/3\/2026\/01\/Mooring-website-Strainstall.png 661w, https:\/\/straatmanmooringsystems.com\/fr\/wp-content\/uploads\/sites\/3\/2026\/01\/Mooring-website-Strainstall-300x231.png 300w\" sizes=\"auto, (max-width: 661px) 100vw, 661px\" \/><\/figure><\/div>\n\n\n\n<div class=\"wp-block-media-text is-stacked-on-mobile\" style=\"padding-bottom:var(--wp--preset--spacing--60)\"><figure class=\"wp-block-media-text__media\"><img loading=\"lazy\" decoding=\"async\" width=\"661\" height=\"508\" src=\"https:\/\/straatmanmooringsystems.com\/fr\/wp-content\/uploads\/sites\/3\/2026\/01\/Mooring-website-Strainstall-1.png\" alt=\"\" class=\"wp-image-1624 size-full\" srcset=\"https:\/\/straatmanmooringsystems.com\/fr\/wp-content\/uploads\/sites\/3\/2026\/01\/Mooring-website-Strainstall-1.png 661w, https:\/\/straatmanmooringsystems.com\/fr\/wp-content\/uploads\/sites\/3\/2026\/01\/Mooring-website-Strainstall-1-300x231.png 300w\" sizes=\"auto, (max-width: 661px) 100vw, 661px\" \/><\/figure><div class=\"wp-block-media-text__content\">\n<h2 class=\"wp-block-heading\">Avez-vous besoin d&rsquo;un service ou d&rsquo;une assistance pour votre \u00e9quipement d&rsquo;amarrage Strainstall AMTS ?<\/h2>\n\n\n\n<p>Nous pouvons fournir un service complet d&rsquo;assistance sur site qui comprend l&rsquo;entretien et la pr\u00e9servation du rev\u00eatement des crochets d&rsquo;amarrage \u00e0 d\u00e9gagement rapide, l&rsquo;\u00e9talonnage des syst\u00e8mes de contr\u00f4le de la charge, le diagnostic et la r\u00e9paration des pannes \u00e9lectriques et logicielles.<\/p>\n\n\n\n<p>Nous proposons \u00e9galement des \u00e9tudes de site et des inspections d&rsquo;\u00e9quipement afin de d\u00e9terminer la mani\u00e8re la plus efficace et la plus rentable de r\u00e9parer, de mettre \u00e0 niveau ou d&rsquo;entretenir vos crochets d&rsquo;amarrage \u00e0 d\u00e9gagement rapide et votre syst\u00e8me d&rsquo;aide \u00e0 l&rsquo;accostage Strainstall AMTS.<\/p>\n\n\n\n<p>Avec plus d&rsquo;une d\u00e9cennie d&rsquo;expertise dans l&rsquo;industrie des crochets d&rsquo;amarrage \u00e0 d\u00e9gagement rapide, nous comprenons parfaitement vos besoins.<\/p>\n<\/div><\/div>\n\n\n\n<div class=\"icon-block-slider align wp-block-acf-icon-block-slider\" id=\"icon-block-slider-block_b06ae6f2b3413d00443e29727de2fa6b\">\n    <div class=\"centered\">\n        <h2 class=\"title\">Ce que vous pouvez attendre de notre \u00e9quipe Straatman<\/h2>        \n        <div class=\"holder\">\n            <div class=\"swiffy-slider slider-item-show4 slider-item-reveal slider-nav-visible\">\n                <ul class=\"slider-container\">\n                                        <li>\n                        <div class=\"slide\">\n                            <div class=\"icon\">\n                                <img decoding=\"async\" src=\"https:\/\/straatmanmooringsystems.com\/fr\/wp-content\/uploads\/sites\/3\/2025\/12\/Group-website-icon-medal.png\" alt=\"\">\n                            <\/div>\n\n                            <div class=\"title\">Produits de haute qualit\u00e9<\/div><div class=\"description\">Nos produits sont con\u00e7us et fabriqu\u00e9s avec une attention particuli\u00e8re aux d\u00e9tails. Nous utilisons les meilleurs mat\u00e9riaux et v\u00e9rifions tout pour nous assurer que vous obtenez le meilleur.\r\n<\/div>                        <\/div>\n                    <\/li>\n                                        <li>\n                        <div class=\"slide\">\n                            <div class=\"icon\">\n                                <img decoding=\"async\" src=\"https:\/\/straatmanmooringsystems.com\/fr\/wp-content\/uploads\/sites\/3\/2025\/12\/Group-website-icon-idea.png\" alt=\"\">\n                            <\/div>\n\n                            <div class=\"title\"> Innovation continue<\/div><div class=\"description\">Nous essayons toujours de nous am\u00e9liorer. Nous continuons \u00e0 apprendre, \u00e0 nous perfectionner et \u00e0 investir dans la recherche et le d\u00e9veloppement afin de pouvoir vous offrir les solutions les plus r\u00e9centes et les meilleures.\r\n<\/div>                        <\/div>\n                    <\/li>\n                                        <li>\n                        <div class=\"slide\">\n                            <div class=\"icon\">\n                                <img decoding=\"async\" src=\"https:\/\/straatmanmooringsystems.com\/fr\/wp-content\/uploads\/sites\/3\/2025\/12\/Group-website-icon-team-in-3.png\" alt=\"\">\n                            <\/div>\n\n                            <div class=\"title\">\u00c9quipe d\u00e9vou\u00e9e et enthousiaste<\/div><div class=\"description\">Notre \u00e9quipe adore ce qu&rsquo;elle fait. Elle travaille dur pour r\u00e9pondre \u00e0 vos besoins et vous satisfaire.<\/div>                        <\/div>\n                    <\/li>\n                                        <li>\n                        <div class=\"slide\">\n                            <div class=\"icon\">\n                                <img decoding=\"async\" src=\"https:\/\/straatmanmooringsystems.com\/fr\/wp-content\/uploads\/sites\/3\/2025\/12\/Group-website-icon-hand.png\" alt=\"\">\n                            <\/div>\n\n                            <div class=\"title\">Niveau de service excellent<\/div><div class=\"description\">Nous sommes l\u00e0 pour vous aider. Notre \u00e9quipe est toujours pr\u00eate \u00e0 r\u00e9pondre \u00e0 vos questions et \u00e0 s&rsquo;assurer que vous \u00eates satisfait de notre service.<\/div>                        <\/div>\n                    <\/li>\n                                        <li>\n                        <div class=\"slide\">\n                            <div class=\"icon\">\n                                <img decoding=\"async\" src=\"https:\/\/straatmanmooringsystems.com\/fr\/wp-content\/uploads\/sites\/3\/2025\/12\/Group-website-icon-certified.png\" alt=\"\">\n                            <\/div>\n\n                            <div class=\"title\"> Certifi\u00e9 \u00e0 tous les niveaux n\u00e9cessaires<\/div><div class=\"description\">Nous respectons toutes les normes importantes. Cela signifie que nos produits sont s\u00fbrs, fiables et dignes de confiance.<\/div>                        <\/div>\n                    <\/li>\n                                        <li>\n                        <div class=\"slide\">\n                            <div class=\"icon\">\n                                <img decoding=\"async\" src=\"https:\/\/straatmanmooringsystems.com\/fr\/wp-content\/uploads\/sites\/3\/2025\/12\/Group-website-icon-handshake.png\" alt=\"\">\n                            <\/div>\n\n                            <div class=\"title\">Nous tenons nos promesses<\/div><div class=\"description\">Nous tenons nos promesses. Vous pouvez nous faire confiance pour faire ce que nous disons que nous ferons.<\/div>                        <\/div>\n                    <\/li>\n                                    <\/ul>\n\n                <div class=\"slider_buttons\">\n                    <button type=\"button\" class=\"slider-nav\"><i class=\"ph-thin ph-arrow-left\"><\/i><\/button>\n                    <button type=\"button\" class=\"slider-nav slider-nav-next\"><i class=\"ph ph-arrow-right\"><\/i><\/button>\n                <\/div>\n            <\/div>\n        <\/div>\n    <\/div>\n<\/div>\n\n\n\n\n<div class=\"wp-block-media-text has-media-on-the-right is-stacked-on-mobile has-white-color has-green-background-color has-text-color has-background has-link-color wp-elements-56cb1b8e3afdae0366090c0a276f0b7d\" style=\"padding-top:var(--wp--preset--spacing--60);padding-bottom:var(--wp--preset--spacing--60)\"><div class=\"wp-block-media-text__content\">\n<h2 class=\"wp-block-heading has-white-color has-text-color has-link-color wp-elements-9378e4c10e0b8384783db54b18983406\">Avez\u2011vous besoin d\u2019un support pour votre \u00e9quipement d\u2019amarrage&nbsp;Strainstall et&nbsp;AMTS&nbsp;?<\/h2>\n\n\n\n<ul class=\"wp-block-list\">\n<li>Pi\u00e8ces de rechange disponibles<\/li>\n\n\n\n<li>\u00c9quipe de service compos\u00e9e d\u2019ing\u00e9nieurs qualifi\u00e9s<\/li>\n\n\n\n<li>Mises \u00e0 niveau et support d\u2019ing\u00e9nierie<\/li>\n\n\n\n<li>Certifi\u00e9 \u00e0 tous les niveaux<\/li>\n<\/ul>\n\n\n\n<div class=\"wp-block-buttons is-layout-flex wp-block-buttons-is-layout-flex\">\n<div class=\"wp-block-button\"><a class=\"wp-block-button__link wp-element-button\" href=\"https:\/\/straatmanmooringsystems.com\/fr\/request-a-proposal\/\" target=\"_blank\" rel=\"noreferrer noopener\">Obtenez une proposition directe<\/a><\/div>\n<\/div>\n<\/div><figure class=\"wp-block-media-text__media\"><img loading=\"lazy\" decoding=\"async\" width=\"1024\" height=\"468\" src=\"https:\/\/straatmanmooringsystems.com\/fr\/wp-content\/uploads\/2025\/12\/Vector-1024x468.png\" alt=\"\" class=\"wp-image-450 size-full\" srcset=\"https:\/\/straatmanmooringsystems.com\/fr\/wp-content\/uploads\/sites\/3\/2025\/12\/Vector-1024x468.png 1024w, https:\/\/straatmanmooringsystems.com\/fr\/wp-content\/uploads\/sites\/3\/2025\/12\/Vector-300x137.png 300w, https:\/\/straatmanmooringsystems.com\/fr\/wp-content\/uploads\/sites\/3\/2025\/12\/Vector-768x351.png 768w, https:\/\/straatmanmooringsystems.com\/fr\/wp-content\/uploads\/sites\/3\/2025\/12\/Vector.png 1312w\" sizes=\"auto, (max-width: 1024px) 100vw, 1024px\" \/><\/figure><\/div>\n","protected":false},"excerpt":{"rendered":"<p>Crochets d&rsquo;amarrage \u00e0 d\u00e9gagement rapide Strainstall AMTS Straatman s&rsquo;engage pleinement \u00e0 soutenir tous les clients historiques de Strainstall en mati\u00e8re de crochets \u00e0 d\u00e9gagement rapide et de syst\u00e8mes de jet\u00e9e dans le monde entier. Gr\u00e2ce \u00e0 notre accord de reprise avec Strainstall, effectif depuis 2021, notre \u00e9quipe d\u00e9di\u00e9e aux pi\u00e8ces d\u00e9tach\u00e9es et au service est [&hellip;]<\/p>\n","protected":false},"author":2,"featured_media":0,"parent":2452,"menu_order":0,"comment_status":"closed","ping_status":"closed","template":"","meta":{"_acf_changed":false,"footnotes":""},"class_list":["post-899","page","type-page","status-publish","hentry"],"acf":[],"yoast_head":"<!-- This site is optimized with the Yoast SEO plugin v26.6 - https:\/\/yoast.com\/wordpress\/plugins\/seo\/ -->\n<title>Strainstall AMTS Quick release hooks and spares - Straatman Mooring Systems<\/title>\n<meta name=\"description\" content=\"Support mondial pour les syst\u00e8mes de crochets \u00e0 largage rapide Strainstall et AMTS, comprenant des assemblages de remplacement, des pi\u00e8ces de rechange et un service professionnel.\" \/>\n<meta name=\"robots\" content=\"index, follow, max-snippet:-1, max-image-preview:large, max-video-preview:-1\" \/>\n<link rel=\"canonical\" href=\"https:\/\/straatmanmooringsystems.com\/fr\/service-et-assistance\/crochets-a-degagement-rapide-strainstall-et-pieces-detachees\/\" \/>\n<meta property=\"og:locale\" content=\"fr_FR\" \/>\n<meta property=\"og:type\" content=\"article\" \/>\n<meta property=\"og:title\" content=\"Strainstall AMTS Quick release hooks and spares - Straatman Mooring Systems\" \/>\n<meta property=\"og:description\" content=\"Support mondial pour les syst\u00e8mes de crochets \u00e0 largage rapide Strainstall et AMTS, comprenant des assemblages de remplacement, des pi\u00e8ces de rechange et un service professionnel.\" \/>\n<meta property=\"og:url\" content=\"https:\/\/straatmanmooringsystems.com\/fr\/service-et-assistance\/crochets-a-degagement-rapide-strainstall-et-pieces-detachees\/\" \/>\n<meta property=\"og:site_name\" content=\"Mooring Systems FR\" \/>\n<meta property=\"article:modified_time\" content=\"2026-03-02T06:55:44+00:00\" \/>\n<meta property=\"og:image\" content=\"https:\/\/straatmanmooringsystems.com\/fr\/wp-content\/uploads\/sites\/3\/2026\/01\/Mooring-website-Strainstall.png\" \/>\n<meta name=\"twitter:card\" content=\"summary_large_image\" \/>\n<meta name=\"twitter:label1\" content=\"Dur\u00e9e de lecture estim\u00e9e\" \/>\n\t<meta name=\"twitter:data1\" content=\"2 minutes\" \/>\n<script type=\"application\/ld+json\" class=\"yoast-schema-graph\">{\"@context\":\"https:\/\/schema.org\",\"@graph\":[{\"@type\":\"WebPage\",\"@id\":\"https:\/\/straatmanmooringsystems.com\/fr\/service-et-assistance\/crochets-a-degagement-rapide-strainstall-et-pieces-detachees\/\",\"url\":\"https:\/\/straatmanmooringsystems.com\/fr\/service-et-assistance\/crochets-a-degagement-rapide-strainstall-et-pieces-detachees\/\",\"name\":\"Strainstall AMTS Quick release hooks and spares - Straatman Mooring Systems\",\"isPartOf\":{\"@id\":\"https:\/\/straatmanmooringsystems.com\/fr\/#website\"},\"primaryImageOfPage\":{\"@id\":\"https:\/\/straatmanmooringsystems.com\/fr\/service-et-assistance\/crochets-a-degagement-rapide-strainstall-et-pieces-detachees\/#primaryimage\"},\"image\":{\"@id\":\"https:\/\/straatmanmooringsystems.com\/fr\/service-et-assistance\/crochets-a-degagement-rapide-strainstall-et-pieces-detachees\/#primaryimage\"},\"thumbnailUrl\":\"https:\/\/straatmanmooringsystems.com\/fr\/wp-content\/uploads\/sites\/3\/2026\/01\/Mooring-website-Strainstall.png\",\"datePublished\":\"2026-01-05T14:39:15+00:00\",\"dateModified\":\"2026-03-02T06:55:44+00:00\",\"description\":\"Support mondial pour les syst\u00e8mes de crochets \u00e0 largage rapide Strainstall et AMTS, comprenant des assemblages de remplacement, des pi\u00e8ces de rechange et un service professionnel.\",\"breadcrumb\":{\"@id\":\"https:\/\/straatmanmooringsystems.com\/fr\/service-et-assistance\/crochets-a-degagement-rapide-strainstall-et-pieces-detachees\/#breadcrumb\"},\"inLanguage\":\"fr-FR\",\"potentialAction\":[{\"@type\":\"ReadAction\",\"target\":[\"https:\/\/straatmanmooringsystems.com\/fr\/service-et-assistance\/crochets-a-degagement-rapide-strainstall-et-pieces-detachees\/\"]}]},{\"@type\":\"ImageObject\",\"inLanguage\":\"fr-FR\",\"@id\":\"https:\/\/straatmanmooringsystems.com\/fr\/service-et-assistance\/crochets-a-degagement-rapide-strainstall-et-pieces-detachees\/#primaryimage\",\"url\":\"https:\/\/straatmanmooringsystems.com\/fr\/wp-content\/uploads\/sites\/3\/2026\/01\/Mooring-website-Strainstall.png\",\"contentUrl\":\"https:\/\/straatmanmooringsystems.com\/fr\/wp-content\/uploads\/sites\/3\/2026\/01\/Mooring-website-Strainstall.png\",\"width\":661,\"height\":508},{\"@type\":\"BreadcrumbList\",\"@id\":\"https:\/\/straatmanmooringsystems.com\/fr\/service-et-assistance\/crochets-a-degagement-rapide-strainstall-et-pieces-detachees\/#breadcrumb\",\"itemListElement\":[{\"@type\":\"ListItem\",\"position\":1,\"name\":\"Home\",\"item\":\"https:\/\/straatmanmooringsystems.com\/fr\/\"},{\"@type\":\"ListItem\",\"position\":2,\"name\":\"Service\",\"item\":\"https:\/\/straatmanmooringsystems.com\/fr\/service-et-assistance\/\"},{\"@type\":\"ListItem\",\"position\":3,\"name\":\"Strainstall AMTS Quick release hooks and spares\"}]},{\"@type\":\"WebSite\",\"@id\":\"https:\/\/straatmanmooringsystems.com\/fr\/#website\",\"url\":\"https:\/\/straatmanmooringsystems.com\/fr\/\",\"name\":\"Mooring Systems FR\",\"description\":\"\",\"publisher\":{\"@id\":\"https:\/\/straatmanmooringsystems.com\/fr\/#organization\"},\"potentialAction\":[{\"@type\":\"SearchAction\",\"target\":{\"@type\":\"EntryPoint\",\"urlTemplate\":\"https:\/\/straatmanmooringsystems.com\/fr\/?s={search_term_string}\"},\"query-input\":{\"@type\":\"PropertyValueSpecification\",\"valueRequired\":true,\"valueName\":\"search_term_string\"}}],\"inLanguage\":\"fr-FR\"},{\"@type\":\"Organization\",\"@id\":\"https:\/\/straatmanmooringsystems.com\/fr\/#organization\",\"name\":\"Mooring Systems FR\",\"url\":\"https:\/\/straatmanmooringsystems.com\/fr\/\",\"logo\":{\"@type\":\"ImageObject\",\"inLanguage\":\"fr-FR\",\"@id\":\"https:\/\/straatmanmooringsystems.com\/fr\/#\/schema\/logo\/image\/\",\"url\":\"https:\/\/straatmanmooringsystems.com\/fr\/wp-content\/uploads\/sites\/3\/2026\/02\/logo-mooring.svg\",\"contentUrl\":\"https:\/\/straatmanmooringsystems.com\/fr\/wp-content\/uploads\/sites\/3\/2026\/02\/logo-mooring.svg\",\"width\":237,\"height\":56,\"caption\":\"Mooring Systems FR\"},\"image\":{\"@id\":\"https:\/\/straatmanmooringsystems.com\/fr\/#\/schema\/logo\/image\/\"}}]}<\/script>\n<!-- \/ Yoast SEO plugin. -->","yoast_head_json":{"title":"Strainstall AMTS Quick release hooks and spares - Straatman Mooring Systems","description":"Support mondial pour les syst\u00e8mes de crochets \u00e0 largage rapide Strainstall et AMTS, comprenant des assemblages de remplacement, des pi\u00e8ces de rechange et un service professionnel.","robots":{"index":"index","follow":"follow","max-snippet":"max-snippet:-1","max-image-preview":"max-image-preview:large","max-video-preview":"max-video-preview:-1"},"canonical":"https:\/\/straatmanmooringsystems.com\/fr\/service-et-assistance\/crochets-a-degagement-rapide-strainstall-et-pieces-detachees\/","og_locale":"fr_FR","og_type":"article","og_title":"Strainstall AMTS Quick release hooks and spares - Straatman Mooring Systems","og_description":"Support mondial pour les syst\u00e8mes de crochets \u00e0 largage rapide Strainstall et AMTS, comprenant des assemblages de remplacement, des pi\u00e8ces de rechange et un service professionnel.","og_url":"https:\/\/straatmanmooringsystems.com\/fr\/service-et-assistance\/crochets-a-degagement-rapide-strainstall-et-pieces-detachees\/","og_site_name":"Mooring Systems FR","article_modified_time":"2026-03-02T06:55:44+00:00","og_image":[{"url":"https:\/\/straatmanmooringsystems.com\/fr\/wp-content\/uploads\/sites\/3\/2026\/01\/Mooring-website-Strainstall.png","type":"","width":"","height":""}],"twitter_card":"summary_large_image","twitter_misc":{"Dur\u00e9e de lecture estim\u00e9e":"2 minutes"},"schema":{"@context":"https:\/\/schema.org","@graph":[{"@type":"WebPage","@id":"https:\/\/straatmanmooringsystems.com\/fr\/service-et-assistance\/crochets-a-degagement-rapide-strainstall-et-pieces-detachees\/","url":"https:\/\/straatmanmooringsystems.com\/fr\/service-et-assistance\/crochets-a-degagement-rapide-strainstall-et-pieces-detachees\/","name":"Strainstall AMTS Quick release hooks and spares - Straatman Mooring Systems","isPartOf":{"@id":"https:\/\/straatmanmooringsystems.com\/fr\/#website"},"primaryImageOfPage":{"@id":"https:\/\/straatmanmooringsystems.com\/fr\/service-et-assistance\/crochets-a-degagement-rapide-strainstall-et-pieces-detachees\/#primaryimage"},"image":{"@id":"https:\/\/straatmanmooringsystems.com\/fr\/service-et-assistance\/crochets-a-degagement-rapide-strainstall-et-pieces-detachees\/#primaryimage"},"thumbnailUrl":"https:\/\/straatmanmooringsystems.com\/fr\/wp-content\/uploads\/sites\/3\/2026\/01\/Mooring-website-Strainstall.png","datePublished":"2026-01-05T14:39:15+00:00","dateModified":"2026-03-02T06:55:44+00:00","description":"Support mondial pour les syst\u00e8mes de crochets \u00e0 largage rapide Strainstall et AMTS, comprenant des assemblages de remplacement, des pi\u00e8ces de rechange et un service professionnel.","breadcrumb":{"@id":"https:\/\/straatmanmooringsystems.com\/fr\/service-et-assistance\/crochets-a-degagement-rapide-strainstall-et-pieces-detachees\/#breadcrumb"},"inLanguage":"fr-FR","potentialAction":[{"@type":"ReadAction","target":["https:\/\/straatmanmooringsystems.com\/fr\/service-et-assistance\/crochets-a-degagement-rapide-strainstall-et-pieces-detachees\/"]}]},{"@type":"ImageObject","inLanguage":"fr-FR","@id":"https:\/\/straatmanmooringsystems.com\/fr\/service-et-assistance\/crochets-a-degagement-rapide-strainstall-et-pieces-detachees\/#primaryimage","url":"https:\/\/straatmanmooringsystems.com\/fr\/wp-content\/uploads\/sites\/3\/2026\/01\/Mooring-website-Strainstall.png","contentUrl":"https:\/\/straatmanmooringsystems.com\/fr\/wp-content\/uploads\/sites\/3\/2026\/01\/Mooring-website-Strainstall.png","width":661,"height":508},{"@type":"BreadcrumbList","@id":"https:\/\/straatmanmooringsystems.com\/fr\/service-et-assistance\/crochets-a-degagement-rapide-strainstall-et-pieces-detachees\/#breadcrumb","itemListElement":[{"@type":"ListItem","position":1,"name":"Home","item":"https:\/\/straatmanmooringsystems.com\/fr\/"},{"@type":"ListItem","position":2,"name":"Service","item":"https:\/\/straatmanmooringsystems.com\/fr\/service-et-assistance\/"},{"@type":"ListItem","position":3,"name":"Strainstall AMTS Quick release hooks and spares"}]},{"@type":"WebSite","@id":"https:\/\/straatmanmooringsystems.com\/fr\/#website","url":"https:\/\/straatmanmooringsystems.com\/fr\/","name":"Mooring Systems FR","description":"","publisher":{"@id":"https:\/\/straatmanmooringsystems.com\/fr\/#organization"},"potentialAction":[{"@type":"SearchAction","target":{"@type":"EntryPoint","urlTemplate":"https:\/\/straatmanmooringsystems.com\/fr\/?s={search_term_string}"},"query-input":{"@type":"PropertyValueSpecification","valueRequired":true,"valueName":"search_term_string"}}],"inLanguage":"fr-FR"},{"@type":"Organization","@id":"https:\/\/straatmanmooringsystems.com\/fr\/#organization","name":"Mooring Systems FR","url":"https:\/\/straatmanmooringsystems.com\/fr\/","logo":{"@type":"ImageObject","inLanguage":"fr-FR","@id":"https:\/\/straatmanmooringsystems.com\/fr\/#\/schema\/logo\/image\/","url":"https:\/\/straatmanmooringsystems.com\/fr\/wp-content\/uploads\/sites\/3\/2026\/02\/logo-mooring.svg","contentUrl":"https:\/\/straatmanmooringsystems.com\/fr\/wp-content\/uploads\/sites\/3\/2026\/02\/logo-mooring.svg","width":237,"height":56,"caption":"Mooring Systems FR"},"image":{"@id":"https:\/\/straatmanmooringsystems.com\/fr\/#\/schema\/logo\/image\/"}}]}},"_links":{"self":[{"href":"https:\/\/straatmanmooringsystems.com\/fr\/wp-json\/wp\/v2\/pages\/899","targetHints":{"allow":["GET"]}}],"collection":[{"href":"https:\/\/straatmanmooringsystems.com\/fr\/wp-json\/wp\/v2\/pages"}],"about":[{"href":"https:\/\/straatmanmooringsystems.com\/fr\/wp-json\/wp\/v2\/types\/page"}],"author":[{"embeddable":true,"href":"https:\/\/straatmanmooringsystems.com\/fr\/wp-json\/wp\/v2\/users\/2"}],"replies":[{"embeddable":true,"href":"https:\/\/straatmanmooringsystems.com\/fr\/wp-json\/wp\/v2\/comments?post=899"}],"version-history":[{"count":7,"href":"https:\/\/straatmanmooringsystems.com\/fr\/wp-json\/wp\/v2\/pages\/899\/revisions"}],"predecessor-version":[{"id":2989,"href":"https:\/\/straatmanmooringsystems.com\/fr\/wp-json\/wp\/v2\/pages\/899\/revisions\/2989"}],"up":[{"embeddable":true,"href":"https:\/\/straatmanmooringsystems.com\/fr\/wp-json\/wp\/v2\/pages\/2452"}],"wp:attachment":[{"href":"https:\/\/straatmanmooringsystems.com\/fr\/wp-json\/wp\/v2\/media?parent=899"}],"curies":[{"name":"wp","href":"https:\/\/api.w.org\/{rel}","templated":true}]}}