{"id":2368,"date":"2026-01-19T21:40:30","date_gmt":"2026-01-19T21:40:30","guid":{"rendered":"https:\/\/straatmanmooringsystems.com\/?page_id=2368"},"modified":"2026-03-18T09:20:36","modified_gmt":"2026-03-18T09:20:36","slug":"request-a-proposal","status":"publish","type":"page","link":"https:\/\/straatmanmooringsystems.com\/pt\/request-a-proposal\/","title":{"rendered":"Request a proposal"},"content":{"rendered":"\n<div class=\"wp-block-columns has-green-background-color has-background is-layout-flex wp-container-core-columns-is-layout-9d6595d7 wp-block-columns-is-layout-flex\">\n<div class=\"wp-block-column has-white-color has-text-color has-link-color wp-elements-d6eb4208bbd2f54d747b5d154f728c42 is-layout-flow wp-block-column-is-layout-flow\" style=\"padding-top:var(--wp--preset--spacing--70);padding-bottom:var(--wp--preset--spacing--70)\">\n<section style=\"padding-top:var(--wp--preset--spacing--30);padding-bottom:var(--wp--preset--spacing--30);\" class=\"text-editor align wp-block-acf-text-editor\" id=\"text-editorblock_73788330656caafdb6a475de026bca6c\">\n    <div class=\"centered\">\n        \n        <h2 data-start=\"35\" data-end=\"145\">Para qual produto ou servi\u00e7o deseja uma proposta?<\/h2>\n<p data-start=\"454\" data-end=\"611\">Diga-nos o que voc\u00ea precisa. Nossos engenheiros e especialistas comerciais analisar\u00e3o sua solicita\u00e7\u00e3o e retornar\u00e3o com uma proposta clara e pr\u00e1tica.<\/p>\n\n\n    <\/div>\n<\/section>\n\n\n\n\n<style id=\"wpforms-css-vars-2753\">\n\t\t\t\t#wpforms-2753 {\n\t\t\t\t--wpforms-container-padding: 0px;\n--wpforms-container-border-width: 1px;\n--wpforms-container-border-radius: 3px;\n--wpforms-background-color: rgba(0, 0, 0, 0);\n--wpforms-field-size-input-height: 43px;\n--wpforms-field-size-input-spacing: 15px;\n--wpforms-field-size-font-size: 16px;\n--wpforms-field-size-line-height: 19px;\n--wpforms-field-size-padding-h: 14px;\n--wpforms-field-size-checkbox-size: 16px;\n--wpforms-field-size-sublabel-spacing: 5px;\n--wpforms-field-size-icon-size: 1;\n--wpforms-label-size-font-size: 16px;\n--wpforms-label-size-line-height: 19px;\n--wpforms-label-size-sublabel-font-size: 14px;\n--wpforms-label-size-sublabel-line-height: 17px;\n--wpforms-button-size-font-size: 17px;\n--wpforms-button-size-height: 41px;\n--wpforms-button-size-padding-h: 15px;\n--wpforms-button-size-margin-top: 10px;\n--wpforms-container-shadow-size-box-shadow: none;\n\t\t\t}\n\t\t\t<\/style><div class=\"wpforms-container wpforms-container-full inquiryform wpforms-render-modern\" id=\"wpforms-2753\"><form id=\"wpforms-form-2753\" class=\"wpforms-validate wpforms-form wpforms-ajax-form\" data-formid=\"2753\" method=\"post\" enctype=\"multipart\/form-data\" action=\"\/pt\/wp-json\/wp\/v2\/pages\/2368\" data-token=\"0aa1758ba0d638ba43709bf6b4726dae\" data-token-time=\"1778971837\"><noscript class=\"wpforms-error-noscript\">Please enable JavaScript in your browser to complete this form.<\/noscript><div id=\"wpforms-error-noscript\" style=\"display: none;\">Please enable JavaScript in your browser to complete this form.<\/div><div class=\"wpforms-field-container\"><div id=\"wpforms-2753-field_4-container\" class=\"wpforms-field wpforms-field-checkbox left\" data-field-id=\"4\"><fieldset><legend class=\"wpforms-field-label\">Mooring systems<\/legend><ul id=\"wpforms-2753-field_4\"><li class=\"choice-1 depth-1\"><input type=\"checkbox\" id=\"wpforms-2753-field_4_1\" name=\"wpforms[fields][4][]\" value=\"Quick release mooring hooks\" aria-errormessage=\"wpforms-2753-field_4_1-error\"  ><label class=\"wpforms-field-label-inline\" for=\"wpforms-2753-field_4_1\">Quick release mooring hooks<\/label><\/li><li class=\"choice-2 depth-1\"><input type=\"checkbox\" id=\"wpforms-2753-field_4_2\" name=\"wpforms[fields][4][]\" value=\"Capstans\" aria-errormessage=\"wpforms-2753-field_4_2-error\"  ><label class=\"wpforms-field-label-inline\" for=\"wpforms-2753-field_4_2\">Capstans<\/label><\/li><li class=\"choice-3 depth-1\"><input type=\"checkbox\" id=\"wpforms-2753-field_4_3\" name=\"wpforms[fields][4][]\" value=\"Berthing aid system\" aria-errormessage=\"wpforms-2753-field_4_3-error\"  ><label class=\"wpforms-field-label-inline\" for=\"wpforms-2753-field_4_3\">Berthing aid system<\/label><\/li><li class=\"choice-6 depth-1\"><input type=\"checkbox\" id=\"wpforms-2753-field_4_6\" name=\"wpforms[fields][4][]\" value=\"Environmental monitoring system (EMS)\" aria-errormessage=\"wpforms-2753-field_4_6-error\"  ><label class=\"wpforms-field-label-inline\" for=\"wpforms-2753-field_4_6\">Environmental monitoring system (EMS)<\/label><\/li><li class=\"choice-8 depth-1\"><input type=\"checkbox\" id=\"wpforms-2753-field_4_8\" name=\"wpforms[fields][4][]\" value=\"Mooring buoys\" aria-errormessage=\"wpforms-2753-field_4_8-error\"  ><label class=\"wpforms-field-label-inline\" for=\"wpforms-2753-field_4_8\">Mooring buoys<\/label><\/li><li class=\"choice-5 depth-1\"><input type=\"checkbox\" id=\"wpforms-2753-field_4_5\" name=\"wpforms[fields][4][]\" value=\"Mooring load monitoring system (MLMS)\" aria-errormessage=\"wpforms-2753-field_4_5-error\"  ><label class=\"wpforms-field-label-inline\" for=\"wpforms-2753-field_4_5\">Mooring load monitoring system (MLMS)<\/label><\/li><li class=\"choice-4 depth-1\"><input type=\"checkbox\" id=\"wpforms-2753-field_4_4\" name=\"wpforms[fields][4][]\" value=\"Solar power system\" aria-errormessage=\"wpforms-2753-field_4_4-error\"  ><label class=\"wpforms-field-label-inline\" for=\"wpforms-2753-field_4_4\">Solar power system<\/label><\/li><li class=\"choice-7 depth-1\"><input type=\"checkbox\" id=\"wpforms-2753-field_4_7\" name=\"wpforms[fields][4][]\" value=\"Quick release towing hook\" aria-errormessage=\"wpforms-2753-field_4_7-error\"  ><label class=\"wpforms-field-label-inline\" for=\"wpforms-2753-field_4_7\">Quick release towing hook<\/label><\/li><\/ul><\/fieldset><\/div><div id=\"wpforms-2753-field_5-container\" class=\"wpforms-field wpforms-field-checkbox left\" data-field-id=\"5\"><fieldset><legend class=\"wpforms-field-label\">Safecom Ship-to-Shore link<\/legend><ul id=\"wpforms-2753-field_5\"><li class=\"choice-1 depth-1\"><input type=\"checkbox\" id=\"wpforms-2753-field_5_1\" name=\"wpforms[fields][5][]\" value=\"Ship-to-shore link for LNG\" aria-errormessage=\"wpforms-2753-field_5_1-error\"  ><label class=\"wpforms-field-label-inline\" for=\"wpforms-2753-field_5_1\">Ship-to-shore link for LNG<\/label><\/li><li class=\"choice-2 depth-1\"><input type=\"checkbox\" id=\"wpforms-2753-field_5_2\" name=\"wpforms[fields][5][]\" value=\"Ship-to-shore link for OCIMF\" aria-errormessage=\"wpforms-2753-field_5_2-error\"  ><label class=\"wpforms-field-label-inline\" for=\"wpforms-2753-field_5_2\">Ship-to-shore link for OCIMF<\/label><\/li><li class=\"choice-3 depth-1\"><input type=\"checkbox\" id=\"wpforms-2753-field_5_3\" name=\"wpforms[fields][5][]\" value=\"Ship-to-shore link upgrades\/retrofit\" aria-errormessage=\"wpforms-2753-field_5_3-error\"  ><label class=\"wpforms-field-label-inline\" for=\"wpforms-2753-field_5_3\">Ship-to-shore link upgrades\/retrofit<\/label><\/li><li class=\"choice-4 depth-1\"><input type=\"checkbox\" id=\"wpforms-2753-field_5_4\" name=\"wpforms[fields][5][]\" value=\"Ship-to-shore link spare parts\" aria-errormessage=\"wpforms-2753-field_5_4-error\"  ><label class=\"wpforms-field-label-inline\" for=\"wpforms-2753-field_5_4\">Ship-to-shore link spare parts<\/label><\/li><\/ul><\/fieldset><\/div>\t\t<div id=\"wpforms-2753-field_1-container\"\n\t\t\tclass=\"wpforms-field wpforms-field-text\"\n\t\t\tdata-field-type=\"text\"\n\t\t\tdata-field-id=\"1\"\n\t\t\t>\n\t\t\t<label class=\"wpforms-field-label\" for=\"wpforms-2753-field_1\" >name Your Smart<\/label>\n\t\t\t<input type=\"text\" id=\"wpforms-2753-field_1\" class=\"wpforms-field-medium\" name=\"wpforms[fields][1]\" >\n\t\t<\/div>\n\t\t<div id=\"wpforms-2753-field_6-container\" class=\"wpforms-field wpforms-field-checkbox left\" data-field-id=\"6\"><fieldset><legend class=\"wpforms-field-label\">Smart Bollard<\/legend><ul id=\"wpforms-2753-field_6\"><li class=\"choice-1 depth-1\"><input type=\"checkbox\" id=\"wpforms-2753-field_6_1\" name=\"wpforms[fields][6][]\" value=\"Smart bollard\" aria-errormessage=\"wpforms-2753-field_6_1-error\"  ><label class=\"wpforms-field-label-inline\" for=\"wpforms-2753-field_6_1\">Smart bollard<\/label><\/li><\/ul><\/fieldset><\/div><div id=\"wpforms-2753-field_9-container\" class=\"wpforms-field wpforms-field-checkbox left\" data-field-id=\"9\"><fieldset><legend class=\"wpforms-field-label\">Service &amp; support<\/legend><ul id=\"wpforms-2753-field_9\"><li class=\"choice-1 depth-1\"><input type=\"checkbox\" id=\"wpforms-2753-field_9_1\" name=\"wpforms[fields][9][]\" value=\"Inspection\" aria-errormessage=\"wpforms-2753-field_9_1-error\"  ><label class=\"wpforms-field-label-inline\" for=\"wpforms-2753-field_9_1\">Inspection<\/label><\/li><li class=\"choice-2 depth-1\"><input type=\"checkbox\" id=\"wpforms-2753-field_9_2\" name=\"wpforms[fields][9][]\" value=\"Maintenance\" aria-errormessage=\"wpforms-2753-field_9_2-error\"  ><label class=\"wpforms-field-label-inline\" for=\"wpforms-2753-field_9_2\">Maintenance<\/label><\/li><li class=\"choice-3 depth-1\"><input type=\"checkbox\" id=\"wpforms-2753-field_9_3\" name=\"wpforms[fields][9][]\" value=\"Load cell calibration\" aria-errormessage=\"wpforms-2753-field_9_3-error\"  ><label class=\"wpforms-field-label-inline\" for=\"wpforms-2753-field_9_3\">Load cell calibration<\/label><\/li><li class=\"choice-6 depth-1\"><input type=\"checkbox\" id=\"wpforms-2753-field_9_6\" name=\"wpforms[fields][9][]\" value=\"Spares\" aria-errormessage=\"wpforms-2753-field_9_6-error\"  ><label class=\"wpforms-field-label-inline\" for=\"wpforms-2753-field_9_6\">Spares<\/label><\/li><li class=\"choice-5 depth-1\"><input type=\"checkbox\" id=\"wpforms-2753-field_9_5\" name=\"wpforms[fields][9][]\" value=\"Strainstall\" aria-errormessage=\"wpforms-2753-field_9_5-error\"  ><label class=\"wpforms-field-label-inline\" for=\"wpforms-2753-field_9_5\">Strainstall<\/label><\/li><li class=\"choice-4 depth-1\"><input type=\"checkbox\" id=\"wpforms-2753-field_9_4\" name=\"wpforms[fields][9][]\" value=\"Commissioning &amp; training\" aria-errormessage=\"wpforms-2753-field_9_4-error\"  ><label class=\"wpforms-field-label-inline\" for=\"wpforms-2753-field_9_4\">Commissioning &amp; training<\/label><\/li><\/ul><\/fieldset><\/div><div id=\"wpforms-2753-field_10-container\" class=\"wpforms-field wpforms-field-text right\" data-field-id=\"10\"><label class=\"wpforms-field-label\" for=\"wpforms-2753-field_10\">Company name<\/label><input type=\"text\" id=\"wpforms-2753-field_10\" class=\"wpforms-field-medium\" name=\"wpforms[fields][10]\" aria-errormessage=\"wpforms-2753-field_10-error\" ><\/div><div id=\"wpforms-2753-field_11-container\" class=\"wpforms-field wpforms-field-name right\" data-field-id=\"11\"><label class=\"wpforms-field-label\" for=\"wpforms-2753-field_11\">Name <span class=\"wpforms-required-label\" aria-hidden=\"true\">*<\/span><\/label><input type=\"text\" id=\"wpforms-2753-field_11\" class=\"wpforms-field-medium wpforms-field-required\" name=\"wpforms[fields][11]\" aria-errormessage=\"wpforms-2753-field_11-error\" required><\/div><div id=\"wpforms-2753-field_12-container\" class=\"wpforms-field wpforms-field-email right\" data-field-id=\"12\"><label class=\"wpforms-field-label\" for=\"wpforms-2753-field_12\">E-mailaddress <span class=\"wpforms-required-label\" aria-hidden=\"true\">*<\/span><\/label><input type=\"email\" id=\"wpforms-2753-field_12\" class=\"wpforms-field-medium wpforms-field-required\" name=\"wpforms[fields][12]\" spellcheck=\"false\" aria-errormessage=\"wpforms-2753-field_12-error\" required><\/div><div id=\"wpforms-2753-field_13-container\" class=\"wpforms-field wpforms-field-text right\" data-field-id=\"13\"><label class=\"wpforms-field-label\" for=\"wpforms-2753-field_13\">Phone number<\/label><input type=\"text\" id=\"wpforms-2753-field_13\" class=\"wpforms-field-medium\" name=\"wpforms[fields][13]\" aria-errormessage=\"wpforms-2753-field_13-error\" ><\/div><div id=\"wpforms-2753-field_14-container\" class=\"wpforms-field wpforms-field-textarea right\" data-field-id=\"14\"><label class=\"wpforms-field-label\" for=\"wpforms-2753-field_14\">Your message<\/label><textarea id=\"wpforms-2753-field_14\" class=\"wpforms-field-medium\" name=\"wpforms[fields][14]\" aria-errormessage=\"wpforms-2753-field_14-error\" ><\/textarea><\/div><script>\n\t\t\t\t( function() {\n\t\t\t\t\tconst style = document.createElement( 'style' );\n\t\t\t\t\tstyle.appendChild( document.createTextNode( '#wpforms-2753-field_1-container { position: absolute !important; overflow: hidden !important; display: inline !important; height: 1px !important; width: 1px !important; z-index: -1000 !important; padding: 0 !important; } #wpforms-2753-field_1-container input { visibility: hidden; } #wpforms-conversational-form-page #wpforms-2753-field_1-container label { counter-increment: none; }' ) );\n\t\t\t\t\tdocument.head.appendChild( style );\n\t\t\t\t\tdocument.currentScript?.remove();\n\t\t\t\t} )();\n\t\t\t<\/script><\/div><!-- .wpforms-field-container --><div class=\"wpforms-recaptcha-container wpforms-is-recaptcha wpforms-is-recaptcha-type-v3\" ><input type=\"hidden\" name=\"wpforms[recaptcha]\" value=\"\"><\/div><div class=\"wpforms-submit-container\" ><input type=\"hidden\" name=\"wpforms[id]\" value=\"2753\"><input type=\"hidden\" name=\"page_title\" value=\"\"><input type=\"hidden\" name=\"page_url\" value=\"https:\/\/straatmanmooringsystems.com\/pt\/wp-json\/wp\/v2\/pages\/2368\"><input type=\"hidden\" name=\"url_referer\" value=\"\"><button type=\"submit\" name=\"wpforms[submit]\" id=\"wpforms-submit-2753\" class=\"wpforms-submit\" data-alt-text=\"Sending...\" data-submit-text=\"Sent\" aria-live=\"assertive\" value=\"wpforms-submit\">Sent<\/button><img loading=\"lazy\" decoding=\"async\" src=\"https:\/\/straatmanmooringsystems.com\/pt\/wp-content\/plugins\/wpforms-lite\/assets\/images\/submit-spin.svg\" class=\"wpforms-submit-spinner\" style=\"display: none;\" width=\"26\" height=\"26\" alt=\"Loading\"><\/div><\/form><\/div>  <!-- .wpforms-container -->\n<\/div>\n<\/div>\n\n\n\n<p><\/p>\n","protected":false},"excerpt":{"rendered":"","protected":false},"author":1,"featured_media":0,"parent":0,"menu_order":0,"comment_status":"closed","ping_status":"closed","template":"","meta":{"_acf_changed":false,"footnotes":""},"class_list":["post-2368","page","type-page","status-publish","hentry"],"acf":[],"yoast_head":"<!-- This site is optimized with the Yoast SEO plugin v26.6 - https:\/\/yoast.com\/wordpress\/plugins\/seo\/ -->\n<title>Request a proposal - Straatman Mooring Systems<\/title>\n<meta name=\"description\" content=\"Obtenha uma solu\u00e7\u00e3o sob medida para o seu projeto de amarra\u00e7\u00e3o ou atraca\u00e7\u00e3o. Seja para um novo terminal, a moderniza\u00e7\u00e3o de infraestrutura existente ou a substitui\u00e7\u00e3o de componentes cr\u00edticos, ajudamos voc\u00ea a encontrar a solu\u00e7\u00e3o certa.\" \/>\n<meta name=\"robots\" content=\"index, follow, max-snippet:-1, max-image-preview:large, max-video-preview:-1\" \/>\n<link rel=\"canonical\" href=\"https:\/\/straatmanmooringsystems.com\/pt\/request-a-proposal\/\" \/>\n<meta property=\"og:locale\" content=\"pt_PT\" \/>\n<meta property=\"og:type\" content=\"article\" \/>\n<meta property=\"og:title\" content=\"Request a proposal - Straatman Mooring Systems\" \/>\n<meta property=\"og:description\" content=\"Obtenha uma solu\u00e7\u00e3o sob medida para o seu projeto de amarra\u00e7\u00e3o ou atraca\u00e7\u00e3o. Seja para um novo terminal, a moderniza\u00e7\u00e3o de infraestrutura existente ou a substitui\u00e7\u00e3o de componentes cr\u00edticos, ajudamos voc\u00ea a encontrar a solu\u00e7\u00e3o certa.\" \/>\n<meta property=\"og:url\" content=\"https:\/\/straatmanmooringsystems.com\/pt\/request-a-proposal\/\" \/>\n<meta property=\"og:site_name\" content=\"Mooring Systems PT\" \/>\n<meta property=\"article:modified_time\" content=\"2026-03-18T09:20:36+00:00\" \/>\n<meta name=\"twitter:card\" content=\"summary_large_image\" \/>\n<meta name=\"twitter:label1\" content=\"Tempo estimado de leitura\" \/>\n\t<meta name=\"twitter:data1\" content=\"1 minuto\" \/>\n<script type=\"application\/ld+json\" class=\"yoast-schema-graph\">{\"@context\":\"https:\/\/schema.org\",\"@graph\":[{\"@type\":\"WebPage\",\"@id\":\"https:\/\/straatmanmooringsystems.com\/pt\/request-a-proposal\/\",\"url\":\"https:\/\/straatmanmooringsystems.com\/pt\/request-a-proposal\/\",\"name\":\"Request a proposal - Straatman Mooring Systems\",\"isPartOf\":{\"@id\":\"https:\/\/straatmanmooringsystems.com\/pt\/#website\"},\"datePublished\":\"2026-01-19T21:40:30+00:00\",\"dateModified\":\"2026-03-18T09:20:36+00:00\",\"description\":\"Obtenha uma solu\u00e7\u00e3o sob medida para o seu projeto de amarra\u00e7\u00e3o ou atraca\u00e7\u00e3o. Seja para um novo terminal, a moderniza\u00e7\u00e3o de infraestrutura existente ou a substitui\u00e7\u00e3o de componentes cr\u00edticos, ajudamos voc\u00ea a encontrar a solu\u00e7\u00e3o certa.\",\"breadcrumb\":{\"@id\":\"https:\/\/straatmanmooringsystems.com\/pt\/request-a-proposal\/#breadcrumb\"},\"inLanguage\":\"pt-PT\",\"potentialAction\":[{\"@type\":\"ReadAction\",\"target\":[\"https:\/\/straatmanmooringsystems.com\/pt\/request-a-proposal\/\"]}]},{\"@type\":\"BreadcrumbList\",\"@id\":\"https:\/\/straatmanmooringsystems.com\/pt\/request-a-proposal\/#breadcrumb\",\"itemListElement\":[{\"@type\":\"ListItem\",\"position\":1,\"name\":\"Home\",\"item\":\"https:\/\/straatmanmooringsystems.com\/pt\/\"},{\"@type\":\"ListItem\",\"position\":2,\"name\":\"Request a proposal\"}]},{\"@type\":\"WebSite\",\"@id\":\"https:\/\/straatmanmooringsystems.com\/pt\/#website\",\"url\":\"https:\/\/straatmanmooringsystems.com\/pt\/\",\"name\":\"Mooring Systems PT\",\"description\":\"\",\"publisher\":{\"@id\":\"https:\/\/straatmanmooringsystems.com\/pt\/#organization\"},\"potentialAction\":[{\"@type\":\"SearchAction\",\"target\":{\"@type\":\"EntryPoint\",\"urlTemplate\":\"https:\/\/straatmanmooringsystems.com\/pt\/?s={search_term_string}\"},\"query-input\":{\"@type\":\"PropertyValueSpecification\",\"valueRequired\":true,\"valueName\":\"search_term_string\"}}],\"inLanguage\":\"pt-PT\"},{\"@type\":\"Organization\",\"@id\":\"https:\/\/straatmanmooringsystems.com\/pt\/#organization\",\"name\":\"Mooring Systems PT\",\"url\":\"https:\/\/straatmanmooringsystems.com\/pt\/\",\"logo\":{\"@type\":\"ImageObject\",\"inLanguage\":\"pt-PT\",\"@id\":\"https:\/\/straatmanmooringsystems.com\/pt\/#\/schema\/logo\/image\/\",\"url\":\"https:\/\/straatmanmooringsystems.com\/pt\/wp-content\/uploads\/sites\/4\/2026\/02\/logo-mooring.svg\",\"contentUrl\":\"https:\/\/straatmanmooringsystems.com\/pt\/wp-content\/uploads\/sites\/4\/2026\/02\/logo-mooring.svg\",\"width\":237,\"height\":56,\"caption\":\"Mooring Systems PT\"},\"image\":{\"@id\":\"https:\/\/straatmanmooringsystems.com\/pt\/#\/schema\/logo\/image\/\"}}]}<\/script>\n<!-- \/ Yoast SEO plugin. -->","yoast_head_json":{"title":"Request a proposal - Straatman Mooring Systems","description":"Obtenha uma solu\u00e7\u00e3o sob medida para o seu projeto de amarra\u00e7\u00e3o ou atraca\u00e7\u00e3o. Seja para um novo terminal, a moderniza\u00e7\u00e3o de infraestrutura existente ou a substitui\u00e7\u00e3o de componentes cr\u00edticos, ajudamos voc\u00ea a encontrar a solu\u00e7\u00e3o certa.","robots":{"index":"index","follow":"follow","max-snippet":"max-snippet:-1","max-image-preview":"max-image-preview:large","max-video-preview":"max-video-preview:-1"},"canonical":"https:\/\/straatmanmooringsystems.com\/pt\/request-a-proposal\/","og_locale":"pt_PT","og_type":"article","og_title":"Request a proposal - Straatman Mooring Systems","og_description":"Obtenha uma solu\u00e7\u00e3o sob medida para o seu projeto de amarra\u00e7\u00e3o ou atraca\u00e7\u00e3o. Seja para um novo terminal, a moderniza\u00e7\u00e3o de infraestrutura existente ou a substitui\u00e7\u00e3o de componentes cr\u00edticos, ajudamos voc\u00ea a encontrar a solu\u00e7\u00e3o certa.","og_url":"https:\/\/straatmanmooringsystems.com\/pt\/request-a-proposal\/","og_site_name":"Mooring Systems PT","article_modified_time":"2026-03-18T09:20:36+00:00","twitter_card":"summary_large_image","twitter_misc":{"Tempo estimado de leitura":"1 minuto"},"schema":{"@context":"https:\/\/schema.org","@graph":[{"@type":"WebPage","@id":"https:\/\/straatmanmooringsystems.com\/pt\/request-a-proposal\/","url":"https:\/\/straatmanmooringsystems.com\/pt\/request-a-proposal\/","name":"Request a proposal - Straatman Mooring Systems","isPartOf":{"@id":"https:\/\/straatmanmooringsystems.com\/pt\/#website"},"datePublished":"2026-01-19T21:40:30+00:00","dateModified":"2026-03-18T09:20:36+00:00","description":"Obtenha uma solu\u00e7\u00e3o sob medida para o seu projeto de amarra\u00e7\u00e3o ou atraca\u00e7\u00e3o. Seja para um novo terminal, a moderniza\u00e7\u00e3o de infraestrutura existente ou a substitui\u00e7\u00e3o de componentes cr\u00edticos, ajudamos voc\u00ea a encontrar a solu\u00e7\u00e3o certa.","breadcrumb":{"@id":"https:\/\/straatmanmooringsystems.com\/pt\/request-a-proposal\/#breadcrumb"},"inLanguage":"pt-PT","potentialAction":[{"@type":"ReadAction","target":["https:\/\/straatmanmooringsystems.com\/pt\/request-a-proposal\/"]}]},{"@type":"BreadcrumbList","@id":"https:\/\/straatmanmooringsystems.com\/pt\/request-a-proposal\/#breadcrumb","itemListElement":[{"@type":"ListItem","position":1,"name":"Home","item":"https:\/\/straatmanmooringsystems.com\/pt\/"},{"@type":"ListItem","position":2,"name":"Request a proposal"}]},{"@type":"WebSite","@id":"https:\/\/straatmanmooringsystems.com\/pt\/#website","url":"https:\/\/straatmanmooringsystems.com\/pt\/","name":"Mooring Systems PT","description":"","publisher":{"@id":"https:\/\/straatmanmooringsystems.com\/pt\/#organization"},"potentialAction":[{"@type":"SearchAction","target":{"@type":"EntryPoint","urlTemplate":"https:\/\/straatmanmooringsystems.com\/pt\/?s={search_term_string}"},"query-input":{"@type":"PropertyValueSpecification","valueRequired":true,"valueName":"search_term_string"}}],"inLanguage":"pt-PT"},{"@type":"Organization","@id":"https:\/\/straatmanmooringsystems.com\/pt\/#organization","name":"Mooring Systems PT","url":"https:\/\/straatmanmooringsystems.com\/pt\/","logo":{"@type":"ImageObject","inLanguage":"pt-PT","@id":"https:\/\/straatmanmooringsystems.com\/pt\/#\/schema\/logo\/image\/","url":"https:\/\/straatmanmooringsystems.com\/pt\/wp-content\/uploads\/sites\/4\/2026\/02\/logo-mooring.svg","contentUrl":"https:\/\/straatmanmooringsystems.com\/pt\/wp-content\/uploads\/sites\/4\/2026\/02\/logo-mooring.svg","width":237,"height":56,"caption":"Mooring Systems PT"},"image":{"@id":"https:\/\/straatmanmooringsystems.com\/pt\/#\/schema\/logo\/image\/"}}]}},"_links":{"self":[{"href":"https:\/\/straatmanmooringsystems.com\/pt\/wp-json\/wp\/v2\/pages\/2368","targetHints":{"allow":["GET"]}}],"collection":[{"href":"https:\/\/straatmanmooringsystems.com\/pt\/wp-json\/wp\/v2\/pages"}],"about":[{"href":"https:\/\/straatmanmooringsystems.com\/pt\/wp-json\/wp\/v2\/types\/page"}],"author":[{"embeddable":true,"href":"https:\/\/straatmanmooringsystems.com\/pt\/wp-json\/wp\/v2\/users\/1"}],"replies":[{"embeddable":true,"href":"https:\/\/straatmanmooringsystems.com\/pt\/wp-json\/wp\/v2\/comments?post=2368"}],"version-history":[{"count":6,"href":"https:\/\/straatmanmooringsystems.com\/pt\/wp-json\/wp\/v2\/pages\/2368\/revisions"}],"predecessor-version":[{"id":3186,"href":"https:\/\/straatmanmooringsystems.com\/pt\/wp-json\/wp\/v2\/pages\/2368\/revisions\/3186"}],"wp:attachment":[{"href":"https:\/\/straatmanmooringsystems.com\/pt\/wp-json\/wp\/v2\/media?parent=2368"}],"curies":[{"name":"wp","href":"https:\/\/api.w.org\/{rel}","templated":true}]}}