{"id":2454,"date":"2025-12-24T08:13:53","date_gmt":"2025-12-24T08:13:53","guid":{"rendered":"https:\/\/straatmanmooringsystems.com\/?page_id=202"},"modified":"2026-03-11T12:03:51","modified_gmt":"2026-03-11T12:03:51","slug":"servico-apoio","status":"publish","type":"page","link":"https:\/\/straatmanmooringsystems.com\/pt\/servico-apoio\/","title":{"rendered":"Service"},"content":{"rendered":"\n<section class=\"tiles-block align wp-block-acf-tiles-block\" id=\"tiles-blockblock_1399f84ba07957ddf6fdece7f8eef1e4\">\n    <div class=\"centered\">\n        <div class=\"heading\">\n            <h2 class=\"title\">Ver nossas op\u00e7\u00f5es de servi\u00e7o e suporte<\/h2>    \n        <\/div>\n        <div class=\"items\"><div class=\"item\"><a class=\"item tile\" title=\"Comissionamento e forma\u00e7\u00e3o\" target=\"_blank\" href=\"https:\/\/straatmanmooringsystems.com\/pt\/servico-apoio\/comissionamento-e-formacao\/\"><div class=\"image_container\"><img loading=\"lazy\" decoding=\"async\" width=\"661\" height=\"508\" src=\"https:\/\/straatmanmooringsystems.com\/pt\/wp-content\/uploads\/sites\/4\/2026\/01\/Mooring-website-Service.png\" class=\"attachment-large size-large\" alt=\"\" srcset=\"https:\/\/straatmanmooringsystems.com\/pt\/wp-content\/uploads\/sites\/4\/2026\/01\/Mooring-website-Service.png 661w, https:\/\/straatmanmooringsystems.com\/pt\/wp-content\/uploads\/sites\/4\/2026\/01\/Mooring-website-Service-300x231.png 300w\" sizes=\"auto, (max-width: 661px) 100vw, 661px\" \/><\/div><div class=\"content\"><h4 class=\"title\">Comissionamento e forma\u00e7\u00e3o<\/h4><p class=\"description\">Nossos engenheiros de servi\u00e7o garantem que nosso equipamento funcione sem problemas ao fornecer comissionamento no local.<\/p><span class=\"hexa\"><\/span><\/div><\/a><\/div><div class=\"item\"><a class=\"item tile\" title=\"Inspe\u00e7\u00e3o, servi\u00e7o, pe\u00e7as de reposi\u00e7\u00e3o e melhorias\" target=\"_blank\" href=\"https:\/\/straatmanmooringsystems.com\/pt\/servico-apoio\/inspecao-manutencao-sistemas-de-amarracao\/\"><div class=\"image_container\"><img loading=\"lazy\" decoding=\"async\" width=\"661\" height=\"508\" src=\"https:\/\/straatmanmooringsystems.com\/pt\/wp-content\/uploads\/sites\/4\/2026\/01\/Mooring-website-Service-1.png\" class=\"attachment-large size-large\" alt=\"\" srcset=\"https:\/\/straatmanmooringsystems.com\/pt\/wp-content\/uploads\/sites\/4\/2026\/01\/Mooring-website-Service-1.png 661w, https:\/\/straatmanmooringsystems.com\/pt\/wp-content\/uploads\/sites\/4\/2026\/01\/Mooring-website-Service-1-300x231.png 300w\" sizes=\"auto, (max-width: 661px) 100vw, 661px\" \/><\/div><div class=\"content\"><h4 class=\"title\">Inspe\u00e7\u00e3o, servi\u00e7o, pe\u00e7as de reposi\u00e7\u00e3o e melhorias<\/h4><p class=\"description\">Verifica\u00e7\u00f5es e manuten\u00e7\u00e3o regulares estendem a vida \u00fatil do sistema de amarra\u00e7\u00e3o e reduzem o tempo de inatividade. Nossa equipe de Pe\u00e7as\u00a0&amp;\u00a0Servi\u00e7o fornece pe\u00e7as de reposi\u00e7\u00e3o OEM, melhorias e suporte no local.<\/p><span class=\"hexa\"><\/span><\/div><\/a><\/div><div class=\"item\"><a class=\"item tile\" title=\"Equipamento de amarra\u00e7\u00e3o Strainstall\/AMT\" target=\"_blank\" href=\"https:\/\/straatmanmooringsystems.com\/pt\/servico-apoio\/ganchos-de-libertacao-rapida-strainstall-e-pecas-sobressalentes\/\"><div class=\"image_container\"><img loading=\"lazy\" decoding=\"async\" width=\"661\" height=\"508\" src=\"https:\/\/straatmanmooringsystems.com\/pt\/wp-content\/uploads\/sites\/4\/2026\/01\/Mooring-website-Service-2.png\" class=\"attachment-large size-large\" alt=\"\" srcset=\"https:\/\/straatmanmooringsystems.com\/pt\/wp-content\/uploads\/sites\/4\/2026\/01\/Mooring-website-Service-2.png 661w, https:\/\/straatmanmooringsystems.com\/pt\/wp-content\/uploads\/sites\/4\/2026\/01\/Mooring-website-Service-2-300x231.png 300w\" sizes=\"auto, (max-width: 661px) 100vw, 661px\" \/><\/div><div class=\"content\"><h4 class=\"title\">Equipamento de amarra\u00e7\u00e3o Strainstall\/AMT<\/h4><p class=\"description\">Prestamos servi\u00e7o aos ganchos de amarra\u00e7\u00e3o de libera\u00e7\u00e3o r\u00e1pida e sistemas de ajuda ao atracamento Strainstall e\u00a0AMTS.<\/p><span class=\"hexa\"><\/span><\/div><\/a><\/div><div class=\"item\"><a class=\"item tile\" title=\"Calibra\u00e7\u00e3o de c\u00e9lulas de carga no gancho\" target=\"_blank\" href=\"https:\/\/straatmanmooringsystems.com\/pt\/servico-apoio\/calibracao-celulas-de-carga\/\"><div class=\"image_container\"><img loading=\"lazy\" decoding=\"async\" width=\"661\" height=\"508\" src=\"https:\/\/straatmanmooringsystems.com\/pt\/wp-content\/uploads\/sites\/4\/2026\/01\/Mooring-website-Service-3.png\" class=\"attachment-large size-large\" alt=\"\" srcset=\"https:\/\/straatmanmooringsystems.com\/pt\/wp-content\/uploads\/sites\/4\/2026\/01\/Mooring-website-Service-3.png 661w, https:\/\/straatmanmooringsystems.com\/pt\/wp-content\/uploads\/sites\/4\/2026\/01\/Mooring-website-Service-3-300x231.png 300w\" sizes=\"auto, (max-width: 661px) 100vw, 661px\" \/><\/div><div class=\"content\"><h4 class=\"title\">Calibra\u00e7\u00e3o de c\u00e9lulas de carga no gancho<\/h4><p class=\"description\">A Straatman oferece um m\u00e9todo de calibra\u00e7\u00e3o que atende aos requisitos enquanto reduz o tempo de inatividade e o impacto operacional.<\/p><span class=\"hexa\"><\/span><\/div><\/a><\/div><\/div>\n\n        \n        \n\n        <div class=\"extensive_cta\" style=\"position:relative; text-align: center; margin-top:16px; background-color:#00000010; padding: 72px; overflow: hidden;\"><div class=\"bgimage\" style=\"position:absolute; opacity:0.3; left: 0; top: 0;\"><img loading=\"lazy\" decoding=\"async\" width=\"1333\" height=\"276\" src=\"https:\/\/straatmanmooringsystems.com\/pt\/wp-content\/uploads\/sites\/4\/2026\/01\/Mooring-website-Homepage-Discuss-project-2.png\" class=\"attachment-full size-full\" alt=\"\" srcset=\"https:\/\/straatmanmooringsystems.com\/pt\/wp-content\/uploads\/sites\/4\/2026\/01\/Mooring-website-Homepage-Discuss-project-2.png 1333w, https:\/\/straatmanmooringsystems.com\/pt\/wp-content\/uploads\/sites\/4\/2026\/01\/Mooring-website-Homepage-Discuss-project-2-300x62.png 300w, https:\/\/straatmanmooringsystems.com\/pt\/wp-content\/uploads\/sites\/4\/2026\/01\/Mooring-website-Homepage-Discuss-project-2-1024x212.png 1024w, https:\/\/straatmanmooringsystems.com\/pt\/wp-content\/uploads\/sites\/4\/2026\/01\/Mooring-website-Homepage-Discuss-project-2-768x159.png 768w\" sizes=\"auto, (max-width: 1333px) 100vw, 1333px\" \/><\/div><h3 class=\"title\" style=\"max-width: 600px; margin: 0 auto;\">Vamos <strong>discutir<\/strong> o seu <strong>projeto<\/strong> de servi\u00e7o<\/h3><a class=\"btn\" href=\"https:\/\/straatmanmooringsystems.com\/request-a-proposal\/\" target=\"_blank\">Solicitar proposta<\/a><\/div>        <\/div>\n<\/section>\n\n\n\n\n\n<div style=\"background-color: var(--color-offwhite); padding-top:var(--wp--preset--spacing--60);padding-bottom:var(--wp--preset--spacing--60);\" class=\"icon-block-static offwhite align wp-block-acf-icon-block-static has-background has-offwhite-background-color\" id=\"icon-block-static-block_6cc8e818276e7adc721f42b32608638d\">\n    <div class=\"centered\">\n        <h2 class=\"title\">Why our customers trust straatman<\/h2><div class=\"icon-grid\"><div class=\"item\" style=\"flex: 1 1 calc(50.00% - 16px);\"><div class=\"icon\"><img decoding=\"async\" src=\"https:\/\/straatmanmooringsystems.com\/pt\/wp-content\/uploads\/sites\/4\/2025\/12\/Group-website-icon-diamond.png\" alt=\"\"><\/div><div class=\"title\">Produtos de alta qualidade<\/div><div class=\"description\">Os nossos produtos s\u00e3o concebidos e fabricados com aten\u00e7\u00e3o ao detalhe. Utilizamos os melhores materiais e verificamos tudo para garantir que obt\u00e9m o melhor.\r\n<\/div><\/div><div class=\"item\" style=\"flex: 1 1 calc(50.00% - 16px);\"><div class=\"icon\"><img decoding=\"async\" src=\"https:\/\/straatmanmooringsystems.com\/pt\/wp-content\/uploads\/sites\/4\/2025\/12\/Group-website-icon-thump-up.png\" alt=\"\"><\/div><div class=\"title\">N\u00edvel de servi\u00e7o excelente<\/div><div class=\"description\">Estamos aqui para o ajudar. A nossa equipa est\u00e1 sempre pronta para responder \u00e0s suas perguntas e garantir que est\u00e1 satisfeito com o nosso servi\u00e7o.<\/div><\/div><div class=\"item\" style=\"flex: 1 1 calc(50.00% - 16px);\"><div class=\"icon\"><img decoding=\"async\" src=\"https:\/\/straatmanmooringsystems.com\/pt\/wp-content\/uploads\/sites\/4\/2025\/12\/Group-website-icon-team-in-3.png\" alt=\"\"><\/div><div class=\"title\">Equipa dedicada e entusiasta<\/div><div class=\"description\">A nossa equipa adora o que faz. Trabalha arduamente para satisfazer as suas necessidades e faz\u00ea-lo feliz.<\/div><\/div><div class=\"item\" style=\"flex: 1 1 calc(50.00% - 16px);\"><div class=\"icon\"><img decoding=\"async\" src=\"https:\/\/straatmanmooringsystems.com\/pt\/wp-content\/uploads\/sites\/4\/2025\/12\/Group-website-icon-clipboard.png\" alt=\"\"><\/div><div class=\"title\">Certificado em todos os n\u00edveis necess\u00e1rios<\/div><div class=\"description\">Cumprimos todas as normas importantes. Isto significa que os nossos produtos s\u00e3o seguros, fi\u00e1veis e dignos de confian\u00e7a.<\/div><\/div><\/div>         \n    <\/div>\n<\/div>\n\n\n\n\n<section style=\"margin-top:var(--wp--preset--spacing--60);\" class=\"latest-news none align wp-block-acf-latest-news\" id=\"latest-newsblock_14ba46d3f3c081f41060d110a819ecb2\">\n\n\n    <div class=\"centered\">\n        <div class=\"heading\">\n            <h2>Not\u00edcias e inova\u00e7\u00f5es<\/h2><a class=\"btn\" href=\"https:\/\/straatmanmooringsystems.com\/pt\/news\/\" target=\"_self\">Ir para todas as not\u00edcias<\/a>    \n        <\/div>\n\t\t\n\t\t<div class=\"items\"><div class=\"item postcard\"><div class=\"image_container\"><img loading=\"lazy\" decoding=\"async\" width=\"1000\" height=\"750\" src=\"https:\/\/straatmanmooringsystems.com\/pt\/wp-content\/uploads\/sites\/4\/2026\/04\/IMG_7380.jpg\" class=\"attachment-large size-large wp-post-image\" alt=\"From workshop floor to LNG Terminals\" srcset=\"https:\/\/straatmanmooringsystems.com\/pt\/wp-content\/uploads\/sites\/4\/2026\/04\/IMG_7380.jpg 1000w, https:\/\/straatmanmooringsystems.com\/pt\/wp-content\/uploads\/sites\/4\/2026\/04\/IMG_7380-300x225.jpg 300w, https:\/\/straatmanmooringsystems.com\/pt\/wp-content\/uploads\/sites\/4\/2026\/04\/IMG_7380-768x576.jpg 768w\" sizes=\"auto, (max-width: 1000px) 100vw, 1000px\" \/><\/div><h4 class=\"title\">From workshop floor to LNG Terminals<\/h4><div class=\"bottom\"><span class=\"date\">23 Abril 2026<\/span><a class=\"hexa outline\" href=\"https:\/\/straatmanmooringsystems.com\/pt\/news\/from-workshop-floor-to-lng-terminals\/\"><\/a><\/div><\/div><div class=\"item postcard\"><div class=\"image_container\"><img loading=\"lazy\" decoding=\"async\" width=\"1024\" height=\"768\" src=\"https:\/\/straatmanmooringsystems.com\/pt\/wp-content\/uploads\/sites\/4\/2026\/03\/WhatsApp-Image-2026-02-02-at-12.26.11-1-1024x768.jpeg\" class=\"attachment-large size-large wp-post-image\" alt=\"Mooring buoy System for Green Ammonia\" srcset=\"https:\/\/straatmanmooringsystems.com\/pt\/wp-content\/uploads\/sites\/4\/2026\/03\/WhatsApp-Image-2026-02-02-at-12.26.11-1-1024x768.jpeg 1024w, https:\/\/straatmanmooringsystems.com\/pt\/wp-content\/uploads\/sites\/4\/2026\/03\/WhatsApp-Image-2026-02-02-at-12.26.11-1-300x225.jpeg 300w, https:\/\/straatmanmooringsystems.com\/pt\/wp-content\/uploads\/sites\/4\/2026\/03\/WhatsApp-Image-2026-02-02-at-12.26.11-1-768x576.jpeg 768w, https:\/\/straatmanmooringsystems.com\/pt\/wp-content\/uploads\/sites\/4\/2026\/03\/WhatsApp-Image-2026-02-02-at-12.26.11-1-1536x1152.jpeg 1536w, https:\/\/straatmanmooringsystems.com\/pt\/wp-content\/uploads\/sites\/4\/2026\/03\/WhatsApp-Image-2026-02-02-at-12.26.11-1.jpeg 1600w\" sizes=\"auto, (max-width: 1024px) 100vw, 1024px\" \/><\/div><h4 class=\"title\">Mooring buoy System for Green Ammonia<\/h4><div class=\"bottom\"><span class=\"date\">12 Fevereiro 2026<\/span><a class=\"hexa outline\" href=\"https:\/\/straatmanmooringsystems.com\/pt\/news\/offshore-mooring-and-buoy-control-system\/\"><\/a><\/div><\/div><div class=\"item postcard\"><div class=\"image_container\"><img loading=\"lazy\" decoding=\"async\" width=\"1024\" height=\"768\" src=\"https:\/\/straatmanmooringsystems.com\/pt\/wp-content\/uploads\/sites\/4\/2026\/03\/lng-terminal-willemshaven-straatman-1024x768.jpeg\" class=\"attachment-large size-large wp-post-image\" alt=\"Reflecting on a Year of LNG Projects and Growth\" srcset=\"https:\/\/straatmanmooringsystems.com\/pt\/wp-content\/uploads\/sites\/4\/2026\/03\/lng-terminal-willemshaven-straatman-1024x768.jpeg 1024w, https:\/\/straatmanmooringsystems.com\/pt\/wp-content\/uploads\/sites\/4\/2026\/03\/lng-terminal-willemshaven-straatman-300x225.jpeg 300w, https:\/\/straatmanmooringsystems.com\/pt\/wp-content\/uploads\/sites\/4\/2026\/03\/lng-terminal-willemshaven-straatman-768x576.jpeg 768w, https:\/\/straatmanmooringsystems.com\/pt\/wp-content\/uploads\/sites\/4\/2026\/03\/lng-terminal-willemshaven-straatman-1536x1152.jpeg 1536w, https:\/\/straatmanmooringsystems.com\/pt\/wp-content\/uploads\/sites\/4\/2026\/03\/lng-terminal-willemshaven-straatman.jpeg 2048w\" sizes=\"auto, (max-width: 1024px) 100vw, 1024px\" \/><\/div><h4 class=\"title\">Reflecting on a Year of LNG Projects and Growth<\/h4><div class=\"bottom\"><span class=\"date\">2 Fevereiro 2026<\/span><a class=\"hexa outline\" href=\"https:\/\/straatmanmooringsystems.com\/pt\/news\/mooring-systems-for-lng-terminals\/\"><\/a><\/div><\/div><div class=\"item postcard\"><div class=\"image_container\"><img loading=\"lazy\" decoding=\"async\" width=\"1024\" height=\"768\" src=\"https:\/\/straatmanmooringsystems.com\/pt\/wp-content\/uploads\/sites\/4\/2026\/03\/IMG_2547-klein-1024x768.jpg\" class=\"attachment-large size-large wp-post-image\" alt=\"Quick Release Hooks Upgrade in Greece\" srcset=\"https:\/\/straatmanmooringsystems.com\/pt\/wp-content\/uploads\/sites\/4\/2026\/03\/IMG_2547-klein-1024x768.jpg 1024w, https:\/\/straatmanmooringsystems.com\/pt\/wp-content\/uploads\/sites\/4\/2026\/03\/IMG_2547-klein-300x225.jpg 300w, https:\/\/straatmanmooringsystems.com\/pt\/wp-content\/uploads\/sites\/4\/2026\/03\/IMG_2547-klein-768x576.jpg 768w, https:\/\/straatmanmooringsystems.com\/pt\/wp-content\/uploads\/sites\/4\/2026\/03\/IMG_2547-klein-1536x1152.jpg 1536w, https:\/\/straatmanmooringsystems.com\/pt\/wp-content\/uploads\/sites\/4\/2026\/03\/IMG_2547-klein-2048x1536.jpg 2048w\" sizes=\"auto, (max-width: 1024px) 100vw, 1024px\" \/><\/div><h4 class=\"title\">Quick Release Hooks Upgrade in Greece<\/h4><div class=\"bottom\"><span class=\"date\">2 Fevereiro 2026<\/span><a class=\"hexa outline\" href=\"https:\/\/straatmanmooringsystems.com\/pt\/news\/hooks-terminal-upgrade\/\"><\/a><\/div><\/div><\/div>    <\/div>\n<\/section>\n\n\n\n\n\n<div class=\"wp-block-media-text has-media-on-the-right is-stacked-on-mobile has-white-color has-green-background-color has-text-color has-background has-link-color wp-elements-51524011d6c5993753c575c56be1631b\" style=\"padding-top:var(--wp--preset--spacing--60);padding-bottom:var(--wp--preset--spacing--60)\"><div class=\"wp-block-media-text__content\">\n<h2 class=\"wp-block-heading has-white-color has-text-color has-link-color wp-elements-67524c2a0b194efc13d77325f43568a7\">Seu equipamento de amarra\u00e7\u00e3o precisa de manuten\u00e7\u00e3o, inspe\u00e7\u00e3o ou atualiza\u00e7\u00e3o?<\/h2>\n\n\n\n<ul class=\"wp-block-list\">\n<li>Produtos de alta qualidade<\/li>\n\n\n\n<li>Servi\u00e7o excelente<\/li>\n\n\n\n<li>Mais de 50 anos de experi\u00eancia<\/li>\n\n\n\n<li>Certifica\u00e7\u00e3o em todos os n\u00edveis<\/li>\n<\/ul>\n\n\n\n<div class=\"wp-block-buttons is-layout-flex wp-block-buttons-is-layout-flex\">\n<div class=\"wp-block-button\"><a class=\"wp-block-button__link wp-element-button\" href=\"https:\/\/straatmanmooringsystems.com\/pt\/request-a-proposal\/\" target=\"_blank\" rel=\"noreferrer noopener\">Obtenha uma proposta direta<\/a><\/div>\n<\/div>\n<\/div><figure class=\"wp-block-media-text__media\"><img loading=\"lazy\" decoding=\"async\" width=\"1024\" height=\"468\" src=\"https:\/\/straatmanmooringsystems.com\/pt\/wp-content\/uploads\/2025\/12\/Vector-1024x468.png\" alt=\"\" class=\"wp-image-450 size-full\" srcset=\"https:\/\/straatmanmooringsystems.com\/pt\/wp-content\/uploads\/sites\/4\/2025\/12\/Vector-1024x468.png 1024w, https:\/\/straatmanmooringsystems.com\/pt\/wp-content\/uploads\/sites\/4\/2025\/12\/Vector-300x137.png 300w, https:\/\/straatmanmooringsystems.com\/pt\/wp-content\/uploads\/sites\/4\/2025\/12\/Vector-768x351.png 768w, https:\/\/straatmanmooringsystems.com\/pt\/wp-content\/uploads\/sites\/4\/2025\/12\/Vector.png 1312w\" sizes=\"auto, (max-width: 1024px) 100vw, 1024px\" \/><\/figure><\/div>\n","protected":false},"excerpt":{"rendered":"","protected":false},"author":1,"featured_media":0,"parent":0,"menu_order":0,"comment_status":"closed","ping_status":"closed","template":"","meta":{"_acf_changed":false,"footnotes":""},"class_list":["post-2454","page","type-page","status-publish","hentry"],"acf":[],"yoast_head":"<!-- This site is optimized with the Yoast SEO plugin v26.6 - https:\/\/yoast.com\/wordpress\/plugins\/seo\/ -->\n<title>Service - Straatman Mooring Systems<\/title>\n<meta name=\"description\" content=\"A Straatman fornece servi\u00e7o, manuten\u00e7\u00e3o e suporte para sistemas de amarra\u00e7\u00e3o e atraca\u00e7\u00e3o, garantindo uma opera\u00e7\u00e3o segura e confi\u00e1vel.\" \/>\n<meta name=\"robots\" content=\"index, follow, max-snippet:-1, max-image-preview:large, max-video-preview:-1\" \/>\n<link rel=\"canonical\" href=\"https:\/\/straatmanmooringsystems.com\/pt\/servico-apoio\/\" \/>\n<meta property=\"og:locale\" content=\"pt_PT\" \/>\n<meta property=\"og:type\" content=\"article\" \/>\n<meta property=\"og:title\" content=\"Service - Straatman Mooring Systems\" \/>\n<meta property=\"og:description\" content=\"A Straatman fornece servi\u00e7o, manuten\u00e7\u00e3o e suporte para sistemas de amarra\u00e7\u00e3o e atraca\u00e7\u00e3o, garantindo uma opera\u00e7\u00e3o segura e confi\u00e1vel.\" \/>\n<meta property=\"og:url\" content=\"https:\/\/straatmanmooringsystems.com\/pt\/servico-apoio\/\" \/>\n<meta property=\"og:site_name\" content=\"Mooring Systems PT\" \/>\n<meta property=\"article:modified_time\" content=\"2026-03-11T12:03:51+00:00\" \/>\n<meta property=\"og:image\" content=\"https:\/\/straatmanmooringsystems.com\/pt\/wp-content\/uploads\/2025\/12\/Vector-1024x468.png\" \/>\n<meta name=\"twitter:card\" content=\"summary_large_image\" \/>\n<meta name=\"twitter:label1\" content=\"Tempo estimado de leitura\" \/>\n\t<meta name=\"twitter:data1\" content=\"1 minuto\" \/>\n<script type=\"application\/ld+json\" class=\"yoast-schema-graph\">{\"@context\":\"https:\/\/schema.org\",\"@graph\":[{\"@type\":\"WebPage\",\"@id\":\"https:\/\/straatmanmooringsystems.com\/pt\/servico-apoio\/\",\"url\":\"https:\/\/straatmanmooringsystems.com\/pt\/servico-apoio\/\",\"name\":\"Service - Straatman Mooring Systems\",\"isPartOf\":{\"@id\":\"https:\/\/straatmanmooringsystems.com\/pt\/#website\"},\"primaryImageOfPage\":{\"@id\":\"https:\/\/straatmanmooringsystems.com\/pt\/servico-apoio\/#primaryimage\"},\"image\":{\"@id\":\"https:\/\/straatmanmooringsystems.com\/pt\/servico-apoio\/#primaryimage\"},\"thumbnailUrl\":\"https:\/\/straatmanmooringsystems.com\/pt\/wp-content\/uploads\/2025\/12\/Vector-1024x468.png\",\"datePublished\":\"2025-12-24T08:13:53+00:00\",\"dateModified\":\"2026-03-11T12:03:51+00:00\",\"description\":\"A Straatman fornece servi\u00e7o, manuten\u00e7\u00e3o e suporte para sistemas de amarra\u00e7\u00e3o e atraca\u00e7\u00e3o, garantindo uma opera\u00e7\u00e3o segura e confi\u00e1vel.\",\"breadcrumb\":{\"@id\":\"https:\/\/straatmanmooringsystems.com\/pt\/servico-apoio\/#breadcrumb\"},\"inLanguage\":\"pt-PT\",\"potentialAction\":[{\"@type\":\"ReadAction\",\"target\":[\"https:\/\/straatmanmooringsystems.com\/pt\/servico-apoio\/\"]}]},{\"@type\":\"ImageObject\",\"inLanguage\":\"pt-PT\",\"@id\":\"https:\/\/straatmanmooringsystems.com\/pt\/servico-apoio\/#primaryimage\",\"url\":\"https:\/\/straatmanmooringsystems.com\/pt\/wp-content\/uploads\/sites\/4\/2025\/12\/Vector.png\",\"contentUrl\":\"https:\/\/straatmanmooringsystems.com\/pt\/wp-content\/uploads\/sites\/4\/2025\/12\/Vector.png\",\"width\":1312,\"height\":600},{\"@type\":\"BreadcrumbList\",\"@id\":\"https:\/\/straatmanmooringsystems.com\/pt\/servico-apoio\/#breadcrumb\",\"itemListElement\":[{\"@type\":\"ListItem\",\"position\":1,\"name\":\"Home\",\"item\":\"https:\/\/straatmanmooringsystems.com\/pt\/\"},{\"@type\":\"ListItem\",\"position\":2,\"name\":\"Service\"}]},{\"@type\":\"WebSite\",\"@id\":\"https:\/\/straatmanmooringsystems.com\/pt\/#website\",\"url\":\"https:\/\/straatmanmooringsystems.com\/pt\/\",\"name\":\"Mooring Systems PT\",\"description\":\"\",\"publisher\":{\"@id\":\"https:\/\/straatmanmooringsystems.com\/pt\/#organization\"},\"potentialAction\":[{\"@type\":\"SearchAction\",\"target\":{\"@type\":\"EntryPoint\",\"urlTemplate\":\"https:\/\/straatmanmooringsystems.com\/pt\/?s={search_term_string}\"},\"query-input\":{\"@type\":\"PropertyValueSpecification\",\"valueRequired\":true,\"valueName\":\"search_term_string\"}}],\"inLanguage\":\"pt-PT\"},{\"@type\":\"Organization\",\"@id\":\"https:\/\/straatmanmooringsystems.com\/pt\/#organization\",\"name\":\"Mooring Systems PT\",\"url\":\"https:\/\/straatmanmooringsystems.com\/pt\/\",\"logo\":{\"@type\":\"ImageObject\",\"inLanguage\":\"pt-PT\",\"@id\":\"https:\/\/straatmanmooringsystems.com\/pt\/#\/schema\/logo\/image\/\",\"url\":\"https:\/\/straatmanmooringsystems.com\/pt\/wp-content\/uploads\/sites\/4\/2026\/02\/logo-mooring.svg\",\"contentUrl\":\"https:\/\/straatmanmooringsystems.com\/pt\/wp-content\/uploads\/sites\/4\/2026\/02\/logo-mooring.svg\",\"width\":237,\"height\":56,\"caption\":\"Mooring Systems PT\"},\"image\":{\"@id\":\"https:\/\/straatmanmooringsystems.com\/pt\/#\/schema\/logo\/image\/\"}}]}<\/script>\n<!-- \/ Yoast SEO plugin. -->","yoast_head_json":{"title":"Service - Straatman Mooring Systems","description":"A Straatman fornece servi\u00e7o, manuten\u00e7\u00e3o e suporte para sistemas de amarra\u00e7\u00e3o e atraca\u00e7\u00e3o, garantindo uma opera\u00e7\u00e3o segura e confi\u00e1vel.","robots":{"index":"index","follow":"follow","max-snippet":"max-snippet:-1","max-image-preview":"max-image-preview:large","max-video-preview":"max-video-preview:-1"},"canonical":"https:\/\/straatmanmooringsystems.com\/pt\/servico-apoio\/","og_locale":"pt_PT","og_type":"article","og_title":"Service - Straatman Mooring Systems","og_description":"A Straatman fornece servi\u00e7o, manuten\u00e7\u00e3o e suporte para sistemas de amarra\u00e7\u00e3o e atraca\u00e7\u00e3o, garantindo uma opera\u00e7\u00e3o segura e confi\u00e1vel.","og_url":"https:\/\/straatmanmooringsystems.com\/pt\/servico-apoio\/","og_site_name":"Mooring Systems PT","article_modified_time":"2026-03-11T12:03:51+00:00","og_image":[{"url":"https:\/\/straatmanmooringsystems.com\/pt\/wp-content\/uploads\/2025\/12\/Vector-1024x468.png","type":"","width":"","height":""}],"twitter_card":"summary_large_image","twitter_misc":{"Tempo estimado de leitura":"1 minuto"},"schema":{"@context":"https:\/\/schema.org","@graph":[{"@type":"WebPage","@id":"https:\/\/straatmanmooringsystems.com\/pt\/servico-apoio\/","url":"https:\/\/straatmanmooringsystems.com\/pt\/servico-apoio\/","name":"Service - Straatman Mooring Systems","isPartOf":{"@id":"https:\/\/straatmanmooringsystems.com\/pt\/#website"},"primaryImageOfPage":{"@id":"https:\/\/straatmanmooringsystems.com\/pt\/servico-apoio\/#primaryimage"},"image":{"@id":"https:\/\/straatmanmooringsystems.com\/pt\/servico-apoio\/#primaryimage"},"thumbnailUrl":"https:\/\/straatmanmooringsystems.com\/pt\/wp-content\/uploads\/2025\/12\/Vector-1024x468.png","datePublished":"2025-12-24T08:13:53+00:00","dateModified":"2026-03-11T12:03:51+00:00","description":"A Straatman fornece servi\u00e7o, manuten\u00e7\u00e3o e suporte para sistemas de amarra\u00e7\u00e3o e atraca\u00e7\u00e3o, garantindo uma opera\u00e7\u00e3o segura e confi\u00e1vel.","breadcrumb":{"@id":"https:\/\/straatmanmooringsystems.com\/pt\/servico-apoio\/#breadcrumb"},"inLanguage":"pt-PT","potentialAction":[{"@type":"ReadAction","target":["https:\/\/straatmanmooringsystems.com\/pt\/servico-apoio\/"]}]},{"@type":"ImageObject","inLanguage":"pt-PT","@id":"https:\/\/straatmanmooringsystems.com\/pt\/servico-apoio\/#primaryimage","url":"https:\/\/straatmanmooringsystems.com\/pt\/wp-content\/uploads\/sites\/4\/2025\/12\/Vector.png","contentUrl":"https:\/\/straatmanmooringsystems.com\/pt\/wp-content\/uploads\/sites\/4\/2025\/12\/Vector.png","width":1312,"height":600},{"@type":"BreadcrumbList","@id":"https:\/\/straatmanmooringsystems.com\/pt\/servico-apoio\/#breadcrumb","itemListElement":[{"@type":"ListItem","position":1,"name":"Home","item":"https:\/\/straatmanmooringsystems.com\/pt\/"},{"@type":"ListItem","position":2,"name":"Service"}]},{"@type":"WebSite","@id":"https:\/\/straatmanmooringsystems.com\/pt\/#website","url":"https:\/\/straatmanmooringsystems.com\/pt\/","name":"Mooring Systems PT","description":"","publisher":{"@id":"https:\/\/straatmanmooringsystems.com\/pt\/#organization"},"potentialAction":[{"@type":"SearchAction","target":{"@type":"EntryPoint","urlTemplate":"https:\/\/straatmanmooringsystems.com\/pt\/?s={search_term_string}"},"query-input":{"@type":"PropertyValueSpecification","valueRequired":true,"valueName":"search_term_string"}}],"inLanguage":"pt-PT"},{"@type":"Organization","@id":"https:\/\/straatmanmooringsystems.com\/pt\/#organization","name":"Mooring Systems PT","url":"https:\/\/straatmanmooringsystems.com\/pt\/","logo":{"@type":"ImageObject","inLanguage":"pt-PT","@id":"https:\/\/straatmanmooringsystems.com\/pt\/#\/schema\/logo\/image\/","url":"https:\/\/straatmanmooringsystems.com\/pt\/wp-content\/uploads\/sites\/4\/2026\/02\/logo-mooring.svg","contentUrl":"https:\/\/straatmanmooringsystems.com\/pt\/wp-content\/uploads\/sites\/4\/2026\/02\/logo-mooring.svg","width":237,"height":56,"caption":"Mooring Systems PT"},"image":{"@id":"https:\/\/straatmanmooringsystems.com\/pt\/#\/schema\/logo\/image\/"}}]}},"_links":{"self":[{"href":"https:\/\/straatmanmooringsystems.com\/pt\/wp-json\/wp\/v2\/pages\/2454","targetHints":{"allow":["GET"]}}],"collection":[{"href":"https:\/\/straatmanmooringsystems.com\/pt\/wp-json\/wp\/v2\/pages"}],"about":[{"href":"https:\/\/straatmanmooringsystems.com\/pt\/wp-json\/wp\/v2\/types\/page"}],"author":[{"embeddable":true,"href":"https:\/\/straatmanmooringsystems.com\/pt\/wp-json\/wp\/v2\/users\/1"}],"replies":[{"embeddable":true,"href":"https:\/\/straatmanmooringsystems.com\/pt\/wp-json\/wp\/v2\/comments?post=2454"}],"version-history":[{"count":9,"href":"https:\/\/straatmanmooringsystems.com\/pt\/wp-json\/wp\/v2\/pages\/2454\/revisions"}],"predecessor-version":[{"id":3149,"href":"https:\/\/straatmanmooringsystems.com\/pt\/wp-json\/wp\/v2\/pages\/2454\/revisions\/3149"}],"wp:attachment":[{"href":"https:\/\/straatmanmooringsystems.com\/pt\/wp-json\/wp\/v2\/media?parent=2454"}],"curies":[{"name":"wp","href":"https:\/\/api.w.org\/{rel}","templated":true}]}}