{"id":2456,"date":"2025-12-23T23:12:00","date_gmt":"2025-12-23T23:12:00","guid":{"rendered":"https:\/\/straatmanmooringsystems.com\/?page_id=356"},"modified":"2026-04-07T06:47:09","modified_gmt":"2026-04-07T06:47:09","slug":"equipa","status":"publish","type":"page","link":"https:\/\/straatmanmooringsystems.com\/pt\/sobre-nos\/equipa\/","title":{"rendered":"Team"},"content":{"rendered":"\n<div style=\"background-color: var(--color-green); padding-top:var(--wp--preset--spacing--70);padding-bottom:var(--wp--preset--spacing--50);\" class=\"heritage green align wp-block-acf-heritage has-background has-green-background-color\" id=\"heritage-block_a0857f03cde258c5490b325e2c2c6cc0\">\n    <div class=\"centered\">\n        <span class=\"subtitle\">A nossa equipa<\/span>        \n        <div class=\"holder\">\n            <div class=\"swiffy-slider slider-item-show6 slider-item-reveal slider-nav-visible\">\n                <ul class=\"slider-container\">\n                                        <li>\n                        <div class=\"slide\">\n                            <div class=\"image\">\n                                <img decoding=\"async\" src=\"https:\/\/straatmanmooringsystems.com\/pt\/wp-content\/uploads\/sites\/4\/2025\/12\/Rectangle-24-1.jpg\" alt=\"\">\n                            <\/div>\n\n                            <div class=\"title\">Gertjan Strietman<\/div><p class=\"description\">Managing Director<\/p>                        <\/div>\n                    <\/li>\n                                        <li>\n                        <div class=\"slide\">\n                            <div class=\"image\">\n                                <img decoding=\"async\" src=\"https:\/\/straatmanmooringsystems.com\/pt\/wp-content\/uploads\/sites\/4\/2025\/12\/Rectangle-24.jpg\" alt=\"\">\n                            <\/div>\n\n                            <div class=\"title\">Maarten Verboom<\/div><p class=\"description\">Sales Director<\/p>                        <\/div>\n                    <\/li>\n                                        <li>\n                        <div class=\"slide\">\n                            <div class=\"image\">\n                                <img decoding=\"async\" src=\"https:\/\/straatmanmooringsystems.com\/pt\/wp-content\/uploads\/sites\/4\/2026\/01\/Marnix-bew-scaled-1.jpg\" alt=\"\">\n                            <\/div>\n\n                            <div class=\"title\">Marnix van Ettinger<\/div><p class=\"description\">Manager Projects<\/p>                        <\/div>\n                    <\/li>\n                                        <li>\n                        <div class=\"slide\">\n                            <div class=\"image\">\n                                <img decoding=\"async\" src=\"https:\/\/straatmanmooringsystems.com\/pt\/wp-content\/uploads\/sites\/4\/2026\/01\/henze-bew-scaled-1.jpg\" alt=\"\">\n                            <\/div>\n\n                            <div class=\"title\">Henze van Rooijen<\/div><p class=\"description\">Lead Field Services<\/p>                        <\/div>\n                    <\/li>\n                                        <li>\n                        <div class=\"slide\">\n                            <div class=\"image\">\n                                <img decoding=\"async\" src=\"https:\/\/straatmanmooringsystems.com\/pt\/wp-content\/uploads\/sites\/4\/2026\/01\/Heino-bew.jpg\" alt=\"\">\n                            <\/div>\n\n                            <div class=\"title\">Heino Boer<\/div><p class=\"description\">Lead of Purchase<\/p>                        <\/div>\n                    <\/li>\n                                    <\/ul>\n\n                <div class=\"slider_buttons\">\n                    <button type=\"button\" class=\"slider-nav\"><i class=\"ph-thin ph-arrow-left\"><\/i><\/button>\n                    <button type=\"button\" class=\"slider-nav slider-nav-next\"><i class=\"ph ph-arrow-right\"><\/i><\/button>\n                <\/div>\n            <\/div>\n        <\/div>\n    <\/div>\n<\/div>\n\n\n\n\n<div style=\"background-color: var(--color-green); padding-top:var(--wp--preset--spacing--60);padding-bottom:var(--wp--preset--spacing--60);\" class=\"heritage green align wp-block-acf-heritage has-background has-green-background-color\" id=\"heritage-block_d61f033ba24fec1dffc1a83f5cc4bae2\">\n    <div class=\"centered\">\n                \n        <div class=\"holder\">\n            <div class=\"swiffy-slider slider-item-show6 slider-item-reveal slider-nav-visible\">\n                <ul class=\"slider-container\">\n                                        <li>\n                        <div class=\"slide\">\n                            <div class=\"image\">\n                                <img decoding=\"async\" src=\"https:\/\/straatmanmooringsystems.com\/pt\/wp-content\/uploads\/sites\/4\/2025\/12\/Rectangle-24-3.jpg\" alt=\"\">\n                            <\/div>\n\n                            <div class=\"title\">Esther Hendrickx<\/div><p class=\"description\">Business Controller<\/p>                        <\/div>\n                    <\/li>\n                                        <li>\n                        <div class=\"slide\">\n                            <div class=\"image\">\n                                <img decoding=\"async\" src=\"https:\/\/straatmanmooringsystems.com\/pt\/wp-content\/uploads\/sites\/4\/2026\/01\/Thijs-bew2.jpg\" alt=\"\">\n                            <\/div>\n\n                            <div class=\"title\">Thijs de Jong<\/div><p class=\"description\">Sales Manager<\/p>                        <\/div>\n                    <\/li>\n                                        <li>\n                        <div class=\"slide\">\n                            <div class=\"image\">\n                                <img decoding=\"async\" src=\"https:\/\/straatmanmooringsystems.com\/pt\/wp-content\/uploads\/sites\/4\/2026\/01\/Mooring-website-Team-Prabjot.png\" alt=\"\">\n                            <\/div>\n\n                            <div class=\"title\">Prabjot Bains<\/div><p class=\"description\">Head of Technical Sales SafeCom SSL<\/p>                        <\/div>\n                    <\/li>\n                                        <li>\n                        <div class=\"slide\">\n                            <div class=\"image\">\n                                <img decoding=\"async\" src=\"https:\/\/straatmanmooringsystems.com\/pt\/wp-content\/uploads\/sites\/4\/2025\/12\/Rectangle-24-2.jpg\" alt=\"\">\n                            <\/div>\n\n                            <div class=\"title\">Debora Berkhof<\/div><p class=\"description\">Marketing Director<\/p>                        <\/div>\n                    <\/li>\n                                        <li>\n                        <div class=\"slide\">\n                            <div class=\"image\">\n                                <img decoding=\"async\" src=\"https:\/\/straatmanmooringsystems.com\/pt\/wp-content\/uploads\/sites\/4\/2026\/01\/Mark-bew-scaled-1.jpg\" alt=\"\">\n                            <\/div>\n\n                            <div class=\"title\">Mark van de Leer<\/div><p class=\"description\">Assembly Lead<\/p>                        <\/div>\n                    <\/li>\n                                    <\/ul>\n\n                <div class=\"slider_buttons\">\n                    <button type=\"button\" class=\"slider-nav\"><i class=\"ph-thin ph-arrow-left\"><\/i><\/button>\n                    <button type=\"button\" class=\"slider-nav slider-nav-next\"><i class=\"ph ph-arrow-right\"><\/i><\/button>\n                <\/div>\n            <\/div>\n        <\/div>\n    <\/div>\n<\/div>\n\n\n\n\n<div style=\"background-color: var(--color-green); padding-top:var(--wp--preset--spacing--60);padding-bottom:var(--wp--preset--spacing--60);\" class=\"heritage green align wp-block-acf-heritage has-background has-green-background-color\" id=\"heritage-block_19c9faf67449e9a49425659ecba96e84\">\n    <div class=\"centered\">\n                \n        <div class=\"holder\">\n            <div class=\"swiffy-slider slider-item-show6 slider-item-reveal slider-nav-visible\">\n                <ul class=\"slider-container\">\n                                        <li>\n                        <div class=\"slide\">\n                            <div class=\"image\">\n                                <img decoding=\"async\" src=\"https:\/\/straatmanmooringsystems.com\/pt\/wp-content\/uploads\/sites\/4\/2026\/01\/Patricia-Ceelen.png\" alt=\"\">\n                            <\/div>\n\n                            <div class=\"title\">Patricia Ceelen<\/div><p class=\"description\">Project Support<\/p>                        <\/div>\n                    <\/li>\n                                        <li>\n                        <div class=\"slide\">\n                            <div class=\"image\">\n                                <img decoding=\"async\" src=\"https:\/\/straatmanmooringsystems.com\/pt\/wp-content\/uploads\/sites\/4\/2026\/03\/Matthijs.jpg\" alt=\"\">\n                            <\/div>\n\n                            <div class=\"title\">Matthijs van der Holst<\/div><p class=\"description\">Mechanical Engineer<\/p>                        <\/div>\n                    <\/li>\n                                        <li>\n                        <div class=\"slide\">\n                            <div class=\"image\">\n                                <img decoding=\"async\" src=\"https:\/\/straatmanmooringsystems.com\/pt\/wp-content\/uploads\/sites\/4\/2026\/01\/Lambert-bew.jpg\" alt=\"\">\n                            <\/div>\n\n                            <div class=\"title\">Lambert van den Berg<\/div><p class=\"description\">Mechanical Engineer<\/p>                        <\/div>\n                    <\/li>\n                                        <li>\n                        <div class=\"slide\">\n                            <div class=\"image\">\n                                <img decoding=\"async\" src=\"https:\/\/straatmanmooringsystems.com\/pt\/wp-content\/uploads\/sites\/4\/2026\/01\/Ryan.jpg\" alt=\"\">\n                            <\/div>\n\n                            <div class=\"title\">Ryan Laport<\/div><p class=\"description\">Electrical Engineer\r\n<\/p>                        <\/div>\n                    <\/li>\n                                    <\/ul>\n\n                <div class=\"slider_buttons\">\n                    <button type=\"button\" class=\"slider-nav\"><i class=\"ph-thin ph-arrow-left\"><\/i><\/button>\n                    <button type=\"button\" class=\"slider-nav slider-nav-next\"><i class=\"ph ph-arrow-right\"><\/i><\/button>\n                <\/div>\n            <\/div>\n        <\/div>\n    <\/div>\n<\/div>\n\n\n\n\n<div style=\"background-color: var(--color-green); padding-top:var(--wp--preset--spacing--60);padding-bottom:var(--wp--preset--spacing--60);\" class=\"heritage green align wp-block-acf-heritage has-background has-green-background-color\" id=\"heritage-block_ebb425446747b952dc1538265f4b1b23\">\n    <div class=\"centered\">\n                \n        <div class=\"holder\">\n            <div class=\"swiffy-slider slider-item-show6 slider-item-reveal slider-nav-visible\">\n                <ul class=\"slider-container\">\n                                        <li>\n                        <div class=\"slide\">\n                            <div class=\"image\">\n                                <img decoding=\"async\" src=\"https:\/\/straatmanmooringsystems.com\/pt\/wp-content\/uploads\/sites\/4\/2026\/01\/Tanja-Smit.png\" alt=\"\">\n                            <\/div>\n\n                            <div class=\"title\">Tanja Smit<\/div><p class=\"description\">Financial Administrator<\/p>                        <\/div>\n                    <\/li>\n                                        <li>\n                        <div class=\"slide\">\n                            <div class=\"image\">\n                                <img decoding=\"async\" src=\"https:\/\/straatmanmooringsystems.com\/pt\/wp-content\/uploads\/sites\/4\/2026\/03\/Karin-bew.jpg\" alt=\"\">\n                            <\/div>\n\n                            <div class=\"title\">Karin Oury &#8211; van Dam<\/div><p class=\"description\">Financial Administrator<\/p>                        <\/div>\n                    <\/li>\n                                        <li>\n                        <div class=\"slide\">\n                            <div class=\"image\">\n                                <img decoding=\"async\" src=\"https:\/\/straatmanmooringsystems.com\/pt\/wp-content\/uploads\/sites\/4\/2026\/02\/Irena-bew.jpg\" alt=\"\">\n                            <\/div>\n\n                            <div class=\"title\">Irena Smoljan<\/div><p class=\"description\">HR Manager<\/p>                        <\/div>\n                    <\/li>\n                                        <li>\n                        <div class=\"slide\">\n                            <div class=\"image\">\n                                <img decoding=\"async\" src=\"https:\/\/straatmanmooringsystems.com\/pt\/wp-content\/uploads\/sites\/4\/2026\/03\/Hans-bew-2.jpg\" alt=\"\">\n                            <\/div>\n\n                            <div class=\"title\">Hans de Lang<\/div><p class=\"description\">Manager Operations<\/p>                        <\/div>\n                    <\/li>\n                                        <li>\n                        <div class=\"slide\">\n                            <div class=\"image\">\n                                <img decoding=\"async\" src=\"https:\/\/straatmanmooringsystems.com\/pt\/wp-content\/uploads\/sites\/4\/2026\/04\/2026-03-11-klein.jpg\" alt=\"\">\n                            <\/div>\n\n                            <div class=\"title\">Ehsan Anwari<\/div><p class=\"description\">Project Manager<\/p>                        <\/div>\n                    <\/li>\n                                    <\/ul>\n\n                <div class=\"slider_buttons\">\n                    <button type=\"button\" class=\"slider-nav\"><i class=\"ph-thin ph-arrow-left\"><\/i><\/button>\n                    <button type=\"button\" class=\"slider-nav slider-nav-next\"><i class=\"ph ph-arrow-right\"><\/i><\/button>\n                <\/div>\n            <\/div>\n        <\/div>\n    <\/div>\n<\/div>\n\n\n\n\n<div style=\"background-color: var(--color-green); padding-top:var(--wp--preset--spacing--60);padding-bottom:var(--wp--preset--spacing--60);\" class=\"heritage green align wp-block-acf-heritage has-background has-green-background-color\" id=\"heritage-block_17d2e707bcaba34a8aa85bd7f5c1b54f\">\n    <div class=\"centered\">\n                \n        <div class=\"holder\">\n            <div class=\"swiffy-slider slider-item-show6 slider-item-reveal slider-nav-visible\">\n                <ul class=\"slider-container\">\n                                        <li>\n                        <div class=\"slide\">\n                            <div class=\"image\">\n                                <img decoding=\"async\" src=\"https:\/\/straatmanmooringsystems.com\/pt\/wp-content\/uploads\/sites\/4\/2026\/01\/Stan-bew.jpg\" alt=\"\">\n                            <\/div>\n\n                            <div class=\"title\">Stan Rommelse<\/div><p class=\"description\">After Sales &amp; Logistics Co\u00f6rdinator<\/p>                        <\/div>\n                    <\/li>\n                                        <li>\n                        <div class=\"slide\">\n                            <div class=\"image\">\n                                <img decoding=\"async\" src=\"https:\/\/straatmanmooringsystems.com\/pt\/wp-content\/uploads\/sites\/4\/2026\/03\/Max.jpg\" alt=\"\">\n                            <\/div>\n\n                            <div class=\"title\">Max Hoffmann<\/div><p class=\"description\">PLC Engineer<\/p>                        <\/div>\n                    <\/li>\n                                        <li>\n                        <div class=\"slide\">\n                            <div class=\"image\">\n                                <img decoding=\"async\" src=\"https:\/\/straatmanmooringsystems.com\/pt\/wp-content\/uploads\/sites\/4\/2026\/01\/Mooring-website-Team-Raymond.png\" alt=\"\">\n                            <\/div>\n\n                            <div class=\"title\">Raymond van Gend<\/div><p class=\"description\">Project Manager SafeCom SSL<\/p>                        <\/div>\n                    <\/li>\n                                        <li>\n                        <div class=\"slide\">\n                            <div class=\"image\">\n                                <img decoding=\"async\" src=\"https:\/\/straatmanmooringsystems.com\/pt\/wp-content\/uploads\/sites\/4\/2026\/03\/Rob.jpg\" alt=\"\">\n                            <\/div>\n\n                            <div class=\"title\">Rob de Boer<\/div><p class=\"description\">Service Engineer<\/p>                        <\/div>\n                    <\/li>\n                                        <li>\n                        <div class=\"slide\">\n                            <div class=\"image\">\n                                <img decoding=\"async\" src=\"https:\/\/straatmanmooringsystems.com\/pt\/wp-content\/uploads\/sites\/4\/2026\/03\/Nicky-bew.jpg\" alt=\"\">\n                            <\/div>\n\n                            <div class=\"title\">Nicky Trouw<\/div><p class=\"description\">Service &amp; Contract Coordinator<\/p>                        <\/div>\n                    <\/li>\n                                    <\/ul>\n\n                <div class=\"slider_buttons\">\n                    <button type=\"button\" class=\"slider-nav\"><i class=\"ph-thin ph-arrow-left\"><\/i><\/button>\n                    <button type=\"button\" class=\"slider-nav slider-nav-next\"><i class=\"ph ph-arrow-right\"><\/i><\/button>\n                <\/div>\n            <\/div>\n        <\/div>\n    <\/div>\n<\/div>\n\n","protected":false},"excerpt":{"rendered":"","protected":false},"author":1,"featured_media":0,"parent":2455,"menu_order":0,"comment_status":"closed","ping_status":"closed","template":"","meta":{"_acf_changed":false,"footnotes":""},"class_list":["post-2456","page","type-page","status-publish","hentry"],"acf":[],"yoast_head":"<!-- This site is optimized with the Yoast SEO plugin v26.6 - https:\/\/yoast.com\/wordpress\/plugins\/seo\/ -->\n<title>Team - Straatman Mooring Systems<\/title>\n<meta name=\"description\" content=\"Conhe\u00e7a a equipa por tr\u00e1s da Straatman Mooring Systems. Especialistas experientes dedicados a solu\u00e7\u00f5es fi\u00e1veis de amarra\u00e7\u00e3o e atraca\u00e7\u00e3o.\" \/>\n<meta name=\"robots\" content=\"index, follow, max-snippet:-1, max-image-preview:large, max-video-preview:-1\" \/>\n<link rel=\"canonical\" href=\"https:\/\/straatmanmooringsystems.com\/pt\/sobre-nos\/equipa\/\" \/>\n<meta property=\"og:locale\" content=\"pt_PT\" \/>\n<meta property=\"og:type\" content=\"article\" \/>\n<meta property=\"og:title\" content=\"Team - Straatman Mooring Systems\" \/>\n<meta property=\"og:description\" content=\"Conhe\u00e7a a equipa por tr\u00e1s da Straatman Mooring Systems. Especialistas experientes dedicados a solu\u00e7\u00f5es fi\u00e1veis de amarra\u00e7\u00e3o e atraca\u00e7\u00e3o.\" \/>\n<meta property=\"og:url\" content=\"https:\/\/straatmanmooringsystems.com\/pt\/sobre-nos\/equipa\/\" \/>\n<meta property=\"og:site_name\" content=\"Mooring Systems PT\" \/>\n<meta property=\"article:modified_time\" content=\"2026-04-07T06:47:09+00:00\" \/>\n<meta name=\"twitter:card\" content=\"summary_large_image\" \/>\n<script type=\"application\/ld+json\" class=\"yoast-schema-graph\">{\"@context\":\"https:\/\/schema.org\",\"@graph\":[{\"@type\":\"WebPage\",\"@id\":\"https:\/\/straatmanmooringsystems.com\/pt\/sobre-nos\/equipa\/\",\"url\":\"https:\/\/straatmanmooringsystems.com\/pt\/sobre-nos\/equipa\/\",\"name\":\"Team - Straatman Mooring Systems\",\"isPartOf\":{\"@id\":\"https:\/\/straatmanmooringsystems.com\/pt\/#website\"},\"datePublished\":\"2025-12-23T23:12:00+00:00\",\"dateModified\":\"2026-04-07T06:47:09+00:00\",\"description\":\"Conhe\u00e7a a equipa por tr\u00e1s da Straatman Mooring Systems. Especialistas experientes dedicados a solu\u00e7\u00f5es fi\u00e1veis de amarra\u00e7\u00e3o e atraca\u00e7\u00e3o.\",\"breadcrumb\":{\"@id\":\"https:\/\/straatmanmooringsystems.com\/pt\/sobre-nos\/equipa\/#breadcrumb\"},\"inLanguage\":\"pt-PT\",\"potentialAction\":[{\"@type\":\"ReadAction\",\"target\":[\"https:\/\/straatmanmooringsystems.com\/pt\/sobre-nos\/equipa\/\"]}]},{\"@type\":\"BreadcrumbList\",\"@id\":\"https:\/\/straatmanmooringsystems.com\/pt\/sobre-nos\/equipa\/#breadcrumb\",\"itemListElement\":[{\"@type\":\"ListItem\",\"position\":1,\"name\":\"Home\",\"item\":\"https:\/\/straatmanmooringsystems.com\/pt\/\"},{\"@type\":\"ListItem\",\"position\":2,\"name\":\"About us\",\"item\":\"https:\/\/straatmanmooringsystems.com\/pt\/sobre-nos\/\"},{\"@type\":\"ListItem\",\"position\":3,\"name\":\"Team\"}]},{\"@type\":\"WebSite\",\"@id\":\"https:\/\/straatmanmooringsystems.com\/pt\/#website\",\"url\":\"https:\/\/straatmanmooringsystems.com\/pt\/\",\"name\":\"Mooring Systems PT\",\"description\":\"\",\"publisher\":{\"@id\":\"https:\/\/straatmanmooringsystems.com\/pt\/#organization\"},\"potentialAction\":[{\"@type\":\"SearchAction\",\"target\":{\"@type\":\"EntryPoint\",\"urlTemplate\":\"https:\/\/straatmanmooringsystems.com\/pt\/?s={search_term_string}\"},\"query-input\":{\"@type\":\"PropertyValueSpecification\",\"valueRequired\":true,\"valueName\":\"search_term_string\"}}],\"inLanguage\":\"pt-PT\"},{\"@type\":\"Organization\",\"@id\":\"https:\/\/straatmanmooringsystems.com\/pt\/#organization\",\"name\":\"Mooring Systems PT\",\"url\":\"https:\/\/straatmanmooringsystems.com\/pt\/\",\"logo\":{\"@type\":\"ImageObject\",\"inLanguage\":\"pt-PT\",\"@id\":\"https:\/\/straatmanmooringsystems.com\/pt\/#\/schema\/logo\/image\/\",\"url\":\"https:\/\/straatmanmooringsystems.com\/pt\/wp-content\/uploads\/sites\/4\/2026\/02\/logo-mooring.svg\",\"contentUrl\":\"https:\/\/straatmanmooringsystems.com\/pt\/wp-content\/uploads\/sites\/4\/2026\/02\/logo-mooring.svg\",\"width\":237,\"height\":56,\"caption\":\"Mooring Systems PT\"},\"image\":{\"@id\":\"https:\/\/straatmanmooringsystems.com\/pt\/#\/schema\/logo\/image\/\"}}]}<\/script>\n<!-- \/ Yoast SEO plugin. -->","yoast_head_json":{"title":"Team - Straatman Mooring Systems","description":"Conhe\u00e7a a equipa por tr\u00e1s da Straatman Mooring Systems. Especialistas experientes dedicados a solu\u00e7\u00f5es fi\u00e1veis de amarra\u00e7\u00e3o e atraca\u00e7\u00e3o.","robots":{"index":"index","follow":"follow","max-snippet":"max-snippet:-1","max-image-preview":"max-image-preview:large","max-video-preview":"max-video-preview:-1"},"canonical":"https:\/\/straatmanmooringsystems.com\/pt\/sobre-nos\/equipa\/","og_locale":"pt_PT","og_type":"article","og_title":"Team - Straatman Mooring Systems","og_description":"Conhe\u00e7a a equipa por tr\u00e1s da Straatman Mooring Systems. Especialistas experientes dedicados a solu\u00e7\u00f5es fi\u00e1veis de amarra\u00e7\u00e3o e atraca\u00e7\u00e3o.","og_url":"https:\/\/straatmanmooringsystems.com\/pt\/sobre-nos\/equipa\/","og_site_name":"Mooring Systems PT","article_modified_time":"2026-04-07T06:47:09+00:00","twitter_card":"summary_large_image","schema":{"@context":"https:\/\/schema.org","@graph":[{"@type":"WebPage","@id":"https:\/\/straatmanmooringsystems.com\/pt\/sobre-nos\/equipa\/","url":"https:\/\/straatmanmooringsystems.com\/pt\/sobre-nos\/equipa\/","name":"Team - Straatman Mooring Systems","isPartOf":{"@id":"https:\/\/straatmanmooringsystems.com\/pt\/#website"},"datePublished":"2025-12-23T23:12:00+00:00","dateModified":"2026-04-07T06:47:09+00:00","description":"Conhe\u00e7a a equipa por tr\u00e1s da Straatman Mooring Systems. Especialistas experientes dedicados a solu\u00e7\u00f5es fi\u00e1veis de amarra\u00e7\u00e3o e atraca\u00e7\u00e3o.","breadcrumb":{"@id":"https:\/\/straatmanmooringsystems.com\/pt\/sobre-nos\/equipa\/#breadcrumb"},"inLanguage":"pt-PT","potentialAction":[{"@type":"ReadAction","target":["https:\/\/straatmanmooringsystems.com\/pt\/sobre-nos\/equipa\/"]}]},{"@type":"BreadcrumbList","@id":"https:\/\/straatmanmooringsystems.com\/pt\/sobre-nos\/equipa\/#breadcrumb","itemListElement":[{"@type":"ListItem","position":1,"name":"Home","item":"https:\/\/straatmanmooringsystems.com\/pt\/"},{"@type":"ListItem","position":2,"name":"About us","item":"https:\/\/straatmanmooringsystems.com\/pt\/sobre-nos\/"},{"@type":"ListItem","position":3,"name":"Team"}]},{"@type":"WebSite","@id":"https:\/\/straatmanmooringsystems.com\/pt\/#website","url":"https:\/\/straatmanmooringsystems.com\/pt\/","name":"Mooring Systems PT","description":"","publisher":{"@id":"https:\/\/straatmanmooringsystems.com\/pt\/#organization"},"potentialAction":[{"@type":"SearchAction","target":{"@type":"EntryPoint","urlTemplate":"https:\/\/straatmanmooringsystems.com\/pt\/?s={search_term_string}"},"query-input":{"@type":"PropertyValueSpecification","valueRequired":true,"valueName":"search_term_string"}}],"inLanguage":"pt-PT"},{"@type":"Organization","@id":"https:\/\/straatmanmooringsystems.com\/pt\/#organization","name":"Mooring Systems PT","url":"https:\/\/straatmanmooringsystems.com\/pt\/","logo":{"@type":"ImageObject","inLanguage":"pt-PT","@id":"https:\/\/straatmanmooringsystems.com\/pt\/#\/schema\/logo\/image\/","url":"https:\/\/straatmanmooringsystems.com\/pt\/wp-content\/uploads\/sites\/4\/2026\/02\/logo-mooring.svg","contentUrl":"https:\/\/straatmanmooringsystems.com\/pt\/wp-content\/uploads\/sites\/4\/2026\/02\/logo-mooring.svg","width":237,"height":56,"caption":"Mooring Systems PT"},"image":{"@id":"https:\/\/straatmanmooringsystems.com\/pt\/#\/schema\/logo\/image\/"}}]}},"_links":{"self":[{"href":"https:\/\/straatmanmooringsystems.com\/pt\/wp-json\/wp\/v2\/pages\/2456","targetHints":{"allow":["GET"]}}],"collection":[{"href":"https:\/\/straatmanmooringsystems.com\/pt\/wp-json\/wp\/v2\/pages"}],"about":[{"href":"https:\/\/straatmanmooringsystems.com\/pt\/wp-json\/wp\/v2\/types\/page"}],"author":[{"embeddable":true,"href":"https:\/\/straatmanmooringsystems.com\/pt\/wp-json\/wp\/v2\/users\/1"}],"replies":[{"embeddable":true,"href":"https:\/\/straatmanmooringsystems.com\/pt\/wp-json\/wp\/v2\/comments?post=2456"}],"version-history":[{"count":20,"href":"https:\/\/straatmanmooringsystems.com\/pt\/wp-json\/wp\/v2\/pages\/2456\/revisions"}],"predecessor-version":[{"id":3200,"href":"https:\/\/straatmanmooringsystems.com\/pt\/wp-json\/wp\/v2\/pages\/2456\/revisions\/3200"}],"up":[{"embeddable":true,"href":"https:\/\/straatmanmooringsystems.com\/pt\/wp-json\/wp\/v2\/pages\/2455"}],"wp:attachment":[{"href":"https:\/\/straatmanmooringsystems.com\/pt\/wp-json\/wp\/v2\/media?parent=2456"}],"curies":[{"name":"wp","href":"https:\/\/api.w.org\/{rel}","templated":true}]}}