{"id":851,"date":"2026-01-06T14:03:12","date_gmt":"2026-01-06T14:03:12","guid":{"rendered":"https:\/\/straatmanmooringsystems.com\/?page_id=851"},"modified":"2026-03-02T06:57:15","modified_gmt":"2026-03-02T06:57:15","slug":"integracao-de-software","status":"publish","type":"page","link":"https:\/\/straatmanmooringsystems.com\/pt\/sistemas-de-amarracao\/integracao-de-software\/","title":{"rendered":"MoorControl"},"content":{"rendered":"\n<div style=\"padding-top:var(--wp--preset--spacing--60);padding-bottom:var(--wp--preset--spacing--60);\" class=\"icon-block-static none align wp-block-acf-icon-block-static has-background has-green-background-color\" id=\"icon-block-static-block_8e283407de0eb3a06b77bb5b59816342\">\n    <div class=\"centered\">\n        <div class=\"description\"><p><span data-sheets-root=\"1\">Temos todos os conhecimentos internos, tais como engenheiros e programadores de software, para fornecer projectos chave na m\u00e3o, incluindo integra\u00e7\u00e3o e comunica\u00e7\u00e3o a sistemas de gest\u00e3o portu\u00e1ria de terceiros. Al\u00e9m disso, podemos fornecer o nosso pr\u00f3prio portal de software online que d\u00e1 acesso aos seus dados.<\/span><\/p>\n<\/div><div class=\"icon-grid\"><div class=\"item\" style=\"flex: 1 1 calc(25.00% - 16px);\"><div class=\"icon\"><img decoding=\"async\" src=\"https:\/\/straatmanmooringsystems.com\/pt\/wp-content\/uploads\/sites\/4\/2025\/12\/Group-website-icon-thump-up.png\" alt=\"\"><\/div><div class=\"title\">Mais de 50 anos de experi\u00eancia em fabrica\u00e7\u00e3o<\/div><\/div><div class=\"item\" style=\"flex: 1 1 calc(25.00% - 16px);\"><div class=\"icon\"><img decoding=\"async\" src=\"https:\/\/straatmanmooringsystems.com\/pt\/wp-content\/uploads\/sites\/4\/2025\/12\/Group-website-icon-Netherlands.png\" alt=\"\"><\/div><div class=\"title\">Projetado, engenheirado e fabricado nos Pa\u00edses Baixos<\/div><\/div><div class=\"item\" style=\"flex: 1 1 calc(25.00% - 16px);\"><div class=\"icon\"><img decoding=\"async\" src=\"https:\/\/straatmanmooringsystems.com\/pt\/wp-content\/uploads\/sites\/4\/2025\/12\/Group-website-icon-clipboard.png\" alt=\"\"><\/div><div class=\"title\">Produtos de alta qualidade e excelente n\u00edvel de servi\u00e7o<\/div><\/div><div class=\"item\" style=\"flex: 1 1 calc(25.00% - 16px);\"><div class=\"icon\"><img decoding=\"async\" src=\"https:\/\/straatmanmooringsystems.com\/pt\/wp-content\/uploads\/sites\/4\/2025\/12\/Group-website-icon-diamond.png\" alt=\"\"><\/div><div class=\"title\">Inova\u00e7\u00e3o e melhoria cont\u00ednuas<\/div><\/div><\/div>         \n    <\/div>\n<\/div>\n\n\n\n\n<div class=\"wp-block-media-text is-stacked-on-mobile\" style=\"padding-top:var(--wp--preset--spacing--60)\"><figure class=\"wp-block-media-text__media\"><img loading=\"lazy\" decoding=\"async\" width=\"661\" height=\"508\" src=\"https:\/\/straatmanmooringsystems.com\/pt\/wp-content\/uploads\/sites\/4\/2026\/01\/Mooring-website-MoorControl-4.png\" alt=\"\" class=\"wp-image-1082 size-full\" srcset=\"https:\/\/straatmanmooringsystems.com\/pt\/wp-content\/uploads\/sites\/4\/2026\/01\/Mooring-website-MoorControl-4.png 661w, https:\/\/straatmanmooringsystems.com\/pt\/wp-content\/uploads\/sites\/4\/2026\/01\/Mooring-website-MoorControl-4-300x231.png 300w\" sizes=\"auto, (max-width: 661px) 100vw, 661px\" \/><\/figure><div class=\"wp-block-media-text__content\">\n<h2 class=\"wp-block-heading\"><strong><strong><strong>Porque \u00e9 que a integra\u00e7\u00e3o do sistema \u00e9 t\u00e3o importante?<\/strong><\/strong><\/strong><\/h2>\n\n\n\n<p>Podemos combinar todos os sistemas de amarra\u00e7\u00e3o e atraca\u00e7\u00e3o num \u00fanico sistema f\u00e1cil de operar. A informa\u00e7\u00e3o chave ser\u00e1 vis\u00edvel na sala de controlo, a bordo de um navio ou no molhe em tempo real, o que melhora a seguran\u00e7a e as opera\u00e7\u00f5es.<\/p>\n\n\n\n<ul class=\"wp-block-list\">\n<li>Optimizar a produtividade atrav\u00e9s da integra\u00e7\u00e3o de todos os sistemas<\/li>\n\n\n\n<li>Criar uma vis\u00e3o global de todas as opera\u00e7\u00f5es de amarra\u00e7\u00e3o e atraca\u00e7\u00e3o<\/li>\n\n\n\n<li>Straatman como seu \u00fanico interlocutor para perguntas e apoio<\/li>\n<\/ul>\n<\/div><\/div>\n\n\n\n<div class=\"wp-block-media-text has-media-on-the-right is-stacked-on-mobile\"><div class=\"wp-block-media-text__content\">\n<h2 class=\"wp-block-heading\"><strong><strong>Criar uma vis\u00e3o global<\/strong><\/strong><\/h2>\n\n\n\n<p>Ao integrar todos os sistemas Straatman pode fornecer-lhe uma vis\u00e3o global das suas opera\u00e7\u00f5es de amarra\u00e7\u00e3o. H\u00e1 v\u00e1rias formas diferentes de apresentar os dados reais aos operadores, como em comprimidos, telem\u00f3veis, em salas de controlo e em pagers de m\u00e3o. Com a nossa plataforma de software MoorControl, as seguintes informa\u00e7\u00f5es, por exemplo, podem ser visualizadas:<\/p>\n\n\n\n<ul class=\"wp-block-list\">\n<li>Pot\u00eancia dispon\u00edvel, consumo de energia, qualidade da bateria (para os nossos sistemas de energia solar)<\/li>\n\n\n\n<li>Dados hist\u00f3ricos (at\u00e9 24 meses)<\/li>\n\n\n\n<li>Mar\u00e9<\/li>\n\n\n\n<li>Informa\u00e7\u00e3o AIS<\/li>\n\n\n\n<li>Base de dados de navios<\/li>\n\n\n\n<li>Defini\u00e7\u00f5es do alarme<\/li>\n\n\n\n<li>Sistema de Monitoriza\u00e7\u00e3o de Carga de Amarra\u00e7\u00e3o (MLMS)<\/li>\n\n\n\n<li>Sistema de Ajuda \u00e0 Atraca\u00e7\u00e3o (BAS)<\/li>\n\n\n\n<li>Sistema de Monitoriza\u00e7\u00e3o Ambiental (EMS)<\/li>\n<\/ul>\n\n\n\n<p>Mais dados podem ser adicionados ao sistema de software. Basta que nos comunique os seus desejos!<\/p>\n<\/div><figure class=\"wp-block-media-text__media\"><img loading=\"lazy\" decoding=\"async\" width=\"980\" height=\"553\" src=\"https:\/\/straatmanmooringsystems.com\/pt\/wp-content\/uploads\/sites\/4\/2026\/01\/MoorControl-dashboard-Straatman.png\" alt=\"\" class=\"wp-image-1205 size-full\" srcset=\"https:\/\/straatmanmooringsystems.com\/pt\/wp-content\/uploads\/sites\/4\/2026\/01\/MoorControl-dashboard-Straatman.png 980w, https:\/\/straatmanmooringsystems.com\/pt\/wp-content\/uploads\/sites\/4\/2026\/01\/MoorControl-dashboard-Straatman-300x169.png 300w, https:\/\/straatmanmooringsystems.com\/pt\/wp-content\/uploads\/sites\/4\/2026\/01\/MoorControl-dashboard-Straatman-768x433.png 768w\" sizes=\"auto, (max-width: 980px) 100vw, 980px\" \/><\/figure><\/div>\n\n\n\n<div class=\"wp-block-media-text is-stacked-on-mobile\"><figure class=\"wp-block-media-text__media\"><img loading=\"lazy\" decoding=\"async\" width=\"661\" height=\"508\" src=\"https:\/\/straatmanmooringsystems.com\/pt\/wp-content\/uploads\/sites\/4\/2026\/01\/Mooring-website-MoorControl-2.png\" alt=\"\" class=\"wp-image-1075 size-full\" srcset=\"https:\/\/straatmanmooringsystems.com\/pt\/wp-content\/uploads\/sites\/4\/2026\/01\/Mooring-website-MoorControl-2.png 661w, https:\/\/straatmanmooringsystems.com\/pt\/wp-content\/uploads\/sites\/4\/2026\/01\/Mooring-website-MoorControl-2-300x231.png 300w\" sizes=\"auto, (max-width: 661px) 100vw, 661px\" \/><\/figure><div class=\"wp-block-media-text__content\">\n<h2 class=\"wp-block-heading\"><strong><strong><strong>Como funciona<\/strong><\/strong><\/strong><\/h2>\n\n\n\n<p>Straatman \u00e9 um perito em sistemas de comunica\u00e7\u00e3o avan\u00e7ados e de alta tecnologia. Os nossos sistemas podem ser equipados com registadores de dados e transmite dados com, por exemplo, LoRa, UHF, Wi-Fi e 4G.<\/p>\n<\/div><\/div>\n\n\n\n<div class=\"wp-block-media-text has-media-on-the-right is-stacked-on-mobile\" style=\"padding-bottom:var(--wp--preset--spacing--60)\"><div class=\"wp-block-media-text__content\">\n<h2 class=\"wp-block-heading\"><strong><strong><strong>Sistema de carga a bordo<\/strong><\/strong><\/strong><\/h2>\n\n\n\n<p>Para aumentar a seguran\u00e7a a bordo do navio enquanto a embarca\u00e7\u00e3o est\u00e1 atracada, podemos fornecer um Sistema de carga a bordo sofisticado que atende aos mais recentes padr\u00f5es tecnol\u00f3gicos. O Sistema de carga a bordo da Straatman \u00e9 um sistema port\u00e1til que exibe os dados de amarra\u00e7\u00e3o a bordo da embarca\u00e7\u00e3o atracada.<br>O sistema \u00e9 baseado em comunica\u00e7\u00e3o Wi\u2011Fi Mesh, com alta capacidade de transmiss\u00e3o de dados. O Sistema de carga a bordo possui esta\u00e7\u00f5es terrestres e um sistema port\u00e1til montado dentro de uma mala resistente. A mala \u00e9 colocada na ponte de uma embarca\u00e7\u00e3o atracada para exibir todos os dados de amarra\u00e7\u00e3o relevantes.<\/p>\n<\/div><figure class=\"wp-block-media-text__media\"><img loading=\"lazy\" decoding=\"async\" width=\"661\" height=\"508\" src=\"https:\/\/straatmanmooringsystems.com\/pt\/wp-content\/uploads\/sites\/4\/2026\/01\/Mooring-website-MoorControl-5.png\" alt=\"\" class=\"wp-image-1306 size-full\" srcset=\"https:\/\/straatmanmooringsystems.com\/pt\/wp-content\/uploads\/sites\/4\/2026\/01\/Mooring-website-MoorControl-5.png 661w, https:\/\/straatmanmooringsystems.com\/pt\/wp-content\/uploads\/sites\/4\/2026\/01\/Mooring-website-MoorControl-5-300x231.png 300w\" sizes=\"auto, (max-width: 661px) 100vw, 661px\" \/><\/figure><\/div>\n\n\n\n<div class=\"wp-block-media-text has-media-on-the-right is-stacked-on-mobile has-white-color has-green-background-color has-text-color has-background has-link-color wp-elements-2afd987cdd2a883d3608488cc4caba7a\" style=\"padding-top:var(--wp--preset--spacing--60);padding-bottom:var(--wp--preset--spacing--60)\"><div class=\"wp-block-media-text__content\">\n<h2 class=\"wp-block-heading has-white-color has-text-color has-link-color wp-elements-36d28f5ba931e3d27f5f3cf864b0396c\"><strong>Est\u00e1 \u00e0 procura da solu\u00e7\u00e3o de amarra\u00e7\u00e3o certa para o seu projeto?<\/strong><\/h2>\n\n\n\n<ul class=\"wp-block-list\">\n<li>Produtos de alta qualidade<\/li>\n\n\n\n<li>Servi\u00e7o excelente<\/li>\n\n\n\n<li>Mais de 50 anos de experi\u00eancia<\/li>\n\n\n\n<li>Certifica\u00e7\u00e3o em todos os n\u00edveis<\/li>\n<\/ul>\n\n\n\n<div class=\"wp-block-buttons is-layout-flex wp-block-buttons-is-layout-flex\">\n<div class=\"wp-block-button\"><a class=\"wp-block-button__link wp-element-button\" href=\"https:\/\/straatmanmooringsystems.com\/pt\/request-a-proposal\/\" target=\"_blank\" rel=\"noreferrer noopener\">Obtenha uma proposta direta<\/a><\/div>\n<\/div>\n\n\n\n<div class=\"wp-block-buttons is-layout-flex wp-block-buttons-is-layout-flex\">\n<div class=\"wp-block-button\"><a class=\"wp-block-button__link wp-element-button\" href=\"https:\/\/straatmanmooringsystems.com\/pt\/contacto\/\" target=\"_blank\" rel=\"noreferrer noopener\">Contacte-nos<\/a><\/div>\n<\/div>\n<\/div><figure class=\"wp-block-media-text__media\"><img loading=\"lazy\" decoding=\"async\" width=\"1024\" height=\"468\" src=\"https:\/\/straatmanmooringsystems.com\/pt\/wp-content\/uploads\/2025\/12\/Vector-1024x468.png\" alt=\"\" class=\"wp-image-450 size-full\" srcset=\"https:\/\/straatmanmooringsystems.com\/pt\/wp-content\/uploads\/sites\/4\/2025\/12\/Vector-1024x468.png 1024w, https:\/\/straatmanmooringsystems.com\/pt\/wp-content\/uploads\/sites\/4\/2025\/12\/Vector-300x137.png 300w, https:\/\/straatmanmooringsystems.com\/pt\/wp-content\/uploads\/sites\/4\/2025\/12\/Vector-768x351.png 768w, https:\/\/straatmanmooringsystems.com\/pt\/wp-content\/uploads\/sites\/4\/2025\/12\/Vector.png 1312w\" sizes=\"auto, (max-width: 1024px) 100vw, 1024px\" \/><\/figure><\/div>\n","protected":false},"excerpt":{"rendered":"<p>Como funciona Straatman \u00e9 um perito em sistemas de comunica\u00e7\u00e3o avan\u00e7ados e de alta tecnologia. Os nossos sistemas podem ser equipados com registadores de dados e transmite dados com, por exemplo, LoRa, UHF, Wi-Fi e 4G. Sistema de carga a bordo Para aumentar a seguran\u00e7a a bordo do navio enquanto a embarca\u00e7\u00e3o est\u00e1 atracada, podemos [&hellip;]<\/p>\n","protected":false},"author":2,"featured_media":0,"parent":2457,"menu_order":0,"comment_status":"closed","ping_status":"closed","template":"","meta":{"_acf_changed":false,"footnotes":""},"class_list":["post-851","page","type-page","status-publish","hentry"],"acf":[],"yoast_head":"<!-- This site is optimized with the Yoast SEO plugin v26.6 - https:\/\/yoast.com\/wordpress\/plugins\/seo\/ -->\n<title>MoorControl - Straatman Mooring Systems<\/title>\n<meta name=\"description\" content=\"Na Straatman, temos toda a experi\u00eancia interna necess\u00e1ria para garantir que todos os sistemas de amarra\u00e7\u00e3o sejam perfeitamente integrados. Saiba mais nesta p\u00e1gina.\" \/>\n<meta name=\"robots\" content=\"index, follow, max-snippet:-1, max-image-preview:large, max-video-preview:-1\" \/>\n<link rel=\"canonical\" href=\"https:\/\/straatmanmooringsystems.com\/pt\/sistemas-de-amarracao\/integracao-de-software\/\" \/>\n<meta property=\"og:locale\" content=\"pt_PT\" \/>\n<meta property=\"og:type\" content=\"article\" \/>\n<meta property=\"og:title\" content=\"MoorControl - Straatman Mooring Systems\" \/>\n<meta property=\"og:description\" content=\"Na Straatman, temos toda a experi\u00eancia interna necess\u00e1ria para garantir que todos os sistemas de amarra\u00e7\u00e3o sejam perfeitamente integrados. Saiba mais nesta p\u00e1gina.\" \/>\n<meta property=\"og:url\" content=\"https:\/\/straatmanmooringsystems.com\/pt\/sistemas-de-amarracao\/integracao-de-software\/\" \/>\n<meta property=\"og:site_name\" content=\"Mooring Systems PT\" \/>\n<meta property=\"article:modified_time\" content=\"2026-03-02T06:57:15+00:00\" \/>\n<meta property=\"og:image\" content=\"https:\/\/straatmanmooringsystems.com\/pt\/wp-content\/uploads\/sites\/4\/2026\/01\/Mooring-website-MoorControl-4.png\" \/>\n<meta name=\"twitter:card\" content=\"summary_large_image\" \/>\n<meta name=\"twitter:label1\" content=\"Tempo estimado de leitura\" \/>\n\t<meta name=\"twitter:data1\" content=\"4 minutos\" \/>\n<script type=\"application\/ld+json\" class=\"yoast-schema-graph\">{\"@context\":\"https:\/\/schema.org\",\"@graph\":[{\"@type\":\"WebPage\",\"@id\":\"https:\/\/straatmanmooringsystems.com\/pt\/sistemas-de-amarracao\/integracao-de-software\/\",\"url\":\"https:\/\/straatmanmooringsystems.com\/pt\/sistemas-de-amarracao\/integracao-de-software\/\",\"name\":\"MoorControl - Straatman Mooring Systems\",\"isPartOf\":{\"@id\":\"https:\/\/straatmanmooringsystems.com\/pt\/#website\"},\"primaryImageOfPage\":{\"@id\":\"https:\/\/straatmanmooringsystems.com\/pt\/sistemas-de-amarracao\/integracao-de-software\/#primaryimage\"},\"image\":{\"@id\":\"https:\/\/straatmanmooringsystems.com\/pt\/sistemas-de-amarracao\/integracao-de-software\/#primaryimage\"},\"thumbnailUrl\":\"https:\/\/straatmanmooringsystems.com\/pt\/wp-content\/uploads\/sites\/4\/2026\/01\/Mooring-website-MoorControl-4.png\",\"datePublished\":\"2026-01-06T14:03:12+00:00\",\"dateModified\":\"2026-03-02T06:57:15+00:00\",\"description\":\"Na Straatman, temos toda a experi\u00eancia interna necess\u00e1ria para garantir que todos os sistemas de amarra\u00e7\u00e3o sejam perfeitamente integrados. Saiba mais nesta p\u00e1gina.\",\"breadcrumb\":{\"@id\":\"https:\/\/straatmanmooringsystems.com\/pt\/sistemas-de-amarracao\/integracao-de-software\/#breadcrumb\"},\"inLanguage\":\"pt-PT\",\"potentialAction\":[{\"@type\":\"ReadAction\",\"target\":[\"https:\/\/straatmanmooringsystems.com\/pt\/sistemas-de-amarracao\/integracao-de-software\/\"]}]},{\"@type\":\"ImageObject\",\"inLanguage\":\"pt-PT\",\"@id\":\"https:\/\/straatmanmooringsystems.com\/pt\/sistemas-de-amarracao\/integracao-de-software\/#primaryimage\",\"url\":\"https:\/\/straatmanmooringsystems.com\/pt\/wp-content\/uploads\/sites\/4\/2026\/01\/Mooring-website-MoorControl-4.png\",\"contentUrl\":\"https:\/\/straatmanmooringsystems.com\/pt\/wp-content\/uploads\/sites\/4\/2026\/01\/Mooring-website-MoorControl-4.png\",\"width\":661,\"height\":508},{\"@type\":\"BreadcrumbList\",\"@id\":\"https:\/\/straatmanmooringsystems.com\/pt\/sistemas-de-amarracao\/integracao-de-software\/#breadcrumb\",\"itemListElement\":[{\"@type\":\"ListItem\",\"position\":1,\"name\":\"Home\",\"item\":\"https:\/\/straatmanmooringsystems.com\/pt\/\"},{\"@type\":\"ListItem\",\"position\":2,\"name\":\"Mooring systems\",\"item\":\"https:\/\/straatmanmooringsystems.com\/pt\/sistemas-de-amarracao\/\"},{\"@type\":\"ListItem\",\"position\":3,\"name\":\"MoorControl\"}]},{\"@type\":\"WebSite\",\"@id\":\"https:\/\/straatmanmooringsystems.com\/pt\/#website\",\"url\":\"https:\/\/straatmanmooringsystems.com\/pt\/\",\"name\":\"Mooring Systems PT\",\"description\":\"\",\"publisher\":{\"@id\":\"https:\/\/straatmanmooringsystems.com\/pt\/#organization\"},\"potentialAction\":[{\"@type\":\"SearchAction\",\"target\":{\"@type\":\"EntryPoint\",\"urlTemplate\":\"https:\/\/straatmanmooringsystems.com\/pt\/?s={search_term_string}\"},\"query-input\":{\"@type\":\"PropertyValueSpecification\",\"valueRequired\":true,\"valueName\":\"search_term_string\"}}],\"inLanguage\":\"pt-PT\"},{\"@type\":\"Organization\",\"@id\":\"https:\/\/straatmanmooringsystems.com\/pt\/#organization\",\"name\":\"Mooring Systems PT\",\"url\":\"https:\/\/straatmanmooringsystems.com\/pt\/\",\"logo\":{\"@type\":\"ImageObject\",\"inLanguage\":\"pt-PT\",\"@id\":\"https:\/\/straatmanmooringsystems.com\/pt\/#\/schema\/logo\/image\/\",\"url\":\"https:\/\/straatmanmooringsystems.com\/pt\/wp-content\/uploads\/sites\/4\/2026\/02\/logo-mooring.svg\",\"contentUrl\":\"https:\/\/straatmanmooringsystems.com\/pt\/wp-content\/uploads\/sites\/4\/2026\/02\/logo-mooring.svg\",\"width\":237,\"height\":56,\"caption\":\"Mooring Systems PT\"},\"image\":{\"@id\":\"https:\/\/straatmanmooringsystems.com\/pt\/#\/schema\/logo\/image\/\"}}]}<\/script>\n<!-- \/ Yoast SEO plugin. -->","yoast_head_json":{"title":"MoorControl - Straatman Mooring Systems","description":"Na Straatman, temos toda a experi\u00eancia interna necess\u00e1ria para garantir que todos os sistemas de amarra\u00e7\u00e3o sejam perfeitamente integrados. Saiba mais nesta p\u00e1gina.","robots":{"index":"index","follow":"follow","max-snippet":"max-snippet:-1","max-image-preview":"max-image-preview:large","max-video-preview":"max-video-preview:-1"},"canonical":"https:\/\/straatmanmooringsystems.com\/pt\/sistemas-de-amarracao\/integracao-de-software\/","og_locale":"pt_PT","og_type":"article","og_title":"MoorControl - Straatman Mooring Systems","og_description":"Na Straatman, temos toda a experi\u00eancia interna necess\u00e1ria para garantir que todos os sistemas de amarra\u00e7\u00e3o sejam perfeitamente integrados. Saiba mais nesta p\u00e1gina.","og_url":"https:\/\/straatmanmooringsystems.com\/pt\/sistemas-de-amarracao\/integracao-de-software\/","og_site_name":"Mooring Systems PT","article_modified_time":"2026-03-02T06:57:15+00:00","og_image":[{"url":"https:\/\/straatmanmooringsystems.com\/pt\/wp-content\/uploads\/sites\/4\/2026\/01\/Mooring-website-MoorControl-4.png","type":"","width":"","height":""}],"twitter_card":"summary_large_image","twitter_misc":{"Tempo estimado de leitura":"4 minutos"},"schema":{"@context":"https:\/\/schema.org","@graph":[{"@type":"WebPage","@id":"https:\/\/straatmanmooringsystems.com\/pt\/sistemas-de-amarracao\/integracao-de-software\/","url":"https:\/\/straatmanmooringsystems.com\/pt\/sistemas-de-amarracao\/integracao-de-software\/","name":"MoorControl - Straatman Mooring Systems","isPartOf":{"@id":"https:\/\/straatmanmooringsystems.com\/pt\/#website"},"primaryImageOfPage":{"@id":"https:\/\/straatmanmooringsystems.com\/pt\/sistemas-de-amarracao\/integracao-de-software\/#primaryimage"},"image":{"@id":"https:\/\/straatmanmooringsystems.com\/pt\/sistemas-de-amarracao\/integracao-de-software\/#primaryimage"},"thumbnailUrl":"https:\/\/straatmanmooringsystems.com\/pt\/wp-content\/uploads\/sites\/4\/2026\/01\/Mooring-website-MoorControl-4.png","datePublished":"2026-01-06T14:03:12+00:00","dateModified":"2026-03-02T06:57:15+00:00","description":"Na Straatman, temos toda a experi\u00eancia interna necess\u00e1ria para garantir que todos os sistemas de amarra\u00e7\u00e3o sejam perfeitamente integrados. Saiba mais nesta p\u00e1gina.","breadcrumb":{"@id":"https:\/\/straatmanmooringsystems.com\/pt\/sistemas-de-amarracao\/integracao-de-software\/#breadcrumb"},"inLanguage":"pt-PT","potentialAction":[{"@type":"ReadAction","target":["https:\/\/straatmanmooringsystems.com\/pt\/sistemas-de-amarracao\/integracao-de-software\/"]}]},{"@type":"ImageObject","inLanguage":"pt-PT","@id":"https:\/\/straatmanmooringsystems.com\/pt\/sistemas-de-amarracao\/integracao-de-software\/#primaryimage","url":"https:\/\/straatmanmooringsystems.com\/pt\/wp-content\/uploads\/sites\/4\/2026\/01\/Mooring-website-MoorControl-4.png","contentUrl":"https:\/\/straatmanmooringsystems.com\/pt\/wp-content\/uploads\/sites\/4\/2026\/01\/Mooring-website-MoorControl-4.png","width":661,"height":508},{"@type":"BreadcrumbList","@id":"https:\/\/straatmanmooringsystems.com\/pt\/sistemas-de-amarracao\/integracao-de-software\/#breadcrumb","itemListElement":[{"@type":"ListItem","position":1,"name":"Home","item":"https:\/\/straatmanmooringsystems.com\/pt\/"},{"@type":"ListItem","position":2,"name":"Mooring systems","item":"https:\/\/straatmanmooringsystems.com\/pt\/sistemas-de-amarracao\/"},{"@type":"ListItem","position":3,"name":"MoorControl"}]},{"@type":"WebSite","@id":"https:\/\/straatmanmooringsystems.com\/pt\/#website","url":"https:\/\/straatmanmooringsystems.com\/pt\/","name":"Mooring Systems PT","description":"","publisher":{"@id":"https:\/\/straatmanmooringsystems.com\/pt\/#organization"},"potentialAction":[{"@type":"SearchAction","target":{"@type":"EntryPoint","urlTemplate":"https:\/\/straatmanmooringsystems.com\/pt\/?s={search_term_string}"},"query-input":{"@type":"PropertyValueSpecification","valueRequired":true,"valueName":"search_term_string"}}],"inLanguage":"pt-PT"},{"@type":"Organization","@id":"https:\/\/straatmanmooringsystems.com\/pt\/#organization","name":"Mooring Systems PT","url":"https:\/\/straatmanmooringsystems.com\/pt\/","logo":{"@type":"ImageObject","inLanguage":"pt-PT","@id":"https:\/\/straatmanmooringsystems.com\/pt\/#\/schema\/logo\/image\/","url":"https:\/\/straatmanmooringsystems.com\/pt\/wp-content\/uploads\/sites\/4\/2026\/02\/logo-mooring.svg","contentUrl":"https:\/\/straatmanmooringsystems.com\/pt\/wp-content\/uploads\/sites\/4\/2026\/02\/logo-mooring.svg","width":237,"height":56,"caption":"Mooring Systems PT"},"image":{"@id":"https:\/\/straatmanmooringsystems.com\/pt\/#\/schema\/logo\/image\/"}}]}},"_links":{"self":[{"href":"https:\/\/straatmanmooringsystems.com\/pt\/wp-json\/wp\/v2\/pages\/851","targetHints":{"allow":["GET"]}}],"collection":[{"href":"https:\/\/straatmanmooringsystems.com\/pt\/wp-json\/wp\/v2\/pages"}],"about":[{"href":"https:\/\/straatmanmooringsystems.com\/pt\/wp-json\/wp\/v2\/types\/page"}],"author":[{"embeddable":true,"href":"https:\/\/straatmanmooringsystems.com\/pt\/wp-json\/wp\/v2\/users\/2"}],"replies":[{"embeddable":true,"href":"https:\/\/straatmanmooringsystems.com\/pt\/wp-json\/wp\/v2\/comments?post=851"}],"version-history":[{"count":6,"href":"https:\/\/straatmanmooringsystems.com\/pt\/wp-json\/wp\/v2\/pages\/851\/revisions"}],"predecessor-version":[{"id":2942,"href":"https:\/\/straatmanmooringsystems.com\/pt\/wp-json\/wp\/v2\/pages\/851\/revisions\/2942"}],"up":[{"embeddable":true,"href":"https:\/\/straatmanmooringsystems.com\/pt\/wp-json\/wp\/v2\/pages\/2457"}],"wp:attachment":[{"href":"https:\/\/straatmanmooringsystems.com\/pt\/wp-json\/wp\/v2\/media?parent=851"}],"curies":[{"name":"wp","href":"https:\/\/api.w.org\/{rel}","templated":true}]}}