{"id":890,"date":"2026-01-05T14:19:47","date_gmt":"2026-01-05T14:19:47","guid":{"rendered":"https:\/\/straatmanmooringsystems.com\/?page_id=890"},"modified":"2026-03-02T06:58:02","modified_gmt":"2026-03-02T06:58:02","slug":"calibracao-celulas-de-carga","status":"publish","type":"page","link":"https:\/\/straatmanmooringsystems.com\/pt\/servico-apoio\/calibracao-celulas-de-carga\/","title":{"rendered":"Load Cell calibration"},"content":{"rendered":"\n<div style=\"padding-top:var(--wp--preset--spacing--60);padding-bottom:var(--wp--preset--spacing--60);\" class=\"icon-block-static none align wp-block-acf-icon-block-static has-background has-green-background-color\" id=\"icon-block-static-block_2e2bf436cca4aa777d2ac0ebacc7860d\">\n    <div class=\"centered\">\n        <div class=\"description\"><p>Uma calibra\u00e7\u00e3o confi\u00e1vel das c\u00e9lulas de carga \u00e9 essencial para opera\u00e7\u00f5es de amarra\u00e7\u00e3o seguras. As c\u00e9lulas de carga instaladas nos ganchos de amarra\u00e7\u00e3o de libera\u00e7\u00e3o r\u00e1pida medem as for\u00e7as das linhas de amarra\u00e7\u00e3o e ajudam os operadores a reagir a tempo durante condi\u00e7\u00f5es meteorol\u00f3gicas adversas ou mudan\u00e7as de condi\u00e7\u00f5es. Se a calibra\u00e7\u00e3o estiver incorreta ou desatualizada, os dados n\u00e3o podem ser confi\u00e1veis e os riscos de seguran\u00e7a aumentam. Diretrizes internacionais como SIGTTO e\u00a0OCIMF exigem calibra\u00e7\u00e3o anual e documentada. A Straatman oferece um m\u00e9todo de calibra\u00e7\u00e3o eficiente e comprovado que atende a esses requisitos ao mesmo tempo que reduz o tempo de inatividade e o impacto operacional.<br \/>\nA Straatman desenvolveu um m\u00e9todo pr\u00e1tico de calibra\u00e7\u00e3o no local para c\u00e9lulas de carga em ganchos de libera\u00e7\u00e3o r\u00e1pida. O m\u00e9todo foi concebido para reduzir o tempo, a m\u00e3o de obra e a interrup\u00e7\u00e3o das opera\u00e7\u00f5es do terminal, sem comprometer a precis\u00e3o ou a seguran\u00e7a. Ao contr\u00e1rio dos m\u00e9todos tradicionais de calibra\u00e7\u00e3o, nossa abordagem n\u00e3o exige a remo\u00e7\u00e3o da c\u00e9lula de carga do gancho.<\/p>\n<\/div><div class=\"icon-grid\"><div class=\"item\" style=\"flex: 1 1 calc(25.00% - 16px);\"><div class=\"icon\"><img decoding=\"async\" src=\"https:\/\/straatmanmooringsystems.com\/pt\/wp-content\/uploads\/sites\/4\/2025\/12\/Group-website-icon-ship.png\" alt=\"\"><\/div><div class=\"title\">Tempo de inatividade m\u00ednimo<\/div><div class=\"description\">Nosso m\u00e9todo de calibra\u00e7\u00e3o reduz o tempo no local. A calibra\u00e7\u00e3o \u00e9 realizada por um engenheiro em cerca de dois dias por cais, mantendo as opera\u00e7\u00f5es em funcionamento com interrup\u00e7\u00e3o m\u00ednima.<\/div><\/div><div class=\"item\" style=\"flex: 1 1 calc(25.00% - 16px);\"><div class=\"icon\"><img decoding=\"async\" src=\"https:\/\/straatmanmooringsystems.com\/pt\/wp-content\/uploads\/sites\/4\/2025\/12\/Group-website-icon-network.png\" alt=\"\"><\/div><div class=\"title\">Calibra\u00e7\u00e3o no local<\/div><div class=\"description\">A calibra\u00e7\u00e3o \u00e9 realizada com a c\u00e9lula de carga instalada no gancho. Isso evita a desmontagem, impede pe\u00e7as travadas e reduz o risco de danos ou atrasos.<\/div><\/div><div class=\"item\" style=\"flex: 1 1 calc(25.00% - 16px);\"><div class=\"icon\"><img decoding=\"async\" src=\"https:\/\/straatmanmooringsystems.com\/pt\/wp-content\/uploads\/sites\/4\/2025\/12\/Group-website-icon-thump-up.png\" alt=\"\"><\/div><div class=\"title\">Resultados precisos e confi\u00e1veis<\/div><div class=\"description\">Usando um sensor de press\u00e3o digital calibrado, aplicamos cargas controladas sob condi\u00e7\u00f5es de trabalho reais. Isso garante resultados de calibra\u00e7\u00e3o precisos e repet\u00edveis.<\/div><\/div><div class=\"item\" style=\"flex: 1 1 calc(25.00% - 16px);\"><div class=\"icon\"><img decoding=\"async\" src=\"https:\/\/straatmanmooringsystems.com\/pt\/wp-content\/uploads\/sites\/4\/2025\/12\/Group-website-icon-clipboard.png\" alt=\"\"><\/div><div class=\"title\">Conformidade com as diretrizes da ind\u00fastria<\/div><div class=\"description\">Nosso m\u00e9todo de calibra\u00e7\u00e3o apoia a conformidade com os requisitos da SIGTTO e\u00a0OCIMF e fornece documenta\u00e7\u00e3o clara para auditorias e inspe\u00e7\u00f5es.<\/div><\/div><\/div>         \n    <\/div>\n<\/div>\n\n\n\n\n<div class=\"wp-block-media-text has-media-on-the-right is-stacked-on-mobile\" style=\"padding-top:var(--wp--preset--spacing--60)\"><div class=\"wp-block-media-text__content\">\n<h2 class=\"wp-block-heading\"><strong><strong><strong>M\u00e9todo de calibra\u00e7\u00e3o da Straatman:<\/strong><\/strong><\/strong><\/h2>\n\n\n\n<p>Os m\u00e9todos tradicionais de calibra\u00e7\u00e3o normalmente levam at\u00e9 cinco dias por cais, com uma equipe de tr\u00eas pessoas. O equipamento pode precisar ser desmontado e reinstalado, o que afeta as opera\u00e7\u00f5es. O m\u00e9todo da Straatman requer:<\/p>\n\n\n\n<ul class=\"wp-block-list\">\n<li>Um engenheiro de servi\u00e7o<\/li>\n\n\n\n<li>Aproximadamente dois dias por cais<\/li>\n<\/ul>\n\n\n\n<p>Isso reduz significativamente o tempo de inatividade e facilita o planejamento para terminais ocupados.<\/p>\n\n\n\n<p>N\u00e3o \u00e9 necess\u00e1rio remover a c\u00e9lula de carga, ao contr\u00e1rio dos m\u00e9todos tradicionais de calibra\u00e7\u00e3o. A remo\u00e7\u00e3o das c\u00e9lulas de carga pode causar problemas, especialmente em instala\u00e7\u00f5es mais antigas onde os componentes podem estar travados ou dif\u00edceis de desmontar. A remo\u00e7\u00e3o tamb\u00e9m aumenta o risco de danos e trabalhos de reparo adicionais.<\/p>\n\n\n\n<p>O m\u00e9todo foi concebido para atender \u00e0 inten\u00e7\u00e3o e aos requisitos das diretrizes SIGTTO e&nbsp;OCIMF. Os resultados da calibra\u00e7\u00e3o s\u00e3o documentados e podem ser usados para auditorias, inspe\u00e7\u00f5es e revis\u00f5es internas de seguran\u00e7a.<\/p>\n<\/div><figure class=\"wp-block-media-text__media\"><img loading=\"lazy\" decoding=\"async\" width=\"731\" height=\"1024\" src=\"https:\/\/straatmanmooringsystems.com\/pt\/wp-content\/uploads\/2026\/01\/Mooring-website-Load-Cell-Callibration-731x1024.png\" alt=\"\" class=\"wp-image-1618 size-full\" srcset=\"https:\/\/straatmanmooringsystems.com\/pt\/wp-content\/uploads\/sites\/4\/2026\/01\/Mooring-website-Load-Cell-Callibration-731x1024.png 731w, https:\/\/straatmanmooringsystems.com\/pt\/wp-content\/uploads\/sites\/4\/2026\/01\/Mooring-website-Load-Cell-Callibration-214x300.png 214w, https:\/\/straatmanmooringsystems.com\/pt\/wp-content\/uploads\/sites\/4\/2026\/01\/Mooring-website-Load-Cell-Callibration.png 750w\" sizes=\"auto, (max-width: 731px) 100vw, 731px\" \/><\/figure><\/div>\n\n\n\n<div class=\"wp-block-media-text is-stacked-on-mobile\" style=\"padding-bottom:var(--wp--preset--spacing--60)\"><figure class=\"wp-block-media-text__media\"><img loading=\"lazy\" decoding=\"async\" width=\"1024\" height=\"865\" src=\"https:\/\/straatmanmooringsystems.com\/pt\/wp-content\/uploads\/2026\/01\/IMG_9568-bijgesneden-1024x865.jpg\" alt=\"\" class=\"wp-image-894 size-full\" srcset=\"https:\/\/straatmanmooringsystems.com\/pt\/wp-content\/uploads\/sites\/4\/2026\/01\/IMG_9568-bijgesneden-1024x865.jpg 1024w, https:\/\/straatmanmooringsystems.com\/pt\/wp-content\/uploads\/sites\/4\/2026\/01\/IMG_9568-bijgesneden-300x253.jpg 300w, https:\/\/straatmanmooringsystems.com\/pt\/wp-content\/uploads\/sites\/4\/2026\/01\/IMG_9568-bijgesneden-768x649.jpg 768w, https:\/\/straatmanmooringsystems.com\/pt\/wp-content\/uploads\/sites\/4\/2026\/01\/IMG_9568-bijgesneden-1536x1297.jpg 1536w, https:\/\/straatmanmooringsystems.com\/pt\/wp-content\/uploads\/sites\/4\/2026\/01\/IMG_9568-bijgesneden-2048x1730.jpg 2048w\" sizes=\"auto, (max-width: 1024px) 100vw, 1024px\" \/><\/figure><div class=\"wp-block-media-text__content\">\n<h2 class=\"wp-block-heading\"><strong><strong><strong>Por que a calibra\u00e7\u00e3o das c\u00e9lulas de carga \u00e9 importante<\/strong><\/strong><\/strong><\/h2>\n\n\n\n<p>As c\u00e9lulas de carga est\u00e3o expostas a condi\u00e7\u00f5es mar\u00edtimas severas, incluindo \u00e1gua salgada, mudan\u00e7as de temperatura, vibra\u00e7\u00e3o e cargas elevadas. Com o tempo, isso pode afetar a precis\u00e3o. A calibra\u00e7\u00e3o regular garante:<\/p>\n\n\n\n<ul class=\"wp-block-list\">\n<li>Medi\u00e7\u00f5es de carga confi\u00e1veis e repet\u00edveis<\/li>\n\n\n\n<li>N\u00edveis corretos de alarme e advert\u00eancia<\/li>\n\n\n\n<li>Conformidade com as diretrizes da SIGTTO e&nbsp;OCIMF<\/li>\n\n\n\n<li>Risco reduzido de sobrecarga e incidentes de amarra\u00e7\u00e3o<\/li>\n\n\n\n<li>Confian\u00e7a na tomada de decis\u00f5es operacionais<\/li>\n<\/ul>\n\n\n\n<p>A calibra\u00e7\u00e3o n\u00e3o \u00e9 apenas um requisito formal, mas uma medida de seguran\u00e7a pr\u00e1tica.<\/p>\n<\/div><\/div>\n\n\n\n<div class=\"icon-block-slider align wp-block-acf-icon-block-slider\" id=\"icon-block-slider-block_5d24a695f463933ee61c96ed177bd674\">\n    <div class=\"centered\">\n        <h2 class=\"title\">O que esperar da nossa equipa Straatman<\/h2>        \n        <div class=\"holder\">\n            <div class=\"swiffy-slider slider-item-show4 slider-item-reveal slider-nav-visible\">\n                <ul class=\"slider-container\">\n                                        <li>\n                        <div class=\"slide\">\n                            <div class=\"icon\">\n                                <img decoding=\"async\" src=\"https:\/\/straatmanmooringsystems.com\/pt\/wp-content\/uploads\/sites\/4\/2025\/12\/Group-website-icon-medal.png\" alt=\"\">\n                            <\/div>\n\n                            <div class=\"title\">Produtos de alta qualidade<\/div><div class=\"description\">Os nossos produtos s\u00e3o concebidos e fabricados com aten\u00e7\u00e3o ao detalhe. Utilizamos os melhores materiais e verificamos tudo para garantir que obt\u00e9m o melhor.<\/div>                        <\/div>\n                    <\/li>\n                                        <li>\n                        <div class=\"slide\">\n                            <div class=\"icon\">\n                                <img decoding=\"async\" src=\"https:\/\/straatmanmooringsystems.com\/pt\/wp-content\/uploads\/sites\/4\/2025\/12\/Group-website-icon-idea.png\" alt=\"\">\n                            <\/div>\n\n                            <div class=\"title\">Inova\u00e7\u00e3o cont\u00ednua<\/div><div class=\"description\">Estamos sempre a tentar ser melhores. Continuamos a aprender, a melhorar e a investir em investiga\u00e7\u00e3o e desenvolvimento para podermos oferecer-lhe as solu\u00e7\u00f5es mais recentes e melhores.<\/div>                        <\/div>\n                    <\/li>\n                                        <li>\n                        <div class=\"slide\">\n                            <div class=\"icon\">\n                                <img decoding=\"async\" src=\"https:\/\/straatmanmooringsystems.com\/pt\/wp-content\/uploads\/sites\/4\/2025\/12\/Group-website-icon-team-in-3.png\" alt=\"\">\n                            <\/div>\n\n                            <div class=\"title\">Equipa dedicada e entusiasta<\/div><div class=\"description\">A nossa equipa adora o que faz. Trabalha arduamente para satisfazer as suas necessidades e faz\u00ea-lo feliz.<\/div>                        <\/div>\n                    <\/li>\n                                        <li>\n                        <div class=\"slide\">\n                            <div class=\"icon\">\n                                <img decoding=\"async\" src=\"https:\/\/straatmanmooringsystems.com\/pt\/wp-content\/uploads\/sites\/4\/2025\/12\/Group-website-icon-hand.png\" alt=\"\">\n                            <\/div>\n\n                            <div class=\"title\"> N\u00edvel de servi\u00e7o excelente<\/div><div class=\"description\">Estamos aqui para o ajudar. A nossa equipa est\u00e1 sempre pronta para responder \u00e0s suas perguntas e garantir que est\u00e1 satisfeito com o nosso servi\u00e7o.<\/div>                        <\/div>\n                    <\/li>\n                                        <li>\n                        <div class=\"slide\">\n                            <div class=\"icon\">\n                                <img decoding=\"async\" src=\"https:\/\/straatmanmooringsystems.com\/pt\/wp-content\/uploads\/sites\/4\/2025\/12\/Group-website-icon-certified.png\" alt=\"\">\n                            <\/div>\n\n                            <div class=\"title\">Certificado em todos os n\u00edveis necess\u00e1rios<\/div><div class=\"description\">Cumprimos todas as normas importantes. Isto significa que os nossos produtos s\u00e3o seguros, fi\u00e1veis e dignos de confian\u00e7a.<\/div>                        <\/div>\n                    <\/li>\n                                        <li>\n                        <div class=\"slide\">\n                            <div class=\"icon\">\n                                <img decoding=\"async\" src=\"https:\/\/straatmanmooringsystems.com\/pt\/wp-content\/uploads\/sites\/4\/2025\/12\/Group-website-icon-handshake.png\" alt=\"\">\n                            <\/div>\n\n                            <div class=\"title\">Fazemos o que prometemos<\/div><div class=\"description\">Cumprimos as nossas promessas. Pode confiar em n\u00f3s para fazer o que dizemos.<\/div>                        <\/div>\n                    <\/li>\n                                    <\/ul>\n\n                <div class=\"slider_buttons\">\n                    <button type=\"button\" class=\"slider-nav\"><i class=\"ph-thin ph-arrow-left\"><\/i><\/button>\n                    <button type=\"button\" class=\"slider-nav slider-nav-next\"><i class=\"ph ph-arrow-right\"><\/i><\/button>\n                <\/div>\n            <\/div>\n        <\/div>\n    <\/div>\n<\/div>\n\n\n\n\n<div class=\"wp-block-media-text has-media-on-the-right is-stacked-on-mobile has-white-color has-green-background-color has-text-color has-background has-link-color wp-elements-89ebd23a4b0feedbb7bfe58cad31c0bd\" style=\"padding-top:var(--wp--preset--spacing--60);padding-bottom:var(--wp--preset--spacing--60)\"><div class=\"wp-block-media-text__content\">\n<h2 class=\"wp-block-heading has-white-color has-text-color has-link-color wp-elements-67524c2a0b194efc13d77325f43568a7\">Seu equipamento de amarra\u00e7\u00e3o precisa de manuten\u00e7\u00e3o, inspe\u00e7\u00e3o ou atualiza\u00e7\u00e3o?<\/h2>\n\n\n\n<ul class=\"wp-block-list\">\n<li>Produtos de alta qualidade<\/li>\n\n\n\n<li>Servi\u00e7o excelente<\/li>\n\n\n\n<li>Mais de 50 anos de experi\u00eancia<\/li>\n\n\n\n<li>Certifica\u00e7\u00e3o em todos os n\u00edveis<\/li>\n<\/ul>\n\n\n\n<div class=\"wp-block-buttons is-layout-flex wp-block-buttons-is-layout-flex\">\n<div class=\"wp-block-button\"><a class=\"wp-block-button__link wp-element-button\" href=\"https:\/\/straatmanmooringsystems.com\/pt\/request-a-proposal\/\" target=\"_blank\" rel=\"noreferrer noopener\">Obtenha uma proposta direta<\/a><\/div>\n<\/div>\n<\/div><figure class=\"wp-block-media-text__media\"><img loading=\"lazy\" decoding=\"async\" width=\"1024\" height=\"468\" src=\"https:\/\/straatmanmooringsystems.com\/pt\/wp-content\/uploads\/2025\/12\/Vector-1024x468.png\" alt=\"\" class=\"wp-image-450 size-full\" srcset=\"https:\/\/straatmanmooringsystems.com\/pt\/wp-content\/uploads\/sites\/4\/2025\/12\/Vector-1024x468.png 1024w, https:\/\/straatmanmooringsystems.com\/pt\/wp-content\/uploads\/sites\/4\/2025\/12\/Vector-300x137.png 300w, https:\/\/straatmanmooringsystems.com\/pt\/wp-content\/uploads\/sites\/4\/2025\/12\/Vector-768x351.png 768w, https:\/\/straatmanmooringsystems.com\/pt\/wp-content\/uploads\/sites\/4\/2025\/12\/Vector.png 1312w\" sizes=\"auto, (max-width: 1024px) 100vw, 1024px\" \/><\/figure><\/div>\n","protected":false},"excerpt":{"rendered":"","protected":false},"author":2,"featured_media":0,"parent":2454,"menu_order":0,"comment_status":"closed","ping_status":"closed","template":"","meta":{"_acf_changed":false,"footnotes":""},"class_list":["post-890","page","type-page","status-publish","hentry"],"acf":[],"yoast_head":"<!-- This site is optimized with the Yoast SEO plugin v26.6 - https:\/\/yoast.com\/wordpress\/plugins\/seo\/ -->\n<title>Load Cell calibration - Straatman Mooring Systems<\/title>\n<meta name=\"description\" content=\"Calibra\u00e7\u00e3o de c\u00e9lulas de carga para ganchos de amarra\u00e7\u00e3o de libera\u00e7\u00e3o r\u00e1pida, garantindo seguran\u00e7a, precis\u00e3o e conformidade com os padr\u00f5es da ind\u00fastria.\" \/>\n<meta name=\"robots\" content=\"index, follow, max-snippet:-1, max-image-preview:large, max-video-preview:-1\" \/>\n<link rel=\"canonical\" href=\"https:\/\/straatmanmooringsystems.com\/pt\/servico-apoio\/calibracao-celulas-de-carga\/\" \/>\n<meta property=\"og:locale\" content=\"pt_PT\" \/>\n<meta property=\"og:type\" content=\"article\" \/>\n<meta property=\"og:title\" content=\"Load Cell calibration - Straatman Mooring Systems\" \/>\n<meta property=\"og:description\" content=\"Calibra\u00e7\u00e3o de c\u00e9lulas de carga para ganchos de amarra\u00e7\u00e3o de libera\u00e7\u00e3o r\u00e1pida, garantindo seguran\u00e7a, precis\u00e3o e conformidade com os padr\u00f5es da ind\u00fastria.\" \/>\n<meta property=\"og:url\" content=\"https:\/\/straatmanmooringsystems.com\/pt\/servico-apoio\/calibracao-celulas-de-carga\/\" \/>\n<meta property=\"og:site_name\" content=\"Mooring Systems PT\" \/>\n<meta property=\"article:modified_time\" content=\"2026-03-02T06:58:02+00:00\" \/>\n<meta property=\"og:image\" content=\"https:\/\/straatmanmooringsystems.com\/pt\/wp-content\/uploads\/2026\/01\/Mooring-website-Load-Cell-Callibration-731x1024.png\" \/>\n<meta name=\"twitter:card\" content=\"summary_large_image\" \/>\n<meta name=\"twitter:label1\" content=\"Tempo estimado de leitura\" \/>\n\t<meta name=\"twitter:data1\" content=\"3 minutos\" \/>\n<script type=\"application\/ld+json\" class=\"yoast-schema-graph\">{\"@context\":\"https:\/\/schema.org\",\"@graph\":[{\"@type\":\"WebPage\",\"@id\":\"https:\/\/straatmanmooringsystems.com\/pt\/servico-apoio\/calibracao-celulas-de-carga\/\",\"url\":\"https:\/\/straatmanmooringsystems.com\/pt\/servico-apoio\/calibracao-celulas-de-carga\/\",\"name\":\"Load Cell calibration - Straatman Mooring Systems\",\"isPartOf\":{\"@id\":\"https:\/\/straatmanmooringsystems.com\/pt\/#website\"},\"primaryImageOfPage\":{\"@id\":\"https:\/\/straatmanmooringsystems.com\/pt\/servico-apoio\/calibracao-celulas-de-carga\/#primaryimage\"},\"image\":{\"@id\":\"https:\/\/straatmanmooringsystems.com\/pt\/servico-apoio\/calibracao-celulas-de-carga\/#primaryimage\"},\"thumbnailUrl\":\"https:\/\/straatmanmooringsystems.com\/pt\/wp-content\/uploads\/2026\/01\/Mooring-website-Load-Cell-Callibration-731x1024.png\",\"datePublished\":\"2026-01-05T14:19:47+00:00\",\"dateModified\":\"2026-03-02T06:58:02+00:00\",\"description\":\"Calibra\u00e7\u00e3o de c\u00e9lulas de carga para ganchos de amarra\u00e7\u00e3o de libera\u00e7\u00e3o r\u00e1pida, garantindo seguran\u00e7a, precis\u00e3o e conformidade com os padr\u00f5es da ind\u00fastria.\",\"breadcrumb\":{\"@id\":\"https:\/\/straatmanmooringsystems.com\/pt\/servico-apoio\/calibracao-celulas-de-carga\/#breadcrumb\"},\"inLanguage\":\"pt-PT\",\"potentialAction\":[{\"@type\":\"ReadAction\",\"target\":[\"https:\/\/straatmanmooringsystems.com\/pt\/servico-apoio\/calibracao-celulas-de-carga\/\"]}]},{\"@type\":\"ImageObject\",\"inLanguage\":\"pt-PT\",\"@id\":\"https:\/\/straatmanmooringsystems.com\/pt\/servico-apoio\/calibracao-celulas-de-carga\/#primaryimage\",\"url\":\"https:\/\/straatmanmooringsystems.com\/pt\/wp-content\/uploads\/sites\/4\/2026\/01\/Mooring-website-Load-Cell-Callibration.png\",\"contentUrl\":\"https:\/\/straatmanmooringsystems.com\/pt\/wp-content\/uploads\/sites\/4\/2026\/01\/Mooring-website-Load-Cell-Callibration.png\",\"width\":750,\"height\":1050},{\"@type\":\"BreadcrumbList\",\"@id\":\"https:\/\/straatmanmooringsystems.com\/pt\/servico-apoio\/calibracao-celulas-de-carga\/#breadcrumb\",\"itemListElement\":[{\"@type\":\"ListItem\",\"position\":1,\"name\":\"Home\",\"item\":\"https:\/\/straatmanmooringsystems.com\/pt\/\"},{\"@type\":\"ListItem\",\"position\":2,\"name\":\"Service\",\"item\":\"https:\/\/straatmanmooringsystems.com\/pt\/servico-apoio\/\"},{\"@type\":\"ListItem\",\"position\":3,\"name\":\"Load Cell calibration\"}]},{\"@type\":\"WebSite\",\"@id\":\"https:\/\/straatmanmooringsystems.com\/pt\/#website\",\"url\":\"https:\/\/straatmanmooringsystems.com\/pt\/\",\"name\":\"Mooring Systems PT\",\"description\":\"\",\"publisher\":{\"@id\":\"https:\/\/straatmanmooringsystems.com\/pt\/#organization\"},\"potentialAction\":[{\"@type\":\"SearchAction\",\"target\":{\"@type\":\"EntryPoint\",\"urlTemplate\":\"https:\/\/straatmanmooringsystems.com\/pt\/?s={search_term_string}\"},\"query-input\":{\"@type\":\"PropertyValueSpecification\",\"valueRequired\":true,\"valueName\":\"search_term_string\"}}],\"inLanguage\":\"pt-PT\"},{\"@type\":\"Organization\",\"@id\":\"https:\/\/straatmanmooringsystems.com\/pt\/#organization\",\"name\":\"Mooring Systems PT\",\"url\":\"https:\/\/straatmanmooringsystems.com\/pt\/\",\"logo\":{\"@type\":\"ImageObject\",\"inLanguage\":\"pt-PT\",\"@id\":\"https:\/\/straatmanmooringsystems.com\/pt\/#\/schema\/logo\/image\/\",\"url\":\"https:\/\/straatmanmooringsystems.com\/pt\/wp-content\/uploads\/sites\/4\/2026\/02\/logo-mooring.svg\",\"contentUrl\":\"https:\/\/straatmanmooringsystems.com\/pt\/wp-content\/uploads\/sites\/4\/2026\/02\/logo-mooring.svg\",\"width\":237,\"height\":56,\"caption\":\"Mooring Systems PT\"},\"image\":{\"@id\":\"https:\/\/straatmanmooringsystems.com\/pt\/#\/schema\/logo\/image\/\"}}]}<\/script>\n<!-- \/ Yoast SEO plugin. -->","yoast_head_json":{"title":"Load Cell calibration - Straatman Mooring Systems","description":"Calibra\u00e7\u00e3o de c\u00e9lulas de carga para ganchos de amarra\u00e7\u00e3o de libera\u00e7\u00e3o r\u00e1pida, garantindo seguran\u00e7a, precis\u00e3o e conformidade com os padr\u00f5es da ind\u00fastria.","robots":{"index":"index","follow":"follow","max-snippet":"max-snippet:-1","max-image-preview":"max-image-preview:large","max-video-preview":"max-video-preview:-1"},"canonical":"https:\/\/straatmanmooringsystems.com\/pt\/servico-apoio\/calibracao-celulas-de-carga\/","og_locale":"pt_PT","og_type":"article","og_title":"Load Cell calibration - Straatman Mooring Systems","og_description":"Calibra\u00e7\u00e3o de c\u00e9lulas de carga para ganchos de amarra\u00e7\u00e3o de libera\u00e7\u00e3o r\u00e1pida, garantindo seguran\u00e7a, precis\u00e3o e conformidade com os padr\u00f5es da ind\u00fastria.","og_url":"https:\/\/straatmanmooringsystems.com\/pt\/servico-apoio\/calibracao-celulas-de-carga\/","og_site_name":"Mooring Systems PT","article_modified_time":"2026-03-02T06:58:02+00:00","og_image":[{"url":"https:\/\/straatmanmooringsystems.com\/pt\/wp-content\/uploads\/2026\/01\/Mooring-website-Load-Cell-Callibration-731x1024.png","type":"","width":"","height":""}],"twitter_card":"summary_large_image","twitter_misc":{"Tempo estimado de leitura":"3 minutos"},"schema":{"@context":"https:\/\/schema.org","@graph":[{"@type":"WebPage","@id":"https:\/\/straatmanmooringsystems.com\/pt\/servico-apoio\/calibracao-celulas-de-carga\/","url":"https:\/\/straatmanmooringsystems.com\/pt\/servico-apoio\/calibracao-celulas-de-carga\/","name":"Load Cell calibration - Straatman Mooring Systems","isPartOf":{"@id":"https:\/\/straatmanmooringsystems.com\/pt\/#website"},"primaryImageOfPage":{"@id":"https:\/\/straatmanmooringsystems.com\/pt\/servico-apoio\/calibracao-celulas-de-carga\/#primaryimage"},"image":{"@id":"https:\/\/straatmanmooringsystems.com\/pt\/servico-apoio\/calibracao-celulas-de-carga\/#primaryimage"},"thumbnailUrl":"https:\/\/straatmanmooringsystems.com\/pt\/wp-content\/uploads\/2026\/01\/Mooring-website-Load-Cell-Callibration-731x1024.png","datePublished":"2026-01-05T14:19:47+00:00","dateModified":"2026-03-02T06:58:02+00:00","description":"Calibra\u00e7\u00e3o de c\u00e9lulas de carga para ganchos de amarra\u00e7\u00e3o de libera\u00e7\u00e3o r\u00e1pida, garantindo seguran\u00e7a, precis\u00e3o e conformidade com os padr\u00f5es da ind\u00fastria.","breadcrumb":{"@id":"https:\/\/straatmanmooringsystems.com\/pt\/servico-apoio\/calibracao-celulas-de-carga\/#breadcrumb"},"inLanguage":"pt-PT","potentialAction":[{"@type":"ReadAction","target":["https:\/\/straatmanmooringsystems.com\/pt\/servico-apoio\/calibracao-celulas-de-carga\/"]}]},{"@type":"ImageObject","inLanguage":"pt-PT","@id":"https:\/\/straatmanmooringsystems.com\/pt\/servico-apoio\/calibracao-celulas-de-carga\/#primaryimage","url":"https:\/\/straatmanmooringsystems.com\/pt\/wp-content\/uploads\/sites\/4\/2026\/01\/Mooring-website-Load-Cell-Callibration.png","contentUrl":"https:\/\/straatmanmooringsystems.com\/pt\/wp-content\/uploads\/sites\/4\/2026\/01\/Mooring-website-Load-Cell-Callibration.png","width":750,"height":1050},{"@type":"BreadcrumbList","@id":"https:\/\/straatmanmooringsystems.com\/pt\/servico-apoio\/calibracao-celulas-de-carga\/#breadcrumb","itemListElement":[{"@type":"ListItem","position":1,"name":"Home","item":"https:\/\/straatmanmooringsystems.com\/pt\/"},{"@type":"ListItem","position":2,"name":"Service","item":"https:\/\/straatmanmooringsystems.com\/pt\/servico-apoio\/"},{"@type":"ListItem","position":3,"name":"Load Cell calibration"}]},{"@type":"WebSite","@id":"https:\/\/straatmanmooringsystems.com\/pt\/#website","url":"https:\/\/straatmanmooringsystems.com\/pt\/","name":"Mooring Systems PT","description":"","publisher":{"@id":"https:\/\/straatmanmooringsystems.com\/pt\/#organization"},"potentialAction":[{"@type":"SearchAction","target":{"@type":"EntryPoint","urlTemplate":"https:\/\/straatmanmooringsystems.com\/pt\/?s={search_term_string}"},"query-input":{"@type":"PropertyValueSpecification","valueRequired":true,"valueName":"search_term_string"}}],"inLanguage":"pt-PT"},{"@type":"Organization","@id":"https:\/\/straatmanmooringsystems.com\/pt\/#organization","name":"Mooring Systems PT","url":"https:\/\/straatmanmooringsystems.com\/pt\/","logo":{"@type":"ImageObject","inLanguage":"pt-PT","@id":"https:\/\/straatmanmooringsystems.com\/pt\/#\/schema\/logo\/image\/","url":"https:\/\/straatmanmooringsystems.com\/pt\/wp-content\/uploads\/sites\/4\/2026\/02\/logo-mooring.svg","contentUrl":"https:\/\/straatmanmooringsystems.com\/pt\/wp-content\/uploads\/sites\/4\/2026\/02\/logo-mooring.svg","width":237,"height":56,"caption":"Mooring Systems PT"},"image":{"@id":"https:\/\/straatmanmooringsystems.com\/pt\/#\/schema\/logo\/image\/"}}]}},"_links":{"self":[{"href":"https:\/\/straatmanmooringsystems.com\/pt\/wp-json\/wp\/v2\/pages\/890","targetHints":{"allow":["GET"]}}],"collection":[{"href":"https:\/\/straatmanmooringsystems.com\/pt\/wp-json\/wp\/v2\/pages"}],"about":[{"href":"https:\/\/straatmanmooringsystems.com\/pt\/wp-json\/wp\/v2\/types\/page"}],"author":[{"embeddable":true,"href":"https:\/\/straatmanmooringsystems.com\/pt\/wp-json\/wp\/v2\/users\/2"}],"replies":[{"embeddable":true,"href":"https:\/\/straatmanmooringsystems.com\/pt\/wp-json\/wp\/v2\/comments?post=890"}],"version-history":[{"count":5,"href":"https:\/\/straatmanmooringsystems.com\/pt\/wp-json\/wp\/v2\/pages\/890\/revisions"}],"predecessor-version":[{"id":2955,"href":"https:\/\/straatmanmooringsystems.com\/pt\/wp-json\/wp\/v2\/pages\/890\/revisions\/2955"}],"up":[{"embeddable":true,"href":"https:\/\/straatmanmooringsystems.com\/pt\/wp-json\/wp\/v2\/pages\/2454"}],"wp:attachment":[{"href":"https:\/\/straatmanmooringsystems.com\/pt\/wp-json\/wp\/v2\/media?parent=890"}],"curies":[{"name":"wp","href":"https:\/\/api.w.org\/{rel}","templated":true}]}}