{"id":899,"date":"2026-01-05T14:39:15","date_gmt":"2026-01-05T14:39:15","guid":{"rendered":"https:\/\/straatmanmooringsystems.com\/?page_id=899"},"modified":"2026-03-02T06:58:05","modified_gmt":"2026-03-02T06:58:05","slug":"ganchos-de-libertacao-rapida-strainstall-e-pecas-sobressalentes","status":"publish","type":"page","link":"https:\/\/straatmanmooringsystems.com\/pt\/servico-apoio\/ganchos-de-libertacao-rapida-strainstall-e-pecas-sobressalentes\/","title":{"rendered":"Strainstall AMTS Quick release hooks and spares"},"content":{"rendered":"\n<div style=\"padding-top:var(--wp--preset--spacing--60);padding-bottom:var(--wp--preset--spacing--60);\" class=\"icon-block-static none align wp-block-acf-icon-block-static has-background has-green-background-color\" id=\"icon-block-static-block_72a22553ddb6d3867c26122b6c48f464\">\n    <div class=\"centered\">\n        <div class=\"description\"><p>Em conformidade com o nosso acordo de aquisi\u00e7\u00e3o com a Strainstall, na sequ\u00eancia da decis\u00e3o desta empresa de se retirar do mercado dos ganchos de amarra\u00e7\u00e3o r\u00e1pida, a Straatman est\u00e1 agora em condi\u00e7\u00f5es de fornecer conjuntos de substitui\u00e7\u00e3o, pe\u00e7as sobresselentes, actualiza\u00e7\u00f5es, assist\u00eancia t\u00e9cnica e apoio t\u00e9cnico completo para todos os sistemas de ganchos de amarra\u00e7\u00e3o r\u00e1pida Strainstall\/AMTS existentes em todo o mundo.<\/p>\n<\/div><div class=\"icon-grid\"><div class=\"item\" style=\"flex: 1 1 calc(25.00% - 16px);\"><div class=\"icon\"><img decoding=\"async\" src=\"https:\/\/straatmanmooringsystems.com\/pt\/wp-content\/uploads\/sites\/4\/2025\/12\/Group-website-icon-ship.png\" alt=\"\"><\/div><div class=\"title\"> Atualiza\u00e7\u00f5es do sistema<\/div><\/div><div class=\"item\" style=\"flex: 1 1 calc(25.00% - 16px);\"><div class=\"icon\"><img decoding=\"async\" src=\"https:\/\/straatmanmooringsystems.com\/pt\/wp-content\/uploads\/sites\/4\/2025\/12\/Group-website-icon-network.png\" alt=\"\"><\/div><div class=\"title\"> Entrega de pe\u00e7as de reposi\u00e7\u00e3o<\/div><\/div><div class=\"item\" style=\"flex: 1 1 calc(25.00% - 16px);\"><div class=\"icon\"><img decoding=\"async\" src=\"https:\/\/straatmanmooringsystems.com\/pt\/wp-content\/uploads\/sites\/4\/2025\/12\/Group-website-icon-thump-up.png\" alt=\"\"><\/div><div class=\"title\"> Servi\u00e7o e reparos<\/div><\/div><\/div>         \n    <\/div>\n<\/div>\n\n\n\n\n<div class=\"wp-block-media-text has-media-on-the-right is-stacked-on-mobile\" style=\"padding-top:var(--wp--preset--spacing--60);grid-template-columns:auto 49%\"><div class=\"wp-block-media-text__content\">\n<h2 class=\"wp-block-heading\"><strong><strong><strong><strong>Ganchos de amarra\u00e7\u00e3o r\u00e1pida da Strainstall AMTS<\/strong><\/strong><\/strong><\/strong><\/h2>\n\n\n\n<p>A Straatman est\u00e1 totalmente empenhada em apoiar todos os antigos clientes da Strainstall de ganchos de amarra\u00e7\u00e3o r\u00e1pida e sistemas de cais em todo o mundo. Gra\u00e7as ao nosso acordo de aquisi\u00e7\u00e3o com a Strainstall, em vigor desde 2021, a nossa dedicada equipa de Pe\u00e7as e Servi\u00e7os \u00e9 agora especializada no fornecimento de pe\u00e7as sobressalentes do fabricante de equipamento original de Strainstall AMTS, atualiza\u00e7\u00f5es de sistemas e pacotes de servi\u00e7os personalizados.<\/p>\n<\/div><figure class=\"wp-block-media-text__media\"><img loading=\"lazy\" decoding=\"async\" width=\"661\" height=\"508\" src=\"https:\/\/straatmanmooringsystems.com\/pt\/wp-content\/uploads\/sites\/4\/2026\/01\/Mooring-website-Strainstall.png\" alt=\"\" class=\"wp-image-1622 size-full\" srcset=\"https:\/\/straatmanmooringsystems.com\/pt\/wp-content\/uploads\/sites\/4\/2026\/01\/Mooring-website-Strainstall.png 661w, https:\/\/straatmanmooringsystems.com\/pt\/wp-content\/uploads\/sites\/4\/2026\/01\/Mooring-website-Strainstall-300x231.png 300w\" sizes=\"auto, (max-width: 661px) 100vw, 661px\" \/><\/figure><\/div>\n\n\n\n<div class=\"wp-block-media-text is-stacked-on-mobile\" style=\"padding-bottom:var(--wp--preset--spacing--60)\"><figure class=\"wp-block-media-text__media\"><img loading=\"lazy\" decoding=\"async\" width=\"661\" height=\"508\" src=\"https:\/\/straatmanmooringsystems.com\/pt\/wp-content\/uploads\/sites\/4\/2026\/01\/Mooring-website-Strainstall-1.png\" alt=\"\" class=\"wp-image-1624 size-full\" srcset=\"https:\/\/straatmanmooringsystems.com\/pt\/wp-content\/uploads\/sites\/4\/2026\/01\/Mooring-website-Strainstall-1.png 661w, https:\/\/straatmanmooringsystems.com\/pt\/wp-content\/uploads\/sites\/4\/2026\/01\/Mooring-website-Strainstall-1-300x231.png 300w\" sizes=\"auto, (max-width: 661px) 100vw, 661px\" \/><\/figure><div class=\"wp-block-media-text__content\">\n<h2 class=\"wp-block-heading\">Necessita de assist\u00eancia ou apoio para o seu equipamento de amarra\u00e7\u00e3o Strainstall AMTS?<\/h2>\n\n\n\n<p>Podemos fornecer um servi\u00e7o completo de assist\u00eancia ao local, que inclui a manuten\u00e7\u00e3o e conserva\u00e7\u00e3o do revestimento do gancho de amarra\u00e7\u00e3o de liberta\u00e7\u00e3o r\u00e1pida, calibra\u00e7\u00e3o dos sistemas de monitoriza\u00e7\u00e3o da carga, diagn\u00f3stico e repara\u00e7\u00e3o de avarias el\u00e9ctricas e de software.<\/p>\n\n\n\n<p>Oferecemos tamb\u00e9m inspec\u00e7\u00f5es ao local e ao equipamento para determinar a melhor e mais rent\u00e1vel forma de reparar, atualizar ou manter os seus ganchos de amarra\u00e7\u00e3o r\u00e1pida Strainstall AMTS e o seu sistema de aux\u00edlio \u00e0 amarra\u00e7\u00e3o.<\/p>\n\n\n\n<p>Com mais de uma d\u00e9cada de experi\u00eancia no sector dos ganchos de amarra\u00e7\u00e3o de liberta\u00e7\u00e3o r\u00e1pida, possu\u00edmos uma compreens\u00e3o abrangente dos seus requisitos.<\/p>\n<\/div><\/div>\n\n\n\n<div class=\"icon-block-slider align wp-block-acf-icon-block-slider\" id=\"icon-block-slider-block_e3fafcc551c433a394e884c691505faa\">\n    <div class=\"centered\">\n        <h2 class=\"title\">O que esperar da nossa equipa Straatman<\/h2>        \n        <div class=\"holder\">\n            <div class=\"swiffy-slider slider-item-show4 slider-item-reveal slider-nav-visible\">\n                <ul class=\"slider-container\">\n                                        <li>\n                        <div class=\"slide\">\n                            <div class=\"icon\">\n                                <img decoding=\"async\" src=\"https:\/\/straatmanmooringsystems.com\/pt\/wp-content\/uploads\/sites\/4\/2025\/12\/Group-website-icon-medal.png\" alt=\"\">\n                            <\/div>\n\n                            <div class=\"title\">Produtos de alta qualidade<\/div><div class=\"description\">Os nossos produtos s\u00e3o concebidos e fabricados com aten\u00e7\u00e3o ao detalhe. Utilizamos os melhores materiais e verificamos tudo para garantir que obt\u00e9m o melhor.<\/div>                        <\/div>\n                    <\/li>\n                                        <li>\n                        <div class=\"slide\">\n                            <div class=\"icon\">\n                                <img decoding=\"async\" src=\"https:\/\/straatmanmooringsystems.com\/pt\/wp-content\/uploads\/sites\/4\/2025\/12\/Group-website-icon-idea.png\" alt=\"\">\n                            <\/div>\n\n                            <div class=\"title\">Inova\u00e7\u00e3o cont\u00ednua<\/div><div class=\"description\">Estamos sempre a tentar ser melhores. Continuamos a aprender, a melhorar e a investir em investiga\u00e7\u00e3o e desenvolvimento para podermos oferecer-lhe as solu\u00e7\u00f5es mais recentes e melhores.<\/div>                        <\/div>\n                    <\/li>\n                                        <li>\n                        <div class=\"slide\">\n                            <div class=\"icon\">\n                                <img decoding=\"async\" src=\"https:\/\/straatmanmooringsystems.com\/pt\/wp-content\/uploads\/sites\/4\/2025\/12\/Group-website-icon-team-in-3.png\" alt=\"\">\n                            <\/div>\n\n                            <div class=\"title\">Equipa dedicada e entusiasta<\/div><div class=\"description\">A nossa equipa adora o que faz. Trabalha arduamente para satisfazer as suas necessidades e faz\u00ea-lo feliz.<\/div>                        <\/div>\n                    <\/li>\n                                        <li>\n                        <div class=\"slide\">\n                            <div class=\"icon\">\n                                <img decoding=\"async\" src=\"https:\/\/straatmanmooringsystems.com\/pt\/wp-content\/uploads\/sites\/4\/2025\/12\/Group-website-icon-hand.png\" alt=\"\">\n                            <\/div>\n\n                            <div class=\"title\">N\u00edvel de servi\u00e7o excelente<\/div><div class=\"description\">Estamos aqui para o ajudar. A nossa equipa est\u00e1 sempre pronta para responder \u00e0s suas perguntas e garantir que est\u00e1 satisfeito com o nosso servi\u00e7o.<\/div>                        <\/div>\n                    <\/li>\n                                        <li>\n                        <div class=\"slide\">\n                            <div class=\"icon\">\n                                <img decoding=\"async\" src=\"https:\/\/straatmanmooringsystems.com\/pt\/wp-content\/uploads\/sites\/4\/2025\/12\/Group-website-icon-certified.png\" alt=\"\">\n                            <\/div>\n\n                            <div class=\"title\"> Certificado em todos os n\u00edveis necess\u00e1rios<\/div><div class=\"description\">Cumprimos todas as normas importantes. Isto significa que os nossos produtos s\u00e3o seguros, fi\u00e1veis e dignos de confian\u00e7a.<\/div>                        <\/div>\n                    <\/li>\n                                        <li>\n                        <div class=\"slide\">\n                            <div class=\"icon\">\n                                <img decoding=\"async\" src=\"https:\/\/straatmanmooringsystems.com\/pt\/wp-content\/uploads\/sites\/4\/2025\/12\/Group-website-icon-handshake.png\" alt=\"\">\n                            <\/div>\n\n                            <div class=\"title\">Fazemos o que prometemos<\/div><div class=\"description\">Cumprimos as nossas promessas. Pode confiar em n\u00f3s para fazer o que dizemos.<\/div>                        <\/div>\n                    <\/li>\n                                    <\/ul>\n\n                <div class=\"slider_buttons\">\n                    <button type=\"button\" class=\"slider-nav\"><i class=\"ph-thin ph-arrow-left\"><\/i><\/button>\n                    <button type=\"button\" class=\"slider-nav slider-nav-next\"><i class=\"ph ph-arrow-right\"><\/i><\/button>\n                <\/div>\n            <\/div>\n        <\/div>\n    <\/div>\n<\/div>\n\n\n\n\n<div class=\"wp-block-media-text has-media-on-the-right is-stacked-on-mobile has-white-color has-green-background-color has-text-color has-background has-link-color wp-elements-00b943d11f5138d391f70fcc6af1e004\" style=\"padding-top:var(--wp--preset--spacing--60);padding-bottom:var(--wp--preset--spacing--60)\"><div class=\"wp-block-media-text__content\">\n<h2 class=\"wp-block-heading has-white-color has-text-color has-link-color wp-elements-0e952376e8791e491943e5a8f2594565\">Precisa de suporte para o seu equipamento de amarra\u00e7\u00e3o&nbsp;Strainstall e&nbsp;AMTS?<\/h2>\n\n\n\n<ul class=\"wp-block-list\">\n<li>Pe\u00e7as de reposi\u00e7\u00e3o dispon\u00edveis<\/li>\n\n\n\n<li>Equipe qualificada de engenheiros de servi\u00e7o<\/li>\n\n\n\n<li>Atualiza\u00e7\u00f5es e suporte de engenharia<\/li>\n\n\n\n<li>Certificado em todos os n\u00edveis<\/li>\n<\/ul>\n\n\n\n<div class=\"wp-block-buttons is-layout-flex wp-block-buttons-is-layout-flex\">\n<div class=\"wp-block-button\"><a class=\"wp-block-button__link wp-element-button\" href=\"https:\/\/straatmanmooringsystems.com\/pt\/request-a-proposal\/\" target=\"_blank\" rel=\"noreferrer noopener\">Obtenha uma proposta direta<\/a><\/div>\n<\/div>\n<\/div><figure class=\"wp-block-media-text__media\"><img loading=\"lazy\" decoding=\"async\" width=\"1024\" height=\"468\" src=\"https:\/\/straatmanmooringsystems.com\/pt\/wp-content\/uploads\/2025\/12\/Vector-1024x468.png\" alt=\"\" class=\"wp-image-450 size-full\" srcset=\"https:\/\/straatmanmooringsystems.com\/pt\/wp-content\/uploads\/sites\/4\/2025\/12\/Vector-1024x468.png 1024w, https:\/\/straatmanmooringsystems.com\/pt\/wp-content\/uploads\/sites\/4\/2025\/12\/Vector-300x137.png 300w, https:\/\/straatmanmooringsystems.com\/pt\/wp-content\/uploads\/sites\/4\/2025\/12\/Vector-768x351.png 768w, https:\/\/straatmanmooringsystems.com\/pt\/wp-content\/uploads\/sites\/4\/2025\/12\/Vector.png 1312w\" sizes=\"auto, (max-width: 1024px) 100vw, 1024px\" \/><\/figure><\/div>\n","protected":false},"excerpt":{"rendered":"<p>Ganchos de amarra\u00e7\u00e3o r\u00e1pida da Strainstall AMTS A Straatman est\u00e1 totalmente empenhada em apoiar todos os antigos clientes da Strainstall de ganchos de amarra\u00e7\u00e3o r\u00e1pida e sistemas de cais em todo o mundo. Gra\u00e7as ao nosso acordo de aquisi\u00e7\u00e3o com a Strainstall, em vigor desde 2021, a nossa dedicada equipa de Pe\u00e7as e Servi\u00e7os \u00e9 [&hellip;]<\/p>\n","protected":false},"author":2,"featured_media":0,"parent":2454,"menu_order":0,"comment_status":"closed","ping_status":"closed","template":"","meta":{"_acf_changed":false,"footnotes":""},"class_list":["post-899","page","type-page","status-publish","hentry"],"acf":[],"yoast_head":"<!-- This site is optimized with the Yoast SEO plugin v26.6 - https:\/\/yoast.com\/wordpress\/plugins\/seo\/ -->\n<title>Strainstall AMTS Quick release hooks and spares - Straatman Mooring Systems<\/title>\n<meta name=\"description\" content=\"Suporte global para os sistemas de ganchos de libera\u00e7\u00e3o r\u00e1pida Strainstall e AMTS, incluindo conjuntos de substitui\u00e7\u00e3o, pe\u00e7as de reposi\u00e7\u00e3o e servi\u00e7os profissionais.\" \/>\n<meta name=\"robots\" content=\"index, follow, max-snippet:-1, max-image-preview:large, max-video-preview:-1\" \/>\n<link rel=\"canonical\" href=\"https:\/\/straatmanmooringsystems.com\/pt\/servico-apoio\/ganchos-de-libertacao-rapida-strainstall-e-pecas-sobressalentes\/\" \/>\n<meta property=\"og:locale\" content=\"pt_PT\" \/>\n<meta property=\"og:type\" content=\"article\" \/>\n<meta property=\"og:title\" content=\"Strainstall AMTS Quick release hooks and spares - Straatman Mooring Systems\" \/>\n<meta property=\"og:description\" content=\"Suporte global para os sistemas de ganchos de libera\u00e7\u00e3o r\u00e1pida Strainstall e AMTS, incluindo conjuntos de substitui\u00e7\u00e3o, pe\u00e7as de reposi\u00e7\u00e3o e servi\u00e7os profissionais.\" \/>\n<meta property=\"og:url\" content=\"https:\/\/straatmanmooringsystems.com\/pt\/servico-apoio\/ganchos-de-libertacao-rapida-strainstall-e-pecas-sobressalentes\/\" \/>\n<meta property=\"og:site_name\" content=\"Mooring Systems PT\" \/>\n<meta property=\"article:modified_time\" content=\"2026-03-02T06:58:05+00:00\" \/>\n<meta property=\"og:image\" content=\"https:\/\/straatmanmooringsystems.com\/pt\/wp-content\/uploads\/sites\/4\/2026\/01\/Mooring-website-Strainstall.png\" \/>\n<meta name=\"twitter:card\" content=\"summary_large_image\" \/>\n<meta name=\"twitter:label1\" content=\"Tempo estimado de leitura\" \/>\n\t<meta name=\"twitter:data1\" content=\"2 minutos\" \/>\n<script type=\"application\/ld+json\" class=\"yoast-schema-graph\">{\"@context\":\"https:\/\/schema.org\",\"@graph\":[{\"@type\":\"WebPage\",\"@id\":\"https:\/\/straatmanmooringsystems.com\/pt\/servico-apoio\/ganchos-de-libertacao-rapida-strainstall-e-pecas-sobressalentes\/\",\"url\":\"https:\/\/straatmanmooringsystems.com\/pt\/servico-apoio\/ganchos-de-libertacao-rapida-strainstall-e-pecas-sobressalentes\/\",\"name\":\"Strainstall AMTS Quick release hooks and spares - Straatman Mooring Systems\",\"isPartOf\":{\"@id\":\"https:\/\/straatmanmooringsystems.com\/pt\/#website\"},\"primaryImageOfPage\":{\"@id\":\"https:\/\/straatmanmooringsystems.com\/pt\/servico-apoio\/ganchos-de-libertacao-rapida-strainstall-e-pecas-sobressalentes\/#primaryimage\"},\"image\":{\"@id\":\"https:\/\/straatmanmooringsystems.com\/pt\/servico-apoio\/ganchos-de-libertacao-rapida-strainstall-e-pecas-sobressalentes\/#primaryimage\"},\"thumbnailUrl\":\"https:\/\/straatmanmooringsystems.com\/pt\/wp-content\/uploads\/sites\/4\/2026\/01\/Mooring-website-Strainstall.png\",\"datePublished\":\"2026-01-05T14:39:15+00:00\",\"dateModified\":\"2026-03-02T06:58:05+00:00\",\"description\":\"Suporte global para os sistemas de ganchos de libera\u00e7\u00e3o r\u00e1pida Strainstall e AMTS, incluindo conjuntos de substitui\u00e7\u00e3o, pe\u00e7as de reposi\u00e7\u00e3o e servi\u00e7os profissionais.\",\"breadcrumb\":{\"@id\":\"https:\/\/straatmanmooringsystems.com\/pt\/servico-apoio\/ganchos-de-libertacao-rapida-strainstall-e-pecas-sobressalentes\/#breadcrumb\"},\"inLanguage\":\"pt-PT\",\"potentialAction\":[{\"@type\":\"ReadAction\",\"target\":[\"https:\/\/straatmanmooringsystems.com\/pt\/servico-apoio\/ganchos-de-libertacao-rapida-strainstall-e-pecas-sobressalentes\/\"]}]},{\"@type\":\"ImageObject\",\"inLanguage\":\"pt-PT\",\"@id\":\"https:\/\/straatmanmooringsystems.com\/pt\/servico-apoio\/ganchos-de-libertacao-rapida-strainstall-e-pecas-sobressalentes\/#primaryimage\",\"url\":\"https:\/\/straatmanmooringsystems.com\/pt\/wp-content\/uploads\/sites\/4\/2026\/01\/Mooring-website-Strainstall.png\",\"contentUrl\":\"https:\/\/straatmanmooringsystems.com\/pt\/wp-content\/uploads\/sites\/4\/2026\/01\/Mooring-website-Strainstall.png\",\"width\":661,\"height\":508},{\"@type\":\"BreadcrumbList\",\"@id\":\"https:\/\/straatmanmooringsystems.com\/pt\/servico-apoio\/ganchos-de-libertacao-rapida-strainstall-e-pecas-sobressalentes\/#breadcrumb\",\"itemListElement\":[{\"@type\":\"ListItem\",\"position\":1,\"name\":\"Home\",\"item\":\"https:\/\/straatmanmooringsystems.com\/pt\/\"},{\"@type\":\"ListItem\",\"position\":2,\"name\":\"Service\",\"item\":\"https:\/\/straatmanmooringsystems.com\/pt\/servico-apoio\/\"},{\"@type\":\"ListItem\",\"position\":3,\"name\":\"Strainstall AMTS Quick release hooks and spares\"}]},{\"@type\":\"WebSite\",\"@id\":\"https:\/\/straatmanmooringsystems.com\/pt\/#website\",\"url\":\"https:\/\/straatmanmooringsystems.com\/pt\/\",\"name\":\"Mooring Systems PT\",\"description\":\"\",\"publisher\":{\"@id\":\"https:\/\/straatmanmooringsystems.com\/pt\/#organization\"},\"potentialAction\":[{\"@type\":\"SearchAction\",\"target\":{\"@type\":\"EntryPoint\",\"urlTemplate\":\"https:\/\/straatmanmooringsystems.com\/pt\/?s={search_term_string}\"},\"query-input\":{\"@type\":\"PropertyValueSpecification\",\"valueRequired\":true,\"valueName\":\"search_term_string\"}}],\"inLanguage\":\"pt-PT\"},{\"@type\":\"Organization\",\"@id\":\"https:\/\/straatmanmooringsystems.com\/pt\/#organization\",\"name\":\"Mooring Systems PT\",\"url\":\"https:\/\/straatmanmooringsystems.com\/pt\/\",\"logo\":{\"@type\":\"ImageObject\",\"inLanguage\":\"pt-PT\",\"@id\":\"https:\/\/straatmanmooringsystems.com\/pt\/#\/schema\/logo\/image\/\",\"url\":\"https:\/\/straatmanmooringsystems.com\/pt\/wp-content\/uploads\/sites\/4\/2026\/02\/logo-mooring.svg\",\"contentUrl\":\"https:\/\/straatmanmooringsystems.com\/pt\/wp-content\/uploads\/sites\/4\/2026\/02\/logo-mooring.svg\",\"width\":237,\"height\":56,\"caption\":\"Mooring Systems PT\"},\"image\":{\"@id\":\"https:\/\/straatmanmooringsystems.com\/pt\/#\/schema\/logo\/image\/\"}}]}<\/script>\n<!-- \/ Yoast SEO plugin. -->","yoast_head_json":{"title":"Strainstall AMTS Quick release hooks and spares - Straatman Mooring Systems","description":"Suporte global para os sistemas de ganchos de libera\u00e7\u00e3o r\u00e1pida Strainstall e AMTS, incluindo conjuntos de substitui\u00e7\u00e3o, pe\u00e7as de reposi\u00e7\u00e3o e servi\u00e7os profissionais.","robots":{"index":"index","follow":"follow","max-snippet":"max-snippet:-1","max-image-preview":"max-image-preview:large","max-video-preview":"max-video-preview:-1"},"canonical":"https:\/\/straatmanmooringsystems.com\/pt\/servico-apoio\/ganchos-de-libertacao-rapida-strainstall-e-pecas-sobressalentes\/","og_locale":"pt_PT","og_type":"article","og_title":"Strainstall AMTS Quick release hooks and spares - Straatman Mooring Systems","og_description":"Suporte global para os sistemas de ganchos de libera\u00e7\u00e3o r\u00e1pida Strainstall e AMTS, incluindo conjuntos de substitui\u00e7\u00e3o, pe\u00e7as de reposi\u00e7\u00e3o e servi\u00e7os profissionais.","og_url":"https:\/\/straatmanmooringsystems.com\/pt\/servico-apoio\/ganchos-de-libertacao-rapida-strainstall-e-pecas-sobressalentes\/","og_site_name":"Mooring Systems PT","article_modified_time":"2026-03-02T06:58:05+00:00","og_image":[{"url":"https:\/\/straatmanmooringsystems.com\/pt\/wp-content\/uploads\/sites\/4\/2026\/01\/Mooring-website-Strainstall.png","type":"","width":"","height":""}],"twitter_card":"summary_large_image","twitter_misc":{"Tempo estimado de leitura":"2 minutos"},"schema":{"@context":"https:\/\/schema.org","@graph":[{"@type":"WebPage","@id":"https:\/\/straatmanmooringsystems.com\/pt\/servico-apoio\/ganchos-de-libertacao-rapida-strainstall-e-pecas-sobressalentes\/","url":"https:\/\/straatmanmooringsystems.com\/pt\/servico-apoio\/ganchos-de-libertacao-rapida-strainstall-e-pecas-sobressalentes\/","name":"Strainstall AMTS Quick release hooks and spares - Straatman Mooring Systems","isPartOf":{"@id":"https:\/\/straatmanmooringsystems.com\/pt\/#website"},"primaryImageOfPage":{"@id":"https:\/\/straatmanmooringsystems.com\/pt\/servico-apoio\/ganchos-de-libertacao-rapida-strainstall-e-pecas-sobressalentes\/#primaryimage"},"image":{"@id":"https:\/\/straatmanmooringsystems.com\/pt\/servico-apoio\/ganchos-de-libertacao-rapida-strainstall-e-pecas-sobressalentes\/#primaryimage"},"thumbnailUrl":"https:\/\/straatmanmooringsystems.com\/pt\/wp-content\/uploads\/sites\/4\/2026\/01\/Mooring-website-Strainstall.png","datePublished":"2026-01-05T14:39:15+00:00","dateModified":"2026-03-02T06:58:05+00:00","description":"Suporte global para os sistemas de ganchos de libera\u00e7\u00e3o r\u00e1pida Strainstall e AMTS, incluindo conjuntos de substitui\u00e7\u00e3o, pe\u00e7as de reposi\u00e7\u00e3o e servi\u00e7os profissionais.","breadcrumb":{"@id":"https:\/\/straatmanmooringsystems.com\/pt\/servico-apoio\/ganchos-de-libertacao-rapida-strainstall-e-pecas-sobressalentes\/#breadcrumb"},"inLanguage":"pt-PT","potentialAction":[{"@type":"ReadAction","target":["https:\/\/straatmanmooringsystems.com\/pt\/servico-apoio\/ganchos-de-libertacao-rapida-strainstall-e-pecas-sobressalentes\/"]}]},{"@type":"ImageObject","inLanguage":"pt-PT","@id":"https:\/\/straatmanmooringsystems.com\/pt\/servico-apoio\/ganchos-de-libertacao-rapida-strainstall-e-pecas-sobressalentes\/#primaryimage","url":"https:\/\/straatmanmooringsystems.com\/pt\/wp-content\/uploads\/sites\/4\/2026\/01\/Mooring-website-Strainstall.png","contentUrl":"https:\/\/straatmanmooringsystems.com\/pt\/wp-content\/uploads\/sites\/4\/2026\/01\/Mooring-website-Strainstall.png","width":661,"height":508},{"@type":"BreadcrumbList","@id":"https:\/\/straatmanmooringsystems.com\/pt\/servico-apoio\/ganchos-de-libertacao-rapida-strainstall-e-pecas-sobressalentes\/#breadcrumb","itemListElement":[{"@type":"ListItem","position":1,"name":"Home","item":"https:\/\/straatmanmooringsystems.com\/pt\/"},{"@type":"ListItem","position":2,"name":"Service","item":"https:\/\/straatmanmooringsystems.com\/pt\/servico-apoio\/"},{"@type":"ListItem","position":3,"name":"Strainstall AMTS Quick release hooks and spares"}]},{"@type":"WebSite","@id":"https:\/\/straatmanmooringsystems.com\/pt\/#website","url":"https:\/\/straatmanmooringsystems.com\/pt\/","name":"Mooring Systems PT","description":"","publisher":{"@id":"https:\/\/straatmanmooringsystems.com\/pt\/#organization"},"potentialAction":[{"@type":"SearchAction","target":{"@type":"EntryPoint","urlTemplate":"https:\/\/straatmanmooringsystems.com\/pt\/?s={search_term_string}"},"query-input":{"@type":"PropertyValueSpecification","valueRequired":true,"valueName":"search_term_string"}}],"inLanguage":"pt-PT"},{"@type":"Organization","@id":"https:\/\/straatmanmooringsystems.com\/pt\/#organization","name":"Mooring Systems PT","url":"https:\/\/straatmanmooringsystems.com\/pt\/","logo":{"@type":"ImageObject","inLanguage":"pt-PT","@id":"https:\/\/straatmanmooringsystems.com\/pt\/#\/schema\/logo\/image\/","url":"https:\/\/straatmanmooringsystems.com\/pt\/wp-content\/uploads\/sites\/4\/2026\/02\/logo-mooring.svg","contentUrl":"https:\/\/straatmanmooringsystems.com\/pt\/wp-content\/uploads\/sites\/4\/2026\/02\/logo-mooring.svg","width":237,"height":56,"caption":"Mooring Systems PT"},"image":{"@id":"https:\/\/straatmanmooringsystems.com\/pt\/#\/schema\/logo\/image\/"}}]}},"_links":{"self":[{"href":"https:\/\/straatmanmooringsystems.com\/pt\/wp-json\/wp\/v2\/pages\/899","targetHints":{"allow":["GET"]}}],"collection":[{"href":"https:\/\/straatmanmooringsystems.com\/pt\/wp-json\/wp\/v2\/pages"}],"about":[{"href":"https:\/\/straatmanmooringsystems.com\/pt\/wp-json\/wp\/v2\/types\/page"}],"author":[{"embeddable":true,"href":"https:\/\/straatmanmooringsystems.com\/pt\/wp-json\/wp\/v2\/users\/2"}],"replies":[{"embeddable":true,"href":"https:\/\/straatmanmooringsystems.com\/pt\/wp-json\/wp\/v2\/comments?post=899"}],"version-history":[{"count":6,"href":"https:\/\/straatmanmooringsystems.com\/pt\/wp-json\/wp\/v2\/pages\/899\/revisions"}],"predecessor-version":[{"id":2956,"href":"https:\/\/straatmanmooringsystems.com\/pt\/wp-json\/wp\/v2\/pages\/899\/revisions\/2956"}],"up":[{"embeddable":true,"href":"https:\/\/straatmanmooringsystems.com\/pt\/wp-json\/wp\/v2\/pages\/2454"}],"wp:attachment":[{"href":"https:\/\/straatmanmooringsystems.com\/pt\/wp-json\/wp\/v2\/media?parent=899"}],"curies":[{"name":"wp","href":"https:\/\/api.w.org\/{rel}","templated":true}]}}