{"id":907,"date":"2026-01-08T12:55:56","date_gmt":"2026-01-08T12:55:56","guid":{"rendered":"https:\/\/straatmanmooringsystems.com\/?page_id=907"},"modified":"2026-03-02T06:58:09","modified_gmt":"2026-03-02T06:58:09","slug":"comissionamento-e-formacao","status":"publish","type":"page","link":"https:\/\/straatmanmooringsystems.com\/pt\/servico-apoio\/comissionamento-e-formacao\/","title":{"rendered":"Commissioning, training &amp; Support"},"content":{"rendered":"\n<div style=\"padding-top:var(--wp--preset--spacing--60);padding-bottom:var(--wp--preset--spacing--60);\" class=\"icon-block-static none align wp-block-acf-icon-block-static\" id=\"icon-block-static-block_af4bec19c985c130875267c2d75f7f8c\">\n    <div class=\"centered\">\n        <div class=\"description\"><p>Desde o comissionamento e a forma\u00e7\u00e3o at\u00e9 o servi\u00e7o p\u00f3s\u2011venda e as inspe\u00e7\u00f5es, a Straatman apoia o seu equipamento ao longo de todo o ciclo de vida. Nosso foco est\u00e1 na opera\u00e7\u00e3o segura, na comunica\u00e7\u00e3o clara e em solu\u00e7\u00f5es pr\u00e1ticas que se encaixam nas opera\u00e7\u00f5es reais de portos e terminais.<\/p>\n<\/div><div class=\"icon-grid\"><div class=\"item\" style=\"flex: 1 1 calc(25.00% - 16px);\"><div class=\"icon\"><img decoding=\"async\" src=\"https:\/\/straatmanmooringsystems.com\/pt\/wp-content\/uploads\/sites\/4\/2026\/01\/Group-website-icon-helmet.png\" alt=\"\"><\/div><div class=\"title\">Comissionamento<\/div><\/div><div class=\"item\" style=\"flex: 1 1 calc(25.00% - 16px);\"><div class=\"icon\"><img decoding=\"async\" src=\"https:\/\/straatmanmooringsystems.com\/pt\/wp-content\/uploads\/sites\/4\/2026\/01\/Group-website-icon-book.png\" alt=\"\"><\/div><div class=\"title\">Treinamento no local<\/div><\/div><div class=\"item\" style=\"flex: 1 1 calc(25.00% - 16px);\"><div class=\"icon\"><img decoding=\"async\" src=\"https:\/\/straatmanmooringsystems.com\/pt\/wp-content\/uploads\/sites\/4\/2026\/01\/Group-website-icon-package.png\" alt=\"\"><\/div><div class=\"title\">Suporte e servi\u00e7o p\u00f3s\u2011venda<\/div><\/div><div class=\"item\" style=\"flex: 1 1 calc(25.00% - 16px);\"><div class=\"icon\"><img decoding=\"async\" src=\"https:\/\/straatmanmooringsystems.com\/pt\/wp-content\/uploads\/sites\/4\/2025\/12\/Group-website-icon-wrench.png\" alt=\"\"><\/div><div class=\"title\">Suporte t\u00e9cnico e solu\u00e7\u00e3o de problemas<\/div><\/div><\/div>         \n    <\/div>\n<\/div>\n\n\n\n\n<div class=\"wp-block-media-text has-media-on-the-right is-stacked-on-mobile\" style=\"padding-top:var(--wp--preset--spacing--60);grid-template-columns:auto 49%\"><div class=\"wp-block-media-text__content\">\n<h2 class=\"wp-block-heading\"><strong><strong><strong><strong><strong>Comissionamento<\/strong><\/strong><\/strong><\/strong><\/strong><\/h2>\n\n\n\n<p>Um comissionamento adequado \u00e9 fundamental para uma opera\u00e7\u00e3o segura e confi\u00e1vel dos equipamentos de amarra\u00e7\u00e3o e atraca\u00e7\u00e3o. A Straatman apoia o seu projeto no local para garantir que os sistemas estejam conectados e configurados corretamente desde o in\u00edcio.<\/p>\n\n\n\n<p>Nossos engenheiros de servi\u00e7o experientes realizam o comissionamento no local para verificar as fun\u00e7\u00f5es mec\u00e2nicas, el\u00e9tricas e de software. Verificamos se o equipamento opera conforme previsto e se todas as interfaces com outros sistemas est\u00e3o funcionando corretamente. Isso ajuda a reduzir problemas na inicializa\u00e7\u00e3o e apoia uma transi\u00e7\u00e3o suave para as opera\u00e7\u00f5es.<\/p>\n<\/div><figure class=\"wp-block-media-text__media\"><img loading=\"lazy\" decoding=\"async\" width=\"1024\" height=\"768\" src=\"https:\/\/straatmanmooringsystems.com\/pt\/wp-content\/uploads\/2026\/01\/ffeeb67e-7fa8-48de-8863-ebe22be00624-1024x768.jpg\" alt=\"\" class=\"wp-image-909 size-full\" srcset=\"https:\/\/straatmanmooringsystems.com\/pt\/wp-content\/uploads\/sites\/4\/2026\/01\/ffeeb67e-7fa8-48de-8863-ebe22be00624-1024x768.jpg 1024w, https:\/\/straatmanmooringsystems.com\/pt\/wp-content\/uploads\/sites\/4\/2026\/01\/ffeeb67e-7fa8-48de-8863-ebe22be00624-300x225.jpg 300w, https:\/\/straatmanmooringsystems.com\/pt\/wp-content\/uploads\/sites\/4\/2026\/01\/ffeeb67e-7fa8-48de-8863-ebe22be00624-768x576.jpg 768w, https:\/\/straatmanmooringsystems.com\/pt\/wp-content\/uploads\/sites\/4\/2026\/01\/ffeeb67e-7fa8-48de-8863-ebe22be00624-1536x1152.jpg 1536w, https:\/\/straatmanmooringsystems.com\/pt\/wp-content\/uploads\/sites\/4\/2026\/01\/ffeeb67e-7fa8-48de-8863-ebe22be00624.jpg 2048w\" sizes=\"auto, (max-width: 1024px) 100vw, 1024px\" \/><\/figure><\/div>\n\n\n\n<div class=\"wp-block-media-text is-stacked-on-mobile\"><figure class=\"wp-block-media-text__media\"><img loading=\"lazy\" decoding=\"async\" width=\"661\" height=\"508\" src=\"https:\/\/straatmanmooringsystems.com\/pt\/wp-content\/uploads\/sites\/4\/2026\/01\/Mooring-website-Commission-Training.png\" alt=\"\" class=\"wp-image-1635 size-full\" srcset=\"https:\/\/straatmanmooringsystems.com\/pt\/wp-content\/uploads\/sites\/4\/2026\/01\/Mooring-website-Commission-Training.png 661w, https:\/\/straatmanmooringsystems.com\/pt\/wp-content\/uploads\/sites\/4\/2026\/01\/Mooring-website-Commission-Training-300x231.png 300w\" sizes=\"auto, (max-width: 661px) 100vw, 661px\" \/><\/figure><div class=\"wp-block-media-text__content\">\n<h2 class=\"wp-block-heading\">Treinamento no local<\/h2>\n\n\n\n<p>Al\u00e9m do comissionamento, oferecemos treinamento no local para a equipe operacional e t\u00e9cnica. O objetivo \u00e9 simples: as pessoas no local devem saber usar o equipamento com seguran\u00e7a e confian\u00e7a.<\/p>\n\n\n\n<p>O treinamento normalmente abrange:<\/p>\n\n\n\n<ul class=\"wp-block-list\">\n<li>Opera\u00e7\u00e3o segura de equipamentos de amarra\u00e7\u00e3o e atraca\u00e7\u00e3o<\/li>\n\n\n\n<li>Fun\u00e7\u00f5es e limita\u00e7\u00f5es do sistema<\/li>\n\n\n\n<li>Solu\u00e7\u00e3o de problemas b\u00e1sica e reconhecimento de falhas<\/li>\n\n\n\n<li>Resposta correta em situa\u00e7\u00f5es anormais<\/li>\n\n\n\n<li>Verifica\u00e7\u00f5es di\u00e1rias e boas pr\u00e1ticas operacionais<\/li>\n<\/ul>\n\n\n\n<p>O treinamento pode ser adaptado \u00e0s suas necessidades, dependendo do tipo de sistema, do n\u00edvel de experi\u00eancia da sua equipe e dos seus procedimentos operacionais.<\/p>\n<\/div><\/div>\n\n\n\n<div class=\"wp-block-media-text has-media-on-the-right is-stacked-on-mobile\" style=\"padding-bottom:var(--wp--preset--spacing--60);grid-template-columns:auto 44%\"><div class=\"wp-block-media-text__content\">\n<h2 class=\"wp-block-heading\">Suporte t\u00e9cnico e solu\u00e7\u00e3o de problemas<\/h2>\n\n\n\n<p>Nosso suporte continua ap\u00f3s a entrega e o comissionamento. A Straatman fornece servi\u00e7o p\u00f3s\u2011venda para ajudar a manter seu equipamento em boas condi\u00e7\u00f5es e pronto para o uso di\u00e1rio. Se voc\u00ea tiver d\u00favidas sobre seus sistemas instalados, nossa equipe ou um de nossos parceiros locais pode ajud\u00e1\u2011lo com conselhos claros e pr\u00e1ticos. Em caso de problemas, oferecemos:<\/p>\n\n\n\n<ul class=\"wp-block-list\">\n<li>Suporte t\u00e9cnico remoto para avalia\u00e7\u00e3o r\u00e1pida e orienta\u00e7\u00e3o<\/li>\n\n\n\n<li>Servi\u00e7o de chamada quando o suporte no local \u00e9 necess\u00e1rio<\/li>\n\n\n\n<li>Suporte pr\u00e1tico de solu\u00e7\u00e3o de problemas para reduzir o tempo de inatividade<\/li>\n<\/ul>\n\n\n\n<p>Sempre buscamos resolver os problemas de forma eficiente e em conson\u00e2ncia com suas prioridades operacionais.<\/p>\n<\/div><figure class=\"wp-block-media-text__media\"><img loading=\"lazy\" decoding=\"async\" width=\"661\" height=\"508\" src=\"https:\/\/straatmanmooringsystems.com\/pt\/wp-content\/uploads\/sites\/4\/2026\/01\/Mooring-website-Commission-Training-1.png\" alt=\"\" class=\"wp-image-1637 size-full\" srcset=\"https:\/\/straatmanmooringsystems.com\/pt\/wp-content\/uploads\/sites\/4\/2026\/01\/Mooring-website-Commission-Training-1.png 661w, https:\/\/straatmanmooringsystems.com\/pt\/wp-content\/uploads\/sites\/4\/2026\/01\/Mooring-website-Commission-Training-1-300x231.png 300w\" sizes=\"auto, (max-width: 661px) 100vw, 661px\" \/><\/figure><\/div>\n\n\n\n<div class=\"icon-block-slider align wp-block-acf-icon-block-slider\" id=\"icon-block-slider-block_4ae8a92241c8769be1d0d958ddcc8dd6\">\n    <div class=\"centered\">\n        <h2 class=\"title\">O que esperar da nossa equipa Straatman<\/h2>        \n        <div class=\"holder\">\n            <div class=\"swiffy-slider slider-item-show4 slider-item-reveal slider-nav-visible\">\n                <ul class=\"slider-container\">\n                                        <li>\n                        <div class=\"slide\">\n                            <div class=\"icon\">\n                                <img decoding=\"async\" src=\"https:\/\/straatmanmooringsystems.com\/pt\/wp-content\/uploads\/sites\/4\/2025\/12\/Group-website-icon-medal.png\" alt=\"\">\n                            <\/div>\n\n                            <div class=\"title\">Produtos de alta qualidade<\/div><div class=\"description\">Os nossos produtos s\u00e3o concebidos e fabricados com aten\u00e7\u00e3o ao detalhe. Utilizamos os melhores materiais e verificamos tudo para garantir que obt\u00e9m o melhor.<\/div>                        <\/div>\n                    <\/li>\n                                        <li>\n                        <div class=\"slide\">\n                            <div class=\"icon\">\n                                <img decoding=\"async\" src=\"https:\/\/straatmanmooringsystems.com\/pt\/wp-content\/uploads\/sites\/4\/2025\/12\/Group-website-icon-idea.png\" alt=\"\">\n                            <\/div>\n\n                            <div class=\"title\">Inova\u00e7\u00e3o cont\u00ednua<\/div><div class=\"description\">Estamos sempre a tentar ser melhores. Continuamos a aprender, a melhorar e a investir em investiga\u00e7\u00e3o e desenvolvimento para podermos oferecer-lhe as solu\u00e7\u00f5es mais recentes e melhores.<\/div>                        <\/div>\n                    <\/li>\n                                        <li>\n                        <div class=\"slide\">\n                            <div class=\"icon\">\n                                <img decoding=\"async\" src=\"https:\/\/straatmanmooringsystems.com\/pt\/wp-content\/uploads\/sites\/4\/2025\/12\/Group-website-icon-team-in-3.png\" alt=\"\">\n                            <\/div>\n\n                            <div class=\"title\">Equipa dedicada e entusiasta<\/div><div class=\"description\">A nossa equipa adora o que faz. Trabalha arduamente para satisfazer as suas necessidades e faz\u00ea-lo feliz.<\/div>                        <\/div>\n                    <\/li>\n                                        <li>\n                        <div class=\"slide\">\n                            <div class=\"icon\">\n                                <img decoding=\"async\" src=\"https:\/\/straatmanmooringsystems.com\/pt\/wp-content\/uploads\/sites\/4\/2025\/12\/Group-website-icon-hand.png\" alt=\"\">\n                            <\/div>\n\n                            <div class=\"title\">N\u00edvel de servi\u00e7o excelente<\/div><div class=\"description\">Estamos aqui para o ajudar. A nossa equipa est\u00e1 sempre pronta para responder \u00e0s suas perguntas e garantir que est\u00e1 satisfeito com o nosso servi\u00e7o.<\/div>                        <\/div>\n                    <\/li>\n                                        <li>\n                        <div class=\"slide\">\n                            <div class=\"icon\">\n                                <img decoding=\"async\" src=\"https:\/\/straatmanmooringsystems.com\/pt\/wp-content\/uploads\/sites\/4\/2025\/12\/Group-website-icon-certified.png\" alt=\"\">\n                            <\/div>\n\n                            <div class=\"title\">Certificado em todos os n\u00edveis necess\u00e1rios<\/div><div class=\"description\">Cumprimos todas as normas importantes. Isto significa que os nossos produtos s\u00e3o seguros, fi\u00e1veis e dignos de confian\u00e7a.<\/div>                        <\/div>\n                    <\/li>\n                                        <li>\n                        <div class=\"slide\">\n                            <div class=\"icon\">\n                                <img decoding=\"async\" src=\"https:\/\/straatmanmooringsystems.com\/pt\/wp-content\/uploads\/sites\/4\/2025\/12\/Group-website-icon-handshake.png\" alt=\"\">\n                            <\/div>\n\n                            <div class=\"title\">Fazemos o que prometemos<\/div><div class=\"description\">Cumprimos as nossas promessas. Pode confiar em n\u00f3s para fazer o que dizemos.<\/div>                        <\/div>\n                    <\/li>\n                                    <\/ul>\n\n                <div class=\"slider_buttons\">\n                    <button type=\"button\" class=\"slider-nav\"><i class=\"ph-thin ph-arrow-left\"><\/i><\/button>\n                    <button type=\"button\" class=\"slider-nav slider-nav-next\"><i class=\"ph ph-arrow-right\"><\/i><\/button>\n                <\/div>\n            <\/div>\n        <\/div>\n    <\/div>\n<\/div>\n\n\n\n\n<div class=\"wp-block-media-text has-media-on-the-right is-stacked-on-mobile has-white-color has-green-background-color has-text-color has-background has-link-color wp-elements-2eb4610a80872066f9f71c4f3369e026\" style=\"padding-top:var(--wp--preset--spacing--60);padding-bottom:var(--wp--preset--spacing--60)\"><div class=\"wp-block-media-text__content\">\n<h2 class=\"wp-block-heading has-white-color has-text-color has-link-color wp-elements-def9222fdfb6601f389cec82f9da8d11\">Seu equipamento de amarra\u00e7\u00e3o precisa de comissionamento?<\/h2>\n\n\n\n<ul class=\"wp-block-list\">\n<li>Equipe qualificada de engenheiros de servi\u00e7o<\/li>\n\n\n\n<li>Excelente servi\u00e7o<\/li>\n\n\n\n<li>Certificado em todos os n\u00edveis<\/li>\n<\/ul>\n\n\n\n<div class=\"wp-block-buttons is-layout-flex wp-block-buttons-is-layout-flex\">\n<div class=\"wp-block-button\"><a class=\"wp-block-button__link wp-element-button\" href=\"https:\/\/straatmanmooringsystems.com\/pt\/request-a-proposal\/\" target=\"_blank\" rel=\"noreferrer noopener\">Obtenha uma proposta direta<\/a><\/div>\n<\/div>\n<\/div><figure class=\"wp-block-media-text__media\"><img loading=\"lazy\" decoding=\"async\" width=\"1024\" height=\"468\" src=\"https:\/\/straatmanmooringsystems.com\/pt\/wp-content\/uploads\/2025\/12\/Vector-1024x468.png\" alt=\"\" class=\"wp-image-450 size-full\" srcset=\"https:\/\/straatmanmooringsystems.com\/pt\/wp-content\/uploads\/sites\/4\/2025\/12\/Vector-1024x468.png 1024w, https:\/\/straatmanmooringsystems.com\/pt\/wp-content\/uploads\/sites\/4\/2025\/12\/Vector-300x137.png 300w, https:\/\/straatmanmooringsystems.com\/pt\/wp-content\/uploads\/sites\/4\/2025\/12\/Vector-768x351.png 768w, https:\/\/straatmanmooringsystems.com\/pt\/wp-content\/uploads\/sites\/4\/2025\/12\/Vector.png 1312w\" sizes=\"auto, (max-width: 1024px) 100vw, 1024px\" \/><\/figure><\/div>\n","protected":false},"excerpt":{"rendered":"<p>Comissionamento Um comissionamento adequado \u00e9 fundamental para uma opera\u00e7\u00e3o segura e confi\u00e1vel dos equipamentos de amarra\u00e7\u00e3o e atraca\u00e7\u00e3o. A Straatman apoia o seu projeto no local para garantir que os sistemas estejam conectados e configurados corretamente desde o in\u00edcio. Nossos engenheiros de servi\u00e7o experientes realizam o comissionamento no local para verificar as fun\u00e7\u00f5es mec\u00e2nicas, el\u00e9tricas [&hellip;]<\/p>\n","protected":false},"author":2,"featured_media":0,"parent":2454,"menu_order":0,"comment_status":"closed","ping_status":"closed","template":"","meta":{"_acf_changed":false,"footnotes":""},"class_list":["post-907","page","type-page","status-publish","hentry"],"acf":[],"yoast_head":"<!-- This site is optimized with the Yoast SEO plugin v26.6 - https:\/\/yoast.com\/wordpress\/plugins\/seo\/ -->\n<title>Commissioning, training &amp; Support - Straatman Mooring Systems<\/title>\n<meta name=\"description\" content=\"A Straatman fornece servi\u00e7os de comissionamento e treinamento para garantir uma opera\u00e7\u00e3o segura, correta e eficiente de nossos sistemas de amarra\u00e7\u00e3o.\" \/>\n<meta name=\"robots\" content=\"index, follow, max-snippet:-1, max-image-preview:large, max-video-preview:-1\" \/>\n<link rel=\"canonical\" href=\"https:\/\/straatmanmooringsystems.com\/pt\/servico-apoio\/comissionamento-e-formacao\/\" \/>\n<meta property=\"og:locale\" content=\"pt_PT\" \/>\n<meta property=\"og:type\" content=\"article\" \/>\n<meta property=\"og:title\" content=\"Commissioning, training &amp; Support - Straatman Mooring Systems\" \/>\n<meta property=\"og:description\" content=\"A Straatman fornece servi\u00e7os de comissionamento e treinamento para garantir uma opera\u00e7\u00e3o segura, correta e eficiente de nossos sistemas de amarra\u00e7\u00e3o.\" \/>\n<meta property=\"og:url\" content=\"https:\/\/straatmanmooringsystems.com\/pt\/servico-apoio\/comissionamento-e-formacao\/\" \/>\n<meta property=\"og:site_name\" content=\"Mooring Systems PT\" \/>\n<meta property=\"article:modified_time\" content=\"2026-03-02T06:58:09+00:00\" \/>\n<meta property=\"og:image\" content=\"https:\/\/straatmanmooringsystems.com\/pt\/wp-content\/uploads\/2026\/01\/ffeeb67e-7fa8-48de-8863-ebe22be00624-1024x768.jpg\" \/>\n<meta name=\"twitter:card\" content=\"summary_large_image\" \/>\n<meta name=\"twitter:label1\" content=\"Tempo estimado de leitura\" \/>\n\t<meta name=\"twitter:data1\" content=\"3 minutos\" \/>\n<script type=\"application\/ld+json\" class=\"yoast-schema-graph\">{\"@context\":\"https:\/\/schema.org\",\"@graph\":[{\"@type\":\"WebPage\",\"@id\":\"https:\/\/straatmanmooringsystems.com\/pt\/servico-apoio\/comissionamento-e-formacao\/\",\"url\":\"https:\/\/straatmanmooringsystems.com\/pt\/servico-apoio\/comissionamento-e-formacao\/\",\"name\":\"Commissioning, training &amp; Support - Straatman Mooring Systems\",\"isPartOf\":{\"@id\":\"https:\/\/straatmanmooringsystems.com\/pt\/#website\"},\"primaryImageOfPage\":{\"@id\":\"https:\/\/straatmanmooringsystems.com\/pt\/servico-apoio\/comissionamento-e-formacao\/#primaryimage\"},\"image\":{\"@id\":\"https:\/\/straatmanmooringsystems.com\/pt\/servico-apoio\/comissionamento-e-formacao\/#primaryimage\"},\"thumbnailUrl\":\"https:\/\/straatmanmooringsystems.com\/pt\/wp-content\/uploads\/2026\/01\/ffeeb67e-7fa8-48de-8863-ebe22be00624-1024x768.jpg\",\"datePublished\":\"2026-01-08T12:55:56+00:00\",\"dateModified\":\"2026-03-02T06:58:09+00:00\",\"description\":\"A Straatman fornece servi\u00e7os de comissionamento e treinamento para garantir uma opera\u00e7\u00e3o segura, correta e eficiente de nossos sistemas de amarra\u00e7\u00e3o.\",\"breadcrumb\":{\"@id\":\"https:\/\/straatmanmooringsystems.com\/pt\/servico-apoio\/comissionamento-e-formacao\/#breadcrumb\"},\"inLanguage\":\"pt-PT\",\"potentialAction\":[{\"@type\":\"ReadAction\",\"target\":[\"https:\/\/straatmanmooringsystems.com\/pt\/servico-apoio\/comissionamento-e-formacao\/\"]}]},{\"@type\":\"ImageObject\",\"inLanguage\":\"pt-PT\",\"@id\":\"https:\/\/straatmanmooringsystems.com\/pt\/servico-apoio\/comissionamento-e-formacao\/#primaryimage\",\"url\":\"https:\/\/straatmanmooringsystems.com\/pt\/wp-content\/uploads\/sites\/4\/2026\/01\/ffeeb67e-7fa8-48de-8863-ebe22be00624.jpg\",\"contentUrl\":\"https:\/\/straatmanmooringsystems.com\/pt\/wp-content\/uploads\/sites\/4\/2026\/01\/ffeeb67e-7fa8-48de-8863-ebe22be00624.jpg\",\"width\":2048,\"height\":1536},{\"@type\":\"BreadcrumbList\",\"@id\":\"https:\/\/straatmanmooringsystems.com\/pt\/servico-apoio\/comissionamento-e-formacao\/#breadcrumb\",\"itemListElement\":[{\"@type\":\"ListItem\",\"position\":1,\"name\":\"Home\",\"item\":\"https:\/\/straatmanmooringsystems.com\/pt\/\"},{\"@type\":\"ListItem\",\"position\":2,\"name\":\"Service\",\"item\":\"https:\/\/straatmanmooringsystems.com\/pt\/servico-apoio\/\"},{\"@type\":\"ListItem\",\"position\":3,\"name\":\"Commissioning, training &amp; Support\"}]},{\"@type\":\"WebSite\",\"@id\":\"https:\/\/straatmanmooringsystems.com\/pt\/#website\",\"url\":\"https:\/\/straatmanmooringsystems.com\/pt\/\",\"name\":\"Mooring Systems PT\",\"description\":\"\",\"publisher\":{\"@id\":\"https:\/\/straatmanmooringsystems.com\/pt\/#organization\"},\"potentialAction\":[{\"@type\":\"SearchAction\",\"target\":{\"@type\":\"EntryPoint\",\"urlTemplate\":\"https:\/\/straatmanmooringsystems.com\/pt\/?s={search_term_string}\"},\"query-input\":{\"@type\":\"PropertyValueSpecification\",\"valueRequired\":true,\"valueName\":\"search_term_string\"}}],\"inLanguage\":\"pt-PT\"},{\"@type\":\"Organization\",\"@id\":\"https:\/\/straatmanmooringsystems.com\/pt\/#organization\",\"name\":\"Mooring Systems PT\",\"url\":\"https:\/\/straatmanmooringsystems.com\/pt\/\",\"logo\":{\"@type\":\"ImageObject\",\"inLanguage\":\"pt-PT\",\"@id\":\"https:\/\/straatmanmooringsystems.com\/pt\/#\/schema\/logo\/image\/\",\"url\":\"https:\/\/straatmanmooringsystems.com\/pt\/wp-content\/uploads\/sites\/4\/2026\/02\/logo-mooring.svg\",\"contentUrl\":\"https:\/\/straatmanmooringsystems.com\/pt\/wp-content\/uploads\/sites\/4\/2026\/02\/logo-mooring.svg\",\"width\":237,\"height\":56,\"caption\":\"Mooring Systems PT\"},\"image\":{\"@id\":\"https:\/\/straatmanmooringsystems.com\/pt\/#\/schema\/logo\/image\/\"}}]}<\/script>\n<!-- \/ Yoast SEO plugin. -->","yoast_head_json":{"title":"Commissioning, training &amp; Support - Straatman Mooring Systems","description":"A Straatman fornece servi\u00e7os de comissionamento e treinamento para garantir uma opera\u00e7\u00e3o segura, correta e eficiente de nossos sistemas de amarra\u00e7\u00e3o.","robots":{"index":"index","follow":"follow","max-snippet":"max-snippet:-1","max-image-preview":"max-image-preview:large","max-video-preview":"max-video-preview:-1"},"canonical":"https:\/\/straatmanmooringsystems.com\/pt\/servico-apoio\/comissionamento-e-formacao\/","og_locale":"pt_PT","og_type":"article","og_title":"Commissioning, training &amp; Support - Straatman Mooring Systems","og_description":"A Straatman fornece servi\u00e7os de comissionamento e treinamento para garantir uma opera\u00e7\u00e3o segura, correta e eficiente de nossos sistemas de amarra\u00e7\u00e3o.","og_url":"https:\/\/straatmanmooringsystems.com\/pt\/servico-apoio\/comissionamento-e-formacao\/","og_site_name":"Mooring Systems PT","article_modified_time":"2026-03-02T06:58:09+00:00","og_image":[{"url":"https:\/\/straatmanmooringsystems.com\/pt\/wp-content\/uploads\/2026\/01\/ffeeb67e-7fa8-48de-8863-ebe22be00624-1024x768.jpg","type":"","width":"","height":""}],"twitter_card":"summary_large_image","twitter_misc":{"Tempo estimado de leitura":"3 minutos"},"schema":{"@context":"https:\/\/schema.org","@graph":[{"@type":"WebPage","@id":"https:\/\/straatmanmooringsystems.com\/pt\/servico-apoio\/comissionamento-e-formacao\/","url":"https:\/\/straatmanmooringsystems.com\/pt\/servico-apoio\/comissionamento-e-formacao\/","name":"Commissioning, training &amp; Support - Straatman Mooring Systems","isPartOf":{"@id":"https:\/\/straatmanmooringsystems.com\/pt\/#website"},"primaryImageOfPage":{"@id":"https:\/\/straatmanmooringsystems.com\/pt\/servico-apoio\/comissionamento-e-formacao\/#primaryimage"},"image":{"@id":"https:\/\/straatmanmooringsystems.com\/pt\/servico-apoio\/comissionamento-e-formacao\/#primaryimage"},"thumbnailUrl":"https:\/\/straatmanmooringsystems.com\/pt\/wp-content\/uploads\/2026\/01\/ffeeb67e-7fa8-48de-8863-ebe22be00624-1024x768.jpg","datePublished":"2026-01-08T12:55:56+00:00","dateModified":"2026-03-02T06:58:09+00:00","description":"A Straatman fornece servi\u00e7os de comissionamento e treinamento para garantir uma opera\u00e7\u00e3o segura, correta e eficiente de nossos sistemas de amarra\u00e7\u00e3o.","breadcrumb":{"@id":"https:\/\/straatmanmooringsystems.com\/pt\/servico-apoio\/comissionamento-e-formacao\/#breadcrumb"},"inLanguage":"pt-PT","potentialAction":[{"@type":"ReadAction","target":["https:\/\/straatmanmooringsystems.com\/pt\/servico-apoio\/comissionamento-e-formacao\/"]}]},{"@type":"ImageObject","inLanguage":"pt-PT","@id":"https:\/\/straatmanmooringsystems.com\/pt\/servico-apoio\/comissionamento-e-formacao\/#primaryimage","url":"https:\/\/straatmanmooringsystems.com\/pt\/wp-content\/uploads\/sites\/4\/2026\/01\/ffeeb67e-7fa8-48de-8863-ebe22be00624.jpg","contentUrl":"https:\/\/straatmanmooringsystems.com\/pt\/wp-content\/uploads\/sites\/4\/2026\/01\/ffeeb67e-7fa8-48de-8863-ebe22be00624.jpg","width":2048,"height":1536},{"@type":"BreadcrumbList","@id":"https:\/\/straatmanmooringsystems.com\/pt\/servico-apoio\/comissionamento-e-formacao\/#breadcrumb","itemListElement":[{"@type":"ListItem","position":1,"name":"Home","item":"https:\/\/straatmanmooringsystems.com\/pt\/"},{"@type":"ListItem","position":2,"name":"Service","item":"https:\/\/straatmanmooringsystems.com\/pt\/servico-apoio\/"},{"@type":"ListItem","position":3,"name":"Commissioning, training &amp; Support"}]},{"@type":"WebSite","@id":"https:\/\/straatmanmooringsystems.com\/pt\/#website","url":"https:\/\/straatmanmooringsystems.com\/pt\/","name":"Mooring Systems PT","description":"","publisher":{"@id":"https:\/\/straatmanmooringsystems.com\/pt\/#organization"},"potentialAction":[{"@type":"SearchAction","target":{"@type":"EntryPoint","urlTemplate":"https:\/\/straatmanmooringsystems.com\/pt\/?s={search_term_string}"},"query-input":{"@type":"PropertyValueSpecification","valueRequired":true,"valueName":"search_term_string"}}],"inLanguage":"pt-PT"},{"@type":"Organization","@id":"https:\/\/straatmanmooringsystems.com\/pt\/#organization","name":"Mooring Systems PT","url":"https:\/\/straatmanmooringsystems.com\/pt\/","logo":{"@type":"ImageObject","inLanguage":"pt-PT","@id":"https:\/\/straatmanmooringsystems.com\/pt\/#\/schema\/logo\/image\/","url":"https:\/\/straatmanmooringsystems.com\/pt\/wp-content\/uploads\/sites\/4\/2026\/02\/logo-mooring.svg","contentUrl":"https:\/\/straatmanmooringsystems.com\/pt\/wp-content\/uploads\/sites\/4\/2026\/02\/logo-mooring.svg","width":237,"height":56,"caption":"Mooring Systems PT"},"image":{"@id":"https:\/\/straatmanmooringsystems.com\/pt\/#\/schema\/logo\/image\/"}}]}},"_links":{"self":[{"href":"https:\/\/straatmanmooringsystems.com\/pt\/wp-json\/wp\/v2\/pages\/907","targetHints":{"allow":["GET"]}}],"collection":[{"href":"https:\/\/straatmanmooringsystems.com\/pt\/wp-json\/wp\/v2\/pages"}],"about":[{"href":"https:\/\/straatmanmooringsystems.com\/pt\/wp-json\/wp\/v2\/types\/page"}],"author":[{"embeddable":true,"href":"https:\/\/straatmanmooringsystems.com\/pt\/wp-json\/wp\/v2\/users\/2"}],"replies":[{"embeddable":true,"href":"https:\/\/straatmanmooringsystems.com\/pt\/wp-json\/wp\/v2\/comments?post=907"}],"version-history":[{"count":10,"href":"https:\/\/straatmanmooringsystems.com\/pt\/wp-json\/wp\/v2\/pages\/907\/revisions"}],"predecessor-version":[{"id":2957,"href":"https:\/\/straatmanmooringsystems.com\/pt\/wp-json\/wp\/v2\/pages\/907\/revisions\/2957"}],"up":[{"embeddable":true,"href":"https:\/\/straatmanmooringsystems.com\/pt\/wp-json\/wp\/v2\/pages\/2454"}],"wp:attachment":[{"href":"https:\/\/straatmanmooringsystems.com\/pt\/wp-json\/wp\/v2\/media?parent=907"}],"curies":[{"name":"wp","href":"https:\/\/api.w.org\/{rel}","templated":true}]}}